{"id":110,"date":"2017-02-25T17:50:16","date_gmt":"2017-02-25T16:50:16","guid":{"rendered":"http:\/\/home.agh.edu.pl\/~epuniach\/?page_id=110"},"modified":"2021-03-06T15:25:31","modified_gmt":"2021-03-06T14:25:31","slug":"podstawy-prawa","status":"publish","type":"page","link":"https:\/\/home.agh.edu.pl\/~akwart\/podstawy-prawa\/","title":{"rendered":"Prawo dla geodet\u00f3w"},"content":{"rendered":"<p>Strona w budowie<\/p>\n\n\n<p>W ramach tego przedmiotu student poznaje podstawy prawne prawa cywilnego i administracyjnego oraz struktur\u0119 i zasady dzia\u0142ania administracji publicznej. Poznaje zasady gromadzenia i przetwarzania danych w rejestrach publicznych. Zapoznaje si\u0119 z podstawami prawnymi wykonywania zawodu geodety.<\/p>\n<p>Ten przedmiot sk\u0142ada si\u0119 z:<\/p>\n<ul style=\"list-style-type: square;\">\n<li>18 godzin wyk\u0142ad\u00f3w,<\/li>\n<li>27 godzin \u0107wicze\u0144.<\/li>\n<\/ul>\n","protected":false},"excerpt":{"rendered":"<p>Strona w budowie W ramach tego przedmiotu student poznaje podstawy prawne prawa cywilnego i administracyjnego oraz struktur\u0119 i zasady dzia\u0142ania administracji publicznej. Poznaje zasady gromadzenia i przetwarzania danych w rejestrach publicznych. Zapoznaje si\u0119 z podstawami prawnymi wykonywania zawodu geodety. Ten przedmiot sk\u0142ada si\u0119 z: 18 godzin wyk\u0142ad\u00f3w, 27 godzin \u0107wicze\u0144.<\/p>\n","protected":false},"author":1,"featured_media":0,"parent":0,"menu_order":0,"comment_status":"closed","ping_status":"closed","template":"","meta":{"footnotes":""},"class_list":["post-110","page","type-page","status-publish","hentry","entry","post-inner"],"_links":{"self":[{"href":"https:\/\/home.agh.edu.pl\/~akwart\/wp-json\/wp\/v2\/pages\/110","targetHints":{"allow":["GET"]}}],"collection":[{"href":"https:\/\/home.agh.edu.pl\/~akwart\/wp-json\/wp\/v2\/pages"}],"about":[{"href":"https:\/\/home.agh.edu.pl\/~akwart\/wp-json\/wp\/v2\/types\/page"}],"author":[{"embeddable":true,"href":"https:\/\/home.agh.edu.pl\/~akwart\/wp-json\/wp\/v2\/users\/1"}],"replies":[{"embeddable":true,"href":"https:\/\/home.agh.edu.pl\/~akwart\/wp-json\/wp\/v2\/comments?post=110"}],"version-history":[{"count":5,"href":"https:\/\/home.agh.edu.pl\/~akwart\/wp-json\/wp\/v2\/pages\/110\/revisions"}],"predecessor-version":[{"id":287,"href":"https:\/\/home.agh.edu.pl\/~akwart\/wp-json\/wp\/v2\/pages\/110\/revisions\/287"}],"wp:attachment":[{"href":"https:\/\/home.agh.edu.pl\/~akwart\/wp-json\/wp\/v2\/media?parent=110"}],"curies":[{"name":"wp","href":"https:\/\/api.w.org\/{rel}","templated":true}]}}