{"id":112,"date":"2017-02-25T17:50:37","date_gmt":"2017-02-25T16:50:37","guid":{"rendered":"http:\/\/home.agh.edu.pl\/~epuniach\/?page_id=112"},"modified":"2021-09-21T21:03:02","modified_gmt":"2021-09-21T19:03:02","slug":"zpwpg-ns","status":"publish","type":"page","link":"https:\/\/home.agh.edu.pl\/~akwart\/zpwpg-ns\/","title":{"rendered":"Zagadnienia prawne w praktyce geodezyjnej"},"content":{"rendered":"<p>W ramach modu\u0142u student porz\u0105dkuje i uzupe\u0142nia uzyskan\u0105 w ramach studi\u00f3w wiedz\u0119 na temat post\u0119powa\u0144 geodezyjno-prawnych towarzysz\u0105cych procesowi inwestycyjnemu.<\/p>\n<p>Ten przedmiot sk\u0142ada si\u0119 z:<\/p>\n<ul>\n<li>9 godzin wyk\u0142ad\u00f3w,<\/li>\n<li>18 godzin \u0107wicze\u0144.<\/li>\n<\/ul>\n","protected":false},"excerpt":{"rendered":"<p>W ramach modu\u0142u student porz\u0105dkuje i uzupe\u0142nia uzyskan\u0105 w ramach studi\u00f3w wiedz\u0119 na temat post\u0119powa\u0144 geodezyjno-prawnych towarzysz\u0105cych procesowi inwestycyjnemu. Ten przedmiot sk\u0142ada si\u0119 z: 9 godzin wyk\u0142ad\u00f3w, 18 godzin \u0107wicze\u0144.<\/p>\n","protected":false},"author":2,"featured_media":0,"parent":0,"menu_order":0,"comment_status":"closed","ping_status":"closed","template":"","meta":{"footnotes":""},"class_list":["post-112","page","type-page","status-publish","hentry","entry","post-inner"],"_links":{"self":[{"href":"https:\/\/home.agh.edu.pl\/~akwart\/wp-json\/wp\/v2\/pages\/112","targetHints":{"allow":["GET"]}}],"collection":[{"href":"https:\/\/home.agh.edu.pl\/~akwart\/wp-json\/wp\/v2\/pages"}],"about":[{"href":"https:\/\/home.agh.edu.pl\/~akwart\/wp-json\/wp\/v2\/types\/page"}],"author":[{"embeddable":true,"href":"https:\/\/home.agh.edu.pl\/~akwart\/wp-json\/wp\/v2\/users\/2"}],"replies":[{"embeddable":true,"href":"https:\/\/home.agh.edu.pl\/~akwart\/wp-json\/wp\/v2\/comments?post=112"}],"version-history":[{"count":7,"href":"https:\/\/home.agh.edu.pl\/~akwart\/wp-json\/wp\/v2\/pages\/112\/revisions"}],"predecessor-version":[{"id":568,"href":"https:\/\/home.agh.edu.pl\/~akwart\/wp-json\/wp\/v2\/pages\/112\/revisions\/568"}],"wp:attachment":[{"href":"https:\/\/home.agh.edu.pl\/~akwart\/wp-json\/wp\/v2\/media?parent=112"}],"curies":[{"name":"wp","href":"https:\/\/api.w.org\/{rel}","templated":true}]}}