{"id":17,"date":"2017-02-24T23:05:30","date_gmt":"2017-02-24T22:05:30","guid":{"rendered":"http:\/\/home.agh.edu.pl\/~epuniach\/?page_id=17"},"modified":"2021-03-06T17:43:03","modified_gmt":"2021-03-06T16:43:03","slug":"poza-praca","status":"publish","type":"page","link":"https:\/\/home.agh.edu.pl\/~akwart\/o-mnie\/poza-praca\/","title":{"rendered":"Poza prac\u0105"},"content":{"rendered":"\n<div class=\"wp-block-columns is-layout-flex wp-container-core-columns-is-layout-9d6595d7 wp-block-columns-is-layout-flex\">\n<div class=\"wp-block-column is-layout-flow wp-block-column-is-layout-flow\" style=\"flex-basis:66.66%\">\n<div class=\"wp-block-columns is-layout-flex wp-container-core-columns-is-layout-9d6595d7 wp-block-columns-is-layout-flex\">\n<div class=\"wp-block-column is-layout-flow wp-block-column-is-layout-flow\">\n<figure class=\"wp-block-image size-large is-resized\"><img loading=\"lazy\" decoding=\"async\" src=\"https:\/\/home.agh.edu.pl\/~akwart\/nowa\/wp-content\/uploads\/2021\/03\/1000.jpg\" alt=\"\" class=\"wp-image-332\" width=\"201\" height=\"267\" srcset=\"https:\/\/home.agh.edu.pl\/~akwart\/wp-content\/uploads\/2021\/03\/1000.jpg 576w, https:\/\/home.agh.edu.pl\/~akwart\/wp-content\/uploads\/2021\/03\/1000-263x350.jpg 263w, https:\/\/home.agh.edu.pl\/~akwart\/wp-content\/uploads\/2021\/03\/1000-113x150.jpg 113w\" sizes=\"auto, (max-width: 201px) 100vw, 201px\" \/><\/figure>\n\n\n\n<p class=\"wp-block-preformatted\" style=\"text-align: justify;\">Poza prac\u0105 lubi\u0119 aktywnie sp\u0119dza\u0107 czas.&nbsp; W latach 90-tych zosta\u0142am cz\u0142onkiem Akademickiego Klubu Groto\u0142az\u00f3w AGH z kt\u00f3rym bra\u0142am udzia\u0142 w wyprawach do jaski\u0144 w Austrii i we W\u0142oszech.&nbsp; Obecnie g\u00f3ry traktuj\u0119 bardziej rekreacyjnie. Lubi\u0119 si\u0119 wspina\u0107, chodzi\u0107 po nowych szlakach i je\u017adzi\u0107 na nartach. Kajakami te\u017c nie pogardz\u0119 :-).<\/p>\n<\/div>\n<\/div>\n<\/div>\n<\/div>\n\n\n","protected":false},"excerpt":{"rendered":"<p>Poza prac\u0105 lubi\u0119 aktywnie sp\u0119dza\u0107 czas.&nbsp; W latach 90-tych zosta\u0142am cz\u0142onkiem Akademickiego Klubu Groto\u0142az\u00f3w AGH z kt\u00f3rym bra\u0142am udzia\u0142 w wyprawach do jaski\u0144 w Austrii i we W\u0142oszech.&nbsp; Obecnie g\u00f3ry traktuj\u0119 bardziej rekreacyjnie. Lubi\u0119 si\u0119 wspina\u0107, chodzi\u0107 po nowych szlakach i je\u017adzi\u0107 na nartach. Kajakami te\u017c nie pogardz\u0119 :-).<\/p>\n","protected":false},"author":2,"featured_media":0,"parent":13,"menu_order":0,"comment_status":"closed","ping_status":"closed","template":"","meta":{"footnotes":""},"class_list":["post-17","page","type-page","status-publish","hentry","entry","post-inner"],"_links":{"self":[{"href":"https:\/\/home.agh.edu.pl\/~akwart\/wp-json\/wp\/v2\/pages\/17","targetHints":{"allow":["GET"]}}],"collection":[{"href":"https:\/\/home.agh.edu.pl\/~akwart\/wp-json\/wp\/v2\/pages"}],"about":[{"href":"https:\/\/home.agh.edu.pl\/~akwart\/wp-json\/wp\/v2\/types\/page"}],"author":[{"embeddable":true,"href":"https:\/\/home.agh.edu.pl\/~akwart\/wp-json\/wp\/v2\/users\/2"}],"replies":[{"embeddable":true,"href":"https:\/\/home.agh.edu.pl\/~akwart\/wp-json\/wp\/v2\/comments?post=17"}],"version-history":[{"count":11,"href":"https:\/\/home.agh.edu.pl\/~akwart\/wp-json\/wp\/v2\/pages\/17\/revisions"}],"predecessor-version":[{"id":492,"href":"https:\/\/home.agh.edu.pl\/~akwart\/wp-json\/wp\/v2\/pages\/17\/revisions\/492"}],"up":[{"embeddable":true,"href":"https:\/\/home.agh.edu.pl\/~akwart\/wp-json\/wp\/v2\/pages\/13"}],"wp:attachment":[{"href":"https:\/\/home.agh.edu.pl\/~akwart\/wp-json\/wp\/v2\/media?parent=17"}],"curies":[{"name":"wp","href":"https:\/\/api.w.org\/{rel}","templated":true}]}}