{"id":31,"date":"2017-02-24T23:09:04","date_gmt":"2017-02-24T22:09:04","guid":{"rendered":"http:\/\/home.agh.edu.pl\/~epuniach\/?page_id=31"},"modified":"2021-03-06T15:22:12","modified_gmt":"2021-03-06T14:22:12","slug":"geodezja-inzynieryjna-i-2","status":"publish","type":"page","link":"https:\/\/home.agh.edu.pl\/~akwart\/geodezja-inzynieryjna-i-2\/","title":{"rendered":"Prawo dla geodet\u00f3w"},"content":{"rendered":"<p>W ramach tego przedmiotu student poznaje podstawy prawne prawa cywilnego i administracyjnego oraz struktur\u0119 i zasady dzia\u0142ania administracji publicznej. Poznaje zasady gromadzenia i przetwarzania danych w rejestrach publicznych. Zapoznaje si\u0119 z podstawami prawnymi wykonywania zawodu geodety.<\/p>\n<p>Ten przedmiot sk\u0142ada si\u0119 z:<\/p>\n<ul style=\"list-style-type: square;\">\n<li>30 godzin wyk\u0142ad\u00f3w,<\/li>\n<li>45 godzin \u0107wicze\u0144.<\/li>\n<\/ul>\n","protected":false},"excerpt":{"rendered":"<p>W ramach tego przedmiotu student poznaje podstawy prawne prawa cywilnego i administracyjnego oraz struktur\u0119 i zasady dzia\u0142ania administracji publicznej. Poznaje zasady gromadzenia i przetwarzania danych w rejestrach publicznych. Zapoznaje si\u0119 z podstawami prawnymi wykonywania zawodu geodety. Ten przedmiot sk\u0142ada si\u0119 z: 30 godzin wyk\u0142ad\u00f3w, 45 godzin \u0107wicze\u0144.<\/p>\n","protected":false},"author":1,"featured_media":0,"parent":0,"menu_order":0,"comment_status":"closed","ping_status":"closed","template":"","meta":{"footnotes":""},"class_list":["post-31","page","type-page","status-publish","hentry","entry","post-inner"],"_links":{"self":[{"href":"https:\/\/home.agh.edu.pl\/~akwart\/wp-json\/wp\/v2\/pages\/31","targetHints":{"allow":["GET"]}}],"collection":[{"href":"https:\/\/home.agh.edu.pl\/~akwart\/wp-json\/wp\/v2\/pages"}],"about":[{"href":"https:\/\/home.agh.edu.pl\/~akwart\/wp-json\/wp\/v2\/types\/page"}],"author":[{"embeddable":true,"href":"https:\/\/home.agh.edu.pl\/~akwart\/wp-json\/wp\/v2\/users\/1"}],"replies":[{"embeddable":true,"href":"https:\/\/home.agh.edu.pl\/~akwart\/wp-json\/wp\/v2\/comments?post=31"}],"version-history":[{"count":5,"href":"https:\/\/home.agh.edu.pl\/~akwart\/wp-json\/wp\/v2\/pages\/31\/revisions"}],"predecessor-version":[{"id":285,"href":"https:\/\/home.agh.edu.pl\/~akwart\/wp-json\/wp\/v2\/pages\/31\/revisions\/285"}],"wp:attachment":[{"href":"https:\/\/home.agh.edu.pl\/~akwart\/wp-json\/wp\/v2\/media?parent=31"}],"curies":[{"name":"wp","href":"https:\/\/api.w.org\/{rel}","templated":true}]}}