{"id":48,"date":"2020-05-07T19:51:18","date_gmt":"2020-05-07T17:51:18","guid":{"rendered":"http:\/\/home.agh.edu.pl\/~anita_tr\/?page_id=48"},"modified":"2026-03-26T16:00:31","modified_gmt":"2026-03-26T15:00:31","slug":"dydaktyka","status":"publish","type":"page","link":"https:\/\/home.agh.edu.pl\/~anita_tr\/dydaktyka\/","title":{"rendered":"Dydaktyka"},"content":{"rendered":"\n<h3 class=\"wp-block-heading\">zaj\u0119cia dydaktyczne<\/h3>\n\n\n\n<ul class=\"wp-block-list\">\n<li><strong><a href=\"https:\/\/sylabusy.agh.edu.pl\/pl\/document\/863bc430-fa03-4bbc-b69b-6bd5fd601c5b.pdf\" target=\"_blank\" rel=\"noreferrer noopener\">Chemia nieorganiczna<\/a><\/strong> &#8211; wyk\u0142ad, \u0107wiczenia audytoryjne, \u0107wiczenia laboratoryjne (WFiIS)<\/li>\n\n\n\n<li><strong><a href=\"https:\/\/sylabusy.agh.edu.pl\/pl\/document\/801426f3-6ec3-4c32-b405-391d3f314604.pdf\" target=\"_blank\" rel=\"noreferrer noopener\">Materia\u0142y katalityczne<\/a><\/strong> &#8211; wyk\u0142ad, warsztaty (WIMiC)<\/li>\n\n\n\n<li><strong><a href=\"https:\/\/sylabusy.agh.edu.pl\/pl\/document\/3a982099-e55d-4a3c-b2d9-5ccf16c924dd.pdf\" target=\"_blank\" rel=\"noreferrer noopener\">Chemia cia\u0142a sta\u0142ego<\/a><\/strong> &#8211; \u0107wiczenia laboratoryjne (WIMiC)<\/li>\n\n\n\n<li><strong><a href=\"https:\/\/sylabusy.agh.edu.pl\/pl\/document\/afd98c2c-692d-4857-b294-e2a0279e5c1d.pdf\" target=\"_blank\" rel=\"noreferrer noopener\">Nanomateria\u0142y do konwersji energii s\u0142onecznej<\/a><\/strong> &#8211; wybrane wyk\u0142ady, \u0107wiczenia laboratoryjne (przedmiot obieralny WIMiC, WFiIS)<\/li>\n\n\n\n<li><strong><a href=\"https:\/\/sylabus.phd.agh.edu.pl\/pl\/document\/3dfa86d3-e2c2-4b24-bcd1-81f69e662709.pdf\" target=\"_blank\" rel=\"noreferrer noopener\">Materia\u0142y dla fotochemii<\/a><\/strong> &#8211; wyk\u0142ad, seminarium (przedmiot obieralny SD AGH)<\/li>\n\n\n\n<li><strong><a href=\"https:\/\/sylabusy.agh.edu.pl\/pl\/document\/918b235f-ad54-45e4-835c-88913e63f30d.pdf\" target=\"_blank\" rel=\"noreferrer noopener\">In\u017cynieria materia\u0142owa w fotochemii<\/a><\/strong> &#8211; seminarium (przedmiot obieralny WIMiC)<\/li>\n<\/ul>\n\n\n\n<hr class=\"wp-block-separator has-alpha-channel-opacity\"\/>\n\n\n\n<h3 class=\"wp-block-heading\">propozycje temat\u00f3w prac doktorskich<\/h3>\n\n\n\n<p><a href=\"https:\/\/rekrutacja.doktoranci.agh.edu.pl\/ZagadnieniaBadawcze\/?pg=Podglad&amp;zb_id=302\" target=\"_blank\" rel=\"noreferrer noopener\">Heterostruktury p\u00f3\u0142przewodnikowe dla zastosowa\u0144 fotochemicznych<\/a><\/p>\n\n\n\n<hr class=\"wp-block-separator has-alpha-channel-opacity\"\/>\n\n\n\n<h3 class=\"wp-block-heading\">propozycje temat\u00f3w projekt\u00f3w dyplomowych (in\u017cynierskich i magisterskich)<\/h3>\n\n\n\n<p>Optymalizacja heterostrukturalnych uk\u0142ad\u00f3w p\u00f3\u0142przewodnikowych TiO<sub>2<\/sub>-BiVO<sub>4<\/sub> dla reakcji redoks aktywowanych \u015bwiat\u0142em<\/p>\n\n\n\n<p>Od inertno\u015bci do aktywno\u015bci &#8211; projektowanie fotokatalizator\u00f3w dla \u015bwiat\u0142a widzialnego<\/p>\n\n\n\n<p><\/p>\n","protected":false},"excerpt":{"rendered":"<p>zaj\u0119cia dydaktyczne propozycje temat\u00f3w prac doktorskich Heterostruktury p\u00f3\u0142przewodnikowe dla zastosowa\u0144 fotochemicznych propozycje temat\u00f3w projekt\u00f3w dyplomowych (in\u017cynierskich i magisterskich) Optymalizacja heterostrukturalnych uk\u0142ad\u00f3w p\u00f3\u0142przewodnikowych TiO2-BiVO4 dla reakcji redoks aktywowanych \u015bwiat\u0142em Od inertno\u015bci &#8230;<\/p>\n","protected":false},"author":1,"featured_media":0,"parent":0,"menu_order":0,"comment_status":"closed","ping_status":"closed","template":"","meta":{"footnotes":""},"class_list":["post-48","page","type-page","status-publish","hentry"],"_links":{"self":[{"href":"https:\/\/home.agh.edu.pl\/~anita_tr\/wp-json\/wp\/v2\/pages\/48","targetHints":{"allow":["GET"]}}],"collection":[{"href":"https:\/\/home.agh.edu.pl\/~anita_tr\/wp-json\/wp\/v2\/pages"}],"about":[{"href":"https:\/\/home.agh.edu.pl\/~anita_tr\/wp-json\/wp\/v2\/types\/page"}],"author":[{"embeddable":true,"href":"https:\/\/home.agh.edu.pl\/~anita_tr\/wp-json\/wp\/v2\/users\/1"}],"replies":[{"embeddable":true,"href":"https:\/\/home.agh.edu.pl\/~anita_tr\/wp-json\/wp\/v2\/comments?post=48"}],"version-history":[{"count":47,"href":"https:\/\/home.agh.edu.pl\/~anita_tr\/wp-json\/wp\/v2\/pages\/48\/revisions"}],"predecessor-version":[{"id":291,"href":"https:\/\/home.agh.edu.pl\/~anita_tr\/wp-json\/wp\/v2\/pages\/48\/revisions\/291"}],"wp:attachment":[{"href":"https:\/\/home.agh.edu.pl\/~anita_tr\/wp-json\/wp\/v2\/media?parent=48"}],"curies":[{"name":"wp","href":"https:\/\/api.w.org\/{rel}","templated":true}]}}