{"id":85,"date":"2020-05-07T22:30:22","date_gmt":"2020-05-07T20:30:22","guid":{"rendered":"http:\/\/home.agh.edu.pl\/~anita_tr\/?page_id=85"},"modified":"2024-06-26T12:55:21","modified_gmt":"2024-06-26T10:55:21","slug":"o-mnie","status":"publish","type":"page","link":"https:\/\/home.agh.edu.pl\/~anita_tr\/","title":{"rendered":"O mnie"},"content":{"rendered":"\n<div class=\"wp-block-columns is-layout-flex wp-container-core-columns-is-layout-9d6595d7 wp-block-columns-is-layout-flex\">\n<div class=\"wp-block-column is-layout-flow wp-block-column-is-layout-flow\" style=\"flex-basis:33.33%\">\n<figure class=\"wp-block-gallery aligncenter has-nested-images columns-default is-cropped wp-block-gallery-2 is-layout-flex wp-block-gallery-is-layout-flex\">\n<figure class=\"wp-block-image size-medium is-style-rounded wp-duotone-000000-fcb90054-1\"><img loading=\"lazy\" decoding=\"async\" width=\"300\" height=\"300\" data-id=\"202\" src=\"http:\/\/home.agh.edu.pl\/~anita_tr\/wp-content\/uploads\/2023\/01\/DSC_3834-PL-Paszport-35x45-mm-edited-300x300.jpg\" alt=\"\" class=\"wp-image-202\" srcset=\"https:\/\/home.agh.edu.pl\/~anita_tr\/wp-content\/uploads\/2023\/01\/DSC_3834-PL-Paszport-35x45-mm-edited-300x300.jpg 300w, https:\/\/home.agh.edu.pl\/~anita_tr\/wp-content\/uploads\/2023\/01\/DSC_3834-PL-Paszport-35x45-mm-edited-1024x1024.jpg 1024w, https:\/\/home.agh.edu.pl\/~anita_tr\/wp-content\/uploads\/2023\/01\/DSC_3834-PL-Paszport-35x45-mm-edited-150x150.jpg 150w, https:\/\/home.agh.edu.pl\/~anita_tr\/wp-content\/uploads\/2023\/01\/DSC_3834-PL-Paszport-35x45-mm-edited-768x767.jpg 768w, https:\/\/home.agh.edu.pl\/~anita_tr\/wp-content\/uploads\/2023\/01\/DSC_3834-PL-Paszport-35x45-mm-edited.jpg 1508w\" sizes=\"auto, (max-width: 300px) 100vw, 300px\" \/><\/figure>\n<\/figure>\n<\/div>\n\n\n\n<div class=\"wp-block-column is-layout-flow wp-block-column-is-layout-flow\" style=\"flex-basis:66.66%\">\n<p>Pracuj\u0119 w <a rel=\"noreferrer noopener\" href=\"http:\/\/galaxy.uci.agh.edu.pl\/~zcn\/\" target=\"_blank\">Katedrze Chemii Nieorganicznej<\/a> na <a rel=\"noreferrer noopener\" href=\"https:\/\/www.ceramika.agh.edu.pl\/pl\/\" target=\"_blank\">Wydziale In\u017cynierii Materia\u0142owej i Ceramiki<\/a> <a rel=\"noreferrer noopener\" href=\"http:\/\/agh.edu.pl\" target=\"_blank\">Akademii G\u00f3rniczo-Hutniczej w Krakowie<\/a>.<\/p>\n\n\n\n<p>Zwi\u0105zana jestem z Wydzia\u0142em od czas\u00f3w studi\u00f3w, kt\u00f3re tu uko\u0144czy\u0142am. W 2010 roku obroni\u0142am tu r\u00f3wnie\u017c, z wyr\u00f3\u017cnieniem, prac\u0119 doktorsk\u0105 pt. <em>Fotoelektrochemiczne w\u0142a\u015bciwo\u015bci TiO<sub>2<\/sub> o modyfikowanej podsieci anionowej<\/em>. W 2019 roku Rada Dyscypliny Nauki Chemiczne zatwierdzi\u0142a uchwa\u0142\u0119 o nadaniu mi stopnia doktor habilitowanej.<\/p>\n\n\n\n<p>Moje zainteresowania naukowe dotycz\u0105 zagadnie\u0144 z pogranicza in\u017cynierii materia\u0142owej i chemii cia\u0142a sta\u0142ego. Badania obejmuj\u0105 w\u0142a\u015bciwo\u015bci fizykochemiczne materia\u0142\u00f3w p\u00f3\u0142przewodnik\u00f3w oraz heterostruktur przez nie tworzonych, w szczeg\u00f3lno\u015bci za\u015b w\u0142a\u015bciwo\u015bci strukturalne, elektronowe, fotokatalityczne i fotoelektrochemiczne.<\/p>\n<\/div>\n<\/div>\n\n\n\n<p><\/p>\n\n\n\n<div class=\"wp-block-columns is-layout-flex wp-container-core-columns-is-layout-9d6595d7 wp-block-columns-is-layout-flex\">\n<div class=\"wp-block-column is-layout-flow wp-block-column-is-layout-flow\"><div class=\"wp-block-image\">\n<figure class=\"aligncenter size-large is-resized\"><a href=\"www.agh.edu.pl\" target=\"_blank\" rel=\"noopener noreferrer\"><img loading=\"lazy\" decoding=\"async\" width=\"200\" height=\"200\" src=\"http:\/\/home.agh.edu.pl\/~anita_tr\/wp-content\/uploads\/2020\/05\/agh.png\" alt=\"AGH\" class=\"wp-image-87\" style=\"width:100px;height:100px\" srcset=\"https:\/\/home.agh.edu.pl\/~anita_tr\/wp-content\/uploads\/2020\/05\/agh.png 200w, https:\/\/home.agh.edu.pl\/~anita_tr\/wp-content\/uploads\/2020\/05\/agh-150x150.png 150w\" sizes=\"auto, (max-width: 200px) 100vw, 200px\" \/><\/a><\/figure>\n<\/div><\/div>\n\n\n\n<div class=\"wp-block-column is-layout-flow wp-block-column-is-layout-flow\"><div class=\"wp-block-image\">\n<figure class=\"aligncenter size-large is-resized\"><a href=\"www.ceramika.agh.edu.pl\" target=\"_blank\" rel=\"noopener noreferrer\"><img loading=\"lazy\" decoding=\"async\" width=\"225\" height=\"225\" src=\"http:\/\/home.agh.edu.pl\/~anita_tr\/wp-content\/uploads\/2020\/05\/wimic.jpg\" alt=\"WIMiC\" class=\"wp-image-86\" style=\"width:100px;height:101px\" srcset=\"https:\/\/home.agh.edu.pl\/~anita_tr\/wp-content\/uploads\/2020\/05\/wimic.jpg 225w, https:\/\/home.agh.edu.pl\/~anita_tr\/wp-content\/uploads\/2020\/05\/wimic-150x150.jpg 150w\" sizes=\"auto, (max-width: 225px) 100vw, 225px\" \/><\/a><\/figure>\n<\/div><\/div>\n\n\n\n<div class=\"wp-block-column is-layout-flow wp-block-column-is-layout-flow\"><div class=\"wp-block-image\">\n<figure class=\"aligncenter size-large is-resized\"><a href=\"http:\/\/www.kcn.agh.edu.pl\/\" target=\"_blank\" rel=\"noopener noreferrer\"><img loading=\"lazy\" decoding=\"async\" width=\"320\" height=\"345\" src=\"http:\/\/home.agh.edu.pl\/~anita_tr\/wp-content\/uploads\/2020\/05\/KCN-1.jpg\" alt=\"KCN\" class=\"wp-image-130\" style=\"width:80px;height:86px\" srcset=\"https:\/\/home.agh.edu.pl\/~anita_tr\/wp-content\/uploads\/2020\/05\/KCN-1.jpg 320w, https:\/\/home.agh.edu.pl\/~anita_tr\/wp-content\/uploads\/2020\/05\/KCN-1-278x300.jpg 278w\" sizes=\"auto, (max-width: 320px) 100vw, 320px\" \/><\/a><\/figure>\n<\/div><\/div>\n<\/div>\n\n\n\n<p><\/p>\n","protected":false},"excerpt":{"rendered":"<p>Pracuj\u0119 w Katedrze Chemii Nieorganicznej na Wydziale In\u017cynierii Materia\u0142owej i Ceramiki Akademii G\u00f3rniczo-Hutniczej w Krakowie. Zwi\u0105zana jestem z Wydzia\u0142em od czas\u00f3w studi\u00f3w, kt\u00f3re tu uko\u0144czy\u0142am. W 2010 roku obroni\u0142am tu &#8230;<\/p>\n","protected":false},"author":1,"featured_media":0,"parent":0,"menu_order":0,"comment_status":"closed","ping_status":"closed","template":"","meta":{"footnotes":""},"class_list":["post-85","page","type-page","status-publish","hentry"],"_links":{"self":[{"href":"https:\/\/home.agh.edu.pl\/~anita_tr\/wp-json\/wp\/v2\/pages\/85","targetHints":{"allow":["GET"]}}],"collection":[{"href":"https:\/\/home.agh.edu.pl\/~anita_tr\/wp-json\/wp\/v2\/pages"}],"about":[{"href":"https:\/\/home.agh.edu.pl\/~anita_tr\/wp-json\/wp\/v2\/types\/page"}],"author":[{"embeddable":true,"href":"https:\/\/home.agh.edu.pl\/~anita_tr\/wp-json\/wp\/v2\/users\/1"}],"replies":[{"embeddable":true,"href":"https:\/\/home.agh.edu.pl\/~anita_tr\/wp-json\/wp\/v2\/comments?post=85"}],"version-history":[{"count":43,"href":"https:\/\/home.agh.edu.pl\/~anita_tr\/wp-json\/wp\/v2\/pages\/85\/revisions"}],"predecessor-version":[{"id":255,"href":"https:\/\/home.agh.edu.pl\/~anita_tr\/wp-json\/wp\/v2\/pages\/85\/revisions\/255"}],"wp:attachment":[{"href":"https:\/\/home.agh.edu.pl\/~anita_tr\/wp-json\/wp\/v2\/media?parent=85"}],"curies":[{"name":"wp","href":"https:\/\/api.w.org\/{rel}","templated":true}]}}