{"id":1164,"date":"2013-11-22T16:28:09","date_gmt":"2013-11-22T15:28:09","guid":{"rendered":"http:\/\/home.agh.edu.pl\/~cholda\/?page_id=1164"},"modified":"2016-03-30T10:21:32","modified_gmt":"2016-03-30T09:21:32","slug":"p2p-testbed","status":"publish","type":"page","link":"https:\/\/home.agh.edu.pl\/~cholda\/research\/p2p-testbed\/","title":{"rendered":"P2P Testbed"},"content":{"rendered":"<h2>Publication<\/h2>\n<p>Here, the information related to our paper on P2P testbed (<a href=\"http:\/\/th-www.if.uj.edu.pl\/acm\/dulinski.html\" target=\"_blank\">Zbigniew Duli\u0144ski<\/a>, Kamil Pa\u0142kowski, Piotr Cho\u0142da, <a href=\"http:\/\/www.sciencedirect.com\/science\/article\/pii\/S1389128613004453\" target=\"_blank\"><i>A university testbed for large scale interconnection experiments on distributed applications<\/i><\/a>, Computer Networks, vol. 63, 22 Apr. 2014.) is given. When using or inspiring by the given configuration files (either changed or not), please cite the abovementioned publication.<\/p>\n<p>&nbsp;<\/p>\n<h2>Details of the testbed<\/h2>\n<p>Basically, the testbed was prepared to study the Economic Traffic Managment solutions for P2P systems. It can be also used in the context of cloud networks.<\/p>\n<div id=\"attachment_1227\" style=\"width: 463px\" class=\"wp-caption alignnone\"><a href=\"http:\/\/home.agh.edu.pl\/~cholda\/wp-content\/uploads\/2013\/11\/Fig1.png\"><img loading=\"lazy\" decoding=\"async\" aria-describedby=\"caption-attachment-1227\" class=\"wp-image-1227 \" title=\"Testbed: logical structure\" src=\"http:\/\/home.agh.edu.pl\/~cholda\/wp-content\/uploads\/2013\/11\/Fig1.png\" alt=\"Testbed: logical structure\" width=\"453\" height=\"229\" srcset=\"https:\/\/home.agh.edu.pl\/~cholda\/wp-content\/uploads\/2013\/11\/Fig1.png 1258w, https:\/\/home.agh.edu.pl\/~cholda\/wp-content\/uploads\/2013\/11\/Fig1-300x151.png 300w, https:\/\/home.agh.edu.pl\/~cholda\/wp-content\/uploads\/2013\/11\/Fig1-1024x516.png 1024w, https:\/\/home.agh.edu.pl\/~cholda\/wp-content\/uploads\/2013\/11\/Fig1-100x50.png 100w\" sizes=\"auto, (max-width: 453px) 100vw, 453px\" \/><\/a><p id=\"caption-attachment-1227\" class=\"wp-caption-text\">Logical structure of the testbed.<\/p><\/div>\n<p>Physically, the testbed has been constructed in the Jagiellonian University, Krak\u00f3w, Poland. It was created due to the cooperation of the Jagiellonian University and AGH University of Science and Technology within <a href=\"http:\/\/www.smoothit.org\" target=\"_blank\">SmoothIT<\/a> and <a href=\"http:\/\/www.smartenit.eu\" target=\"_blank\">SmartenIT<\/a> projects.<\/p>\n<div id=\"attachment_1232\" style=\"width: 458px\" class=\"wp-caption alignnone\"><a href=\"http:\/\/home.agh.edu.pl\/~cholda\/wp-content\/uploads\/2013\/11\/Fig2.png\"><img loading=\"lazy\" decoding=\"async\" aria-describedby=\"caption-attachment-1232\" class=\" wp-image-1232 \" title=\"Testbed: physical structure\" src=\"http:\/\/home.agh.edu.pl\/~cholda\/wp-content\/uploads\/2013\/11\/Fig2.png\" alt=\"Testbed: physical structure\" width=\"448\" height=\"252\" srcset=\"https:\/\/home.agh.edu.pl\/~cholda\/wp-content\/uploads\/2013\/11\/Fig2.png 1244w, https:\/\/home.agh.edu.pl\/~cholda\/wp-content\/uploads\/2013\/11\/Fig2-300x168.png 300w, https:\/\/home.agh.edu.pl\/~cholda\/wp-content\/uploads\/2013\/11\/Fig2-1024x576.png 1024w, https:\/\/home.agh.edu.pl\/~cholda\/wp-content\/uploads\/2013\/11\/Fig2-100x56.png 100w\" sizes=\"auto, (max-width: 448px) 100vw, 448px\" \/><\/a><p id=\"caption-attachment-1232\" class=\"wp-caption-text\">Physical structure of the testbed.<\/p><\/div>\n<p><strong>\u00a0<\/strong><\/p>\n","protected":false},"excerpt":{"rendered":"<p>Publication Here, the information related to our paper on P2P testbed (Zbigniew Duli\u0144ski, Kamil Pa\u0142kowski, Piotr Cho\u0142da, A university testbed for large scale interconnection experiments on distributed applications, Computer Networks, vol. 63, 22 Apr. 2014.) is given. When using or inspiring by the given configuration files (either changed or not), please cite the abovementioned publication. [&hellip;]<\/p>\n","protected":false},"author":1,"featured_media":0,"parent":25,"menu_order":1000,"comment_status":"closed","ping_status":"closed","template":"","meta":{"_monsterinsights_skip_tracking":false,"_monsterinsights_sitenote_active":false,"_monsterinsights_sitenote_note":"","_monsterinsights_sitenote_category":0,"footnotes":""},"class_list":["post-1164","page","type-page","status-publish","hentry"],"_links":{"self":[{"href":"https:\/\/home.agh.edu.pl\/~cholda\/wp-json\/wp\/v2\/pages\/1164","targetHints":{"allow":["GET"]}}],"collection":[{"href":"https:\/\/home.agh.edu.pl\/~cholda\/wp-json\/wp\/v2\/pages"}],"about":[{"href":"https:\/\/home.agh.edu.pl\/~cholda\/wp-json\/wp\/v2\/types\/page"}],"author":[{"embeddable":true,"href":"https:\/\/home.agh.edu.pl\/~cholda\/wp-json\/wp\/v2\/users\/1"}],"replies":[{"embeddable":true,"href":"https:\/\/home.agh.edu.pl\/~cholda\/wp-json\/wp\/v2\/comments?post=1164"}],"version-history":[{"count":23,"href":"https:\/\/home.agh.edu.pl\/~cholda\/wp-json\/wp\/v2\/pages\/1164\/revisions"}],"predecessor-version":[{"id":2356,"href":"https:\/\/home.agh.edu.pl\/~cholda\/wp-json\/wp\/v2\/pages\/1164\/revisions\/2356"}],"up":[{"embeddable":true,"href":"https:\/\/home.agh.edu.pl\/~cholda\/wp-json\/wp\/v2\/pages\/25"}],"wp:attachment":[{"href":"https:\/\/home.agh.edu.pl\/~cholda\/wp-json\/wp\/v2\/media?parent=1164"}],"curies":[{"name":"wp","href":"https:\/\/api.w.org\/{rel}","templated":true}]}}