{"id":3648,"date":"2018-03-12T19:28:05","date_gmt":"2018-03-12T18:28:05","guid":{"rendered":"http:\/\/home.agh.edu.pl\/~cholda\/?page_id=3648"},"modified":"2020-02-14T16:56:11","modified_gmt":"2020-02-14T15:56:11","slug":"enhanced-lagrange-decomposition","status":"publish","type":"page","link":"https:\/\/home.agh.edu.pl\/~cholda\/research\/enhanced-lagrange-decomposition\/","title":{"rendered":"Enhanced Lagrange Decomposition for Multi-Objective Scalable TE in SDN"},"content":{"rendered":"<p>Here, we present additional results related to the paper &#8220;Enhanced Lagrange Decomposition for Multi-Objective Scalable TE in SDN&#8221; by Piotr Jaglarz, Piotr Bory\u0142o, Andrzej Szyma\u0144ski, and Piotr Cho\u0142da accepted to Computer Networks in 2019: <a href=\"http:\/\/home.agh.edu.pl\/~cholda\/wp-content\/uploads\/2018\/03\/LagrangeMultiobjectiveOpt.zip\" target=\"_blank\" rel=\"noopener noreferrer\">ZIP file<\/a>.<\/p>\n","protected":false},"excerpt":{"rendered":"<p>Here, we present additional results related to the paper &#8220;Enhanced Lagrange Decomposition for Multi-Objective Scalable TE in SDN&#8221; by Piotr Jaglarz, Piotr Bory\u0142o, Andrzej Szyma\u0144ski, and Piotr Cho\u0142da accepted to Computer Networks in 2019: ZIP file.<\/p>\n","protected":false},"author":1,"featured_media":0,"parent":25,"menu_order":10,"comment_status":"closed","ping_status":"closed","template":"","meta":{"_monsterinsights_skip_tracking":false,"_monsterinsights_sitenote_active":false,"_monsterinsights_sitenote_note":"","_monsterinsights_sitenote_category":0,"footnotes":""},"class_list":["post-3648","page","type-page","status-publish","hentry"],"_links":{"self":[{"href":"https:\/\/home.agh.edu.pl\/~cholda\/wp-json\/wp\/v2\/pages\/3648","targetHints":{"allow":["GET"]}}],"collection":[{"href":"https:\/\/home.agh.edu.pl\/~cholda\/wp-json\/wp\/v2\/pages"}],"about":[{"href":"https:\/\/home.agh.edu.pl\/~cholda\/wp-json\/wp\/v2\/types\/page"}],"author":[{"embeddable":true,"href":"https:\/\/home.agh.edu.pl\/~cholda\/wp-json\/wp\/v2\/users\/1"}],"replies":[{"embeddable":true,"href":"https:\/\/home.agh.edu.pl\/~cholda\/wp-json\/wp\/v2\/comments?post=3648"}],"version-history":[{"count":3,"href":"https:\/\/home.agh.edu.pl\/~cholda\/wp-json\/wp\/v2\/pages\/3648\/revisions"}],"predecessor-version":[{"id":4074,"href":"https:\/\/home.agh.edu.pl\/~cholda\/wp-json\/wp\/v2\/pages\/3648\/revisions\/4074"}],"up":[{"embeddable":true,"href":"https:\/\/home.agh.edu.pl\/~cholda\/wp-json\/wp\/v2\/pages\/25"}],"wp:attachment":[{"href":"https:\/\/home.agh.edu.pl\/~cholda\/wp-json\/wp\/v2\/media?parent=3648"}],"curies":[{"name":"wp","href":"https:\/\/api.w.org\/{rel}","templated":true}]}}