{"id":159,"date":"2017-11-18T09:09:54","date_gmt":"2017-11-18T08:09:54","guid":{"rendered":"http:\/\/home.agh.edu.pl\/~flaga_st\/?page_id=159"},"modified":"2024-07-02T12:32:35","modified_gmt":"2024-07-02T10:32:35","slug":"pss-przemyslowe-systemy-sterowania","status":"publish","type":"page","link":"https:\/\/home.agh.edu.pl\/~flaga_st\/pss-przemyslowe-systemy-sterowania\/","title":{"rendered":"PSS &#8211; Przemys\u0142owe Systemy Sterowania"},"content":{"rendered":"<p><a href=\"http:\/\/home.agh.edu.pl\/~flaga_st\/wp-content\/uploads\/2019\/11\/Informatyka_a_PLC.pdf\">Informatyka_a_PLC<\/a><\/p>\n<p><a href=\"http:\/\/home.agh.edu.pl\/~flaga_st\/s7-1200-flagowe-opowiesci\/\">TIA portal, S7-1200\/1500, Eaton E4 &#8211; Flagowe opowie\u015bci<\/a><\/p>\n\n\n<p><\/p>\n\n\n\n<p><\/p>\n\n\n\n<h2 class=\"wp-block-heading\">Krok 1. Nowy projekt &#8211; identyfikacja sprz\u0119tu<\/h2>\n\n\n\n<p>Sprawd\u017a nr stanowiska przy kt\u00f3rym siedzisz i odczytaj jego parametry ze spisu: Spis stanowisk. <\/p>\n\n\n\n<p>Zwr\u00f3\u0107 szczeg\u00f3ln\u0105 uwag\u0119 na:<\/p>\n\n\n\n<ul class=\"wp-block-list\">\n<li>nr wersji firmware,<\/li>\n\n\n\n<li>adres IP dla PLC,<\/li>\n\n\n\n<li>adres IP dla HMI.<\/li>\n<\/ul>\n\n\n\n<p><\/p>\n\n\n\n<div data-wp-interactive=\"core\/file\" class=\"wp-block-file\"><object data-wp-bind--hidden=\"!state.hasPdfPreview\" hidden class=\"wp-block-file__embed\" data=\"https:\/\/home.agh.edu.pl\/~flaga_st\/wp-content\/uploads\/2023\/12\/132_S7_1200_opis_stanowisk.pdf\" type=\"application\/pdf\" style=\"width:100%;height:600px\" aria-label=\"Osadzony PDF\"><\/object><\/div>\n\n\n\n<h2 class=\"wp-block-heading\">Krok 2. Autoidentyfikacja hardware<\/h2>\n\n\n\n<p>Je\u017celi nie wiesz jak to zrobi\u0107 zagl\u0105dnij do <a href=\"https:\/\/home.agh.edu.pl\/~flaga_st\/m\/HMI-konfiguracja-progr-OB-30-100-zbocza.pdf\" data-type=\"link\" data-id=\"https:\/\/home.agh.edu.pl\/~flaga_st\/m\/HMI-konfiguracja-progr-OB-30-100-zbocza.pdf\" target=\"_blank\" rel=\"noreferrer noopener\">instrukcji<\/a> na strony od 1 do 11.<\/p>\n\n\n\n<p><mark style=\"background-color:#ffe2c7\" class=\"has-inline-color\">UWAGA &#8211; je\u017celi tw\u00f3j sterownik ma firmware &gt;= 4.0 to obejrzyj film<\/mark> <\/p>\n\n\n\n<p><\/p>\n\n\n\n<figure class=\"wp-block-embed is-type-video is-provider-youtube wp-block-embed-youtube wp-embed-aspect-4-3 wp-has-aspect-ratio\"><div class=\"wp-block-embed__wrapper\">\n<iframe loading=\"lazy\" title=\"TIA 17, S7 1200, nowy projekt - z pomini\u0119ciem zabezpiecze\u0144 komunikacji\" width=\"500\" height=\"375\" src=\"https:\/\/www.youtube.com\/embed\/tJSgXa48IHk?feature=oembed\" frameborder=\"0\" allow=\"accelerometer; autoplay; clipboard-write; encrypted-media; gyroscope; picture-in-picture; web-share\" referrerpolicy=\"strict-origin-when-cross-origin\" allowfullscreen><\/iframe>\n<\/div><\/figure>\n\n\n\n<h2 class=\"wp-block-heading\">Krok 3. Dodaj panel HMI.<\/h2>\n\n\n\n<p>Je\u017celi nie wiesz jak to zrobi\u0107 zagl\u0105dnij do <a href=\"https:\/\/home.agh.edu.pl\/~flaga_st\/m\/HMI-konfiguracja-progr-OB-30-100-zbocza.pdf\" data-type=\"link\" data-id=\"https:\/\/home.agh.edu.pl\/~flaga_st\/m\/HMI-konfiguracja-progr-OB-30-100-zbocza.pdf\" target=\"_blank\" rel=\"noreferrer noopener\">instrukcji<\/a> na strony od 12 do 14.<\/p>\n\n\n\n<h2 class=\"wp-block-heading\">Krok 4. Ustaw w\u0142a\u015bciwe nazwy i adresy  IP<\/h2>\n\n\n\n<p>Adresy i nazwy uzyska\u0142e\u015b ze spisu stanowisk.<\/p>\n\n\n\n<p>Jak je zmieni\u0107 poka\u017ce prowadz\u0105cy.<\/p>\n\n\n\n<p>Po zmianie nazwy PLC za\u0142aduj jego konfiguracj\u0119 sprz\u0119tow\u0105<\/p>\n\n\n\n<figure class=\"wp-block-embed is-type-video is-provider-youtube wp-block-embed-youtube wp-embed-aspect-4-3 wp-has-aspect-ratio\"><div class=\"wp-block-embed__wrapper\">\n<iframe loading=\"lazy\" title=\"\u0141adowanie konfiguracji sprz\u0119towej po zmianie nazwy i adresu IP w sterowniku S7-1200\" width=\"500\" height=\"375\" src=\"https:\/\/www.youtube.com\/embed\/fdbvsRY6zlg?feature=oembed\" frameborder=\"0\" allow=\"accelerometer; autoplay; clipboard-write; encrypted-media; gyroscope; picture-in-picture; web-share\" referrerpolicy=\"strict-origin-when-cross-origin\" allowfullscreen><\/iframe>\n<\/div><figcaption class=\"wp-element-caption\">Download konfiguracji sprz\u0119towej (hardware)<\/figcaption><\/figure>\n\n\n\n<h2 class=\"wp-block-heading\">Krok 5. Tagi PLC<\/h2>\n\n\n\n<p>Utw\u00f3rz now\u0105 tablic\u0119 tag\u00f3w &#8211; nazwij j\u0105 <em><strong>iq<\/strong><\/em> &#8211; i dodaj do niej zmienne opisuj\u0105ce przypisanie aparat\u00f3w i urz\u0105dze\u0144 elektrycznych do adres\u00f3w w obr\u0119bie <em>I<\/em> i <em>Q<\/em> sterownika.<\/p>\n\n\n\n<p>Prowadz\u0105cy poka\u017ce co do czego jest pod\u0142\u0105czone. Wiele informacji mo\u017cna odczyta\u0107 z opis\u00f3w na panelu skrzyni aparaturowej<\/p>\n\n\n\n<p><strong>Stanowiska 1&#8230;8<\/strong> <\/p>\n\n\n\n<figure data-wp-context=\"{&quot;imageId&quot;:&quot;6a03f49b78847&quot;}\" data-wp-interactive=\"core\/image\" data-wp-key=\"6a03f49b78847\" class=\"wp-block-image size-full is-resized wp-lightbox-container\"><img loading=\"lazy\" decoding=\"async\" width=\"655\" height=\"352\" data-wp-class--hide=\"state.isContentHidden\" data-wp-class--show=\"state.isContentVisible\" data-wp-init=\"callbacks.setButtonStyles\" data-wp-on--click=\"actions.showLightbox\" data-wp-on--load=\"callbacks.setButtonStyles\" data-wp-on-window--resize=\"callbacks.setButtonStyles\" src=\"https:\/\/home.agh.edu.pl\/~flaga_st\/wp-content\/uploads\/2023\/12\/132_1_8.png\" alt=\"\" class=\"wp-image-355\" style=\"width:439px;height:auto\" srcset=\"https:\/\/home.agh.edu.pl\/~flaga_st\/wp-content\/uploads\/2023\/12\/132_1_8.png 655w, https:\/\/home.agh.edu.pl\/~flaga_st\/wp-content\/uploads\/2023\/12\/132_1_8-300x161.png 300w\" sizes=\"auto, (max-width: 655px) 100vw, 655px\" \/><button\n\t\t\tclass=\"lightbox-trigger\"\n\t\t\ttype=\"button\"\n\t\t\taria-haspopup=\"dialog\"\n\t\t\taria-label=\"Powi\u0119ksz\"\n\t\t\tdata-wp-init=\"callbacks.initTriggerButton\"\n\t\t\tdata-wp-on--click=\"actions.showLightbox\"\n\t\t\tdata-wp-style--right=\"state.imageButtonRight\"\n\t\t\tdata-wp-style--top=\"state.imageButtonTop\"\n\t\t>\n\t\t\t<svg xmlns=\"http:\/\/www.w3.org\/2000\/svg\" width=\"12\" height=\"12\" fill=\"none\" viewBox=\"0 0 12 12\">\n\t\t\t\t<path fill=\"#fff\" d=\"M2 0a2 2 0 0 0-2 2v2h1.5V2a.5.5 0 0 1 .5-.5h2V0H2Zm2 10.5H2a.5.5 0 0 1-.5-.5V8H0v2a2 2 0 0 0 2 2h2v-1.5ZM8 12v-1.5h2a.5.5 0 0 0 .5-.5V8H12v2a2 2 0 0 1-2 2H8Zm2-12a2 2 0 0 1 2 2v2h-1.5V2a.5.5 0 0 0-.5-.5H8V0h2Z\" \/>\n\t\t\t<\/svg>\n\t\t<\/button><\/figure>\n\n\n\n<p>Za\u0142aduj program do sterownika.<\/p>\n\n\n\n<p>Otw\u00f3rz tablic\u0119 tag\u00f3w <strong><em>iq<\/em><\/strong> i w\u0142\u0105cz monitoring. sprawd\u017a poprawno\u015b\u0107 przypisania adres\u00f3w.<\/p>\n\n\n\n<figure class=\"wp-block-image size-full is-resized\"><img loading=\"lazy\" decoding=\"async\" width=\"950\" height=\"459\" src=\"https:\/\/home.agh.edu.pl\/~flaga_st\/wp-content\/uploads\/2023\/12\/132_2_monitor_tab_tag.png\" alt=\"\" class=\"wp-image-359\" style=\"width:432px;height:auto\" srcset=\"https:\/\/home.agh.edu.pl\/~flaga_st\/wp-content\/uploads\/2023\/12\/132_2_monitor_tab_tag.png 950w, https:\/\/home.agh.edu.pl\/~flaga_st\/wp-content\/uploads\/2023\/12\/132_2_monitor_tab_tag-300x145.png 300w\" sizes=\"auto, (max-width: 950px) 100vw, 950px\" \/><\/figure>\n\n\n\n<h2 class=\"wp-block-heading\">Krok 6. Tablice &#8222;<em>Watch and force<\/em>&#8222;<\/h2>\n\n\n\n<p>Dodaj tablic\u0119 Obserwacje i umie\u015b\u0107 w niej adresy bajt\u00f3w 0 i 1 z woszaru wej\u015b\u0107, czyli: <strong><em>IB0<\/em><\/strong> i <strong><em>IB1<\/em><\/strong>. Ustaw &#8222;<em>Display format<\/em>&#8221; na <strong><em>bin<\/em><\/strong> i obserwuj zachowanie si\u0119 poszczeg\u00f3lnych bit\u00f3w przy naciskani przycisk\u00f3w na panelu operatora.<\/p>\n\n\n\n<figure data-wp-context=\"{&quot;imageId&quot;:&quot;6a03f49b798ee&quot;}\" data-wp-interactive=\"core\/image\" data-wp-key=\"6a03f49b798ee\" class=\"wp-block-image size-full is-resized wp-lightbox-container\"><img loading=\"lazy\" decoding=\"async\" width=\"837\" height=\"232\" data-wp-class--hide=\"state.isContentHidden\" data-wp-class--show=\"state.isContentVisible\" data-wp-init=\"callbacks.setButtonStyles\" data-wp-on--click=\"actions.showLightbox\" data-wp-on--load=\"callbacks.setButtonStyles\" data-wp-on-window--resize=\"callbacks.setButtonStyles\" src=\"https:\/\/home.agh.edu.pl\/~flaga_st\/wp-content\/uploads\/2023\/12\/132_3_watch_table.png\" alt=\"\" class=\"wp-image-361\" style=\"width:423px;height:auto\" srcset=\"https:\/\/home.agh.edu.pl\/~flaga_st\/wp-content\/uploads\/2023\/12\/132_3_watch_table.png 837w, https:\/\/home.agh.edu.pl\/~flaga_st\/wp-content\/uploads\/2023\/12\/132_3_watch_table-300x83.png 300w\" sizes=\"auto, (max-width: 837px) 100vw, 837px\" \/><button\n\t\t\tclass=\"lightbox-trigger\"\n\t\t\ttype=\"button\"\n\t\t\taria-haspopup=\"dialog\"\n\t\t\taria-label=\"Powi\u0119ksz\"\n\t\t\tdata-wp-init=\"callbacks.initTriggerButton\"\n\t\t\tdata-wp-on--click=\"actions.showLightbox\"\n\t\t\tdata-wp-style--right=\"state.imageButtonRight\"\n\t\t\tdata-wp-style--top=\"state.imageButtonTop\"\n\t\t>\n\t\t\t<svg xmlns=\"http:\/\/www.w3.org\/2000\/svg\" width=\"12\" height=\"12\" fill=\"none\" viewBox=\"0 0 12 12\">\n\t\t\t\t<path fill=\"#fff\" d=\"M2 0a2 2 0 0 0-2 2v2h1.5V2a.5.5 0 0 1 .5-.5h2V0H2Zm2 10.5H2a.5.5 0 0 1-.5-.5V8H0v2a2 2 0 0 0 2 2h2v-1.5ZM8 12v-1.5h2a.5.5 0 0 0 .5-.5V8H12v2a2 2 0 0 1-2 2H8Zm2-12a2 2 0 0 1 2 2v2h-1.5V2a.5.5 0 0 0-.5-.5H8V0h2Z\" \/>\n\t\t\t<\/svg>\n\t\t<\/button><\/figure>\n","protected":false},"excerpt":{"rendered":"<p>Informatyka_a_PLC TIA portal, S7-1200\/1500, Eaton E4 &#8211; Flagowe opowie\u015bci Krok 1. Nowy projekt &#8211; identyfikacja sprz\u0119tu Sprawd\u017a nr stanowiska przy kt\u00f3rym siedzisz i odczytaj jego parametry ze spisu: Spis stanowisk. Zwr\u00f3\u0107 szczeg\u00f3ln\u0105 uwag\u0119 na: Krok 2. Autoidentyfikacja hardware Je\u017celi nie wiesz jak to zrobi\u0107 zagl\u0105dnij do instrukcji na strony od 1 do 11. UWAGA &#8211; [&hellip;]<\/p>\n","protected":false},"author":2,"featured_media":0,"parent":0,"menu_order":0,"comment_status":"closed","ping_status":"closed","template":"","meta":{"footnotes":""},"class_list":["post-159","page","type-page","status-publish","hentry"],"_links":{"self":[{"href":"https:\/\/home.agh.edu.pl\/~flaga_st\/wp-json\/wp\/v2\/pages\/159","targetHints":{"allow":["GET"]}}],"collection":[{"href":"https:\/\/home.agh.edu.pl\/~flaga_st\/wp-json\/wp\/v2\/pages"}],"about":[{"href":"https:\/\/home.agh.edu.pl\/~flaga_st\/wp-json\/wp\/v2\/types\/page"}],"author":[{"embeddable":true,"href":"https:\/\/home.agh.edu.pl\/~flaga_st\/wp-json\/wp\/v2\/users\/2"}],"replies":[{"embeddable":true,"href":"https:\/\/home.agh.edu.pl\/~flaga_st\/wp-json\/wp\/v2\/comments?post=159"}],"version-history":[{"count":23,"href":"https:\/\/home.agh.edu.pl\/~flaga_st\/wp-json\/wp\/v2\/pages\/159\/revisions"}],"predecessor-version":[{"id":462,"href":"https:\/\/home.agh.edu.pl\/~flaga_st\/wp-json\/wp\/v2\/pages\/159\/revisions\/462"}],"wp:attachment":[{"href":"https:\/\/home.agh.edu.pl\/~flaga_st\/wp-json\/wp\/v2\/media?parent=159"}],"curies":[{"name":"wp","href":"https:\/\/api.w.org\/{rel}","templated":true}]}}