{"id":177,"date":"2018-02-17T20:51:05","date_gmt":"2018-02-17T19:51:05","guid":{"rendered":"http:\/\/home.agh.edu.pl\/~flaga_st\/?page_id=177"},"modified":"2023-03-09T08:47:00","modified_gmt":"2023-03-09T07:47:00","slug":"s7-1200-flagowe-opowiesci","status":"publish","type":"page","link":"https:\/\/home.agh.edu.pl\/~flaga_st\/s7-1200-flagowe-opowiesci\/","title":{"rendered":"S7 1200\/1500, Eaton E4 &#8211; flagowe opowie\u015bci"},"content":{"rendered":"\n<blockquote class=\"wp-block-quote is-layout-flow wp-block-quote-is-layout-flow\">\n<p><a href=\"#HMI\" data-type=\"internal\" data-id=\"#HMI\">HMI<\/a>, <a href=\"#analogi\" data-type=\"internal\" data-id=\"#analogi\">technika analogowa<\/a>, <a href=\"#CoDeSys\">CoDeSys<\/a>, <a href=\"#eaton\" data-type=\"internal\" data-id=\"#eaton\"><mark style=\"background-color:rgba(0, 0, 0, 0)\" class=\"has-inline-color has-bright-red-color\">Eaton<\/mark><\/a><\/p>\n<\/blockquote>\n\n\n\n<h3 class=\"has-text-align-center wp-block-heading\">Programowanie S7 1200\/1500<\/h3>\n\n\n\n<blockquote class=\"wp-block-quote is-layout-flow wp-block-quote-is-layout-flow\">\n<p>Zbi\u00f3r wybranych prawd objawionych i opis stanowisk w LAB zawiera dokument: <a rel=\"noreferrer noopener\" href=\"http:\/\/home.agh.edu.pl\/~flaga_st\/wp-content\/uploads\/2023\/03\/PLC_prawdy_objawione_i_opis_stanowisk_v01.pdf\" target=\"_blank\">opisStanowisk<\/a><\/p>\n<\/blockquote>\n\n\n\n<ul class=\"wp-block-list\">\n<li>film: <a rel=\"noreferrer noopener\" href=\"https:\/\/youtu.be\/tJSgXa48IHk\" target=\"_blank\"><mark style=\"background-color:rgba(0, 0, 0, 0)\" class=\"has-inline-color has-bright-red-color\"><strong>TIA 17 <\/strong>nowy projekt<\/mark> <\/a>&#8211; z pomini\u0119ciem zabezpiecze\u0144 komunikacji (2:52)<\/li>\n\n\n\n<li>PDF: <a href=\"..\/m\/HMI-konfiguracja-progr-OB-30-100-zbocza.pdf\" data-type=\"URL\" data-id=\"..\/m\/HMI-konfiguracja-progr-OB-30-100-zbocza.pdf\">TIA portal &#8211; konfiguracja komunikacji PC_PLC_HMI, prosty program, logika pozytywna, wizualizacja na HMI &#8211; wiele ekran\u00f3w<\/a><\/li>\n\n\n\n<li>film: <a href=\"https:\/\/youtu.be\/teFYK_vWXe0\" data-type=\"URL\" data-id=\"https:\/\/youtu.be\/teFYK_vWXe0\">TIA v16 PLC S7-1200 + HMI + szablon do symulacji<\/a> (7:34)<\/li>\n\n\n\n<li>film: <a href=\"https:\/\/youtu.be\/xKceWqfJDSA\">Konfiguracja S7-1200 + HMI<\/a>  &#8211; auto-detekcja konfiguracji sprz\u0119towej (22:49)<\/li>\n\n\n\n<li>film: <a href=\"https:\/\/youtu.be\/VVMmJuIAK28\" data-type=\"URL\" data-id=\"https:\/\/youtu.be\/VVMmJuIAK28\"><mark style=\"background-color:rgba(0, 0, 0, 0)\" class=\"has-inline-color has-bright-red-color\">Nazewnictwo w J\u0119zyku drabinkowym<\/mark><\/a> (LD) (9:51)<\/li>\n\n\n\n<li>film: <a href=\"https:\/\/youtu.be\/ZEgNOFhR6cM\" data-type=\"URL\" data-id=\"https:\/\/youtu.be\/ZEgNOFhR6cM\">TIA, Najpierw Algorytm p\u00f3\u017aniej Program <\/a>&#8211; CZ\u0118\u015a\u0106 1 (13:11)<\/li>\n\n\n\n<li>film: <a href=\"https:\/\/youtu.be\/NkYrkkVExHk\" data-type=\"URL\" data-id=\"https:\/\/youtu.be\/NkYrkkVExHk\">TIA, Najpierw Algorytm p\u00f3\u017aniej Program<\/a> &#8211; CZ\u0118\u015a\u0106 2 (8:26)<\/li>\n\n\n\n<li>film: <a href=\"https:\/\/youtu.be\/X1uxSmmtwXQ\" data-type=\"URL\" data-id=\"https:\/\/youtu.be\/X1uxSmmtwXQ\">TIA, S7-1200\/1500: funkcje (FC) i bloki funkcyjne<\/a> (FB) (30:33)<\/li>\n\n\n\n<li>film: <a href=\"https:\/\/youtu.be\/erMrJbuiWzU\" data-type=\"URL\" data-id=\"https:\/\/youtu.be\/erMrJbuiWzU\">S7 1200\/1500 instrukcje steruj\u0105ce przebiegiem programy<\/a>&#8211; skoki: JMP, JMPN (8:21)<\/li>\n\n\n\n<li>film: <a href=\"https:\/\/youtu.be\/up4QNUgSngU\" data-type=\"URL\" data-id=\"https:\/\/youtu.be\/up4QNUgSngU\">TIA portal v16 &#8211; archiwum projektu<\/a> (2:45)<\/li>\n\n\n\n<li>film: <a rel=\"noreferrer noopener\" href=\"https:\/\/youtu.be\/tprBws_t7Fg\" data-type=\"URL\" data-id=\"https:\/\/youtu.be\/tprBws_t7Fg\" target=\"_blank\">TIA S7 1200 \/ 1500 czas cyklu sterownika PLC<\/a> (16:14)<\/li>\n\n\n\n<li>film:  <a rel=\"noreferrer noopener\" href=\"https:\/\/youtu.be\/LW8Ri2Gnu8A\" data-type=\"URL\" data-id=\"https:\/\/youtu.be\/LW8Ri2Gnu8A\" target=\"_blank\">TIA portal. Konfiguracja wyj\u015b\u0107 tranzystorowych w trybie PWM dla PLC S7-1200<\/a> (12:54)<\/li>\n\n\n\n<li>film: <a href=\"https:\/\/youtu.be\/NEtaWEOaZ30\">OB30 &#8211; Cyclic interrupt &#8211; przyk\u0142ad<\/a> (7:21)<\/li>\n<\/ul>\n\n\n\n<hr class=\"wp-block-separator has-alpha-channel-opacity\"\/>\n\n\n\n<h5 class=\"has-text-align-center wp-block-heading\"><strong><a name=\"analogi\"><\/a>S7 &#8211; 1200\/1500 &#8211; technika analogowa<\/strong><\/h5>\n\n\n\n<ul class=\"wp-block-list\">\n<li>PDF: <a href=\"http:\/\/home.agh.edu.pl\/~flaga_st\/m\/S7-TechnikaAnalogowa_01.pdf\">S7-1200 wej\u015bcia\/wyj\u015bcia analogowe<\/a><\/li>\n\n\n\n<li>film: <a href=\"https:\/\/youtu.be\/UnGEaLRVKAg\">Technika analogowa<\/a> (21:44)<\/li>\n\n\n\n<li>film: <a href=\"https:\/\/youtu.be\/zecnPbF_DJ0\">Technika analogowa &#8211; prezentacja praktyczna<\/a> (19:38)<\/li>\n<\/ul>\n\n\n\n<hr class=\"wp-block-separator has-alpha-channel-opacity\"\/>\n\n\n\n<h5 class=\"has-text-align-center wp-block-heading\"><strong>Regulator typu P i PID_compact<\/strong><\/h5>\n\n\n\n<ul class=\"wp-block-list\">\n<li>PDF: <a href=\"http:\/\/home.agh.edu.pl\/~flaga_st\/m\/S7-TechnikaAnalogowa_Regulator_P.pdf\">S7-1200 regulator<\/a><\/li>\n\n\n\n<li>PDF: <a href=\"http:\/\/home.agh.edu.pl\/~flaga_st\/m\/PID_symulacja.pdf\">S7-1200 PID compact &#8211; symulacja<\/a><\/li>\n<\/ul>\n\n\n\n<hr class=\"wp-block-separator has-alpha-channel-opacity\"\/>\n\n\n\n<h5 class=\"has-text-align-center wp-block-heading\">SFC &#8211; graf sekwencji<\/h5>\n\n\n\n<ul class=\"wp-block-list\">\n<li>film: <a href=\"https:\/\/youtu.be\/ZGcn1dVZlXk\">Budowa szablonu do symulacji programowania w SFC dla S7-1500<\/a> (22:06)<\/li>\n<\/ul>\n\n\n\n<hr class=\"wp-block-separator has-alpha-channel-opacity\"\/>\n\n\n\n<h2 class=\"has-text-align-center wp-block-heading\"><a name=\"HMI\"><\/a>Programowanie HMI &#8211; wersja BASIC &#8211; KTP 400, 600, 700<\/h2>\n\n\n\n<ul class=\"wp-block-list\">\n<li>film: <a href=\"https:\/\/youtu.be\/9P0JIEHMXYA\">HMI &#8211; KTP 600, KTP 700 &#8211; ustawienia regionalne &#8211; j\u0119zyki<\/a> (1:05)<\/li>\n\n\n\n<li>film: <a href=\"https:\/\/youtu.be\/qBctjybdpy8\">HMI &#8211; panel dotykowy &#8211; zmiana koloru tekstu &#8211; &#8222;Text field&#8221;<\/a> (3:54)<\/li>\n\n\n\n<li>film: <a href=\"https:\/\/youtu.be\/PQTBHszyKRs\">HMI &#8211; panel dotykowy &#8211; animacja, u\u017cycie &#8222;single bit&#8221;<\/a> (3:30)<\/li>\n\n\n\n<li>film: <a href=\"https:\/\/youtu.be\/hbY-VYmj4uw\">HMI &#8211; panel dotykowy &#8211; animacja, u\u017cycie &#8222;multiple bits&#8221;<\/a> (1:41)<\/li>\n\n\n\n<li>film: <a href=\"https:\/\/youtu.be\/LV2PESc3p7o\">HMI &#8211; zdarzania, &#8222;events&#8221; &#8211; na przyk\u0142adzie przycisku, &#8222;button&#8221;<\/a> (5:20)<\/li>\n\n\n\n<li>film: <a href=\"https:\/\/youtu.be\/cM2J7xppaBc\">HMI &#8211; panel dotykowy &#8211; &#8222;Symbolic I\/O field&#8221;, &#8222;Text and graphic lists&#8221;<\/a> (4:18)<\/li>\n\n\n\n<li>film: <a href=\"https:\/\/youtu.be\/-VE_CPdN6uU\">HMI &#8211; panel dotykowy &#8211; animacja ruchu<\/a> (5:59)<\/li>\n<\/ul>\n\n\n\n<hr class=\"wp-block-separator has-alpha-channel-opacity\"\/>\n\n\n\n<h2 class=\"has-text-align-center wp-block-heading\"><a name=\"CoDeSys\"><\/a>CoDeSys<\/h2>\n\n\n\n<ul class=\"wp-block-list\">\n<li>film: <a href=\"https:\/\/youtu.be\/mZx9A5otZK4\">\u015arodowisko CoDeSys &#8211; pierwszy program. U\u017cycie symulatora<\/a> (10:23)<\/li>\n<\/ul>\n\n\n\n<hr class=\"wp-block-separator has-alpha-channel-opacity\"\/>\n\n\n\n<h2 class=\"has-text-align-center wp-block-heading\"><a name=\"eaton\"><\/a>EATON E4<\/h2>\n\n\n\n<ul class=\"wp-block-list\">\n<li>PDF: <a href=\"..\/m\/Eaton_E4_start.pdf\">Automatyka zadrutowana, Eaton \u0142\u0105czenie aparat\u00f3w na wej\u015bcia i wyj\u015bcia przeka\u017anika programowalnego<\/a><\/li>\n\n\n\n<li>film: <a href=\"https:\/\/youtu.be\/dPchf8HXVcw\">Konfiguracja<\/a> po\u0142\u0105czenia sieciowego. Pierwszy program (14:06)<\/li>\n\n\n\n<li>film: <a href=\"https:\/\/youtu.be\/D_Zo2XLYtsg\">Licznik zliczaj\u0105cy w g\u00f3r\u0119<\/a> (3:54)<\/li>\n\n\n\n<li>film: <a href=\"https:\/\/youtu.be\/1SPIliDGDHw\">Licznik zliczaj\u0105cy w d\u00f3\u0142<\/a> (3:31)<\/li>\n\n\n\n<li>film: <a href=\"https:\/\/youtu.be\/KS2SlU3Els8\" data-type=\"URL\" data-id=\"https:\/\/youtu.be\/KS2SlU3Els8\">Wej\u015bcia\/wyj\u015bcia analogowe &#8211; skalowanie<\/a> (5:17)<\/li>\n<\/ul>\n\n\n\n<hr class=\"wp-block-separator has-alpha-channel-opacity\"\/>\n\n\n\n<p><\/p>\n\n\n\n<p><\/p>\n","protected":false},"excerpt":{"rendered":"<p>HMI, technika analogowa, CoDeSys, Eaton Programowanie S7 1200\/1500 Zbi\u00f3r wybranych prawd objawionych i opis stanowisk w LAB zawiera dokument: opisStanowisk S7 &#8211; 1200\/1500 &#8211; technika analogowa Regulator typu P i PID_compact SFC &#8211; graf sekwencji Programowanie HMI &#8211; wersja BASIC &#8211; KTP 400, 600, 700 CoDeSys EATON E4<\/p>\n","protected":false},"author":2,"featured_media":0,"parent":0,"menu_order":0,"comment_status":"closed","ping_status":"closed","template":"","meta":{"footnotes":""},"class_list":["post-177","page","type-page","status-publish","hentry"],"_links":{"self":[{"href":"https:\/\/home.agh.edu.pl\/~flaga_st\/wp-json\/wp\/v2\/pages\/177","targetHints":{"allow":["GET"]}}],"collection":[{"href":"https:\/\/home.agh.edu.pl\/~flaga_st\/wp-json\/wp\/v2\/pages"}],"about":[{"href":"https:\/\/home.agh.edu.pl\/~flaga_st\/wp-json\/wp\/v2\/types\/page"}],"author":[{"embeddable":true,"href":"https:\/\/home.agh.edu.pl\/~flaga_st\/wp-json\/wp\/v2\/users\/2"}],"replies":[{"embeddable":true,"href":"https:\/\/home.agh.edu.pl\/~flaga_st\/wp-json\/wp\/v2\/comments?post=177"}],"version-history":[{"count":28,"href":"https:\/\/home.agh.edu.pl\/~flaga_st\/wp-json\/wp\/v2\/pages\/177\/revisions"}],"predecessor-version":[{"id":303,"href":"https:\/\/home.agh.edu.pl\/~flaga_st\/wp-json\/wp\/v2\/pages\/177\/revisions\/303"}],"wp:attachment":[{"href":"https:\/\/home.agh.edu.pl\/~flaga_st\/wp-json\/wp\/v2\/media?parent=177"}],"curies":[{"name":"wp","href":"https:\/\/api.w.org\/{rel}","templated":true}]}}