{"id":183,"date":"2018-05-10T14:44:35","date_gmt":"2018-05-10T12:44:35","guid":{"rendered":"http:\/\/home.agh.edu.pl\/~flaga_st\/?page_id=183"},"modified":"2026-01-23T09:19:11","modified_gmt":"2026-01-23T08:19:11","slug":"dyplomy","status":"publish","type":"page","link":"https:\/\/home.agh.edu.pl\/~flaga_st\/dyplomy\/","title":{"rendered":"Dyplomy"},"content":{"rendered":"<p>Uprzejmie prosz\u0119 zainteresowanych o zapoznanie si\u0119 z poni\u017cszymi dokumentami.:<\/p>\n<ul>\n<li>szablon edytora MS Word,<\/li>\n<li>powy\u017cszy szablon w formacie <a href=\"https:\/\/home.agh.edu.pl\/~flaga_st\/wp-content\/uploads\/2022\/10\/szablonSkladuDlaAutorowPracInzynierskichMagisterskich.pdf\">pdf<\/a>.<\/li>\n<li><a href=\"https:\/\/home.agh.edu.pl\/~flaga_st\/wp-content\/uploads\/2018\/06\/agh1_inz_mgr_flaga_pl.ppt\">SZABLON PREZENTACJI<\/a><\/li>\n<li><a href=\"http:\/\/home.agh.edu.pl\/~flaga_st\/wp-content\/uploads\/2023\/12\/SszablonPracyInzMgr.docx\">Szablon Pracy in\u017cynierskiej \/ magistrskiej &#8211; <em>docx<\/em><\/a><\/li>\n<li><a href=\"https:\/\/home.agh.edu.pl\/~flaga_st\/wp-content\/uploads\/2025\/06\/szablonInzMgr_StF.zip\">Szablon Pracy in\u017cynierskiej \/ magistrskiej<\/a> &#8211; <strong>LaTeX<\/strong><\/li>\n<\/ul>\n\n\n<hr class=\"wp-block-separator has-alpha-channel-opacity\"\/>\n\n\n\n<h2 class=\"wp-block-heading\">Tematyka prowadzonych prac dyplomowych<\/h2>\n\n\n\n<p><strong>Tematy z zakresu:<\/strong> projektowania, budowy, wykorzystania i eksploatacji system\u00f3w sterowania zawieraj\u0105cych programowalne urz\u0105dzenia automatyki (<strong><em>PLC, PAC, IPC<\/em><\/strong>). <\/p>\n\n\n\n<p><strong>Projekty in\u017cynierskie wybranych demonstrator\u00f3w<\/strong> \u0142\u0105cz\u0105cych technologie <em>IT<\/em> i<em> in\u017cynierii mechanicznej<\/em> (Przemys\u0142 4.0, Factory 4.0). <\/p>\n\n\n\n<p><strong><em><span class=\"has-inline-color has-luminous-vivid-orange-color\">Konkretne tematy ustalane s\u0105 indywidualnie ze student(k\u0105\/em)<\/span>.<\/em> <\/strong><\/p>\n\n\n\n<p>Preferowani studenci maj\u0105cy inklinacje w kierunku IT. W projektach b\u0119dzie konieczno\u015b\u0107 korzystania z wybranych technologii opartych na: <em>UML, PLC (LD\/ST\/SFC\/FBD), C\/C++\/C#, JS<\/em>, systemy bazodanowe (<em>MySQL, MSSQL server<\/em>), narz\u0119dzia do budowy aplikacji mobilnych.<\/p>\n\n\n\n\n","protected":false},"excerpt":{"rendered":"<p>Uprzejmie prosz\u0119 zainteresowanych o zapoznanie si\u0119 z poni\u017cszymi dokumentami.: szablon edytora MS Word, powy\u017cszy szablon w formacie pdf. SZABLON PREZENTACJI Szablon Pracy in\u017cynierskiej \/ magistrskiej &#8211; docx Szablon Pracy in\u017cynierskiej \/ magistrskiej &#8211; LaTeX Tematyka prowadzonych prac dyplomowych Tematy z zakresu: projektowania, budowy, wykorzystania i eksploatacji system\u00f3w sterowania zawieraj\u0105cych programowalne urz\u0105dzenia automatyki (PLC, PAC, IPC). [&hellip;]<\/p>\n","protected":false},"author":2,"featured_media":0,"parent":0,"menu_order":0,"comment_status":"closed","ping_status":"closed","template":"","meta":{"footnotes":""},"class_list":["post-183","page","type-page","status-publish","hentry"],"_links":{"self":[{"href":"https:\/\/home.agh.edu.pl\/~flaga_st\/wp-json\/wp\/v2\/pages\/183","targetHints":{"allow":["GET"]}}],"collection":[{"href":"https:\/\/home.agh.edu.pl\/~flaga_st\/wp-json\/wp\/v2\/pages"}],"about":[{"href":"https:\/\/home.agh.edu.pl\/~flaga_st\/wp-json\/wp\/v2\/types\/page"}],"author":[{"embeddable":true,"href":"https:\/\/home.agh.edu.pl\/~flaga_st\/wp-json\/wp\/v2\/users\/2"}],"replies":[{"embeddable":true,"href":"https:\/\/home.agh.edu.pl\/~flaga_st\/wp-json\/wp\/v2\/comments?post=183"}],"version-history":[{"count":16,"href":"https:\/\/home.agh.edu.pl\/~flaga_st\/wp-json\/wp\/v2\/pages\/183\/revisions"}],"predecessor-version":[{"id":555,"href":"https:\/\/home.agh.edu.pl\/~flaga_st\/wp-json\/wp\/v2\/pages\/183\/revisions\/555"}],"wp:attachment":[{"href":"https:\/\/home.agh.edu.pl\/~flaga_st\/wp-json\/wp\/v2\/media?parent=183"}],"curies":[{"name":"wp","href":"https:\/\/api.w.org\/{rel}","templated":true}]}}