{"id":2,"date":"2016-03-23T20:54:43","date_gmt":"2016-03-23T19:54:43","guid":{"rendered":"http:\/\/home.agh.edu.pl\/~flaga_st\/?page_id=2"},"modified":"2026-03-30T10:26:20","modified_gmt":"2026-03-30T08:26:20","slug":"przykladowa-strona","status":"publish","type":"page","link":"https:\/\/home.agh.edu.pl\/~flaga_st\/","title":{"rendered":""},"content":{"rendered":"\n<div class=\"wp-block-media-text is-stacked-on-mobile\" style=\"grid-template-columns:41% auto\"><figure class=\"wp-block-media-text__media\"><a href=\"https:\/\/home.agh.edu.pl\/~flaga_st\/kurs-plc-hmi-s7-1200\/\"><img loading=\"lazy\" decoding=\"async\" width=\"314\" height=\"234\" src=\"https:\/\/home.agh.edu.pl\/~flaga_st\/wp-content\/uploads\/2024\/03\/kurs_PLC_logo-2.png\" alt=\"\" class=\"wp-image-435 size-full\" srcset=\"https:\/\/home.agh.edu.pl\/~flaga_st\/wp-content\/uploads\/2024\/03\/kurs_PLC_logo-2.png 314w, https:\/\/home.agh.edu.pl\/~flaga_st\/wp-content\/uploads\/2024\/03\/kurs_PLC_logo-2-300x224.png 300w\" sizes=\"auto, (max-width: 314px) 100vw, 314px\" \/><\/a><\/figure><div class=\"wp-block-media-text__content\">\n<p><strong><br>Ci\u0105g\u0142a rekrutacja na 24 godzinny kurs<\/strong>&nbsp;programowania PLC i HMI \u2013 poziom podstawowy.<\/p>\n\n\n\n<p><strong>Najbli\u017cszy termin:<\/strong>\u00a0<br><strong><mark style=\"background-color:#ffeb00;color:#fb1a00\" class=\"has-inline-color\"><strong><mark><strong>12, 13, 14 czerwca 2026<\/strong><\/mark><\/strong><\/mark><\/strong><\/p>\n\n\n\n<p><strong>Zaj\u0119cia stacjonarne<\/strong>: <strong>3 x 8h <\/strong> <\/p>\n\n\n\n<p><a href=\"https:\/\/home.agh.edu.pl\/~flaga_st\/kurs-plc-hmi-s7-1200\/\" data-type=\"page\" data-id=\"402\"><em>&#8230; szczeg\u00f3\u0142y &#8230;.<\/em><\/a><\/p>\n<\/div><\/div>\n\n\n\n<hr class=\"wp-block-separator has-alpha-channel-opacity\"\/>\n\n\n\n<figure class=\"wp-block-image aligncenter size-full is-resized\"><a href=\"https:\/\/home.agh.edu.pl\/~flaga_st\/s7-1200-flagowe-opowiesci\/\"><img loading=\"lazy\" decoding=\"async\" width=\"314\" height=\"238\" src=\"https:\/\/home.agh.edu.pl\/~flaga_st\/wp-content\/uploads\/2024\/03\/s7-1200-na-www.png\" alt=\"\" class=\"wp-image-434\" style=\"width:314px\" srcset=\"https:\/\/home.agh.edu.pl\/~flaga_st\/wp-content\/uploads\/2024\/03\/s7-1200-na-www.png 314w, https:\/\/home.agh.edu.pl\/~flaga_st\/wp-content\/uploads\/2024\/03\/s7-1200-na-www-300x227.png 300w\" sizes=\"auto, (max-width: 314px) 100vw, 314px\" \/><\/a><\/figure>\n\n\n\n<p class=\"has-text-align-center\"><a href=\"http:\/\/home.agh.edu.pl\/~flaga_st\/s7-1200-flagowe-opowiesci\/\">Flagowe opowie\u015bci o programowaniu PLC<\/a><\/p>\n\n\n\n<hr class=\"wp-block-separator has-alpha-channel-opacity\"\/>\n","protected":false},"excerpt":{"rendered":"<p>Ci\u0105g\u0142a rekrutacja na 24 godzinny kurs&nbsp;programowania PLC i HMI \u2013 poziom podstawowy. Najbli\u017cszy termin:\u00a012, 13, 14 czerwca 2026 Zaj\u0119cia stacjonarne: 3 x 8h &#8230; szczeg\u00f3\u0142y &#8230;. Flagowe opowie\u015bci o programowaniu PLC<\/p>\n","protected":false},"author":1,"featured_media":451,"parent":0,"menu_order":0,"comment_status":"closed","ping_status":"open","template":"","meta":{"footnotes":""},"class_list":["post-2","page","type-page","status-publish","has-post-thumbnail","hentry"],"_links":{"self":[{"href":"https:\/\/home.agh.edu.pl\/~flaga_st\/wp-json\/wp\/v2\/pages\/2","targetHints":{"allow":["GET"]}}],"collection":[{"href":"https:\/\/home.agh.edu.pl\/~flaga_st\/wp-json\/wp\/v2\/pages"}],"about":[{"href":"https:\/\/home.agh.edu.pl\/~flaga_st\/wp-json\/wp\/v2\/types\/page"}],"author":[{"embeddable":true,"href":"https:\/\/home.agh.edu.pl\/~flaga_st\/wp-json\/wp\/v2\/users\/1"}],"replies":[{"embeddable":true,"href":"https:\/\/home.agh.edu.pl\/~flaga_st\/wp-json\/wp\/v2\/comments?post=2"}],"version-history":[{"count":36,"href":"https:\/\/home.agh.edu.pl\/~flaga_st\/wp-json\/wp\/v2\/pages\/2\/revisions"}],"predecessor-version":[{"id":558,"href":"https:\/\/home.agh.edu.pl\/~flaga_st\/wp-json\/wp\/v2\/pages\/2\/revisions\/558"}],"wp:featuredmedia":[{"embeddable":true,"href":"https:\/\/home.agh.edu.pl\/~flaga_st\/wp-json\/wp\/v2\/media\/451"}],"wp:attachment":[{"href":"https:\/\/home.agh.edu.pl\/~flaga_st\/wp-json\/wp\/v2\/media?parent=2"}],"curies":[{"name":"wp","href":"https:\/\/api.w.org\/{rel}","templated":true}]}}