{"id":402,"date":"2024-03-14T14:12:16","date_gmt":"2024-03-14T13:12:16","guid":{"rendered":"http:\/\/home.agh.edu.pl\/~flaga_st\/?page_id=402"},"modified":"2026-05-04T10:03:18","modified_gmt":"2026-05-04T08:03:18","slug":"kurs-plc-hmi-s7-1200","status":"publish","type":"page","link":"https:\/\/home.agh.edu.pl\/~flaga_st\/kurs-plc-hmi-s7-1200\/","title":{"rendered":"Programowanie Sterownik\u00f3w PLC i Paneli HMI firmy Siemens &#8211; poziom 1"},"content":{"rendered":"\n<hr class=\"wp-block-separator has-alpha-channel-opacity\"\/>\n\n\n\n<p class=\"has-contrast-color has-text-color has-link-color wp-elements-822cae68cc7c1fc34728a96239e75e5c\"><strong>Najbli\u017cszy<\/strong> <mark style=\"\" class=\"has-inline-color\"><strong style=\"background-color: rgb(255, 242, 70);\">TERMIN<\/strong><\/mark> &#8211; <mark style=\"background-color:#fffc00;color:#ff5700\" class=\"has-inline-color\"><strong>19, 20, 21 czerwca 2026<\/strong><\/mark><br><br><mark style=\"background-color:#fff246\" class=\"has-inline-color\"><strong>Godziny<\/strong>: 3 spotkania po 8h<\/mark><\/p>\n\n\n\n<p><\/p>\n\n\n\n<hr class=\"wp-block-separator has-alpha-channel-opacity\"\/>\n\n\n\n<div class=\"wp-block-group is-nowrap is-layout-flex wp-container-core-group-is-layout-6c531013 wp-block-group-is-layout-flex\">\n<figure class=\"wp-block-image size-full\"><a href=\"https:\/\/www.youtube.com\/@AGH_WIMIR_KAP_stanislawflaga\"><img loading=\"lazy\" decoding=\"async\" width=\"300\" height=\"246\" src=\"http:\/\/home.agh.edu.pl\/~flaga_st\/wp-content\/uploads\/2024\/03\/kurs_PLC.png\" alt=\"\" class=\"wp-image-406\"\/><\/a><\/figure>\n\n\n\n<p>Kurs prowadzi autor <a href=\"https:\/\/www.youtube.com\/@AGH_WIMIR_KAP_stanislawflaga\">kana\u0142u tematycznego dotycz\u0105cego zagadnie\u0144 zwi\u0105zanych z automatyk\u0105 przemys\u0142ow\u0105<\/a> i programowaniem sterownik\u00f3w PLC.<\/p>\n<\/div>\n\n\n\n<p><\/p>\n\n\n\n<hr class=\"wp-block-separator has-alpha-channel-opacity\"\/>\n\n\n\n<p><strong>Aby skutecznie zapisa\u0107 si\u0119 na kurs nale\u017cy<\/strong>:<\/p>\n\n\n\n<ol class=\"wp-block-list\">\n<li>Wype\u0142ni\u0107 kwestionariusz osobowy i przes\u0142a\u0107 go via email na adres <em>stanislaw.flaga [ma\u0142pa] agh.edu.pl<\/em><br>zwrotnie otrzymacie Pa\u0144stwo informacj\u0119 o dost\u0119pno\u015bci miejsc.<br><em><mark style=\"background-color:rgba(0, 0, 0, 0)\" class=\"has-inline-color has-accent-3-color\">Kwestionariusz osobowy najbezpieczniej jest przes\u0142a\u0107 w formie zaszyfrowanej, a has\u0142o do niego przes\u0142a\u0107 w innej wiadomo\u015bci.<\/mark><\/em><\/li>\n\n\n\n<li>Ui\u015bci\u0107 op\u0142at\u0119 na konto i <mark style=\"background-color:#ffe204\" class=\"has-inline-color has-contrast-color\">przes\u0142a\u0107 potwierdzenie przelewu<\/mark> na adres <em>stanislaw.flaga [ma\u0142pa] agh.edu.pl<\/em><br><br><strong>Dane do przelewu na konto g\u0142\u00f3wne <strong>AGH<\/strong><\/strong><mark style=\"background-color:rgba(0, 0, 0, 0)\" class=\"has-inline-color has-accent-3-color\"><strong><strong>:<\/strong><\/strong><\/mark><br><strong><strong><mark style=\"background-color:rgba(0, 0, 0, 0);color:#fc0000\" class=\"has-inline-color\">nr <strong>96 1240 4722 1111 0000 4858 2922<\/strong><\/mark> &nbsp;<\/strong><\/strong>tytu\u0142em<br><strong><mark style=\"background-color:rgba(0, 0, 0, 0);color:#fa0202\" class=\"has-inline-color\"><strong>PD-130000-00001-P01<\/strong><\/mark>, &nbsp;<em>imi\u0119<\/em> i <em>nazwisko<\/em> \u2013 PLC<\/strong><\/li>\n<\/ol>\n\n\n\n<hr class=\"wp-block-separator has-alpha-channel-opacity\"\/>\n\n\n\n<p>Program ramowy:<\/p>\n\n\n\n<ul class=\"wp-block-list\">\n<li>Budowa sterownik\u00f3w S7-1200, konfiguracja CPU, struktura programu, obszary pami\u0119ci sterownika PLC i ich adresowanie, wprowadzenie do \u015brodowiska TIA \u2013 (~<strong>2h<\/strong>).<\/li>\n\n\n\n<li>\u0106wiczenia z wykorzystania instrukcji podstawowych, zasady budowania algorytm\u00f3w program\u00f3w steruj\u0105cych z uwzgl\u0119dnieniem tryb\u00f3w pracy maszyny, obs\u0142uga wej\u015b\u0107 i wyj\u015b\u0107 dwustanowych sterownika PLC (~<strong>7h<\/strong>).<\/li>\n\n\n\n<li>Wykorzystanie bibliotek podstawowych i parametryzacja program\u00f3w, podstawy symulacji pracy maszyny (~<strong>7h<\/strong>).<\/li>\n\n\n\n<li>Obs\u0142uga wej\u015b\u0107 i wyj\u015b\u0107 analogowych sterownika PLC. Uruchamianie oprogramowania PLC i HMI (~<strong>6h<\/strong>).<\/li>\n\n\n\n<li>Samodzielne wykonywanie zada\u0144 zaliczeniowych (<strong>2h<\/strong>).<\/li>\n<\/ul>\n\n\n\n<hr class=\"wp-block-separator has-alpha-channel-opacity\"\/>\n\n\n\n<p>UWAGA: zapisy w kolejno\u015bci wp\u0142ywu wp\u0142at<\/p>\n\n\n\n<hr class=\"wp-block-separator has-alpha-channel-opacity\"\/>\n\n\n\n<p><strong>Cena:<\/strong> <mark style=\"background-color:rgba(0, 0, 0, 0);color:#ff0000\" class=\"has-inline-color\"><strong>1.000<\/strong>,-<\/mark> z\u0142 brutto, VAT zwolniony<\/p>\n\n\n\n<p><mark style=\"background-color:#f1ff00\" class=\"has-inline-color\">W celu otrzymania faktury VAT nale\u017cy to zg\u0142osi\u0107 najp\u00f3\u017aniej w dniu wp\u0142aty<\/mark><\/p>\n\n\n\n<p><strong>Uczestnikiem szkolenia<\/strong> mo\u017ce by\u0107 <strong>pe\u0142noletnia osoba z wykszta\u0142ceniem<\/strong> minimum \u015brednim.<\/p>\n\n\n\n<hr class=\"wp-block-separator has-alpha-channel-opacity\"\/>\n\n\n\n<div class=\"wp-block-file\"><a id=\"wp-block-file--media-4f8c1696-8426-491e-9108-42269fdfa52b\" href=\"https:\/\/home.agh.edu.pl\/~flaga_st\/wp-content\/uploads\/2026\/01\/Kwestionariusz-osobowy-kurs-szkolenie-2026.docx\">Kwestionariusz-osobowy-kurs-szkolenie-2026<\/a><a href=\"https:\/\/home.agh.edu.pl\/~flaga_st\/wp-content\/uploads\/2026\/01\/Kwestionariusz-osobowy-kurs-szkolenie-2026.docx\" class=\"wp-block-file__button wp-element-button\" download aria-describedby=\"wp-block-file--media-4f8c1696-8426-491e-9108-42269fdfa52b\">Pobierz<\/a><\/div>\n\n\n\n<hr class=\"wp-block-separator has-alpha-channel-opacity\"\/>\n\n\n\n<p><\/p>\n","protected":false},"excerpt":{"rendered":"<p>Najbli\u017cszy TERMIN &#8211; 19, 20, 21 czerwca 2026 Godziny: 3 spotkania po 8h Kurs prowadzi autor kana\u0142u tematycznego dotycz\u0105cego zagadnie\u0144 zwi\u0105zanych z automatyk\u0105 przemys\u0142ow\u0105 i programowaniem sterownik\u00f3w PLC. Aby skutecznie zapisa\u0107 si\u0119 na kurs nale\u017cy: Program ramowy: UWAGA: zapisy w kolejno\u015bci wp\u0142ywu wp\u0142at Cena: 1.000,- z\u0142 brutto, VAT zwolniony W celu otrzymania faktury VAT nale\u017cy [&hellip;]<\/p>\n","protected":false},"author":2,"featured_media":0,"parent":0,"menu_order":0,"comment_status":"closed","ping_status":"closed","template":"","meta":{"footnotes":""},"class_list":["post-402","page","type-page","status-publish","hentry"],"_links":{"self":[{"href":"https:\/\/home.agh.edu.pl\/~flaga_st\/wp-json\/wp\/v2\/pages\/402","targetHints":{"allow":["GET"]}}],"collection":[{"href":"https:\/\/home.agh.edu.pl\/~flaga_st\/wp-json\/wp\/v2\/pages"}],"about":[{"href":"https:\/\/home.agh.edu.pl\/~flaga_st\/wp-json\/wp\/v2\/types\/page"}],"author":[{"embeddable":true,"href":"https:\/\/home.agh.edu.pl\/~flaga_st\/wp-json\/wp\/v2\/users\/2"}],"replies":[{"embeddable":true,"href":"https:\/\/home.agh.edu.pl\/~flaga_st\/wp-json\/wp\/v2\/comments?post=402"}],"version-history":[{"count":56,"href":"https:\/\/home.agh.edu.pl\/~flaga_st\/wp-json\/wp\/v2\/pages\/402\/revisions"}],"predecessor-version":[{"id":568,"href":"https:\/\/home.agh.edu.pl\/~flaga_st\/wp-json\/wp\/v2\/pages\/402\/revisions\/568"}],"wp:attachment":[{"href":"https:\/\/home.agh.edu.pl\/~flaga_st\/wp-json\/wp\/v2\/media?parent=402"}],"curies":[{"name":"wp","href":"https:\/\/api.w.org\/{rel}","templated":true}]}}