{"id":28,"date":"2025-01-16T18:29:23","date_gmt":"2025-01-16T17:29:23","guid":{"rendered":"http:\/\/127.0.0.1:8080\/?page_id=23"},"modified":"2025-01-18T17:18:10","modified_gmt":"2025-01-18T16:18:10","slug":"other-activities","status":"publish","type":"page","link":"https:\/\/home.agh.edu.pl\/~kkulak\/other-activities\/","title":{"rendered":"Other activities"},"content":{"rendered":"\n<blockquote class=\"wp-block-quote is-layout-flow wp-block-quote-is-layout-flow\">\n<blockquote class=\"wp-block-quote is-layout-flow wp-block-quote-is-layout-flow\">\n<p>Computers are useless. They can only give you answers.<\/p>\n<\/blockquote>\n<\/blockquote>\n\n\n\n<p class=\"has-text-align-right\"><em>Pablo Picasso<\/em><\/p>\n\n\n\n<hr class=\"wp-block-separator has-alpha-channel-opacity\"\/>\n\n\n\n<h2 class=\"wp-block-heading\">2022<\/h2>\n\n\n\n<h3 class=\"wp-block-heading\"> PhD Workshop Mentoring<\/h3>\n\n\n\n<p>I was asked to be a mentor at a doctoral workshop as part of the MZBO 2023 conference (15-17 Oct. 2023). <a href=\"https:\/\/home.agh.edu.pl\/~kkulak\/wp-content\/uploads\/2025\/01\/kk_phd_workshop_cert.pdf\" target=\"_blank\" rel=\"noreferrer noopener\">(podzi\u0119kowania)<\/a><\/p>\n\n\n<div class=\"wp-block-image\">\n<figure class=\"aligncenter size-full\"><img loading=\"lazy\" decoding=\"async\" width=\"600\" height=\"424\" src=\"https:\/\/home.agh.edu.pl\/~kkulak\/wp-content\/uploads\/2025\/01\/kk_phd_workshop_cert.png\" alt=\"\" class=\"wp-image-105\" srcset=\"https:\/\/home.agh.edu.pl\/~kkulak\/wp-content\/uploads\/2025\/01\/kk_phd_workshop_cert.png 600w, https:\/\/home.agh.edu.pl\/~kkulak\/wp-content\/uploads\/2025\/01\/kk_phd_workshop_cert-300x212.png 300w\" sizes=\"auto, (max-width: 600px) 100vw, 600px\" \/><\/figure>\n<\/div>\n\n\n<h3 class=\"wp-block-heading\">CERN Winter Campus 2022<\/h3>\n\n\n\n<p>I was a chair of the local organizing committee of the\u00a0<a href=\"https:\/\/indico.cern.ch\/event\/1104669\/\">CERN Winter Campus 2022<\/a>, Nov. 14 &#8211; 17, 2022 at AGH. <a href=\"\/~kkulak\/wp-content\/uploads\/2025\/01\/winter_campus_flyer3a.pdf\" target=\"_blank\" rel=\"noreferrer noopener\">(winter campus flyer)<\/a><\/p>\n\n\n<div class=\"wp-block-image\">\n<figure class=\"aligncenter size-full\"><img loading=\"lazy\" decoding=\"async\" width=\"400\" height=\"561\" src=\"https:\/\/home.agh.edu.pl\/~kkulak\/wp-content\/uploads\/2025\/01\/winter_campus_flyer3a.png\" alt=\"\" class=\"wp-image-110\" srcset=\"https:\/\/home.agh.edu.pl\/~kkulak\/wp-content\/uploads\/2025\/01\/winter_campus_flyer3a.png 400w, https:\/\/home.agh.edu.pl\/~kkulak\/wp-content\/uploads\/2025\/01\/winter_campus_flyer3a-214x300.png 214w\" sizes=\"auto, (max-width: 400px) 100vw, 400px\" \/><\/figure>\n<\/div>\n\n\n<h2 class=\"wp-block-heading\">2017<\/h2>\n\n\n\n<h3 class=\"wp-block-heading\">Targi Projekt\u00f3w Akademickich<\/h3>\n\n\n\n<p>I was a member of the jury of&nbsp;<a href=\"http:\/\/eestec.agh.edu.pl\/tpa\/\" target=\"_blank\" rel=\"noreferrer noopener\">Targi Projekt\u00f3w Akademickich 2017<\/a><\/p>\n\n\n\n<h2 class=\"wp-block-heading\">2016<\/h2>\n\n\n\n<h3 class=\"wp-block-heading\">Hackaton<\/h3>\n\n\n\n<p>I was a mentor during&nbsp;<a href=\"http:\/\/bait.best.krakow.pl\/2016\/hackathon.php\">Hackaton<\/a>&nbsp;(<a href=\"\/kkulak\/wp-content\/uploads\/2025\/01\/hackaton2016.pdf\" target=\"_blank\" rel=\"noreferrer noopener\">info<\/a>), (<a href=\"\/kkulak\/wp-content\/uploads\/2025\/01\/hakaton_2016_thanx.pdf\" target=\"_blank\" rel=\"noreferrer noopener\">cert. of acknowledgements<\/a>)<\/p>\n\n\n\n<h3 class=\"wp-block-heading\">Diamonds of AGH &#8211; competition<\/h3>\n\n\n\n<p>I was a member of the Jury of&nbsp;<a href=\"http:\/\/www.stn.agh.edu.pl\/new\/?page_id=40&amp;lang=en\">Diamonds of AGH Competition, Edition 2016<\/a><\/p>\n\n\n\n<h3 class=\"wp-block-heading\">5th EESTEC Competition for Android<\/h3>\n\n\n\n<p>I was a member of the Jury of&nbsp;<a href=\"https:\/\/competition.eestec.net\/#\/\">5th EESTEC Competition for Android<\/a><\/p>\n\n\n<div class=\"wp-block-image\">\n<figure class=\"aligncenter size-full\"><img loading=\"lazy\" decoding=\"async\" width=\"400\" height=\"244\" src=\"https:\/\/home.agh.edu.pl\/~kkulak\/wp-content\/uploads\/2025\/01\/eestec_competition_for_android.png\" alt=\"\" class=\"wp-image-120\" srcset=\"https:\/\/home.agh.edu.pl\/~kkulak\/wp-content\/uploads\/2025\/01\/eestec_competition_for_android.png 400w, https:\/\/home.agh.edu.pl\/~kkulak\/wp-content\/uploads\/2025\/01\/eestec_competition_for_android-300x183.png 300w\" sizes=\"auto, (max-width: 400px) 100vw, 400px\" \/><\/figure>\n<\/div>\n\n\n<h2 class=\"wp-block-heading\">2014<\/h2>\n\n\n\n<h3 class=\"wp-block-heading\">iGPM cooperation<\/h3>\n\n\n\n<p>We are working on iGPM&#8217;s Facility Management software.<\/p>\n\n\n\n<p>We conducted Workshop on <a href=\"\/kkulak\/wp-content\/uploads\/2025\/01\/rynconference.pdf\">Facility Management conference Ryn 2014<\/a><\/p>\n\n\n\n<h2 class=\"wp-block-heading\">2013<\/h2>\n\n\n\n<h3 class=\"wp-block-heading\">Sabre Operational Research<\/h3>\n\n\n\n<p>We are looking for ways of mutual cooperation \ud83d\ude42<\/p>\n\n\n\n<h3 class=\"wp-block-heading\">Sabre Academy<\/h3>\n\n\n\n<p>On behalf of the Dean of the Faculty&nbsp;<a href=\"https:\/\/www.eaiib.agh.edu.pl\" target=\"_blank\" rel=\"noreferrer noopener\">WEAIiIB<\/a> &#8211; coordination and organization of the Sabre Academy Event<\/p>\n\n\n<div class=\"wp-block-image\">\n<figure class=\"aligncenter size-full is-resized\"><img loading=\"lazy\" decoding=\"async\" width=\"452\" height=\"640\" src=\"https:\/\/home.agh.edu.pl\/~kkulak\/wp-content\/uploads\/2025\/01\/plakat_sabre_academy.jpeg\" alt=\"\" class=\"wp-image-123\" style=\"width:350px\" srcset=\"https:\/\/home.agh.edu.pl\/~kkulak\/wp-content\/uploads\/2025\/01\/plakat_sabre_academy.jpeg 452w, https:\/\/home.agh.edu.pl\/~kkulak\/wp-content\/uploads\/2025\/01\/plakat_sabre_academy-212x300.jpeg 212w\" sizes=\"auto, (max-width: 452px) 100vw, 452px\" \/><\/figure>\n<\/div>\n\n\n<h3 class=\"wp-block-heading\">iGPM &amp; MARR<\/h3>\n\n\n\n<p>Company internship &#8211; help in adapting and porting a commercial real estate property management system to the university purposes <a href=\"\/kkulak\/wp-content\/uploads\/2025\/01\/marr_zaswiadczenie_o_stazu_udziale_w_projekcie_wps.pdf\">(certificate)<\/a><\/p>\n\n\n\n<h3 class=\"wp-block-heading\">General Electric &amp; partners<\/h3>\n\n\n\n<p>Green AGH Campus project preparation, technical group leading<\/p>\n\n\n\n<h3 class=\"wp-block-heading\">Ministry of Economics (Ministerstwo Gospodarki)<\/h3>\n\n\n\n<p>Expert as regards the Support for investment of considerable importance to the Polish economy (POIG 4.5.2)<\/p>\n\n\n\n<h2 class=\"wp-block-heading\">2012<\/h2>\n\n\n\n<h3 class=\"wp-block-heading\">iGPM &amp; Mobeelizer<\/h3>\n\n\n\n<p>Together with iGPM sp. z o.o. and Mobeelizer sp. z o.o. the contest for the best web application has been launched. The contest has been designed for all the participants of the course \u201eTechnologies and Applications WWW\u201d.<\/p>\n\n\n\n<h3 class=\"wp-block-heading\">General Electric &amp; Tauron Dystrybucja S.A<\/h3>\n\n\n\n<p>Smart Grid solutions design and development<\/p>\n\n\n\n<h3 class=\"wp-block-heading\">Ministry of Economics (Ministerstwo Gospodarki)<\/h3>\n\n\n\n<p>Expert as regards the Support for investment of considerable importance to the Polish economy (POIG 4.5.2)<\/p>\n\n\n\n<h2 class=\"wp-block-heading\">2011<\/h2>\n\n\n\n<h3 class=\"wp-block-heading\">Centralna Komisja Egzaminacyjna<\/h3>\n\n\n\n<p>Centralna Komisja Egzaminacyjna (The government agency responsible for Matura and other state exams in Poland) ordered the expertise as regards the computer system \u201eE-Marking\u201d.<\/p>\n\n\n\n<h3 class=\"wp-block-heading\">The Carpathian Institute<\/h3>\n\n\n\n<p>Evaluation of innovative third-party ideas (continued)<\/p>\n\n\n\n<h3 class=\"wp-block-heading\">Ma\u0142opolskie Centrum Przedsi\u0119biorczo\u015bci<\/h3>\n\n\n\n<p>Reviewer of scholarship applications within the program&nbsp;<a href=\"http:\/\/www.stypendia.mcp.malopolska.pl\/\">Doctus<\/a>.<\/p>\n\n\n\n<h2 class=\"wp-block-heading\">2010<\/h2>\n\n\n\n<h3 class=\"wp-block-heading\">Wincor Nixdorf sp. z o.o.<\/h3>\n\n\n\n<p>Leading the team handling \u201eEkspertyza dotycz\u0105ca bezpiecze\u0144stwa danych zawartych w pami\u0119ci programu typu FLASH\u201d commissioned by Polish branch of Wincor Nixdorf Group<\/p>\n\n\n\n<h3 class=\"wp-block-heading\">The Carpathian Institute<\/h3>\n\n\n\n<p>On 17 June 2010&nbsp;<a href=\"http:\/\/www.instytut-karpacki.org\">The Carpathian Institute<\/a>&nbsp;and AGH University of Science and Technology signed a cooperation settlement. I am responsible for coordinating all activities undertaken under this settlement.<\/p>\n\n\n\n<h2 class=\"wp-block-heading\">2009<\/h2>\n\n\n\n<h3 class=\"wp-block-heading\">MaWI Agencja Informatyczna sp. z o.o.<\/h3>\n\n\n\n<p>Private-held MaWI Agencja Informatyczna has ordered \u201eOpinia o Innowacjno\u015bci\u201d as regards the KPR24 technology.<\/p>\n\n\n\n<h2 class=\"wp-block-heading\">2008<\/h2>\n\n\n\n<h3 class=\"wp-block-heading\">Magoora sp. z o.o.<\/h3>\n\n\n\n<p>Private-held Magoora Sp. z o.o. has ordered Ekspertyza, pt. \u201eWytyczne dla rozbudowy oprogramowania ADAPIX, w aspekcie najnowszych trend\u00f3w w dziedzinie zarz\u0105dzania i optymalizacji logistyki\u201e.<\/p>\n\n\n\n<h3 class=\"wp-block-heading\">Query Soft sp. z o.o.<\/h3>\n\n\n\n<p>Private-held Query Soft Sp. z o.o. has ordered Ekspertyza, pt. \u201eAnaliza mo\u017cliwo\u015bci rozwoju oprogramowania w aspekcie najnowszych trend\u00f3w w dziedzinie zarz\u0105dzania i optymalizacji logistyki\u201d.<\/p>\n\n\n\n<h3 class=\"wp-block-heading\">Adapta sp. z o.o.<\/h3>\n\n\n\n<p>On 27 June 2008 the private-held&nbsp;&nbsp;<a href=\"http:\/\/adapta.com.pl\/\">Adapta sp. z o.o.<\/a>&nbsp;and AGH University of Science and Technology signed a cooperation agreement.&nbsp;<\/p>\n\n\n\n<h4 class=\"wp-block-heading\" id=\"z_oficjalnego_komunikatu_ctt\">Z oficjalnego komunikatu CTT<\/h4>\n\n\n\n<p>Celem Umowy jest wykorzystanie do\u015bwiadcze\u0144 i dorobku naukowego Akademii G\u00f3rniczo-Hutniczej oraz potencja\u0142u i pozycji firmy Adapta sp. z o.o. dla dalszych dzia\u0142a\u0144 s\u0142u\u017c\u0105cych dobru Stron.<\/p>\n\n\n\n<ul class=\"wp-block-list\">\n<li>uzgadnianie temat\u00f3w prac badawczych,<\/li>\n\n\n\n<li>uzgadnianie temat\u00f3w prac magisterskich,<\/li>\n\n\n\n<li>wzajemne prezentowanie i propagowanie osi\u0105gni\u0119\u0107,<\/li>\n\n\n\n<li>wsp\u00f3\u0142dzia\u0142anie dotycz\u0105ce zatrudniania absolwent\u00f3w,<\/li>\n\n\n\n<li>doskonalenie przez student\u00f3w znajomo\u015bci j\u0119zyk\u00f3w obcych w zakresie terminologii technicznej,<\/li>\n\n\n\n<li>wymiana do\u015bwiadcze\u0144 w zakresie zarz\u0105dzania wiedz\u0105 ze szczeg\u00f3lnym uwzgl\u0119dnieniem problematyki rozwoju kompetencji,<\/li>\n\n\n\n<li>organizowanie i udzia\u0142 w sta\u0142ych szkoleniach, kursach specjalistycznych<\/li>\n\n\n\n<li>powo\u0142anie zespo\u0142u specjalist\u00f3w dla strategicznych rozwi\u0105za\u0144 technicznych i organizacyjnych.<\/li>\n<\/ul>\n\n\n\n<h3 class=\"wp-block-heading\">Foresight<\/h3>\n\n\n\n<p>Uczestnictwo w Zespole Ekspert\u00f3w ds. Analiz Deiphi Narodowego Programu Foresight Polska 2020 <a href=\"\/kkulak\/wp-content\/uploads\/2025\/01\/foresightzespol.pdf\">(certyfikat)<\/a><\/p>\n\n\n\n<h2 class=\"wp-block-heading\">2007<\/h2>\n\n\n\n<h3 class=\"wp-block-heading\">Gloria24.pl<\/h3>\n\n\n\n<p>In 2007, acting as a consultant on behalf of&nbsp;<a href=\"http:\/\/www.sapereauso.org\/\">Sapere Auso &#8211; Ma\u0142opolska Fundacja Stypendialna<\/a>&nbsp;under umbrella of project \u201eDobry Sta\u017c &#8211; Dobry Start\u201d 2nd Ed. I supervised innovative e-book sale system designed and implemented entirely in&nbsp;<a href=\"http:\/\/gloria24.pl\/\">Gloria24.pl<\/a>.<\/p>\n\n\n\n<h3 class=\"wp-block-heading\">Web Methods<\/h3>\n\n\n\n<p>In May 2007,&nbsp;&nbsp;<a href=\"http:\/\/www.webmethods.com\">Web Methods Inc.<\/a>&nbsp;(currently acquired by Software A.G.) had a presentation for AGH students. Selected persons were invited for interview. Positive evaluation entailed an opportunity of job in Web Methods center in Amsterdam, Netherlands<\/p>\n\n\n\n<h2 class=\"wp-block-heading\">2006<\/h2>\n\n\n\n<h3 class=\"wp-block-heading\">Bloomberg<\/h3>\n\n\n\n<p>In March 2006,&nbsp;&nbsp;<a href=\"http:\/\/www.bloomberg.com\">Bloomberg Inc.<\/a>&nbsp;officials had a presentation for AGH students. Selected persons were invited for interview. Positive evaluation entailed an opportunity of scholarship in Bloomberg center in London, UK.<\/p>\n","protected":false},"excerpt":{"rendered":"<p>Pablo Picasso 2022 PhD Workshop Mentoring I was asked to be a mentor at a doctoral workshop as part of the MZBO 2023 conference (15-17 Oct. 2023). (podzi\u0119kowania) CERN Winter Campus 2022 I was a chair of the local organizing committee of the\u00a0CERN Winter Campus 2022, Nov. 14 &#8211; 17, 2022 at AGH. (winter campus [&hellip;]<\/p>\n","protected":false},"author":1,"featured_media":0,"parent":0,"menu_order":0,"comment_status":"closed","ping_status":"closed","template":"page-templates\/full-width.php","meta":{"footnotes":""},"class_list":["post-28","page","type-page","status-publish","hentry"],"_links":{"self":[{"href":"https:\/\/home.agh.edu.pl\/~kkulak\/wp-json\/wp\/v2\/pages\/28","targetHints":{"allow":["GET"]}}],"collection":[{"href":"https:\/\/home.agh.edu.pl\/~kkulak\/wp-json\/wp\/v2\/pages"}],"about":[{"href":"https:\/\/home.agh.edu.pl\/~kkulak\/wp-json\/wp\/v2\/types\/page"}],"author":[{"embeddable":true,"href":"https:\/\/home.agh.edu.pl\/~kkulak\/wp-json\/wp\/v2\/users\/1"}],"replies":[{"embeddable":true,"href":"https:\/\/home.agh.edu.pl\/~kkulak\/wp-json\/wp\/v2\/comments?post=28"}],"version-history":[{"count":24,"href":"https:\/\/home.agh.edu.pl\/~kkulak\/wp-json\/wp\/v2\/pages\/28\/revisions"}],"predecessor-version":[{"id":337,"href":"https:\/\/home.agh.edu.pl\/~kkulak\/wp-json\/wp\/v2\/pages\/28\/revisions\/337"}],"wp:attachment":[{"href":"https:\/\/home.agh.edu.pl\/~kkulak\/wp-json\/wp\/v2\/media?parent=28"}],"curies":[{"name":"wp","href":"https:\/\/api.w.org\/{rel}","templated":true}]}}