{"id":256,"date":"2020-10-12T09:27:51","date_gmt":"2020-10-12T07:27:51","guid":{"rendered":"http:\/\/home.agh.edu.pl\/~lmadej\/?page_id=256"},"modified":"2021-09-27T05:50:04","modified_gmt":"2021-09-27T03:50:04","slug":"modelowanie-dyskretne-3","status":"publish","type":"page","link":"https:\/\/home.agh.edu.pl\/~lmadej\/modelowanie-dyskretne-3\/","title":{"rendered":"Modelowanie dyskretne"},"content":{"rendered":"<p>Wyk\u0142ad po\u015bwi\u0119cony jest om\u00f3wieniu rozwoju dyskretnych metod modelowania numerycznego. Poruszana tematyka obejmuje podstawowe definicje, mechanizmy oraz za\u0142o\u017cenie wykorzystywane w omawianych metodach. Ka\u017cda z przedstawionych w trakcie wyk\u0142adu technik jest r\u00f3wnie\u017c zaprezentowana w odniesieniu do mo\u017cliwo\u015bci jej praktycznego wykorzystania w zagadnieniach in\u017cynierskich.<\/p>\n<p><!--<span style=\"color: #008000;\"><strong>Wyk\u0142ad<\/strong><\/span>\n\n<a href=\"http:\/\/home.agh.edu.pl\/~lmadej\/wp-content\/uploads\/wyklad_1_2020.pdf\" target=\"_blank\" rel=\"noopener\">Wyk\u0142ad <\/a>1\n\n<a href=\"http:\/\/home.agh.edu.pl\/~lmadej\/wp-content\/uploads\/wyklad_2_2020_Image_2D.pdf\" target=\"_blank\" rel=\"noopener\">Wyk\u0142ad 2<\/a>\n\n<a href=\"http:\/\/home.agh.edu.pl\/~lmadej\/wp-content\/uploads\/wyklad_3_2020_Image_3D.pdf\" target=\"_blank\" rel=\"noopener\">Wyk\u0142ad 3<\/a>\n\n<a href=\"http:\/\/home.agh.edu.pl\/~lmadej\/wp-content\/uploads\/wyklad_4_CA_2020.pdf\" target=\"_blank\" rel=\"noopener\">Wyk\u0142ad 4<\/a>--><\/p>\n<p>&nbsp;<\/p>\n<p><span style=\"color: #008000;\"><strong>\u0106wiczenia projektowe<\/strong><\/span><\/p>\n<p><a href=\"http:\/\/home.agh.edu.pl\/~lmadej\/wp-content\/uploads\/cwiczenia_1_2020_MD.pdf\" target=\"_blank\" rel=\"noopener\">Zaj\u0119cia 1: plan projektu\u00a0<\/a><\/p>\n<p><a href=\"http:\/\/home.agh.edu.pl\/~lmadej\/wp-content\/uploads\/MD_zajecia_1.zip\" target=\"_blank\" rel=\"noopener\">Zaj\u0119cia 1: materia\u0142y do pobrania<\/a><\/p>\n<p><a href=\"http:\/\/home.agh.edu.pl\/~lmadej\/wp-content\/uploads\/cwiczenia_2_2020_MD.pdf\" target=\"_blank\" rel=\"noopener\">Zaj\u0119cia 2: plan projektu\u00a0<\/a><\/p>\n<p><a href=\"http:\/\/home.agh.edu.pl\/~lmadej\/wp-content\/uploads\/cwiczenia_3_2020_MD.pdf\" target=\"_blank\" rel=\"noopener\">Zaj\u0119cia 3: plan projektu<\/a><\/p>\n<p><a href=\"http:\/\/home.agh.edu.pl\/~lmadej\/wp-content\/uploads\/cwiczenia_4_2020_MD.pdf\" target=\"_blank\" rel=\"noopener\">Zaj\u0119cia 4: plan projektu<\/a><\/p>\n<p><a href=\"http:\/\/home.agh.edu.pl\/~lmadej\/wp-content\/uploads\/cwiczenia_5_2020_MD.pdf\" target=\"_blank\" rel=\"noopener\">Zaj\u0119cia 5: plan projektu<\/a><\/p>\n<p>&nbsp;<\/p>\n","protected":false},"excerpt":{"rendered":"<p>Wyk\u0142ad po\u015bwi\u0119cony jest om\u00f3wieniu rozwoju dyskretnych metod modelowania numerycznego. Poruszana tematyka obejmuje podstawowe definicje, mechanizmy oraz za\u0142o\u017cenie wykorzystywane w omawianych metodach. Ka\u017cda z przedstawionych w trakcie wyk\u0142adu technik jest r\u00f3wnie\u017c zaprezentowana w odniesieniu do mo\u017cliwo\u015bci jej praktycznego wykorzystania w zagadnieniach in\u017cynierskich. &nbsp; \u0106wiczenia projektowe Zaj\u0119cia 1: plan projektu\u00a0 Zaj\u0119cia 1: materia\u0142y do pobrania Zaj\u0119cia 2: [&hellip;]<\/p>\n","protected":false},"author":1,"featured_media":0,"parent":0,"menu_order":0,"comment_status":"closed","ping_status":"closed","template":"","meta":{"footnotes":""},"class_list":["post-256","page","type-page","status-publish","hentry"],"_links":{"self":[{"href":"https:\/\/home.agh.edu.pl\/~lmadej\/wp-json\/wp\/v2\/pages\/256","targetHints":{"allow":["GET"]}}],"collection":[{"href":"https:\/\/home.agh.edu.pl\/~lmadej\/wp-json\/wp\/v2\/pages"}],"about":[{"href":"https:\/\/home.agh.edu.pl\/~lmadej\/wp-json\/wp\/v2\/types\/page"}],"author":[{"embeddable":true,"href":"https:\/\/home.agh.edu.pl\/~lmadej\/wp-json\/wp\/v2\/users\/1"}],"replies":[{"embeddable":true,"href":"https:\/\/home.agh.edu.pl\/~lmadej\/wp-json\/wp\/v2\/comments?post=256"}],"version-history":[{"count":15,"href":"https:\/\/home.agh.edu.pl\/~lmadej\/wp-json\/wp\/v2\/pages\/256\/revisions"}],"predecessor-version":[{"id":342,"href":"https:\/\/home.agh.edu.pl\/~lmadej\/wp-json\/wp\/v2\/pages\/256\/revisions\/342"}],"wp:attachment":[{"href":"https:\/\/home.agh.edu.pl\/~lmadej\/wp-json\/wp\/v2\/media?parent=256"}],"curies":[{"name":"wp","href":"https:\/\/api.w.org\/{rel}","templated":true}]}}