{"id":64,"date":"2018-04-27T15:15:23","date_gmt":"2018-04-27T13:15:23","guid":{"rendered":"http:\/\/home.agh.edu.pl\/~lmadej\/?page_id=64"},"modified":"2021-09-27T05:49:28","modified_gmt":"2021-09-27T03:49:28","slug":"modelowanie-wieloskalowe","status":"publish","type":"page","link":"https:\/\/home.agh.edu.pl\/~lmadej\/modelowanie-wieloskalowe\/","title":{"rendered":"Modelowanie wieloskalowe"},"content":{"rendered":"<h3><span style=\"color: #800000;\">P<\/span><\/h3>\n<p>Wyk\u0142ad po\u015bwi\u0119cony jest rozwojowi metod numerycznych do symulacji proces\u00f3w obr\u00f3bki plastycznej, przy czym szczeg\u00f3lny nacisk jest po\u0142o\u017cony na metodologi\u0119 uwzgl\u0119dniania w modelowaniu fizycznych aspekt\u00f3w proces\u00f3w. W pierwszej cz\u0119\u015bci wyk\u0142adu zostan\u0105 om\u00f3wione przyk\u0142ady wybranych metod analizy wykorzystywane g\u0142\u00f3wnie w skali makro np. metoda element\u00f3w sko\u0144czonych, metody bezsiatkowe. W tej cz\u0119\u015bci wyk\u0142adu przedstawione zostan\u0105 r\u00f3wnie\u017c pierwsze podej\u015bcia do tworzenia modeli wieloskalowych, kt\u00f3re bazowa\u0142y na rozwi\u0105zaniu r\u00f3wna\u0144 r\u00f3\u017cniczkowych opisuj\u0105cych zjawiska skali mikro. Om\u00f3wione przyk\u0142ady dotycz\u0105 g\u0142\u00f3wnie rozwoju mikrostruktury podczas proces\u00f3w plastycznej przer\u00f3bki z uwzgl\u0119dnieniem ich rzeczywistego stanu termo-mechanicznego. W drugiej cz\u0119\u015bci wyk\u0142adu zostanie zaprezentowany dynamiczny rozw\u00f3j metod modelowania wieloskalowego, jaki mia\u0142 miejsce w ostatnim dziesi\u0119cioleciu. Modele wieloskalowe umo\u017cliwiaj\u0105 uzyskiwanie informacji o szeregu procesach zachodz\u0105cych na r\u00f3\u017cnym poziomie w rozpatrywanym materiale, w konsekwencji dostarczaj\u0105 jako\u015bciowo nowych informacji o przebiegu procesu. Wyk\u0142ad b\u0119dzie obejmowa\u0142 om\u00f3wienie klasyfikacji metod wieloskalowych oraz om\u00f3wienie g\u0142\u00f3wnych metod analizy mikro np. automaty kom\u00f3rkowe, Monte Carlo. Szczeg\u00f3lny nacisk po\u0142o\u017cony jest na wykorzystanie metod wieloskalowych w zagadnieniach metalurgii i in\u017cynierii materia\u0142owej, do rozwi\u0105zywania problem\u00f3w charakteryzuj\u0105cych si\u0119 nieci\u0105g\u0142o\u015bci\u0105 (np. propagacja p\u0119kni\u0119\u0107).<br \/>\n<!--\n\n\n<h3><span style=\"color: #800000;\">Wyk\u0142ady<\/span><\/h3>\n\n\n<a href=\"http:\/\/home.agh.edu.pl\/~lmadej\/wp-content\/uploads\/wyklad_1-1.pdf\" target=\"_blank\" rel=\"noopener\">Wyk\u0142ad 1<\/a>\n\n<a href=\"http:\/\/home.agh.edu.pl\/~lmadej\/wp-content\/uploads\/wyklad_2.pdf\" target=\"_blank\" rel=\"noopener\">Wyk\u0142ad 2<\/a>\n\n<a href=\"http:\/\/home.agh.edu.pl\/~lmadej\/wp-content\/uploads\/wyklad_3.pdf\" target=\"_blank\" rel=\"noopener\">Wyk\u0142ad 3<\/a>\n\n<a href=\"http:\/\/home.agh.edu.pl\/~lmadej\/wp-content\/uploads\/wyklad_4.pdf\" target=\"_blank\" rel=\"noopener\">Wyk\u0142ad 4<\/a>\n\n<a href=\"http:\/\/home.agh.edu.pl\/~lmadej\/wp-content\/uploads\/wyklad_5a.pdf\" target=\"_blank\" rel=\"noopener\">Wyk\u0142ad 5<\/a>\n\n<a href=\"http:\/\/home.agh.edu.pl\/~lmadej\/wp-content\/uploads\/wyklad_5b.pdf\" target=\"_blank\" rel=\"noopener\">Wyk\u0142ad 6<\/a>\n\n<a href=\"http:\/\/home.agh.edu.pl\/~lmadej\/wp-content\/uploads\/wyklad_6_7-1.pdf\">Wyklad_7 i 8<\/a>\n\n<a href=\"http:\/\/home.agh.edu.pl\/~lmadej\/wp-content\/uploads\/wyklad_9_MC.pdf\" target=\"_blank\" rel=\"noopener\">Wyk\u0142ad 9<\/a>\n\n<a href=\"http:\/\/home.agh.edu.pl\/~lmadej\/wp-content\/uploads\/wyklad_5_analiza_odwrotna.pdf\" target=\"_blank\" rel=\"noopener\">Wyklad 10<\/a>--><\/p>\n<p>&nbsp;<\/p>\n<p>&nbsp;<\/p>\n","protected":false},"excerpt":{"rendered":"<p>P Wyk\u0142ad po\u015bwi\u0119cony jest rozwojowi metod numerycznych do symulacji proces\u00f3w obr\u00f3bki plastycznej, przy czym szczeg\u00f3lny nacisk jest po\u0142o\u017cony na metodologi\u0119 uwzgl\u0119dniania w modelowaniu fizycznych aspekt\u00f3w proces\u00f3w. W pierwszej cz\u0119\u015bci wyk\u0142adu zostan\u0105 om\u00f3wione przyk\u0142ady wybranych metod analizy wykorzystywane g\u0142\u00f3wnie w skali makro np. metoda element\u00f3w sko\u0144czonych, metody bezsiatkowe. W tej cz\u0119\u015bci wyk\u0142adu przedstawione zostan\u0105 r\u00f3wnie\u017c pierwsze [&hellip;]<\/p>\n","protected":false},"author":1,"featured_media":0,"parent":0,"menu_order":0,"comment_status":"closed","ping_status":"closed","template":"","meta":{"footnotes":""},"class_list":["post-64","page","type-page","status-publish","hentry"],"_links":{"self":[{"href":"https:\/\/home.agh.edu.pl\/~lmadej\/wp-json\/wp\/v2\/pages\/64","targetHints":{"allow":["GET"]}}],"collection":[{"href":"https:\/\/home.agh.edu.pl\/~lmadej\/wp-json\/wp\/v2\/pages"}],"about":[{"href":"https:\/\/home.agh.edu.pl\/~lmadej\/wp-json\/wp\/v2\/types\/page"}],"author":[{"embeddable":true,"href":"https:\/\/home.agh.edu.pl\/~lmadej\/wp-json\/wp\/v2\/users\/1"}],"replies":[{"embeddable":true,"href":"https:\/\/home.agh.edu.pl\/~lmadej\/wp-json\/wp\/v2\/comments?post=64"}],"version-history":[{"count":17,"href":"https:\/\/home.agh.edu.pl\/~lmadej\/wp-json\/wp\/v2\/pages\/64\/revisions"}],"predecessor-version":[{"id":341,"href":"https:\/\/home.agh.edu.pl\/~lmadej\/wp-json\/wp\/v2\/pages\/64\/revisions\/341"}],"wp:attachment":[{"href":"https:\/\/home.agh.edu.pl\/~lmadej\/wp-json\/wp\/v2\/media?parent=64"}],"curies":[{"name":"wp","href":"https:\/\/api.w.org\/{rel}","templated":true}]}}