{"id":88,"date":"2018-04-27T15:39:32","date_gmt":"2018-04-27T13:39:32","guid":{"rendered":"http:\/\/home.agh.edu.pl\/~lmadej\/?page_id=88"},"modified":"2021-10-21T14:58:16","modified_gmt":"2021-10-21T12:58:16","slug":"prace-dyplomowe","status":"publish","type":"page","link":"https:\/\/home.agh.edu.pl\/~lmadej\/prace-dyplomowe\/","title":{"rendered":"Prace Dyplomowe"},"content":{"rendered":"<h3><span style=\"color: #800000;\"><strong>Po wszystkie aktualne tematy prac dyplomowych w roku 2022\/2023 zapraszam do swojego gabinetu Budynek B5 716 lub na stron\u0119 Katedry ISIM<\/strong><\/span><\/h3>\n<h3><span style=\"color: #008000;\">Jak wygl\u0105da procedura doboru tematu pracy in\u017cynierskiej i magisterskiej?<\/span><\/h3>\n<p style=\"text-align: left;\">Z listy przedstawionej poni\u017cej wybra\u0107 tematyk\u0119, kt\u00f3r\u0105 si\u0119 interesujecie i chcieliby\u015bcie, aby Wasza praca dotyczy\u0142a w\u0142a\u015bnie jej.<br \/>\nWejd\u017a na stron\u0119 biblioteki g\u0142\u00f3wnej AGH (www.bg.agh.edu.pl), a nast\u0119pnie znajd\u017a zak\u0142adk\u0119 e-czasopisma &#8211; ostatecznie chodzi o to, aby\u015b znalaz\u0142 si\u0119 na stronie Wyszukiwarki artyku\u0142\u00f3w wydanych przez Elsevier i Springer. UWAGA!!! Strona dzia\u0142a jedynie z IP wewn\u0105trz AGH lub po odpowiednim skonfigurowaniu przegl\u0105darki poprzez serwer proxy.<br \/>\nBazuj\u0105c na temacie pracy mgr prosz\u0119 poszuka\u0107 ciekawych artyku\u0142\u00f3w. Mo\u017cna r\u00f3wnie\u017c pos\u0142ugiwa\u0107 si\u0119 innymi portalami w celu wyszukiwania artyku\u0142\u00f3w np: citeseer czy google. Nale\u017cy jednak pami\u0119ta\u0107, \u017ce artyku\u0142y powinny by\u0107 publikowane w powa\u017cnym czasopi\u015bmie naukowym!<br \/>\nPo odszukaniu, co najmniej 10 (dziesi\u0119ciu), artyku\u0142\u00f3w z danej tematyki nale\u017cy zapozna\u0107 si\u0119 z nimi. Sugeruj\u0119 przegl\u0105d abstract\u00f3w oraz podsumowa\u0144 tak, aby wy\u0142owi\u0107 te najciekawsze pozycje.<br \/>\nZar\u00f3wno z wybranymi pozycjami oraz tymi odrzuconymi nale\u017cy zg\u0142osi\u0107 si\u0119 do mnie.<br \/>\nNa podstawie przyniesionych artyku\u0142\u00f3w oraz Waszych zainteresowa\u0144 dobieramy temat pracy mgr, kt\u00f3ry w\u0119druje do dziekanatu i na Rad\u0119 Wydzia\u0142u.<br \/>\nPo zarejestrowaniu pracy ustalamy harmonogram pisania pracy.<\/p>\n<p>Tematy prac in\u017cynierskich 2022<\/p>\n<p>Kierunek: Informatyka Stosowana i In\u017cynieria Obliczeniowa<\/p>\n<p>Implementacja algorytmu do generacji mikrostruktur 2D, 3D<br \/>\nImplementacja algorytmu na bazie metody automat\u00f3w kom\u00f3rkowych.<br \/>\nImplementajca wydajnego modu\u0142u wizualizacji danych dyskretnych<br \/>\nImplementacja algorytmu spadaj\u0105cych elips<br \/>\nImplementacja algorytmu do generacji mikrostruktur stali perlitycznej<br \/>\nOpracowanie metody wprowadzania warunk\u00f3w pocz\u0105tkowych do modelu DMR.<br \/>\nOpracowanie algorytmu do rekonstrukcji 3D na bazie danych 2D<br \/>\nImplementacja algorytm\u00f3w do projektowania materia\u0142\u00f3w<br \/>\nWykorzystanie technik uczenia maszynowego<br \/>\nOpracowanie metamodelu ANN proces\u00f3w technologicznych<br \/>\nOpracowanie modelu generacji ko\u015bci z wykorzystaniem algorytmu spadaj\u0105cych kul \/ okr\u0119g\u00f3w \/ elips lub MC.<br \/>\nImplementacja algorytmu Monte Carlo lub Automat\u00f3w Kom\u00f3rkowych.<br \/>\nImplementajca interjesu graficznego<br \/>\nSymulacja zjawiska lokalizacji odkszta\u0142cenia podczas test\u00f3w nano indentacji z wykorzystaniem dynamiki molekularnej.<br \/>\nZapoznanie si\u0119 z programem LAMMPS.<br \/>\nSymulacja test\u00f3w nanoindenatcji.<br \/>\nSymulacja powstawania i propagacji p\u0119kni\u0119cia z wykorzystaniem dynamiki molekularnej.<br \/>\nImplementacja narz\u0119dzi do tworzenia funkcji rozk\u0142adu orientacji ODF<br \/>\nImplementacja narz\u0119dzi do symulacji proces\u00f3w obr\u00f3bki plastycznej w oparciu o metod\u0119 Smoothed Particie Hydrodynamic.<\/p>\n<p><span style=\"color: #008000;\"><strong>Osoby zainteresowane danym tematem prosz\u0119 o kontakt mailowy: lmadej@agh.edu.pl<\/strong><\/span><\/p>\n","protected":false},"excerpt":{"rendered":"<p>Po wszystkie aktualne tematy prac dyplomowych w roku 2022\/2023 zapraszam do swojego gabinetu Budynek B5 716 lub na stron\u0119 Katedry ISIM Jak wygl\u0105da procedura doboru tematu pracy in\u017cynierskiej i magisterskiej? Z listy przedstawionej poni\u017cej wybra\u0107 tematyk\u0119, kt\u00f3r\u0105 si\u0119 interesujecie i chcieliby\u015bcie, aby Wasza praca dotyczy\u0142a w\u0142a\u015bnie jej. Wejd\u017a na stron\u0119 biblioteki g\u0142\u00f3wnej AGH (www.bg.agh.edu.pl), a [&hellip;]<\/p>\n","protected":false},"author":1,"featured_media":0,"parent":0,"menu_order":0,"comment_status":"closed","ping_status":"closed","template":"","meta":{"footnotes":""},"class_list":["post-88","page","type-page","status-publish","hentry"],"_links":{"self":[{"href":"https:\/\/home.agh.edu.pl\/~lmadej\/wp-json\/wp\/v2\/pages\/88","targetHints":{"allow":["GET"]}}],"collection":[{"href":"https:\/\/home.agh.edu.pl\/~lmadej\/wp-json\/wp\/v2\/pages"}],"about":[{"href":"https:\/\/home.agh.edu.pl\/~lmadej\/wp-json\/wp\/v2\/types\/page"}],"author":[{"embeddable":true,"href":"https:\/\/home.agh.edu.pl\/~lmadej\/wp-json\/wp\/v2\/users\/1"}],"replies":[{"embeddable":true,"href":"https:\/\/home.agh.edu.pl\/~lmadej\/wp-json\/wp\/v2\/comments?post=88"}],"version-history":[{"count":9,"href":"https:\/\/home.agh.edu.pl\/~lmadej\/wp-json\/wp\/v2\/pages\/88\/revisions"}],"predecessor-version":[{"id":352,"href":"https:\/\/home.agh.edu.pl\/~lmadej\/wp-json\/wp\/v2\/pages\/88\/revisions\/352"}],"wp:attachment":[{"href":"https:\/\/home.agh.edu.pl\/~lmadej\/wp-json\/wp\/v2\/media?parent=88"}],"curies":[{"name":"wp","href":"https:\/\/api.w.org\/{rel}","templated":true}]}}