{"id":34,"date":"2017-03-29T09:53:17","date_gmt":"2017-03-29T07:53:17","guid":{"rendered":"http:\/\/home.agh.edu.pl\/~msitko\/wordpress\/?page_id=34"},"modified":"2023-03-24T10:22:37","modified_gmt":"2023-03-24T09:22:37","slug":"cv","status":"publish","type":"page","link":"https:\/\/home.agh.edu.pl\/~msitko\/cv\/","title":{"rendered":"CV"},"content":{"rendered":"<p><strong>Edukacja:<\/strong><br \/>\n2012 &#8211; 2017 Akademia G\u00f3rniczo-Hutnicza im. Stanis\u0142awa Staszica,<br \/>\nWydzia\u0142 In\u017cynierii Metali i Informatyki Przemys\u0142owej<br \/>\nkierunek: Metalurgia\/In\u017cynieria materia\u0142owa studia doktoranckie, uzyskany stopie\u0144: doktor in\u017cynier<br \/>\n2007 &#8211; 2012 Akademia G\u00f3rniczo-Hutnicza im. Stanis\u0142awa Staszica,<br \/>\nWydzia\u0142 In\u017cynierii Metali i Informatyki Przemys\u0142owej<br \/>\nkierunek: Informatyka Stosowana specjalizacja: Modelowanie i Technologie Informacyjne, uzyskany tytu\u0142: magister in\u017cynier<\/p>\n<p><strong>Dzia\u0142alno\u015b\u0107 naukowa:<\/strong><\/p>\n<p>Uczestnictwo w projektach:<\/p>\n<ul>\n<li>Opracowanie kompleksowego wieloskalowego modelu rozwoju mikrostruktury w warunkach odkszta\u0142cenia na gor\u0105co (projekt NCN),<\/li>\n<li>Niekonwencjonalne, nieliniowe i dynamiczne warunki odkszta\u0142cania austenitu jako spos\u00f3b kszta\u0142towania morfologii produkt\u00f3w jego przemiany (projekt NCN),<\/li>\n<li>Wieloskalowe modelowanie materia\u0142\u00f3w z zastosowaniem ich wirtualnej reprezentacji na nowoczesnych architekturach komputerowych (projekt NCN),<\/li>\n<li>Opracowanie i weryfikacja wsp\u00f3\u0142bie\u017cnego modelu RCAFE (losowych automat\u00f3w kom\u00f3rkowych &#8211; element\u00f3w sko\u0144czonych) uwzgl\u0119dniaj\u0105cego wirtualn\u0105 reprezentacj\u0119 mikrostruktury do symulacji p\u0119kania w metalicznych materia\u0142ach wielofazowych (projekt NCN)<\/li>\n<li>Opracowanie linii badawczo rozwojowej dla zaawansowanej obr\u00f3bki cieplnej i monitorowania wp\u0142ywu poszczeg\u00f3lnych parametr\u00f3w procesu na w\u0142asno\u015bci zm\u0119czeniowe i wytrzyma\u0142o\u015bciowe wid\u0142ak\u00f3w (zlecenie, Ku\u017ania Jawor Sp\u00f3\u0142ka Akcyjna).<\/li>\n<\/ul>\n<p>Pomoc w organizacji konferencji mi\u0119dzynarodowych:<\/p>\n<ul>\n<li>2019 Young Investigators Conference<\/li>\n<li>2017 Computer Methods in Materials Technology<\/li>\n<li>2016 Open Educational Global<\/li>\n<li>2016 Metalforming<\/li>\n<li>2015 Computer Methods in Materials Technology<\/li>\n<li>2014 European Association of Distance Teaching Universities<\/li>\n<li>2013 Computer Methods in Materials Technology<\/li>\n<\/ul>\n<p><strong>Sta\u017ce zagraniczne:<\/strong><\/p>\n<ul>\n<li>The University Of Sheffield (13.06 &#8211; 28.06.2017), Sheffield &#8211; United Kingdom<\/li>\n<li>Technische Universitat Graz (19.02 &#8211; 24.02.2017), Graz &#8211; Austria<\/li>\n<li>Iinstitute for Frontier Materials Deakin University (10.07-10.09.2016),\u00a0Geelong Waurn Ponds &#8211; Australia<\/li>\n<\/ul>\n<p><strong>Nagrody:<\/strong><\/p>\n<ul>\n<li>Nagroda zespo\u0142owa w konkursie im. Profesora Antoniego Rodziewicza-Bielewicza, w 2022 roku za osi\u0105gni\u0119cie naukowe: \u201eOpracowanie cyfrowych bli\u017aniak\u00f3w proces\u00f3w przer\u00f3bki plastycznej na zimno i na gor\u0105co z wykorzystaniem wieloskalowych modeli wirtualnej reprezentacji materia\u0142u\u201d, wesp\u00f3\u0142 w sk\u0142adzie prof. dr hab. in\u017c. \u0141ukasz Madej, dr in\u017c. Konrad Perzy\u0144ski, dr in\u017c. Mateusz Sitko.<\/li>\n<li>1 miejsce w konkursie Sekcji Proces\u00f3w Przer\u00f3bki Plastycznej PAN na najlepsz\u0105 prac\u0119 doktorsk\u0105 w 2019 roku zwi\u0105zan\u0105 z przer\u00f3bk\u0105 plastyczn\u0105 metali<\/li>\n<li>2 miejsce w konkursie o nagrod\u0119 Profesora Engela za najlepsz\u0105 prac\u0119 doktorsk\u0105 obronion\u0105 w okresie ostatnich trzech lat.<\/li>\n<li>2 miejsce w konkursie na najlepsz\u0105 prac\u0119 doktorsk\u0105 zrealizowan\u0105 w oparciu o zasoby obliczeniowe ACK Cyfronet AGH<\/li>\n<li>3 miejsce w konkursie na najlepsz\u0105 prac\u0119 doktorsk\u0105 obronion\u0105 w 2019 roku organizowanym przez Polskie Towarzystwo Metod Komputerowych Mechaniki<\/li>\n<\/ul>\n","protected":false},"excerpt":{"rendered":"<p>Edukacja: 2012 &#8211; 2017 Akademia G\u00f3rniczo-Hutnicza im. Stanis\u0142awa Staszica, Wydzia\u0142 In\u017cynierii Metali i Informatyki Przemys\u0142owej kierunek: Metalurgia\/In\u017cynieria materia\u0142owa studia doktoranckie, uzyskany stopie\u0144: doktor in\u017cynier 2007 &#8211; 2012 Akademia G\u00f3rniczo-Hutnicza im. Stanis\u0142awa Staszica, Wydzia\u0142 In\u017cynierii Metali i Informatyki Przemys\u0142owej kierunek: Informatyka Stosowana specjalizacja: Modelowanie i Technologie Informacyjne, uzyskany tytu\u0142: magister in\u017cynier Dzia\u0142alno\u015b\u0107 naukowa: Uczestnictwo w projektach: [&hellip;]<\/p>\n","protected":false},"author":1,"featured_media":0,"parent":0,"menu_order":0,"comment_status":"closed","ping_status":"closed","template":"template-fullwidth.php","meta":{"footnotes":""},"class_list":["post-34","page","type-page","status-publish","hentry"],"_links":{"self":[{"href":"https:\/\/home.agh.edu.pl\/~msitko\/wp-json\/wp\/v2\/pages\/34","targetHints":{"allow":["GET"]}}],"collection":[{"href":"https:\/\/home.agh.edu.pl\/~msitko\/wp-json\/wp\/v2\/pages"}],"about":[{"href":"https:\/\/home.agh.edu.pl\/~msitko\/wp-json\/wp\/v2\/types\/page"}],"author":[{"embeddable":true,"href":"https:\/\/home.agh.edu.pl\/~msitko\/wp-json\/wp\/v2\/users\/1"}],"replies":[{"embeddable":true,"href":"https:\/\/home.agh.edu.pl\/~msitko\/wp-json\/wp\/v2\/comments?post=34"}],"version-history":[{"count":11,"href":"https:\/\/home.agh.edu.pl\/~msitko\/wp-json\/wp\/v2\/pages\/34\/revisions"}],"predecessor-version":[{"id":844,"href":"https:\/\/home.agh.edu.pl\/~msitko\/wp-json\/wp\/v2\/pages\/34\/revisions\/844"}],"wp:attachment":[{"href":"https:\/\/home.agh.edu.pl\/~msitko\/wp-json\/wp\/v2\/media?parent=34"}],"curies":[{"name":"wp","href":"https:\/\/api.w.org\/{rel}","templated":true}]}}