{"id":71,"date":"2017-03-29T12:04:56","date_gmt":"2017-03-29T10:04:56","guid":{"rendered":"http:\/\/home.agh.edu.pl\/~msitko\/wordpress\/?page_id=71"},"modified":"2020-09-27T17:53:34","modified_gmt":"2020-09-27T15:53:34","slug":"ogloszenia-dla-studentow","status":"publish","type":"page","link":"https:\/\/home.agh.edu.pl\/~msitko\/ogloszenia-dla-studentow\/","title":{"rendered":"Og\u0142oszenia dla student\u00f3w 2019\/2020"},"content":{"rendered":"<p><strong>Og\u0142oszenia zaj\u0119cia w semestrze letnim 2019\/2020:<\/strong><\/p>\n<ul>\n<li>Oddawanie zaleg\u0142ych projekt\u00f3w upel &#8211; 22.05.2020 godzina 14:00 &#8211; 15:00<\/li>\n<\/ul>\n<p>05.06.2020<\/p>\n<ul>\n<li><del>2 termin poprawy kolokwium &#8211; 15.06.2020 godzina 8:00 upel<\/del><\/li>\n<li><del>2 termin oddawania zaleg\u0142ych projekt\u00f3w &#8211; 15.06.2020 godzina do ustalenia wst\u0119pnie 14:00<\/del><\/li>\n<\/ul>\n<p>03.05.2020<\/p>\n<ul>\n<li><del>proponowany termin z zaj\u0119ciami dodatkowymi DRX &#8211; 12.05.2020 godzina 10:00 &#8211; upel<\/del><\/li>\n<li><del>termin oddawania zaleg\u0142ych projekt\u00f3w &#8211; 25.05.2020 godzina 10:00 &#8211; upel<\/del><\/li>\n<li><del>termin poprawy kolokwium &#8211; 27.05.2020 godzina 10:00 &#8211; upel<\/del><\/li>\n<\/ul>\n<p><strong>Og\u0142oszenia zaj\u0119cia w semestrze zimowym 2019\/2020:<\/strong><\/p>\n<p><del><span style=\"color: #ff0000;\">Oddawanie zaleg\u0142ych projekt\u00f3w <strong>Multiscale Modelling SS, SN 13.02 07:00-8:00<\/strong><\/span><\/del><\/p>\n<p>26.01.2020<\/p>\n<p><strong>Terminy zalicze\u0144 poprawkowych:<\/strong><\/p>\n<p><strong>Multiscale Modelling SN (2st)<\/strong><\/p>\n<pre>- <del>1 termin <span style=\"color: #ff0000;\"><strong>31.01.2020 godzina 16:00 - 17:15<\/strong><\/span> B5*704\/709.<\/del>\n\n<del>- 2 termin 07.02.2020 godzina 16.30 - 17:30 B5*601.<\/del><\/pre>\n<p><strong>Multiscale Modelling SS (2st)<\/strong><\/p>\n<pre>-<del> 1 termin 28.01.2020 godzina 7:30 B5*704.<\/del>\n\n<del>- 2 termin  07.02.2020 godzina 16:00 - 17:00 B5*601.<\/del><\/pre>\n<p><strong>Programowanie r\u00f3wnoleg\u0142e (3rok IS):<\/strong><\/p>\n<pre><del>- 1 termin (wszystkie grupy: poprawa 1 kartk\u00f3wki: 29.01 8:00 B5*709, poprawa 1 kartk\u00f3wki i\/lub 1 zaj\u0119\u0107 30.01 8:00 B5*410)<\/del>\n\n<del>- 2 termin (wszystkie grupy: poprawa 2 kartk\u00f3wek i\/lub 1 zaj\u0119\u0107 07.02 8:00 B5*410)<\/del><\/pre>\n<p><strong>Podstawy Informatyki (1rok IT):<\/strong><\/p>\n<pre><del>- 1 termin poprawa kolokwium 13:00-14:30 07.02 B5*709 (w czasie poprawy mo\u017cna odda\u0107 projekt na w\u0142asnym laptopie), po poprawie 14:30 - 15:30 oddawanie projekt\u00f3w B5*601.<\/del>\n\n<del>- 2 termin 8:00 13.02 B5*601<\/del><\/pre>\n<p>13.01.2020<\/p>\n<p><strong>IT 1 rok &#8211; podstawy informatyki<\/strong><\/p>\n<ul>\n<li><a href=\"https:\/\/cloud.kisim.eu.org\/s\/Akw6CR85fByQD85\">link do dokumentacji projekt\u00f3w&nbsp;<\/a><\/li>\n<li>has\u0142o zostanie podane na zaj\u0119ciach.<\/li>\n<li>format plik\u00f3w: GR0X_os1_Imie_Nazwisko_os2_Imie_Nazwisko_zagadnienia.pdf<\/li>\n<\/ul>\n<p>08.01.2020<\/p>\n<p><strong>Z powodu szkolenia dydaktycznego, oddawanie projekt\u00f3w oraz sprawozda\u0144 z przedmiotu Multiscale Modelling w czwartek 09.01.2020 odb\u0119dzie si\u0119 tylko o godzinie 11:00 \u2013 13:00.<\/strong><\/p>\n<p>05.01.2020<\/p>\n<ul>\n<li><strong>IS 3 rok programowanie r\u00f3wnoleg\u0142e:<\/strong><\/li>\n<\/ul>\n<p>Na najbli\u017cszych zaj\u0119ciach b\u0119dzie realizowane 1 zadanie ze scenariusza 11 (pkt 1 &#8211; 4) oraz scenariusz 12, osoby pracuj\u0105ce na swoim sprz\u0119cie proszone s\u0105 o zainstalowanie przed zaj\u0119ciami openMPI.<\/p>\n<p>Na <a href=\"http:\/\/home.agh.edu.pl\/~msitko\/programowanie-rownolegle\/\">stronie przedmiotu<\/a> znajduje si\u0119 zaktualizowany harmonogram reszty zaj\u0119\u0107<\/p>\n<p>Grupy 4 oraz 2 w najbli\u017cszym tygodniu realizuj\u0105 scenariusz rozpisany na zaj\u0119cia 11+12 (<a href=\"http:\/\/home.agh.edu.pl\/~msitko\/programowanie-rownolegle\/\">szczeg\u00f3\u0142y<\/a>), Zaj\u0119cia z dnia 03.01 zostan\u0105 odrobione 14.01 lub 15.01 popo\u0142udniu zostanie na nich zrealizowany scenariusz rozpisany na zaj\u0119cia 13 (<a href=\"http:\/\/home.agh.edu.pl\/~msitko\/programowanie-rownolegle\/\">szczeg\u00f3\u0142y<\/a>) (wszystkie dodatkowe sprawy zostan\u0105 ustalone na najbli\u017cszych zaj\u0119ciach)<\/p>\n<p>02.01.2020<\/p>\n<p><a href=\"https:\/\/www.facebook.com\/skn.creative.agh\/photos\/a.1490107977740823\/2650288798389396\/?type=3&amp;theater\">rekrutacja SKN CREATIVE<\/a><\/p>\n<p><a href=\"http:\/\/home.agh.edu.pl\/~msitko\/wordpress\/wp-content\/uploads\/creative.png\"><img loading=\"lazy\" decoding=\"async\" class=\"alignnone  wp-image-512\" src=\"http:\/\/home.agh.edu.pl\/~msitko\/wordpress\/wp-content\/uploads\/creative-300x251.png\" alt=\"\" width=\"366\" height=\"306\" srcset=\"https:\/\/home.agh.edu.pl\/~msitko\/wp-content\/uploads\/creative-300x251.png 300w, https:\/\/home.agh.edu.pl\/~msitko\/wp-content\/uploads\/creative-768x643.png 768w, https:\/\/home.agh.edu.pl\/~msitko\/wp-content\/uploads\/creative.png 960w\" sizes=\"auto, (max-width: 366px) 100vw, 366px\" \/><\/a><\/p>\n<p>07.11.2019<\/p>\n<p>W najbli\u017cszy pi\u0105tek 08.11 zaj\u0119cia o godzinie 11:30 nie odb\u0119d\u0105 si\u0119 (GR2). Na kolejnych zaj\u0119ciach ustalony zostanie termin, w kt\u00f3rym zaj\u0119cia 4 zostan\u0105 odrobione. Dodatkowo na zaj\u0119ciach 15.11 realizowany b\u0119dzie scenariusz 5. Sprawozdania z poprzednich zaj\u0119\u0107 prosz\u0119 przynie\u015b\u0107 w przysz\u0142ym tygodniu.<\/p>\n<p><strong>08.10.2019:<\/strong><\/p>\n<ul>\n<li><strong>IS 2 stopie\u0144 MSM:&nbsp;<\/strong><\/li>\n<\/ul>\n<p>W tygodniu 7.10 &#8211; 11.10.2019 zaj\u0119cia realizowane s\u0105 wed\u0142ug starego planu w 2 grupach \u0107wiczeniowych.<\/p>\n<p>Od dnia 14.10.2019 zostaje uruchomiona nowa grupa \u0107wiczeniowa. Aktualne listy z podzia\u0142em na grupy \u0107wiczeniowe znajduj\u0105 si\u0119 w systemie WU.<\/p>\n<p><strong>01.08.2019:<\/strong><\/p>\n<ul>\n<li><strong>IS 2 stopie\u0144 MSM:<\/strong><\/li>\n<\/ul>\n<p>Osoby posiadaj\u0105ce <strong>w\u0142asn\u0105 implementacj\u0119<\/strong> projektu z przedmiotu modelowanie wieloskalowe, mog\u0105 wykorzysta\u0107 jej fragmenty do realizacji projektu z przedmiotu MSM.<\/p>\n<ul>\n<li><strong>IS 3 rok programowanie r\u00f3wnoleg\u0142e:<\/strong><\/li>\n<\/ul>\n<p>Na pierwszych zaj\u0119ciach z PR odbywa si\u0119 powt\u00f3rka z C prosz\u0119 o przypomnienie:<\/p>\n<ol>\n<li>podstawowej sk\u0142adni wej\u015bcie\/wyj\u015bcie, alokacja oraz zwalnianie pami\u0119ci (tablice dynamiczne)<\/li>\n<li>kompilacji pod systemem operacyjnym linux<\/li>\n<li>utworzenie oraz u\u017cywanie makefile<\/li>\n<li>wszystkie wymagane pliki jak i pomoce dydaktyczne znajduj\u0105 si\u0119 na stronie <a href=\"http:\/\/www.metal.agh.edu.pl\/~banas\/PR\/PR.html\">prowadz\u0105cego przedmiot&nbsp;<\/a><\/li>\n<\/ol>\n<ul>\n<li><strong>IS wszystkie roczniki:<\/strong><\/li>\n<\/ul>\n<p>Podczas zaj\u0119\u0107 mo\u017cna pracowa\u0107 tylko na indywidualnym koncie w domenie lub w\u0142asnym sprz\u0119cie. Osoby nie spe\u0142niaj\u0105ce tego warunku nie zostan\u0105 wpuszczone na zaj\u0119cia.<\/p>\n","protected":false},"excerpt":{"rendered":"<p>Og\u0142oszenia zaj\u0119cia w semestrze letnim 2019\/2020: Oddawanie zaleg\u0142ych projekt\u00f3w upel &#8211; 22.05.2020 godzina 14:00 &#8211; 15:00 05.06.2020 2 termin poprawy kolokwium &#8211; 15.06.2020 godzina 8:00 upel 2 termin oddawania zaleg\u0142ych projekt\u00f3w &#8211; 15.06.2020 godzina do ustalenia wst\u0119pnie 14:00 03.05.2020 proponowany termin z zaj\u0119ciami dodatkowymi DRX &#8211; 12.05.2020 godzina 10:00 &#8211; upel termin oddawania zaleg\u0142ych projekt\u00f3w [&hellip;]<\/p>\n","protected":false},"author":1,"featured_media":0,"parent":0,"menu_order":0,"comment_status":"closed","ping_status":"closed","template":"template-fullwidth.php","meta":{"footnotes":""},"class_list":["post-71","page","type-page","status-publish","hentry"],"_links":{"self":[{"href":"https:\/\/home.agh.edu.pl\/~msitko\/wp-json\/wp\/v2\/pages\/71","targetHints":{"allow":["GET"]}}],"collection":[{"href":"https:\/\/home.agh.edu.pl\/~msitko\/wp-json\/wp\/v2\/pages"}],"about":[{"href":"https:\/\/home.agh.edu.pl\/~msitko\/wp-json\/wp\/v2\/types\/page"}],"author":[{"embeddable":true,"href":"https:\/\/home.agh.edu.pl\/~msitko\/wp-json\/wp\/v2\/users\/1"}],"replies":[{"embeddable":true,"href":"https:\/\/home.agh.edu.pl\/~msitko\/wp-json\/wp\/v2\/comments?post=71"}],"version-history":[{"count":52,"href":"https:\/\/home.agh.edu.pl\/~msitko\/wp-json\/wp\/v2\/pages\/71\/revisions"}],"predecessor-version":[{"id":652,"href":"https:\/\/home.agh.edu.pl\/~msitko\/wp-json\/wp\/v2\/pages\/71\/revisions\/652"}],"wp:attachment":[{"href":"https:\/\/home.agh.edu.pl\/~msitko\/wp-json\/wp\/v2\/media?parent=71"}],"curies":[{"name":"wp","href":"https:\/\/api.w.org\/{rel}","templated":true}]}}