{"id":81,"date":"2017-06-07T16:07:13","date_gmt":"2017-06-07T14:07:13","guid":{"rendered":"http:\/\/home.agh.edu.pl\/~msitko\/wordpress\/?page_id=81"},"modified":"2021-03-10T09:50:00","modified_gmt":"2021-03-10T08:50:00","slug":"tematy-prace-dyplomowe","status":"publish","type":"page","link":"https:\/\/home.agh.edu.pl\/~msitko\/tematy-prace-dyplomowe\/","title":{"rendered":"Tematy prac dyplomowych 2020"},"content":{"rendered":"\n<p><\/p>\n\n\n\n<p> <strong>Tematy  2021\/2022: <\/strong><\/p>\n\n\n\n<ul class=\"wp-block-list\"><li><s><strong>HDF5 w zastosowaniu do modeli cyfrowych mikrostruktur\u00a0 &#8211; rozrost ziaren CA (kontynuacja dotychczasowych prac w Pracowni MSM)<\/strong>.(c++) <\/s><\/li><li><s><strong>Opracowanie wydajnego algorytmu dedykowanego do przygotowania danych dla symulacji bazuj\u0105cych na metodzie automat\u00f3w kom\u00f3rkowych. \u2013 roboczy <\/strong>(c++, openMP, MPI)<\/s><\/li><\/ul>\n\n\n\n<p><\/p>\n","protected":false},"excerpt":{"rendered":"<p>Tematy 2021\/2022: HDF5 w zastosowaniu do modeli cyfrowych mikrostruktur\u00a0 &#8211; rozrost ziaren CA (kontynuacja dotychczasowych prac w Pracowni MSM).(c++) Opracowanie wydajnego algorytmu dedykowanego do przygotowania danych dla symulacji bazuj\u0105cych na metodzie automat\u00f3w kom\u00f3rkowych. \u2013 roboczy (c++, openMP, MPI)<\/p>\n","protected":false},"author":1,"featured_media":0,"parent":0,"menu_order":0,"comment_status":"closed","ping_status":"closed","template":"template-fullwidth.php","meta":{"footnotes":""},"class_list":["post-81","page","type-page","status-publish","hentry"],"_links":{"self":[{"href":"https:\/\/home.agh.edu.pl\/~msitko\/wp-json\/wp\/v2\/pages\/81","targetHints":{"allow":["GET"]}}],"collection":[{"href":"https:\/\/home.agh.edu.pl\/~msitko\/wp-json\/wp\/v2\/pages"}],"about":[{"href":"https:\/\/home.agh.edu.pl\/~msitko\/wp-json\/wp\/v2\/types\/page"}],"author":[{"embeddable":true,"href":"https:\/\/home.agh.edu.pl\/~msitko\/wp-json\/wp\/v2\/users\/1"}],"replies":[{"embeddable":true,"href":"https:\/\/home.agh.edu.pl\/~msitko\/wp-json\/wp\/v2\/comments?post=81"}],"version-history":[{"count":24,"href":"https:\/\/home.agh.edu.pl\/~msitko\/wp-json\/wp\/v2\/pages\/81\/revisions"}],"predecessor-version":[{"id":789,"href":"https:\/\/home.agh.edu.pl\/~msitko\/wp-json\/wp\/v2\/pages\/81\/revisions\/789"}],"wp:attachment":[{"href":"https:\/\/home.agh.edu.pl\/~msitko\/wp-json\/wp\/v2\/media?parent=81"}],"curies":[{"name":"wp","href":"https:\/\/api.w.org\/{rel}","templated":true}]}}