{"id":817,"date":"2021-10-04T17:07:11","date_gmt":"2021-10-04T15:07:11","guid":{"rendered":"http:\/\/home.agh.edu.pl\/~msitko\/?page_id=817"},"modified":"2023-01-25T10:37:13","modified_gmt":"2023-01-25T09:37:13","slug":"ogloszenia-dla-studentow-2","status":"publish","type":"page","link":"https:\/\/home.agh.edu.pl\/~msitko\/ogloszenia-dla-studentow-2\/","title":{"rendered":"Wa\u017cne informacje dla student\u00f3w"},"content":{"rendered":"\n<p>Informuj\u0119, \u017ce minimalny czas potrzebny na wykonanie recenzji pracy<br>dyplomowej lub projektu wynosi 1 tydzie\u0144 (7 dni). Prosz\u0119 pami\u0119ta\u0107, <strong>\u017ce czas ten nie<br>podlega negocjacji.<\/strong> Prosz\u0119 o przemy\u015blane przes\u0142anie prac do systemu USOS i<br>otrzymanie akceptacji promotora w odpowiednim terminie. W przypadku du\u017cej ilo\u015bci<br>recenzji przed podstawowymi terminami obron, czas ten mo\u017ce ulec dodatkowemu<br>wyd\u0142u\u017ceniu.<br><\/p>\n","protected":false},"excerpt":{"rendered":"<p>Informuj\u0119, \u017ce minimalny czas potrzebny na wykonanie recenzji pracydyplomowej lub projektu wynosi 1 tydzie\u0144 (7 dni). Prosz\u0119 pami\u0119ta\u0107, \u017ce czas ten niepodlega negocjacji. Prosz\u0119 o przemy\u015blane przes\u0142anie prac do systemu USOS iotrzymanie akceptacji promotora w odpowiednim terminie. W przypadku du\u017cej ilo\u015bcirecenzji przed podstawowymi terminami obron, czas ten mo\u017ce ulec dodatkowemuwyd\u0142u\u017ceniu.<\/p>\n","protected":false},"author":1,"featured_media":0,"parent":0,"menu_order":0,"comment_status":"closed","ping_status":"closed","template":"template-fullwidth.php","meta":{"footnotes":""},"class_list":["post-817","page","type-page","status-publish","hentry"],"_links":{"self":[{"href":"https:\/\/home.agh.edu.pl\/~msitko\/wp-json\/wp\/v2\/pages\/817","targetHints":{"allow":["GET"]}}],"collection":[{"href":"https:\/\/home.agh.edu.pl\/~msitko\/wp-json\/wp\/v2\/pages"}],"about":[{"href":"https:\/\/home.agh.edu.pl\/~msitko\/wp-json\/wp\/v2\/types\/page"}],"author":[{"embeddable":true,"href":"https:\/\/home.agh.edu.pl\/~msitko\/wp-json\/wp\/v2\/users\/1"}],"replies":[{"embeddable":true,"href":"https:\/\/home.agh.edu.pl\/~msitko\/wp-json\/wp\/v2\/comments?post=817"}],"version-history":[{"count":3,"href":"https:\/\/home.agh.edu.pl\/~msitko\/wp-json\/wp\/v2\/pages\/817\/revisions"}],"predecessor-version":[{"id":838,"href":"https:\/\/home.agh.edu.pl\/~msitko\/wp-json\/wp\/v2\/pages\/817\/revisions\/838"}],"wp:attachment":[{"href":"https:\/\/home.agh.edu.pl\/~msitko\/wp-json\/wp\/v2\/media?parent=817"}],"curies":[{"name":"wp","href":"https:\/\/api.w.org\/{rel}","templated":true}]}}