{"id":89,"date":"2017-07-25T16:27:45","date_gmt":"2017-07-25T14:27:45","guid":{"rendered":"http:\/\/home.agh.edu.pl\/~msitko\/wordpress\/?page_id=89"},"modified":"2021-01-11T08:59:01","modified_gmt":"2021-01-11T07:59:01","slug":"podstawy-informatyki","status":"publish","type":"page","link":"https:\/\/home.agh.edu.pl\/~msitko\/podstawy-informatyki\/","title":{"rendered":"Podstawy Informatyki IT"},"content":{"rendered":"<p><strong>Informatyka Techniczna rok 1<\/strong><br \/>\n<strong>Grupy laboratoryjne: GA01, GA03, GA05<\/strong><\/p>\n<pre><strong>Harmonogram zaj\u0119\u0107:<\/strong>\nZaj\u0119cia 1. Zasady zaliczenia + wprowadzenie [<a href=\"http:\/\/home.agh.edu.pl\/~msitko\/wordpress\/wp-content\/uploads\/PI_2020-2021_Z1.pdf\">prezentacja<\/a>]\nZaj\u0119cia 2. Schematy blokowe (zmienne, p\u0119tle, instrukcje warunkowe)[<a href=\"http:\/\/home.agh.edu.pl\/~msitko\/wordpress\/wp-content\/uploads\/Zadania1.pdf\">zadania<\/a>]\nZaj\u0119cia 3. Schematy blokowe (p\u0119tle, instrukcje warunkowe, funkcje) [<a href=\"http:\/\/home.agh.edu.pl\/~msitko\/wordpress\/wp-content\/uploads\/Zadania3.pdf\">zadania<\/a>] [<a href=\"http:\/\/home.agh.edu.pl\/~msitko\/kod-random\/\">przykladowy kod<\/a>]\nZaj\u0119cia 4. Logika\/10 [<a href=\"http:\/\/home.agh.edu.pl\/~msitko\/wordpress\/wp-content\/uploads\/Zadania4.pdf\">zadania<\/a>] [<a href=\"http:\/\/home.agh.edu.pl\/~msitko\/kod-konwersja\/\">przykladowy kod<\/a>]\nZaj\u0119cia 5. OX [<a href=\"http:\/\/home.agh.edu.pl\/~msitko\/wordpress\/wp-content\/uploads\/Zadania5.pdf\">zadania<\/a>] [<a href=\"http:\/\/home.agh.edu.pl\/~msitko\/kod-ox-szablon\/\">szablon pomocniczy<\/a>]\n<strong>Zaj\u0119cia 6.<\/strong> <strong>Grafy<\/strong> [<a href=\"http:\/\/home.agh.edu.pl\/~msitko\/wordpress\/wp-content\/uploads\/Zajecia-6-IT.pdf\">zadania<\/a>][<a href=\"http:\/\/home.agh.edu.pl\/~msitko\/podstawy-informatyki\/tablice\/\">przykladowy kod<\/a>][<a href=\"http:\/\/home.agh.edu.pl\/~msitko\/wordpress\/wp-content\/uploads\/DaneTablica.txt\">punkty<\/a>] [<a href=\"http:\/\/home.agh.edu.pl\/~msitko\/wordpress\/wp-content\/uploads\/Wagi.txt\">wagi<\/a>] [<a href=\"http:\/\/home.agh.edu.pl\/~msitko\/wordpress\/wp-content\/uploads\/Polaczenia.txt\">polaczenia<\/a>] [<a href=\"http:\/\/home.agh.edu.pl\/~msitko\/wordpress\/wp-content\/uploads\/WagiNieSkierowany.txt\">wagiN<\/a>] [<a href=\"http:\/\/home.agh.edu.pl\/~msitko\/wordpress\/wp-content\/uploads\/PolaczeniaNieSkierowany.txt\">polaczeniaN<\/a>] \n<del>Zaj\u0119cia 7. Grafy [zadania]<\/del> \nZaj\u0119cia 7. Kryptografia [<a href=\"http:\/\/home.agh.edu.pl\/~msitko\/wordpress\/wp-content\/uploads\/Zajecia-8-pass-1.pdf\">zadania<\/a>] \nZaj\u0119cia 8. Podsumowanie[<a href=\"http:\/\/home.agh.edu.pl\/~msitko\/wordpress\/wp-content\/uploads\/Zajecia-zbiorcze.pdf\">zadania<\/a>] \nZaj\u0119cia 9. Kolokwium \n<strong>Zaj\u0119cia 10. Projekt<\/strong> [<a href=\"http:\/\/home.agh.edu.pl\/~msitko\/wordpress\/wp-content\/uploads\/Wymagania-Projekt-1.pdf\">zagadnienia<\/a>] \nZaj\u0119cia 11. Projekt \nZaj\u0119cia 12. Projekt [<a href=\"http:\/\/home.agh.edu.pl\/~msitko\/wordpress\/wp-content\/uploads\/GitInit.pdf\">system kontroli wersji<\/a>] \nZaj\u0119cia 13. Oddawanie projekt\u00f3w<\/pre>\n","protected":false},"excerpt":{"rendered":"<p>Informatyka Techniczna rok 1 Grupy laboratoryjne: GA01, GA03, GA05 Harmonogram zaj\u0119\u0107: Zaj\u0119cia 1. Zasady zaliczenia + wprowadzenie [prezentacja] Zaj\u0119cia 2. Schematy blokowe (zmienne, p\u0119tle, instrukcje warunkowe)[zadania] Zaj\u0119cia 3. Schematy blokowe (p\u0119tle, instrukcje warunkowe, funkcje) [zadania] [przykladowy kod] Zaj\u0119cia 4. Logika\/10 [zadania] [przykladowy kod] Zaj\u0119cia 5. OX [zadania] [szablon pomocniczy] Zaj\u0119cia 6. Grafy [zadania][przykladowy kod][punkty] [wagi] [&hellip;]<\/p>\n","protected":false},"author":1,"featured_media":0,"parent":0,"menu_order":0,"comment_status":"closed","ping_status":"closed","template":"template-fullwidth.php","meta":{"footnotes":""},"class_list":["post-89","page","type-page","status-publish","hentry"],"_links":{"self":[{"href":"https:\/\/home.agh.edu.pl\/~msitko\/wp-json\/wp\/v2\/pages\/89","targetHints":{"allow":["GET"]}}],"collection":[{"href":"https:\/\/home.agh.edu.pl\/~msitko\/wp-json\/wp\/v2\/pages"}],"about":[{"href":"https:\/\/home.agh.edu.pl\/~msitko\/wp-json\/wp\/v2\/types\/page"}],"author":[{"embeddable":true,"href":"https:\/\/home.agh.edu.pl\/~msitko\/wp-json\/wp\/v2\/users\/1"}],"replies":[{"embeddable":true,"href":"https:\/\/home.agh.edu.pl\/~msitko\/wp-json\/wp\/v2\/comments?post=89"}],"version-history":[{"count":58,"href":"https:\/\/home.agh.edu.pl\/~msitko\/wp-json\/wp\/v2\/pages\/89\/revisions"}],"predecessor-version":[{"id":779,"href":"https:\/\/home.agh.edu.pl\/~msitko\/wp-json\/wp\/v2\/pages\/89\/revisions\/779"}],"wp:attachment":[{"href":"https:\/\/home.agh.edu.pl\/~msitko\/wp-json\/wp\/v2\/media?parent=89"}],"curies":[{"name":"wp","href":"https:\/\/api.w.org\/{rel}","templated":true}]}}