{"id":35,"date":"2014-12-01T20:36:19","date_gmt":"2014-12-01T20:36:19","guid":{"rendered":"http:\/\/galaxy.agh.edu.pl\/~pawlik\/strona\/?page_id=35"},"modified":"2019-10-04T10:09:18","modified_gmt":"2019-10-04T10:09:18","slug":"projekty-labview","status":"publish","type":"page","link":"https:\/\/home.agh.edu.pl\/~pawlik\/projekty-labview\/","title":{"rendered":"Projekty LabVIEW"},"content":{"rendered":"<p>Na tej stronie przedstawi\u0142em aplikacje zbudowane przeze mnie w \u015brodowisku LabVIEW w ramach projekt\u00f3w badawczych realizowanych w AGH.<\/p>\n<table>\n<tbody>\n<tr>\n<td style=\"width: 430px; text-align: center;\"><a href=\"http:\/\/sine.ni.com\/cs\/app\/doc\/p\/id\/cs-15473\"><img loading=\"lazy\" decoding=\"async\" class=\"alignnone  wp-image-221\" src=\"http:\/\/galaxy.agh.edu.pl\/~pawlik\/grafika\/projekty\/KWK1500s.png\" alt=\"KWK1500s\" width=\"273\" height=\"176\" srcset=\"https:\/\/home.agh.edu.pl\/~pawlik\/wp-content\/uploads\/KWK1500s.png 420w, https:\/\/home.agh.edu.pl\/~pawlik\/wp-content\/uploads\/KWK1500s-300x194.png 300w\" sizes=\"auto, (max-width: 273px) 100vw, 273px\" \/><\/a><br \/>\n<span style=\"font-size: 11pt; color: #000000;\">System monitoringu przek\u0142adni g\u0142\u00f3wnej ko\u0142a czerpakowego koparki ko\u0142owej<\/span><\/td>\n<td style=\"width: 430px; text-align: center;\"><a href=\"https:\/\/youtu.be\/vaIrKj8-rWM\"><img loading=\"lazy\" decoding=\"async\" class=\"alignnone  wp-image-220\" src=\"http:\/\/galaxy.agh.edu.pl\/~pawlik\/grafika\/projekty\/Nutki.png\" alt=\"Nutki\" width=\"278\" height=\"179\" srcset=\"https:\/\/home.agh.edu.pl\/~pawlik\/wp-content\/uploads\/Nutki.png 420w, https:\/\/home.agh.edu.pl\/~pawlik\/wp-content\/uploads\/Nutki-300x194.png 300w\" sizes=\"auto, (max-width: 278px) 100vw, 278px\" \/><\/a><br \/>\n<span style=\"font-size: 11pt; color: #000000;\">Analiza sygna\u0142u akustycznego i przekszta\u0142cenie go do notacji muzycznej<\/span><\/td>\n<\/tr>\n<tr>\n<td style=\"width: 430px; text-align: center;\"><a href=\"ftp:\/\/ftp.ni.com\/pub\/branches\/ee\/2011\/academic\/newsletter\/implementation_of_neural_classifier_in_labview.pdf\"><img loading=\"lazy\" decoding=\"async\" class=\"alignnone  wp-image-221\" src=\"http:\/\/galaxy.agh.edu.pl\/~pawlik\/grafika\/projekty\/Sieci.png\" alt=\"KWK1500s\" width=\"273\" height=\"176\"\/><\/a><br \/>\n<span style=\"font-size: 11pt; color: #000000;\">Implementacja klasyfikatora neuronowego w \u015brodowisku LabVIEW<\/span><\/td>\n<td style=\"width: 430px; text-align: center;\"><a href=\"https:\/\/journals.agh.edu.pl\/mech\/article\/view\/748\/561\"><img loading=\"lazy\" decoding=\"async\" class=\"alignnone  wp-image-221\" src=\"http:\/\/galaxy.agh.edu.pl\/~pawlik\/grafika\/projekty\/Wielokanalowy.png\" alt=\"Wielokana\u0142owy system\" width=\"252\" height=\"169\"\/><\/a><br \/>\n<span style=\"font-size: 11pt; color: #000000;\">Wielokana\u0142owy system do pomiar\u00f3w akustycznych<br \/>\n<\/span><\/td>\n<\/tr>\n<\/tbody>\n<\/table>\n","protected":false},"excerpt":{"rendered":"<p>Na tej stronie przedstawi\u0142em aplikacje zbudowane przeze mnie w \u015brodowisku LabVIEW w ramach projekt\u00f3w badawczych realizowanych w AGH. System monitoringu przek\u0142adni g\u0142\u00f3wnej ko\u0142a czerpakowego koparki ko\u0142owej Analiza sygna\u0142u akustycznego i przekszta\u0142cenie go do notacji muzycznej Implementacja klasyfikatora neuronowego w \u015brodowisku &hellip; <a href=\"https:\/\/home.agh.edu.pl\/~pawlik\/projekty-labview\/\">Czytaj dalej <span class=\"meta-nav\">&rarr;<\/span><\/a><\/p>\n","protected":false},"author":1,"featured_media":0,"parent":0,"menu_order":2,"comment_status":"open","ping_status":"open","template":"","meta":{"footnotes":""},"class_list":["post-35","page","type-page","status-publish","hentry"],"_links":{"self":[{"href":"https:\/\/home.agh.edu.pl\/~pawlik\/wp-json\/wp\/v2\/pages\/35","targetHints":{"allow":["GET"]}}],"collection":[{"href":"https:\/\/home.agh.edu.pl\/~pawlik\/wp-json\/wp\/v2\/pages"}],"about":[{"href":"https:\/\/home.agh.edu.pl\/~pawlik\/wp-json\/wp\/v2\/types\/page"}],"author":[{"embeddable":true,"href":"https:\/\/home.agh.edu.pl\/~pawlik\/wp-json\/wp\/v2\/users\/1"}],"replies":[{"embeddable":true,"href":"https:\/\/home.agh.edu.pl\/~pawlik\/wp-json\/wp\/v2\/comments?post=35"}],"version-history":[{"count":51,"href":"https:\/\/home.agh.edu.pl\/~pawlik\/wp-json\/wp\/v2\/pages\/35\/revisions"}],"predecessor-version":[{"id":468,"href":"https:\/\/home.agh.edu.pl\/~pawlik\/wp-json\/wp\/v2\/pages\/35\/revisions\/468"}],"wp:attachment":[{"href":"https:\/\/home.agh.edu.pl\/~pawlik\/wp-json\/wp\/v2\/media?parent=35"}],"curies":[{"name":"wp","href":"https:\/\/api.w.org\/{rel}","templated":true}]}}