{"id":409,"date":"2019-02-26T16:46:55","date_gmt":"2019-02-26T16:46:55","guid":{"rendered":"http:\/\/galaxy.agh.edu.pl\/~pawlik\/?page_id=409"},"modified":"2024-10-05T19:42:34","modified_gmt":"2024-10-05T19:42:34","slug":"start","status":"publish","type":"page","link":"https:\/\/home.agh.edu.pl\/~pawlik\/","title":{"rendered":"Start"},"content":{"rendered":"\n<p>W swojej pracy naukowej zajmuje\nsi\u0119 rozwijaniem metod diagnostyki wibroakustycznej maszyn, buduj\u0119 systemy monitoringu\ndiagnostycznego oraz wibroakustyczne systemy kontrolno-pomiarowe.<\/p>\n\n\n\n<p>Poni\u017cej\nprzedstawi\u0142em aplikacje zbudowane przeze mnie w \u015brodowisku LabVIEW w ramach\nprojekt\u00f3w badawczych realizowanych w AGH.<\/p>\n\n\n<table style=\"height: 528px;\" width=\"449\">\n<tbody>\n<tr>\n<td style=\"width: 430px; text-align: center;\"><a href=\"https:\/\/www.ni.com\/en\/innovations\/case-studies\/19\/monitoring-the-main-gearbox-of-a-bucket-wheel.html\" target=\"_blank\" rel=\"noopener\"><img loading=\"lazy\" decoding=\"async\" class=\"alignnone wp-image-221 size-full\" src=\"https:\/\/home.agh.edu.pl\/~pawlik\/wp-content\/uploads\/KWK1500s.png\" alt=\"\" width=\"420\" height=\"271\" srcset=\"https:\/\/home.agh.edu.pl\/~pawlik\/wp-content\/uploads\/KWK1500s.png 420w, https:\/\/home.agh.edu.pl\/~pawlik\/wp-content\/uploads\/KWK1500s-300x194.png 300w\" sizes=\"auto, (max-width: 420px) 100vw, 420px\" \/><\/a><br \/><a href=\"http:\/\/sine.ni.com\/cs\/app\/doc\/p\/id\/cs-15473\" target=\"_blank\" rel=\"noopener\">System monitoringu przek\u0142adni g\u0142\u00f3wnej ko\u0142a czerpakowego koparki ko\u0142owej<\/a><\/td>\n<td style=\"width: 430px; text-align: center;\"><a href=\"https:\/\/www.youtube.com\/watch?v=vaIrKj8-rWM\" target=\"_blank\" rel=\"noopener\"><img loading=\"lazy\" decoding=\"async\" class=\"alignnone wp-image-220 size-full\" src=\"https:\/\/home.agh.edu.pl\/~pawlik\/wp-content\/uploads\/Nutki.png\" alt=\"\" width=\"420\" height=\"271\" srcset=\"https:\/\/home.agh.edu.pl\/~pawlik\/wp-content\/uploads\/Nutki.png 420w, https:\/\/home.agh.edu.pl\/~pawlik\/wp-content\/uploads\/Nutki-300x194.png 300w\" sizes=\"auto, (max-width: 420px) 100vw, 420px\" \/><\/a><br \/><a href=\"https:\/\/www.youtube.com\/watch?v=vaIrKj8-rWM&amp;feature=youtu.be\" target=\"_blank\" rel=\"noopener\">Analiza sygna\u0142u akustycznego i przekszta\u0142cenie go do notacji muzycznej<\/a><\/td>\n<\/tr>\n<tr>\n<td style=\"width: 430px; text-align: center;\"><a href=\"https:\/\/download.ni.com\/pub\/branches\/ee\/2011\/academic\/newsletter\/implementation_of_neural_classifier_in_labview.pdf\" target=\"_blank\" rel=\"noopener\"><img loading=\"lazy\" decoding=\"async\" class=\"alignnone wp-image-526\" src=\"https:\/\/home.agh.edu.pl\/~pawlik\/wp-content\/uploads\/Sieci.png\" alt=\"\" width=\"287\" height=\"189\" \/><\/a>\n<p><a href=\"https:\/\/download.ni.com\/pub\/branches\/ee\/2011\/academic\/newsletter\/implementation_of_neural_classifier_in_labview.pdf\">Implementacja klasyfikatora neuronowego w \u015brodowisku LabVIEW<\/a><\/p>\n<\/td>\n<td style=\"width: 430px; text-align: center;\"><a href=\"https:\/\/journals.agh.edu.pl\/mech\/article\/view\/748\/561\" target=\"_blank\" rel=\"noopener\"><img loading=\"lazy\" decoding=\"async\" class=\"alignnone wp-image-420 size-full\" src=\"https:\/\/home.agh.edu.pl\/~pawlik\/wp-content\/uploads\/Wilokanalowy-1.png\" alt=\"\" width=\"426\" height=\"286\" srcset=\"https:\/\/home.agh.edu.pl\/~pawlik\/wp-content\/uploads\/Wilokanalowy-1.png 426w, https:\/\/home.agh.edu.pl\/~pawlik\/wp-content\/uploads\/Wilokanalowy-1-300x201.png 300w\" sizes=\"auto, (max-width: 426px) 100vw, 426px\" \/><\/a><span style=\"font-size: 11pt; color: #000000;\"><br \/><a href=\"https:\/\/journals.agh.edu.pl\/mech\/article\/view\/748\/561\" target=\"_blank\" rel=\"noopener\">Wielokana\u0142owy system do pomiar\u00f3w akustycznych<\/a><br \/><\/span><\/td>\n<\/tr>\n<\/tbody>\n<\/table>\n<p>&nbsp;<\/p>","protected":false},"excerpt":{"rendered":"<p>W swojej pracy naukowej zajmuje si\u0119 rozwijaniem metod diagnostyki wibroakustycznej maszyn, buduj\u0119 systemy monitoringu diagnostycznego oraz wibroakustyczne systemy kontrolno-pomiarowe. Poni\u017cej przedstawi\u0142em aplikacje zbudowane przeze mnie w \u015brodowisku LabVIEW w ramach projekt\u00f3w badawczych realizowanych w AGH. System monitoringu przek\u0142adni g\u0142\u00f3wnej ko\u0142a &hellip; <a href=\"https:\/\/home.agh.edu.pl\/~pawlik\/\">Czytaj dalej <span class=\"meta-nav\">&rarr;<\/span><\/a><\/p>\n","protected":false},"author":1,"featured_media":0,"parent":0,"menu_order":0,"comment_status":"closed","ping_status":"closed","template":"","meta":{"footnotes":""},"class_list":["post-409","page","type-page","status-publish","hentry"],"_links":{"self":[{"href":"https:\/\/home.agh.edu.pl\/~pawlik\/wp-json\/wp\/v2\/pages\/409","targetHints":{"allow":["GET"]}}],"collection":[{"href":"https:\/\/home.agh.edu.pl\/~pawlik\/wp-json\/wp\/v2\/pages"}],"about":[{"href":"https:\/\/home.agh.edu.pl\/~pawlik\/wp-json\/wp\/v2\/types\/page"}],"author":[{"embeddable":true,"href":"https:\/\/home.agh.edu.pl\/~pawlik\/wp-json\/wp\/v2\/users\/1"}],"replies":[{"embeddable":true,"href":"https:\/\/home.agh.edu.pl\/~pawlik\/wp-json\/wp\/v2\/comments?post=409"}],"version-history":[{"count":27,"href":"https:\/\/home.agh.edu.pl\/~pawlik\/wp-json\/wp\/v2\/pages\/409\/revisions"}],"predecessor-version":[{"id":534,"href":"https:\/\/home.agh.edu.pl\/~pawlik\/wp-json\/wp\/v2\/pages\/409\/revisions\/534"}],"wp:attachment":[{"href":"https:\/\/home.agh.edu.pl\/~pawlik\/wp-json\/wp\/v2\/media?parent=409"}],"curies":[{"name":"wp","href":"https:\/\/api.w.org\/{rel}","templated":true}]}}