{"id":461,"date":"2019-10-04T09:55:17","date_gmt":"2019-10-04T09:55:17","guid":{"rendered":"http:\/\/galaxy.agh.edu.pl\/~pawlik\/?page_id=461"},"modified":"2024-08-29T13:09:01","modified_gmt":"2024-08-29T13:09:01","slug":"ciekawostki","status":"publish","type":"page","link":"https:\/\/home.agh.edu.pl\/~pawlik\/ciekawostki\/","title":{"rendered":"Ciekawostki"},"content":{"rendered":"\n<blockquote class=\"wp-block-quote is-layout-flow wp-block-quote-is-layout-flow\">\n<p> Jak zrobi\u0107 przejrzysty i funkcjonalny interfejs w LabVIEW.<br \/>Oto link: <a aria-label=\" (otwiera si\u0119 na nowej zak\u0142adce)\" href=\"https:\/\/www.dmcinfo.com\/latest-thinking\/blog\/id\/9285\/6-tips-for-labview-ui-and-ux-design\" target=\"_blank\" rel=\"noreferrer noopener\">6 Tips for LabVIEW UI and UX Design<\/a>  <\/p>\n<\/blockquote>\n\n\n\n<blockquote class=\"wp-block-quote is-layout-flow wp-block-quote-is-layout-flow\">\n<p>Chcesz zrobi\u0107 profesjonaln\u0105 aplikacj\u0119 audio? U\u017cyj ASIO for LabVIEW.<br \/>Oto link: <a href=\"https:\/\/www.zeitnitz.eu\/scms\/waveio\">ASIO for LabVIEW<\/a><\/p>\n\n\n\n<p><\/p>\n<\/blockquote>\n\n\n\n<blockquote class=\"wp-block-quote is-layout-flow wp-block-quote-is-layout-flow\">\n<p>Chcesz zaprogramowa\u0107 RaspberryPi w LabVIEW?<br \/>Wejd\u017a na link i zobacz tutorial: <a aria-label=\" (otwiera si\u0119 na nowej zak\u0142adce)\" href=\"https:\/\/www.labviewmakerhub.com\/doku.php?id=learn:tutorials:libraries:linx:3-0\" target=\"_blank\" rel=\"noreferrer noopener\">LabVIEW for RaspberryPi<\/a><br \/>Tutaj link do biblioteki: <a aria-label=\"LINX by Digilent\/LabVIEW MakerHub (otwiera si\u0119 na nowej zak\u0142adce)\" href=\"http:\/\/sine.ni.com\/nips\/cds\/view\/p\/lang\/pl\/nid\/212478\" target=\"_blank\" rel=\"noreferrer noopener\">LINX by Digilent\/LabVIEW MakerHub<\/a><br \/><\/p>\n<\/blockquote>\n","protected":false},"excerpt":{"rendered":"<p>Jak zrobi\u0107 przejrzysty i funkcjonalny interfejs w LabVIEW.Oto link: 6 Tips for LabVIEW UI and UX Design Chcesz zrobi\u0107 profesjonaln\u0105 aplikacj\u0119 audio? U\u017cyj ASIO for LabVIEW.Oto link: ASIO for LabVIEW Chcesz zaprogramowa\u0107 RaspberryPi w LabVIEW?Wejd\u017a na link i zobacz tutorial: &hellip; <a href=\"https:\/\/home.agh.edu.pl\/~pawlik\/ciekawostki\/\">Czytaj dalej <span class=\"meta-nav\">&rarr;<\/span><\/a><\/p>\n","protected":false},"author":1,"featured_media":0,"parent":0,"menu_order":0,"comment_status":"closed","ping_status":"closed","template":"","meta":{"footnotes":""},"class_list":["post-461","page","type-page","status-publish","hentry"],"_links":{"self":[{"href":"https:\/\/home.agh.edu.pl\/~pawlik\/wp-json\/wp\/v2\/pages\/461","targetHints":{"allow":["GET"]}}],"collection":[{"href":"https:\/\/home.agh.edu.pl\/~pawlik\/wp-json\/wp\/v2\/pages"}],"about":[{"href":"https:\/\/home.agh.edu.pl\/~pawlik\/wp-json\/wp\/v2\/types\/page"}],"author":[{"embeddable":true,"href":"https:\/\/home.agh.edu.pl\/~pawlik\/wp-json\/wp\/v2\/users\/1"}],"replies":[{"embeddable":true,"href":"https:\/\/home.agh.edu.pl\/~pawlik\/wp-json\/wp\/v2\/comments?post=461"}],"version-history":[{"count":7,"href":"https:\/\/home.agh.edu.pl\/~pawlik\/wp-json\/wp\/v2\/pages\/461\/revisions"}],"predecessor-version":[{"id":521,"href":"https:\/\/home.agh.edu.pl\/~pawlik\/wp-json\/wp\/v2\/pages\/461\/revisions\/521"}],"wp:attachment":[{"href":"https:\/\/home.agh.edu.pl\/~pawlik\/wp-json\/wp\/v2\/media?parent=461"}],"curies":[{"name":"wp","href":"https:\/\/api.w.org\/{rel}","templated":true}]}}