{"id":126,"date":"2025-06-18T10:40:59","date_gmt":"2025-06-18T08:40:59","guid":{"rendered":"https:\/\/home.agh.edu.pl\/~pnosal\/?page_id=126"},"modified":"2025-09-22T12:19:44","modified_gmt":"2025-09-22T10:19:44","slug":"cv-2","status":"publish","type":"page","link":"https:\/\/home.agh.edu.pl\/~pnosal\/en\/cv-2\/","title":{"rendered":"CV"},"content":{"rendered":"\n<h2 class=\"wp-block-heading has-larger-font-size\"><strong>Education<\/strong><\/h2>\n\n\n\n<div class=\"wp-block-group\"><div class=\"wp-block-group__inner-container is-layout-constrained wp-block-group-is-layout-constrained\">\n<div class=\"wp-block-group\"><div class=\"wp-block-group__inner-container is-layout-constrained wp-block-group-is-layout-constrained\">\n<p><strong> Cracow University of Technology, Krak\u00f3w, Poland<\/strong><\/p>\n\n\n\n<p>PhD, Eng. (2016 &#8211; 2024)<\/p>\n\n\n\n<p>Thesis: <em>Modeling of the FSA friction alloying precess and estimation of mechanical properties of the obtained composite<\/em><\/p>\n\n\n\n<ul class=\"wp-block-list\">\n<li>Supervisor: Prof. Artur Ganczarski, DSc, Eng.<\/li>\n\n\n\n<li>Co-supervisor: Marek St. W\u0119glowski, PhD, Eng.<\/li>\n<\/ul>\n<\/div><\/div>\n<\/div><\/div>\n\n\n\n<div class=\"wp-block-group\"><div class=\"wp-block-group__inner-container is-layout-constrained wp-block-group-is-layout-constrained\">\n<div class=\"wp-block-group\"><div class=\"wp-block-group__inner-container is-layout-constrained wp-block-group-is-layout-constrained\">\n<p><strong>AGH University of Krakow, Krak\u00f3w, Poland<\/strong><\/p>\n\n\n\n<p>MSc, Eng. (2014 &#8211; 2016)<\/p>\n\n\n\n<p>Thesis: <em>Mechanical properties of friction stir welded copper plates joints<\/em><\/p>\n\n\n\n<ul class=\"wp-block-list\">\n<li>Supervisor: Tomasz Machniewicz, DSc, Eng., Associate Professor at AGH<\/li>\n<\/ul>\n<\/div><\/div>\n<\/div><\/div>\n\n\n\n<p><strong>Cracow University of Technology, Krak\u00f3w, Poland<\/strong><\/p>\n\n\n\n<p>BSc, Eng. (2009 &#8211; 2013)<\/p>\n\n\n\n<p>Thesis: <em>Topology optimization of plane elastic structures in Matlab environment<\/em><\/p>\n\n\n\n<ul class=\"wp-block-list\">\n<li>Supervisor: Prof. Bogdan Bochenek, DSc, Eng.<\/li>\n<\/ul>\n\n\n\n<h2 class=\"wp-block-heading has-larger-font-size\"><strong>Professional Experience<\/strong><\/h2>\n\n\n\n<p>2024\u2013 present <strong>Assistant Professor<\/strong> AGH University of Krakow<\/p>\n\n\n\n<p>2018\u20132024 <strong>Assistant Professor<\/strong> AGH University of Krakow<\/p>\n\n\n\n<p>2018\u20132019 <strong>Senior Technical Assistant<\/strong> Cracow University of Technology<\/p>\n\n\n\n<p>2012\u20132018 <strong>Quality Controller, Process Engineer, Head of R\\&amp;D Department<\/strong> ELECTRIS Ltd.<\/p>\n\n\n\n<p>2010\u20132011 <strong>Metalworker<\/strong> ISS Wawrzaszek<\/p>\n\n\n\n<p>2010 <strong>CNC Machine Operator<\/strong> Auto-Bast<\/p>\n\n\n\n<p>2008\u20132010 <strong>Metalworker<\/strong> ISS Wawrzaszek<\/p>\n\n\n\n<h2 class=\"wp-block-heading has-larger-font-size\"><strong>Scientific Output<\/strong><\/h2>\n\n\n\n<p class=\"has-large-font-size\"><strong>Journal articles<\/strong><\/p>\n\n\n\n<ol class=\"wp-block-list\">\n<li>P. Bazan, A. Rochman, K. Mroczka, K. Badura, M. Melnychuk, P. Nosal, A. W\u0119glowska, <em>Composites based on PLA\/PHBV blends with nanocrystalline cellulose NCC: mechanical and thermal investigation<\/em>, Materials, 1\u201331, 2024<\/li>\n\n\n\n<li>H. \u0160imonov\u00e1, P. Bazan, B. Kucharczykov\u00e1, D. Koc\u00e1b, M. \u0141ach, D. Mierzwi\u0144ski, K. Setlak, M. Nykiel, P. Nosal, K. Korniejenko, <em>Hybrid geopolymer composites based on fly ash reinforced with glass and flax fibers<\/em>, Applied Sciences, 1\u201318, 2024<\/li>\n\n\n\n<li>P. Bazan, M. Gajda, P. Nosal, A. B\u0105k, K. Setlak, M. \u0141ach, <em>The influence of copper oxide particle size on the properties of epoxy resin<\/em>, Applied Sciences, 1\u201319, 2024<\/li>\n\n\n\n<li>P. Bazan, P. Nosal, A. Wierzbicka-Miernik, S. Kuciel,<em> A novel hybrid composite based on biopolyamide 10.10 with basalt\/aramid fibers: mechanical and thermal investigation<\/em>, Composites Part B, 1\u201315, 2021<\/li>\n\n\n\n<li>D. Mierzwi\u0144ski, P. Nosal, A. Szczepanik, M. \u0141ach, M. Duarte Guigou, M. Hebda, K. Korniejenko, <em>Concept of flocks fragmentation and averaging method for the application of electrocoagulation in process for coke oven wastewater treatment<\/em>, Materials, 1\u201319, 2021<\/li>\n\n\n\n<li>P. Bazan, P. Nosal, B. Kozub, S. Kuciel, <em>Biobased polyethylene hybrid composites with natural fiber: mechanical, thermal properties, and micromechanics<\/em>, Materials, 1\u201316, 2020<\/li>\n\n\n\n<li>T. Machniewicz, P. Nosal, A. Korbel, S. Gajecka, M. Hebda, <em>Effect of FSW traverse speed on mechanical properties of copper plate joints<\/em>, Materials, 1\u201314, 2020<\/li>\n\n\n\n<li>P. Nosal, A. Ganczarski, <em>Numerical simulation of temperature distribution during the first stage of the friction stir alloying process<\/em>, Technical Transactions, 179\u2013190, (7)2018<\/li>\n\n\n\n<li>P. Nosal, M. Hebda, <em>Effect of FSW parameters on properties of aluminium joints<\/em>, Bulletin of the Welding Institute (Biuletyn Instytutu Spawalnictwa), 97\u201399, (5)2017<\/li>\n<\/ol>\n\n\n\n<p class=\"has-large-font-size\"><strong>Book chapters<\/strong><\/p>\n\n\n\n<ol class=\"wp-block-list\">\n<li>P. Nosal, A. Ganczarski, <em>Modeling solid materials in DEM using the micropolar theory<\/em>, Advanced Structured Materials, Springer Nature, 2023<\/li>\n<\/ol>\n\n\n\n<p class=\"has-large-font-size\"><strong>Conference Proceedings<\/strong><\/p>\n\n\n\n<ol class=\"wp-block-list\">\n<li>T. Machniewicz, Sz. Kurpiel, P. Nosal, A. Korbel, <em>Mechanical properties and fatigue crack growth rate in butt FSW joints of aerospace aluminium alloy 2024-T3<\/em>, Studies and Monographs \u2013 Opole University of Technology, 2019<\/li>\n\n\n\n<li>J. Marczyk, P. Nosal, M. Hebda, <em>Effect of friction stir processing on microstructure and microhardness of Al\u2013TiC composites<\/em>, Student Conference STC, 2018<\/li>\n\n\n\n<li>C. Ziejewska, P. Nosal, M. Hebda, <em>Microstructural and mechanical properties of aluminium alloy joints fabricated by friction stir welding<\/em>, Student Conference STC, 2018<\/li>\n\n\n\n<li>P. Nosal, A. Ganczarski, <em>Modeling of the temperature field that accompanies friction stir welding<\/em>, ITM Web of Conferences, 15, 03004, 2017<\/li>\n<\/ol>\n\n\n\n<h2 class=\"wp-block-heading has-larger-font-size\"><strong>Conferences<\/strong><\/h2>\n\n\n\n<p>12th European Solid Mechanics Conference, Lyon (France), 7\u201311 July 2025<\/p>\n\n\n\n<p>43rd Solid Mechanics Conference, Wroc\u0142aw, 16-18 September 2024<\/p>\n\n\n\n<p>11th European Solid Mechanics Conference, Galway (Ireland), 4\u20138 July 2022<\/p>\n\n\n\n<p>16th Conference on Dynamical Systems Theory and Applications (online), 6\u20139 December 2021<\/p>\n\n\n\n<p>4th Polish Congress of Mechanics and the 23rd International Conference on Computer Methods in Mechanics: PCM-CMM-2019, Krak\u00f3w, 8\u201312 September 2019<\/p>\n\n\n\n<p>41st Solid Mechanics Conference, Warsaw, 27\u201331 August 2018<\/p>\n\n\n\n<p>3rd National Interdisciplinary Conference EUREKA, Krzy\u017cowa, 23\u201324 May 2018<\/p>\n\n\n\n<p>2nd International Conference of Computational Methods in Engineering Science (CMES), Lublin, 24\u201325 November 2017<\/p>\n\n\n\n<p>Seminar: Trends in the Development of Welding Technologies and Alternative Techniques, Gliwice, 19\u201320 October 2017<\/p>\n\n\n\n<h2 class=\"wp-block-heading has-larger-font-size\"><strong>Teaching Experience<\/strong><\/h2>\n\n\n\n<p>Oct. 2018 \u2013 present, <strong>Fundamentals of Strength of Materials<\/strong>, program: Mechanical Engineering<\/p>\n\n\n\n<p>Oct. 2018 \u2013 present, <strong>Strength of Materials<\/strong>, programs: Industrial Automation and Robotics, Mechatronic Engineering<\/p>\n\n\n\n<p>Oct. 2018 \u2013 present, <strong>Strength of Machine Elements<\/strong>, program: Mechanical Engineering<\/p>\n\n\n\n<p>Mar. 2021 \u2013 present, <strong>Engineering Drawing 1<\/strong>, programs: Mechanical Engineering, Mechanical and Materials Engineering<\/p>\n\n\n\n<p>Oct. 2022 \u2013 present, <strong>Fundamentals of Machine Design 1, 2<\/strong>, program: Mechanical Engineering<\/p>\n\n\n\n<p>Oct. 2024 \u2013 present, <strong>Structural Integrity<\/strong>, program: Mechanical Engineering<\/p>\n\n\n\n<h2 class=\"wp-block-heading has-larger-font-size\"><strong>Professional development<\/strong><\/h2>\n\n\n\n<p class=\"has-large-font-size\"><strong>Courses and training<\/strong><\/p>\n\n\n\n<p>Localization And Ductile Failure: Experimental, Theoretical And Computational Aspect, CISM, International Centre for Mechanical Sciences, Udine, Italy, 20\u201324 May 2024<\/p>\n\n\n\n<p>Peridynamic Models For Material Degradation: From Fracture\/Fragmentation To Corrosion; From Models To Computer Codes, CISM, International Centre for Mechanical Sciences, Udine, Italy, 23\u201326 October 2023<\/p>\n\n\n\n<p>Advanced Theories For Deformation, Damage And Failure In Materials, CISM, International Centre for Mechanical Sciences, online, 3\u20137 May 2021<\/p>\n\n\n\n<p>ANSYS course: FEM for practitioners, Nonlinear analyses, Dynamic analyses<\/p>\n\n\n\n<p>SOLIDWORKS course: Simulation, Flow Simulation<\/p>\n\n\n\n<p>FARO measuring arm operation course<\/p>\n\n\n\n<p>APQP-PPAP course<\/p>\n\n\n\n<p>MIT course on edX \u2013 Design and Development of Educational Technology<\/p>\n\n\n\n<p>Pedagogical course for teaching assistants and PhD students<\/p>\n\n\n\n<p>Nature Masterclasses: Scientific Writing and Publishing, Effective Collaboration in Research, Persuasive Grant Writing, Networking for Researchers, Narrative Tools for Researchers, Creating Successful Research Posters, Advancing Your Scientific Presentations<\/p>\n\n\n\n<p>CeL courses: Tests on the UPeL platform, H5P Interactive Materials, Open Resources X-ray, Use of Materials in Teaching, Multimedia Presentations, Flipped Classroom, Visual Thinking in Science and Education, Academic E-learning<\/p>\n\n\n\n<p class=\"has-large-font-size\"><strong>Membership in societies<\/strong><\/p>\n\n\n\n<p>EUROMECH<\/p>\n\n\n\n<p>Polish Society of Theoretical and Applied Mechanics<\/p>\n\n\n\n<p>Polish Society of Computational Mechanics<\/p>\n","protected":false},"excerpt":{"rendered":"<p>Education Cracow University of Technology, Krak\u00f3w, Poland PhD, Eng. (2016 &#8211; 2024) Thesis: Modeling of the FSA friction alloying precess and estimation of mechanical properties&#8230;<\/p>\n<div class=\"more-link-wrapper\"><a class=\"more-link\" href=\"https:\/\/home.agh.edu.pl\/~pnosal\/en\/cv-2\/\">Continue reading<span class=\"screen-reader-text\">CV<\/span><\/a><\/div>\n","protected":false},"author":1,"featured_media":0,"parent":0,"menu_order":0,"comment_status":"closed","ping_status":"closed","template":"","meta":{"footnotes":""},"class_list":["post-126","page","type-page","status-publish","hentry","entry"],"lang":"en","translations":{"en":126},"pll_sync_post":[],"_links":{"self":[{"href":"https:\/\/home.agh.edu.pl\/~pnosal\/wp-json\/wp\/v2\/pages\/126","targetHints":{"allow":["GET"]}}],"collection":[{"href":"https:\/\/home.agh.edu.pl\/~pnosal\/wp-json\/wp\/v2\/pages"}],"about":[{"href":"https:\/\/home.agh.edu.pl\/~pnosal\/wp-json\/wp\/v2\/types\/page"}],"author":[{"embeddable":true,"href":"https:\/\/home.agh.edu.pl\/~pnosal\/wp-json\/wp\/v2\/users\/1"}],"replies":[{"embeddable":true,"href":"https:\/\/home.agh.edu.pl\/~pnosal\/wp-json\/wp\/v2\/comments?post=126"}],"version-history":[{"count":8,"href":"https:\/\/home.agh.edu.pl\/~pnosal\/wp-json\/wp\/v2\/pages\/126\/revisions"}],"predecessor-version":[{"id":199,"href":"https:\/\/home.agh.edu.pl\/~pnosal\/wp-json\/wp\/v2\/pages\/126\/revisions\/199"}],"wp:attachment":[{"href":"https:\/\/home.agh.edu.pl\/~pnosal\/wp-json\/wp\/v2\/media?parent=126"}],"curies":[{"name":"wp","href":"https:\/\/api.w.org\/{rel}","templated":true}]}}