{"id":13,"date":"2023-08-23T10:16:58","date_gmt":"2023-08-23T08:16:58","guid":{"rendered":"https:\/\/home.agh.edu.pl\/~pnosal\/?page_id=13"},"modified":"2025-09-22T10:57:56","modified_gmt":"2025-09-22T08:57:56","slug":"dla-studentow","status":"publish","type":"page","link":"https:\/\/home.agh.edu.pl\/~pnosal\/dla-studentow\/","title":{"rendered":"Dla student\u00f3w"},"content":{"rendered":"\n<p><\/p>\n\n\n\n<h2 class=\"wp-block-heading\"><strong>Dydaktyka<\/strong><\/h2>\n\n\n\n<p>Wytrzyma\u0142o\u015b\u0107 Materia\u0142\u00f3w<\/p>\n\n\n\n<p>Podstawy Wytrzyma\u0142o\u015bci Materia\u0142\u00f3w<\/p>\n\n\n\n<p>Wytrzyma\u0142o\u015b\u0107 Element\u00f3w Maszyn<\/p>\n\n\n\n<p>Teoria Spr\u0119\u017cysto\u015bci i Plastyczno\u015bci<\/p>\n\n\n\n<p>Integralno\u015b\u0107 Konstrukcji<\/p>\n\n\n\n<p>Wytrzyma\u0142o\u015b\u0107 Materia\u0142\u00f3w Kompozytowych<\/p>\n\n\n\n<p>Design of Composite Parts<\/p>\n\n\n\n<h2 class=\"wp-block-heading\"><strong>Prace dyplomowe<\/strong><\/h2>\n\n\n\n<p><a href=\"https:\/\/home.agh.edu.pl\/~pnosal\/dla-studentow\/propozycje\/\" data-type=\"page\" data-id=\"186\">Propozycje<\/a><\/p>\n\n\n\n<p><a href=\"https:\/\/home.agh.edu.pl\/~pnosal\/dla-studentow\/prace-zrealizowane\/\" data-type=\"page\" data-id=\"188\">Prace zrealizowane<\/a><\/p>\n\n\n\n<h2 class=\"wp-block-heading\"><strong>Ko\u0142o Naukowe Mechaniki Stosowanej SIMCAD<\/strong><\/h2>\n\n\n\n<p>Strona domowa &#8211; <a href=\"https:\/\/www.facebook.com\/@Ko\u0142o-Naukowe-Mechaniki-Stosowanej-AGH-100078338650437\/?_rdr\">Facebook<\/a><\/p>\n","protected":false},"excerpt":{"rendered":"<p>Dydaktyka Wytrzyma\u0142o\u015b\u0107 Materia\u0142\u00f3w Podstawy Wytrzyma\u0142o\u015bci Materia\u0142\u00f3w Wytrzyma\u0142o\u015b\u0107 Element\u00f3w Maszyn Teoria Spr\u0119\u017cysto\u015bci i Plastyczno\u015bci Integralno\u015b\u0107 Konstrukcji Wytrzyma\u0142o\u015b\u0107 Materia\u0142\u00f3w Kompozytowych Design of Composite Parts Prace dyplomowe Propozycje&#8230;<\/p>\n<div class=\"more-link-wrapper\"><a class=\"more-link\" href=\"https:\/\/home.agh.edu.pl\/~pnosal\/dla-studentow\/\">Continue reading<span class=\"screen-reader-text\">Dla student\u00f3w<\/span><\/a><\/div>\n","protected":false},"author":1,"featured_media":0,"parent":0,"menu_order":4,"comment_status":"closed","ping_status":"closed","template":"","meta":{"footnotes":""},"class_list":["post-13","page","type-page","status-publish","hentry","entry"],"lang":"pl","translations":{"pl":13},"pll_sync_post":[],"_links":{"self":[{"href":"https:\/\/home.agh.edu.pl\/~pnosal\/wp-json\/wp\/v2\/pages\/13","targetHints":{"allow":["GET"]}}],"collection":[{"href":"https:\/\/home.agh.edu.pl\/~pnosal\/wp-json\/wp\/v2\/pages"}],"about":[{"href":"https:\/\/home.agh.edu.pl\/~pnosal\/wp-json\/wp\/v2\/types\/page"}],"author":[{"embeddable":true,"href":"https:\/\/home.agh.edu.pl\/~pnosal\/wp-json\/wp\/v2\/users\/1"}],"replies":[{"embeddable":true,"href":"https:\/\/home.agh.edu.pl\/~pnosal\/wp-json\/wp\/v2\/comments?post=13"}],"version-history":[{"count":25,"href":"https:\/\/home.agh.edu.pl\/~pnosal\/wp-json\/wp\/v2\/pages\/13\/revisions"}],"predecessor-version":[{"id":194,"href":"https:\/\/home.agh.edu.pl\/~pnosal\/wp-json\/wp\/v2\/pages\/13\/revisions\/194"}],"wp:attachment":[{"href":"https:\/\/home.agh.edu.pl\/~pnosal\/wp-json\/wp\/v2\/media?parent=13"}],"curies":[{"name":"wp","href":"https:\/\/api.w.org\/{rel}","templated":true}]}}