{"id":34,"date":"2023-08-23T11:19:38","date_gmt":"2023-08-23T09:19:38","guid":{"rendered":"https:\/\/home.agh.edu.pl\/~pnosal\/?page_id=34"},"modified":"2025-09-22T12:22:30","modified_gmt":"2025-09-22T10:22:30","slug":"cv","status":"publish","type":"page","link":"https:\/\/home.agh.edu.pl\/~pnosal\/cv\/","title":{"rendered":"CV"},"content":{"rendered":"\n<h2 class=\"wp-block-heading has-larger-font-size\"><strong>Wykszta\u0142cenie<\/strong><\/h2>\n\n\n\n<div class=\"wp-block-group\"><div class=\"wp-block-group__inner-container is-layout-constrained wp-block-group-is-layout-constrained\">\n<div class=\"wp-block-group\"><div class=\"wp-block-group__inner-container is-layout-constrained wp-block-group-is-layout-constrained\">\n<p><strong>Politechnika Krakowska im. Tadeusza Ko\u015bciuszki<\/strong><\/p>\n\n\n\n<p>Dr in\u017c. (2016 &#8211; 2024)<\/p>\n\n\n\n<p>Tytu\u0142: <em>Modelowanie procesu stopowania tarciowego FSA oraz estymacja w\u0142a\u015bciwo\u015bci mechanicznych uzyskanego kompozytu<\/em><\/p>\n\n\n\n<ul class=\"wp-block-list\">\n<li>Promotor: prof. dr hab. in\u017c. Artur Ganczarski<\/li>\n\n\n\n<li>Promotor pomocniczy: dr in\u017c. Marek St. W\u0119glowski<\/li>\n<\/ul>\n<\/div><\/div>\n<\/div><\/div>\n\n\n\n<div class=\"wp-block-group\"><div class=\"wp-block-group__inner-container is-layout-constrained wp-block-group-is-layout-constrained\">\n<div class=\"wp-block-group\"><div class=\"wp-block-group__inner-container is-layout-constrained wp-block-group-is-layout-constrained\">\n<p><strong>Akademia G\u00f3rniczo-Hutnicza im. Stanis\u0142awa Staszica<\/strong><\/p>\n\n\n\n<p>Mgr in\u017c. (2014 &#8211; 2016)<\/p>\n\n\n\n<p>Tytu\u0142:  <em>Badania w\u0142a\u015bciwo\u015bci wytrzyma\u0142o\u015bciowych po\u0142\u0105cze\u0144 blach miedzianych wykonanych technologi\u0105 FSW<\/em><\/p>\n\n\n\n<ul class=\"wp-block-list\">\n<li>Promotor: dr hab. in\u017c. Tomasz Machniewicz, prof. AGH<\/li>\n<\/ul>\n<\/div><\/div>\n<\/div><\/div>\n\n\n\n<p><strong><strong>Politechnika Krakowska im. Tadeusza Ko\u015bciuszki<\/strong><\/strong><\/p>\n\n\n\n<p>In\u017c. (2009 &#8211; 2013)<\/p>\n\n\n\n<p>Tytu\u0142: <em>Optymalizacja topologii p\u0142askich struktur spr\u0119\u017cystych w \u015brodowisku Matlab<\/em><\/p>\n\n\n\n<ul class=\"wp-block-list\">\n<li>Promotor: prof. dr hab. in\u017c. Bogdan Bochenek<\/li>\n<\/ul>\n\n\n\n<h2 class=\"wp-block-heading has-larger-font-size\"><strong>Do\u015bwiadczenie zawodowe<\/strong><\/h2>\n\n\n\n<p>2024\u2013 obecnie <strong>Adiunkt<\/strong> Akademia G\u00f3rniczo-Hutnicza im. Stanis\u0142awa Staszica<\/p>\n\n\n\n<p>2018\u20132024 <strong>Asystent<\/strong> Akademia G\u00f3rniczo-Hutnicza im. Stanis\u0142awa Staszica<\/p>\n\n\n\n<p>2018\u20132019 <strong>Starszy referent techniczny<\/strong> Politechnika Krakowska im. Tadeusza Ko\u015bciuszki<\/p>\n\n\n\n<p>2012\u20132018 <strong>Kontroler jako\u015bci, in\u017cynier procesu, kierownik dzia\u0142u B+R<\/strong> ELECTRIS sp. z o.o. sp.k.<\/p>\n\n\n\n<p>2010\u20132011 <strong>\u015alusarz<\/strong> ISS Wawrzaszek<\/p>\n\n\n\n<p>2010 <strong>Operator CNC<\/strong> Auto-Bast<\/p>\n\n\n\n<p>2008\u20132010 \u015a<strong>lusarz<\/strong> ISS Wawrzaszek<\/p>\n\n\n\n<h2 class=\"wp-block-heading has-larger-font-size\"><strong>Dorobek naukowy<\/strong><\/h2>\n\n\n\n<p class=\"has-large-font-size\"><strong>Publikacje<\/strong><\/p>\n\n\n\n<ol class=\"wp-block-list\">\n<li>P. Bazan, A. Rochman, K. Mroczka, K. Badura, M. Melnychuk, P. Nosal, A. W\u0119glowska, <em>Composites based on PLA\/PHBV blends with nanocrystalline cellulose NCC: mechanical and thermal investigation<\/em>, Materials, 1\u201331, 2024<\/li>\n\n\n\n<li>H. \u0160imonov\u00e1, P. Bazan, B. Kucharczykov\u00e1, D. Koc\u00e1b, M. \u0141ach, D. Mierzwi\u0144ski, K. Setlak, M. Nykiel, P. Nosal, K. Korniejenko, <em>Hybrid geopolymer composites based on fly ash reinforced with glass and flax fibers<\/em>, Applied Sciences, 1\u201318, 2024<\/li>\n\n\n\n<li>P. Bazan, M. Gajda, P. Nosal, A. B\u0105k, K. Setlak, M. \u0141ach, <em>The influence of copper oxide particle size on the properties of epoxy resin<\/em>, Applied Sciences, 1\u201319, 2024<\/li>\n\n\n\n<li>P. Bazan, P. Nosal, A. Wierzbicka-Miernik, S. Kuciel,<em> A novel hybrid composite based on biopolyamide 10.10 with basalt\/aramid fibers: mechanical and thermal investigation<\/em>, Composites Part B, 1\u201315, 2021<\/li>\n\n\n\n<li>D. Mierzwi\u0144ski, P. Nosal, A. Szczepanik, M. \u0141ach, M. Duarte Guigou, M. Hebda, K. Korniejenko, <em>Concept of flocks fragmentation and averaging method for the application of electrocoagulation in process for coke oven wastewater treatment<\/em>, Materials, 1\u201319, 2021<\/li>\n\n\n\n<li>P. Bazan, P. Nosal, B. Kozub, S. Kuciel, <em>Biobased polyethylene hybrid composites with natural fiber: mechanical, thermal properties, and micromechanics<\/em>, Materials, 1\u201316, 2020<\/li>\n\n\n\n<li>T. Machniewicz, P. Nosal, A. Korbel, S. Gajecka, M. Hebda, <em>Effect of FSW traverse speed on mechanical properties of copper plate joints<\/em>, Materials, 1\u201314, 2020<\/li>\n\n\n\n<li>P. Nosal, A. Ganczarski, <em>Numerical simulation of temperature distribution during the first stage of the friction stir alloying process<\/em>, Technical Transactions, 179\u2013190, (7)2018<\/li>\n\n\n\n<li>P. Nosal, M. Hebda, <em>Effect of FSW parameters on properties of aluminium joints<\/em>, Bulletin of the Welding Institute (Biuletyn Instytutu Spawalnictwa), 97\u201399, (5)2017<\/li>\n<\/ol>\n\n\n\n<p class=\"has-large-font-size\"><strong>Rozdzia\u0142y monografii<\/strong><\/p>\n\n\n\n<ol class=\"wp-block-list\">\n<li>P. Nosal, A. Ganczarski, <em>Modeling solid materials in DEM using the micropolar theory<\/em>, Advanced Structured Materials, Springer Nature, 2023<\/li>\n<\/ol>\n\n\n\n<p class=\"has-large-font-size\"><strong>Materia\u0142y konferencyjne<\/strong><\/p>\n\n\n\n<ol class=\"wp-block-list\">\n<li>T. Machniewicz, Sz. Kurpiel, P. Nosal, A. Korbel, <em>Mechanical properties and fatigue crack growth rate in butt FSW joints of aerospace aluminium alloy 2024-T3<\/em>, Studies and Monographs \u2013 Opole University of Technology, 2019<\/li>\n\n\n\n<li>J. Marczyk, P. Nosal, M. Hebda, <em>Effect of friction stir processing on microstructure and microhardness of Al\u2013TiC composites<\/em>, Student Conference STC, 2018<\/li>\n\n\n\n<li>C. Ziejewska, P. Nosal, M. Hebda, <em>Microstructural and mechanical properties of aluminium alloy joints fabricated by friction stir welding<\/em>, Student Conference STC, 2018<\/li>\n\n\n\n<li>P. Nosal, A. Ganczarski, <em>Modeling of the temperature field that accompanies friction stir welding<\/em>, ITM Web of Conferences, 15, 03004, 2017<\/li>\n<\/ol>\n\n\n\n<h2 class=\"wp-block-heading has-larger-font-size\"><strong>Konferencje<\/strong><\/h2>\n\n\n\n<p>12th European Solid Mechanics Conference, Lyon (Francja), 7\u201311 lipiec 2025<\/p>\n\n\n\n<p>43rd Solid Mechanics Conference, Wroc\u0142aw, 16-18 wrzesie\u0144 2024<\/p>\n\n\n\n<p>11th European Solid Mechanics Conference, Galway (Irlandia), 4\u20138 lipiec 2022<\/p>\n\n\n\n<p>16th Conference on Dynamical Systems Theory and Applications (online), 6\u20139 grudzie\u0144 2021<\/p>\n\n\n\n<p>4th Polish Congress of Mechanics and the 23rd International Conference on Computer Methods in Mechanics: PCM-CMM-2019, Krak\u00f3w, 8\u201312 wrzesie\u0144 2019<\/p>\n\n\n\n<p>41st Solid Mechanics Conference, Warszawa, 27\u201331 sierpie\u0144 2018<\/p>\n\n\n\n<p>3rd National Interdisciplinary Conference EUREKA, Krzy\u017cowa, 23\u201324 maj 2018<\/p>\n\n\n\n<p>2nd International Conference of Computational Methods in Engineering Science (CMES), Lublin, 24\u201325 listopad 2017<\/p>\n\n\n\n<p>Seminar: Trends in the Development of Welding Technologies and Alternative Techniques, Gliwice, 19\u201320 pa\u017adziernik 2017<\/p>\n\n\n\n<h2 class=\"wp-block-heading has-larger-font-size\"><strong>Dydaktyka<\/strong><\/h2>\n\n\n\n<p>10.2018 \u2013 obecnie, <strong>Podstawy Wytrzyma\u0142o\u015bci Materia\u0142\u00f3w<\/strong>, kierunek: Mechanika i Budowa Maszyn<\/p>\n\n\n\n<p>10.2018 \u2013 obecnie, <strong>Wytrzyma\u0142o\u015b\u0107 Materia\u0142\u00f3w<\/strong>, kierunek: Automatyka Przemys\u0142owa i Robotyka, In\u017cynieria Mechatroniczna<\/p>\n\n\n\n<p>10.2018 \u2013 obecnie, <strong>Wytrzyma\u0142o\u015b\u0107 Element\u00f3w Maszyn<\/strong>, kierunek: Mechanika i Budowa Maszyn<\/p>\n\n\n\n<p>03.2021 \u2013 obecnie, <strong>Zapis Konstrukcji 1<\/strong>, kierunek: Mechanika i Budowa Maszyn, In\u017cyniernia Mechaniczna i Materia\u0142owa<\/p>\n\n\n\n<p>10.2022 \u2013 obecnie, <strong>Podstawy Konstrukcji Maszyn 1, 2<\/strong>, kierunek: Mechanika i Budowa Maszyn<\/p>\n\n\n\n<p>10.2024 \u2013 obecnie, <strong>Integralno\u015b\u0107 Konstrukcji<\/strong>, kierunek: Mechanika i Budowa Maszyn<\/p>\n\n\n\n<h2 class=\"wp-block-heading has-larger-font-size\"><strong>Rozw\u00f3j zawodowy<\/strong><\/h2>\n\n\n\n<p class=\"has-large-font-size\"><strong>Kursy i szkolenia<\/strong><\/p>\n\n\n\n<p>Localization And Ductile Failure: Experimental, Theoretical And Computational Aspect, CISM, International Centre for Mechanical Sciences, Udine, W\u0142ochy, 20\u201324 maj 2024<\/p>\n\n\n\n<p>Peridynamic Models For Material Degradation: From Fracture\/Fragmentation To Corrosion; From Models To Computer Codes, CISM, International Centre for Mechanical Sciences, Udine, W\u0142ochy, 23\u201326 pa\u017adziernik 2023<\/p>\n\n\n\n<p>Advanced Theories For Deformation, Damage And Failure In Materials, CISM, International Centre for Mechanical Sciences, online, 3\u20137 maj 2021<\/p>\n\n\n\n<p>Kurs ANSYS: MES dla praktyk\u00f3w, Analizy nieliniowe, Analizy dynamiczne<\/p>\n\n\n\n<p>Kurs SOLID WORKS: Simulation, Flow Simulation<\/p>\n\n\n\n<p>Kurs obs\u0142ugi ramienia pomiarowego FARO<\/p>\n\n\n\n<p>Kurs APQP-PPAP<\/p>\n\n\n\n<p>Kurs MIT na platformie edX \u2013 Design and Development of Educational Technology<\/p>\n\n\n\n<p>Kurs pedagogiczny dla asystent\u00f3w i doktorant\u00f3w<\/p>\n\n\n\n<p>Kurs Nature Masterclasses: Scientific Writing and Publishing, Effective Collaboration in Research, Persuasive Grant Writing, Networking for Researchers, Narrative Tools for Researchers, Creating Successful Research Poster, Advancing your Scientific Presentations<\/p>\n\n\n\n<p>Kurs CeL: Testy an platformie UPeL, H5P Interaktywne materia\u0142y, Rentgen Otwartych Zasob\u00f3w, Wykorzystanie materia\u0142\u00f3w podczas prowadzenia zaj\u0119\u0107, Prezentacje multimedialne, Flipped Clessroom, My\u015blenie wizualne w nauce i edukacji, E-learning akademicki<\/p>\n\n\n\n<p class=\"has-large-font-size\"><strong>Cz\u0142onkostwo w stowarzyszeniach<\/strong><\/p>\n\n\n\n<p>EUROMECH<\/p>\n\n\n\n<p>Polskie Towarzystwo Mechaniki Teoretycznej i Stosowanej<\/p>\n\n\n\n<p>Polskie Towarzystwo Metod Komputerowych Mechaniki<\/p>\n","protected":false},"excerpt":{"rendered":"<p>Wykszta\u0142cenie Politechnika Krakowska im. Tadeusza Ko\u015bciuszki Dr in\u017c. (2016 &#8211; 2024) Tytu\u0142: Modelowanie procesu stopowania tarciowego FSA oraz estymacja w\u0142a\u015bciwo\u015bci mechanicznych uzyskanego kompozytu Akademia G\u00f3rniczo-Hutnicza&#8230;<\/p>\n<div class=\"more-link-wrapper\"><a class=\"more-link\" href=\"https:\/\/home.agh.edu.pl\/~pnosal\/cv\/\">Continue reading<span class=\"screen-reader-text\">CV<\/span><\/a><\/div>\n","protected":false},"author":1,"featured_media":0,"parent":0,"menu_order":5,"comment_status":"closed","ping_status":"closed","template":"","meta":{"footnotes":""},"class_list":["post-34","page","type-page","status-publish","hentry","entry"],"lang":"pl","translations":{"pl":34},"pll_sync_post":[],"_links":{"self":[{"href":"https:\/\/home.agh.edu.pl\/~pnosal\/wp-json\/wp\/v2\/pages\/34","targetHints":{"allow":["GET"]}}],"collection":[{"href":"https:\/\/home.agh.edu.pl\/~pnosal\/wp-json\/wp\/v2\/pages"}],"about":[{"href":"https:\/\/home.agh.edu.pl\/~pnosal\/wp-json\/wp\/v2\/types\/page"}],"author":[{"embeddable":true,"href":"https:\/\/home.agh.edu.pl\/~pnosal\/wp-json\/wp\/v2\/users\/1"}],"replies":[{"embeddable":true,"href":"https:\/\/home.agh.edu.pl\/~pnosal\/wp-json\/wp\/v2\/comments?post=34"}],"version-history":[{"count":11,"href":"https:\/\/home.agh.edu.pl\/~pnosal\/wp-json\/wp\/v2\/pages\/34\/revisions"}],"predecessor-version":[{"id":201,"href":"https:\/\/home.agh.edu.pl\/~pnosal\/wp-json\/wp\/v2\/pages\/34\/revisions\/201"}],"wp:attachment":[{"href":"https:\/\/home.agh.edu.pl\/~pnosal\/wp-json\/wp\/v2\/media?parent=34"}],"curies":[{"name":"wp","href":"https:\/\/api.w.org\/{rel}","templated":true}]}}