{"id":6,"date":"2023-08-23T10:04:45","date_gmt":"2023-08-23T08:04:45","guid":{"rendered":"https:\/\/home.agh.edu.pl\/~pnosal\/?page_id=6"},"modified":"2025-07-03T11:47:13","modified_gmt":"2025-07-03T09:47:13","slug":"o-mnie","status":"publish","type":"page","link":"https:\/\/home.agh.edu.pl\/~pnosal\/","title":{"rendered":"O mnie"},"content":{"rendered":"\n<div class=\"wp-block-media-text is-stacked-on-mobile\" style=\"grid-template-columns:54% auto\"><figure class=\"wp-block-media-text__media\"><img fetchpriority=\"high\" decoding=\"async\" width=\"768\" height=\"1024\" src=\"https:\/\/home.agh.edu.pl\/~pnosal\/wp-content\/uploads\/2023\/08\/IMG_2381-1-768x1024.jpeg\" alt=\"\" class=\"wp-image-22 size-full\" srcset=\"https:\/\/home.agh.edu.pl\/~pnosal\/wp-content\/uploads\/2023\/08\/IMG_2381-1-768x1024.jpeg 768w, https:\/\/home.agh.edu.pl\/~pnosal\/wp-content\/uploads\/2023\/08\/IMG_2381-1-225x300.jpeg 225w, https:\/\/home.agh.edu.pl\/~pnosal\/wp-content\/uploads\/2023\/08\/IMG_2381-1-1152x1536.jpeg 1152w, https:\/\/home.agh.edu.pl\/~pnosal\/wp-content\/uploads\/2023\/08\/IMG_2381-1-1536x2048.jpeg 1536w, https:\/\/home.agh.edu.pl\/~pnosal\/wp-content\/uploads\/2023\/08\/IMG_2381-1-scaled.jpeg 1920w\" sizes=\"(max-width: 768px) 100vw, 768px\" \/><\/figure><div class=\"wp-block-media-text__content\">\n<p>Jestem adiunktem w Katedrze Projektowania i Eksploatacji Maszyn na Wydziale In\u017cynierii Mechanicznej i Robotyki Akademii G\u00f3rniczo-Hutniczej im. Stanis\u0142awa Staszica w Krakowie. W mojej dzia\u0142alno\u015bci naukowej zajmuj\u0119 si\u0119 obecnie zastosowaniem metody peridynamics w analizie procesu p\u0119kania materia\u0142\u00f3w oraz zjawiska lokalizacji odkszta\u0142cenia.<\/p>\n\n\n\n<p>Jestem fanem sportu, a w szczeg\u00f3lno\u015bci pi\u0142ki no\u017cnej, kolarstwa MTB, turystyki g\u00f3rskiej oraz narciarstwa alpejskiego. Pasjonuj\u0119 si\u0119 podr\u00f3\u017cami i szczeg\u00f3lnie bliska jest mi Skandynawia. Prywatnie jestem m\u0119\u017cem i ojcem dw\u00f3jki dzieci, kt\u00f3re s\u0105 moj\u0105 najwi\u0119ksz\u0105 motywacj\u0105 do dalszego rozwoju.<\/p>\n<\/div><\/div>\n","protected":false},"excerpt":{"rendered":"<p>Jestem adiunktem w Katedrze Projektowania i Eksploatacji Maszyn na Wydziale In\u017cynierii Mechanicznej i Robotyki Akademii G\u00f3rniczo-Hutniczej im. Stanis\u0142awa Staszica w Krakowie. W mojej dzia\u0142alno\u015bci naukowej&#8230;<\/p>\n<div class=\"more-link-wrapper\"><a class=\"more-link\" href=\"https:\/\/home.agh.edu.pl\/~pnosal\/\">Continue reading<span class=\"screen-reader-text\">O mnie<\/span><\/a><\/div>\n","protected":false},"author":1,"featured_media":0,"parent":0,"menu_order":0,"comment_status":"closed","ping_status":"closed","template":"","meta":{"footnotes":""},"class_list":["post-6","page","type-page","status-publish","hentry","entry"],"lang":"pl","translations":{"pl":6,"en":119},"pll_sync_post":[],"_links":{"self":[{"href":"https:\/\/home.agh.edu.pl\/~pnosal\/wp-json\/wp\/v2\/pages\/6","targetHints":{"allow":["GET"]}}],"collection":[{"href":"https:\/\/home.agh.edu.pl\/~pnosal\/wp-json\/wp\/v2\/pages"}],"about":[{"href":"https:\/\/home.agh.edu.pl\/~pnosal\/wp-json\/wp\/v2\/types\/page"}],"author":[{"embeddable":true,"href":"https:\/\/home.agh.edu.pl\/~pnosal\/wp-json\/wp\/v2\/users\/1"}],"replies":[{"embeddable":true,"href":"https:\/\/home.agh.edu.pl\/~pnosal\/wp-json\/wp\/v2\/comments?post=6"}],"version-history":[{"count":10,"href":"https:\/\/home.agh.edu.pl\/~pnosal\/wp-json\/wp\/v2\/pages\/6\/revisions"}],"predecessor-version":[{"id":176,"href":"https:\/\/home.agh.edu.pl\/~pnosal\/wp-json\/wp\/v2\/pages\/6\/revisions\/176"}],"wp:attachment":[{"href":"https:\/\/home.agh.edu.pl\/~pnosal\/wp-json\/wp\/v2\/media?parent=6"}],"curies":[{"name":"wp","href":"https:\/\/api.w.org\/{rel}","templated":true}]}}