{"id":9,"date":"2023-08-23T10:16:27","date_gmt":"2023-08-23T08:16:27","guid":{"rendered":"https:\/\/home.agh.edu.pl\/~pnosal\/?page_id=9"},"modified":"2025-07-03T11:43:06","modified_gmt":"2025-07-03T09:43:06","slug":"badania","status":"publish","type":"page","link":"https:\/\/home.agh.edu.pl\/~pnosal\/badania\/","title":{"rendered":"Badania"},"content":{"rendered":"\n<p class=\"has-text-align-left\">Zajmuj\u0119 si\u0119 rozwojem i zastosowaniem nowoczesnych metod numerycznych do analizy zjawisk p\u0119kania i lokalizacji odkszta\u0142cenia w materia\u0142ach in\u017cynierskich. Moje badania koncentruj\u0105 si\u0119 przede wszystkim na metodzie <strong>peridynamics<\/strong>, ze szczeg\u00f3lnym uwzgl\u0119dnieniem jej <strong>wersji typu non-ordinary state-based (NOSB)<\/strong>, kt\u00f3ra umo\u017cliwia bezpo\u015brednie zastosowanie opisu konstytutywnego znanego z klasycznej teorii kontinuum.<\/p>\n\n\n\n<figure class=\"wp-block-image size-large\"><img fetchpriority=\"high\" decoding=\"async\" width=\"1024\" height=\"458\" src=\"https:\/\/home.agh.edu.pl\/~pnosal\/wp-content\/uploads\/2025\/07\/Zrzut-ekranu-2025-07-3-o-11.30.16-1024x458.png\" alt=\"\" class=\"wp-image-164\" srcset=\"https:\/\/home.agh.edu.pl\/~pnosal\/wp-content\/uploads\/2025\/07\/Zrzut-ekranu-2025-07-3-o-11.30.16-1024x458.png 1024w, https:\/\/home.agh.edu.pl\/~pnosal\/wp-content\/uploads\/2025\/07\/Zrzut-ekranu-2025-07-3-o-11.30.16-300x134.png 300w, https:\/\/home.agh.edu.pl\/~pnosal\/wp-content\/uploads\/2025\/07\/Zrzut-ekranu-2025-07-3-o-11.30.16-768x343.png 768w, https:\/\/home.agh.edu.pl\/~pnosal\/wp-content\/uploads\/2025\/07\/Zrzut-ekranu-2025-07-3-o-11.30.16-1536x687.png 1536w, https:\/\/home.agh.edu.pl\/~pnosal\/wp-content\/uploads\/2025\/07\/Zrzut-ekranu-2025-07-3-o-11.30.16-2048x916.png 2048w\" sizes=\"(max-width: 1024px) 100vw, 1024px\" \/><\/figure>\n\n\n\n<p>R\u00f3wnolegle rozwijam podej\u015bcie oparte na&nbsp;<strong>teorii pseudo-kontinuum Cosserat<\/strong>, kt\u00f3ra umo\u017cliwia uwzgl\u0119dnienie efekt\u00f3w zwi\u0105zanych z mikrorotacjami oraz wp\u0142ywem struktury materia\u0142u poprzez wprowadzenie wewn\u0119trznej d\u0142ugo\u015bci charakterystycznej.&nbsp;<strong>Integracja teorii Cosserat z metod\u0105 peridynamics pozwala na dok\u0142adniejsze odwzorowanie zjawisk lokalizacji odkszta\u0142cenia<\/strong>, w tym powstawania pasm \u015bcinania oraz inicjacji i propagacji p\u0119kni\u0119\u0107 w materia\u0142ach spr\u0119\u017cysto-plastycznych.<\/p>\n\n\n\n<p>W mojej pracy \u0142\u0105cz\u0119 podej\u015bcie teoretyczne, implementacj\u0119 autorskich algorytm\u00f3w numerycznych w \u015brodowisku&nbsp;<strong>MATLAB<\/strong>, a tak\u017ce walidacj\u0119 wynik\u00f3w z wykorzystaniem danych eksperymentalnych (m.in. z pr\u00f3b mechanicznych, analiz mikroskopowych oraz test\u00f3w nanoindentacyjnych).<\/p>\n\n\n\n<p>Celem moich bada\u0144 jest opracowanie narz\u0119dzi umo\u017cliwiaj\u0105cych bardziej realistyczne i efektywne modelowanie z\u0142o\u017conych zjawisk mechanicznych w materia\u0142ach konstrukcyjnych, w tym r\u00f3wnie\u017c w tych wytwarzanych metodami przyrostowymi.<\/p>\n","protected":false},"excerpt":{"rendered":"<p>Zajmuj\u0119 si\u0119 rozwojem i zastosowaniem nowoczesnych metod numerycznych do analizy zjawisk p\u0119kania i lokalizacji odkszta\u0142cenia w materia\u0142ach in\u017cynierskich. Moje badania koncentruj\u0105 si\u0119 przede wszystkim na&#8230;<\/p>\n<div class=\"more-link-wrapper\"><a class=\"more-link\" href=\"https:\/\/home.agh.edu.pl\/~pnosal\/badania\/\">Continue reading<span class=\"screen-reader-text\">Badania<\/span><\/a><\/div>\n","protected":false},"author":1,"featured_media":0,"parent":0,"menu_order":2,"comment_status":"closed","ping_status":"closed","template":"","meta":{"footnotes":""},"class_list":["post-9","page","type-page","status-publish","hentry","entry"],"lang":"pl","translations":{"pl":9},"pll_sync_post":[],"_links":{"self":[{"href":"https:\/\/home.agh.edu.pl\/~pnosal\/wp-json\/wp\/v2\/pages\/9","targetHints":{"allow":["GET"]}}],"collection":[{"href":"https:\/\/home.agh.edu.pl\/~pnosal\/wp-json\/wp\/v2\/pages"}],"about":[{"href":"https:\/\/home.agh.edu.pl\/~pnosal\/wp-json\/wp\/v2\/types\/page"}],"author":[{"embeddable":true,"href":"https:\/\/home.agh.edu.pl\/~pnosal\/wp-json\/wp\/v2\/users\/1"}],"replies":[{"embeddable":true,"href":"https:\/\/home.agh.edu.pl\/~pnosal\/wp-json\/wp\/v2\/comments?post=9"}],"version-history":[{"count":6,"href":"https:\/\/home.agh.edu.pl\/~pnosal\/wp-json\/wp\/v2\/pages\/9\/revisions"}],"predecessor-version":[{"id":173,"href":"https:\/\/home.agh.edu.pl\/~pnosal\/wp-json\/wp\/v2\/pages\/9\/revisions\/173"}],"wp:attachment":[{"href":"https:\/\/home.agh.edu.pl\/~pnosal\/wp-json\/wp\/v2\/media?parent=9"}],"curies":[{"name":"wp","href":"https:\/\/api.w.org\/{rel}","templated":true}]}}