{"id":165,"date":"2014-10-02T16:15:26","date_gmt":"2014-10-02T14:15:26","guid":{"rendered":"http:\/\/home.agh.edu.pl\/~potorski\/?page_id=165"},"modified":"2018-01-10T20:08:53","modified_gmt":"2018-01-10T19:08:53","slug":"msf-pl","status":"publish","type":"page","link":"https:\/\/home.agh.edu.pl\/~potorski\/teaching\/msf-pl","title":{"rendered":"Modeling and Simulations in Finance (PL)"},"content":{"rendered":"<div class=\"su-row\">\n<p style=\"text-align: left;\"><div class=\"su-animate\" style=\"opacity:0;-webkit-animation-duration:3s;-webkit-animation-delay:0s;animation-duration:3s;animation-delay:0s;\" data-animation=\"flipInX\" data-duration=\"3\" data-delay=\"0\"><div class=\"jbox gray\" ><div  class=\"jbox-content\"><h2 style=\"text-align: center;\">Modelowanie i symulacje w finansach<\/h2>\n<p style=\"text-align: left;\"><\/div><\/div><\/div>\n<p style=\"text-align: left;\"><\/div>\n<p style=\"text-align: left;\"><div class=\"su-row\">\n<div class=\"su-column su-column-size-1-2\"><div class=\"su-column-inner su-u-clearfix su-u-trim\">\n<div class=\"jbox gray\" ><div  class=\"jbox-content\"><img loading=\"lazy\" decoding=\"async\" class=\"aligncenter wp-image-470\" src=\"http:\/\/home.agh.edu.pl\/~potorski\/wp-content\/uploads\/free-60-icons-121.png\" alt=\"\" width=\"70\" height=\"70\" srcset=\"https:\/\/home.agh.edu.pl\/~potorski\/wp-content\/uploads\/free-60-icons-121.png 128w, https:\/\/home.agh.edu.pl\/~potorski\/wp-content\/uploads\/free-60-icons-121-100x100.png 100w\" sizes=\"auto, (max-width: 70px) 100vw, 70px\" \/><\/p>\n<hr \/>\n<p style=\"text-align: center;\"><strong>O przedmiocie<\/strong><\/p>\n<p style=\"text-align: center;\">Przedmiot przeznaczony dla student\u00f3w II roku studi\u00f3w II stopnia na kierunku\u00a0Matematyka, specjalno\u015b\u0107 Matematyka Finansowa<span style=\"line-height: 1.5;\">, Wydzia\u0142\u00a0Matematyki Stosowanej<\/span><span style=\"line-height: 1.5;\">. Semestr zimowy\u00a02017\/2018.<\/span><\/p>\n<p style=\"text-align: center;\"><\/div><\/div>\n<\/div><\/div>\n<div class=\"su-column su-column-size-1-2\"><div class=\"su-column-inner su-u-clearfix su-u-trim\">\n<div class=\"jbox gray\" ><div  class=\"jbox-content\"><img loading=\"lazy\" decoding=\"async\" class=\"aligncenter wp-image-471\" src=\"http:\/\/home.agh.edu.pl\/~potorski\/wp-content\/uploads\/free-60-icons-58.png\" alt=\"\" width=\"70\" height=\"70\" srcset=\"https:\/\/home.agh.edu.pl\/~potorski\/wp-content\/uploads\/free-60-icons-58.png 128w, https:\/\/home.agh.edu.pl\/~potorski\/wp-content\/uploads\/free-60-icons-58-100x100.png 100w\" sizes=\"auto, (max-width: 70px) 100vw, 70px\" \/><\/p>\n<hr \/>\n<p style=\"text-align: center;\"><strong>Syllabus oraz warunki zaliczenia przedmiotu<\/strong><\/p>\n<p style=\"text-align: center;\"><a title=\"Syllabus\" href=\"http:\/\/syllabuskrk.agh.edu.pl\/2014-2015\/pl\/magnesite\/study_plans\/stacjonarne-matematyka-matematyka-finansowa\/module\/ama-2-303-mf-s-modelowanie-i-symulacja-w-finansach\" target=\"_blank\" rel=\"noopener noreferrer\">Syllabus kursu<\/a><br \/>\n<a href=\"http:\/\/home.agh.edu.pl\/~potorski\/wp-content\/uploads\/MSF_PC.pdf\">Zasady zaliczenia<\/a><\/p>\n<p style=\"text-align: center;\"><\/div><\/div>\n<\/div><\/div>\n<\/div>\n<p>&nbsp;<\/p>\n<div class=\"su-row\">\n<div class=\"su-column su-column-size-1-2\"><div class=\"su-column-inner su-u-clearfix su-u-trim\">\n<div class=\"jbox gray\" ><div  class=\"jbox-content\"><a href=\"http:\/\/home.agh.edu.pl\/~potorski\/wp-content\/uploads\/MSF_Week01.pdf\"><img loading=\"lazy\" decoding=\"async\" class=\"aligncenter wp-image-182 size-full\" title=\"Week 1\" src=\"http:\/\/home.agh.edu.pl\/~potorski\/wp-content\/uploads\/button011.png\" alt=\"\" width=\"70\" height=\"70\" \/><\/a><\/p>\n<hr \/>\n<h6 style=\"text-align: center;\"><strong><div class=\"su-animate\" style=\"opacity:0;-webkit-animation-duration:1s;-webkit-animation-delay:0s;animation-duration:1s;animation-delay:0s;\" data-animation=\"pulse\" data-duration=\"1\" data-delay=\"0\">Tydzie\u0144 1<\/div><\/strong><\/h6>\n<p style=\"text-align: center;\">Podstawy Visual Basic. Makra i funkcje.<\/p>\n<p style=\"text-align: center;\"><\/div><\/div>\n<\/div><\/div>\n<div class=\"su-column su-column-size-1-2\"><div class=\"su-column-inner su-u-clearfix su-u-trim\">\n<div class=\"jbox gray\" ><div  class=\"jbox-content\"><a href=\"http:\/\/home.agh.edu.pl\/~potorski\/wp-content\/uploads\/MSF_Week02.pdf\"><img loading=\"lazy\" decoding=\"async\" class=\"aligncenter wp-image-183 size-full\" title=\"Week 2\" src=\"http:\/\/home.agh.edu.pl\/~potorski\/wp-content\/uploads\/button02.png\" alt=\"\" width=\"70\" height=\"70\" \/><\/a><\/p>\n<hr \/>\n<h6 style=\"text-align: center;\"><strong><div class=\"su-animate\" style=\"opacity:0;-webkit-animation-duration:1s;-webkit-animation-delay:0s;animation-duration:1s;animation-delay:0s;\" data-animation=\"pulse\" data-duration=\"1\" data-delay=\"0\">Tydzie\u0144 2<\/div><\/strong><\/h6>\n<p style=\"text-align: center;\">Opcje. Model Blacka Scholesa.<\/p>\n<p style=\"text-align: center;\"><\/div><\/div>\n<\/div><\/div>\n<\/div>\n<p>&nbsp;<\/p>\n<div class=\"su-row\">\n<div class=\"su-column su-column-size-1-2\"><div class=\"su-column-inner su-u-clearfix su-u-trim\">\n<div class=\"jbox gray\" ><div  class=\"jbox-content\"><a href=\"http:\/\/home.agh.edu.pl\/~potorski\/wp-content\/uploads\/MSF_Week03.pdf\"><img loading=\"lazy\" decoding=\"async\" class=\"aligncenter wp-image-184 size-full\" title=\"Week 3\" src=\"http:\/\/home.agh.edu.pl\/~potorski\/wp-content\/uploads\/button03.png\" width=\"70\" height=\"70\" \/><\/a><\/p>\n<hr \/>\n<h6 style=\"text-align: center;\"><strong><div class=\"su-animate\" style=\"opacity:0;-webkit-animation-duration:1s;-webkit-animation-delay:0s;animation-duration:1s;animation-delay:0s;\" data-animation=\"pulse\" data-duration=\"1\" data-delay=\"0\">Tydzie\u0144 3<\/div><\/strong><\/h6>\n<p style=\"text-align: center;\">Wycena opcji w modelu dwumianowy w Excel i VBA.<\/p>\n<p style=\"text-align: center;\"><\/div><\/div>\n<\/div><\/div>\n<div class=\"su-column su-column-size-1-2\"><div class=\"su-column-inner su-u-clearfix su-u-trim\">\n<div class=\"jbox gray\" ><div  class=\"jbox-content\"><img loading=\"lazy\" decoding=\"async\" class=\"aligncenter wp-image-185 size-full\" title=\"Week 4\" src=\"http:\/\/home.agh.edu.pl\/~potorski\/wp-content\/uploads\/button04.png\" alt=\"\" width=\"70\" height=\"70\" \/><\/p>\n<hr \/>\n<h6 style=\"text-align: center;\"><strong><div class=\"su-animate\" style=\"opacity:0;-webkit-animation-duration:1s;-webkit-animation-delay:0s;animation-duration:1s;animation-delay:0s;\" data-animation=\"pulse\" data-duration=\"1\" data-delay=\"0\">Tydzie\u0144 4<\/div><\/strong><\/h6>\n<p style=\"text-align: center;\">Model Coxa-Rossa-Rubinsteina.<\/p>\n<p style=\"text-align: center;\"><\/div><\/div>\n<\/div><\/div>\n<\/div>\n<p>&nbsp;<\/p>\n<div class=\"su-row\">\n<div class=\"su-column su-column-size-1-2\"><div class=\"su-column-inner su-u-clearfix su-u-trim\">\n<div class=\"jbox gray\" ><div  class=\"jbox-content\"><a href=\"http:\/\/home.agh.edu.pl\/~potorski\/wp-content\/uploads\/MSF_Week07.pdf\"><img loading=\"lazy\" decoding=\"async\" class=\"aligncenter wp-image-509 size-full\" title=\"Week 5\" src=\"http:\/\/home.agh.edu.pl\/~potorski\/wp-content\/uploads\/button051.png\" alt=\"\" width=\"70\" height=\"70\" \/><\/a><\/p>\n<hr \/>\n<h6 style=\"text-align: center;\"><strong><div class=\"su-animate\" style=\"opacity:0;-webkit-animation-duration:1s;-webkit-animation-delay:0s;animation-duration:1s;animation-delay:0s;\" data-animation=\"pulse\" data-duration=\"1\" data-delay=\"0\">Tydzie\u0144 5<\/div><\/strong><\/h6>\n<p style=\"text-align: center;\">Opcje na instrumenty wyp\u0142acaj\u0105ce dywidendy.<\/p>\n<p style=\"text-align: center;\"><\/div><\/div>\n<\/div><\/div>\n<div class=\"su-column su-column-size-1-2\"><div class=\"su-column-inner su-u-clearfix su-u-trim\">\n<div class=\"jbox gray\" ><div  class=\"jbox-content\"><a href=\"http:\/\/home.agh.edu.pl\/~potorski\/wp-content\/uploads\/Week08.pdf\"><img loading=\"lazy\" decoding=\"async\" class=\"aligncenter wp-image-187 size-full\" title=\"Week 6\" src=\"http:\/\/home.agh.edu.pl\/~potorski\/wp-content\/uploads\/button06.png\" alt=\"\" width=\"70\" height=\"70\" \/><\/a><\/p>\n<hr \/>\n<h6 style=\"text-align: center;\"><strong><div class=\"su-animate\" style=\"opacity:0;-webkit-animation-duration:1s;-webkit-animation-delay:0s;animation-duration:1s;animation-delay:0s;\" data-animation=\"pulse\" data-duration=\"1\" data-delay=\"0\">Tydzie\u0144 6<\/div><\/strong><\/h6>\n<p style=\"text-align: center;\">Metoda Monte Carlo z wykorzystaniem drzew dwumianowych.<\/p>\n<p style=\"text-align: center;\"><\/div><\/div>\n<\/div><\/div>\n<\/div>\n<p>&nbsp;<\/p>\n<div class=\"su-row\">\n<div class=\"su-column su-column-size-1-2\"><div class=\"su-column-inner su-u-clearfix su-u-trim\">\n<div class=\"jbox gray\" ><div  class=\"jbox-content\"><img loading=\"lazy\" decoding=\"async\" class=\"wp-image-188 size-full aligncenter\" title=\"Week 7\" src=\"http:\/\/home.agh.edu.pl\/~potorski\/wp-content\/uploads\/button07.png\" alt=\"\" width=\"70\" height=\"70\" \/><\/p>\n<hr \/>\n<h6 style=\"text-align: center;\"><strong><div class=\"su-animate\" style=\"opacity:0;-webkit-animation-duration:1s;-webkit-animation-delay:0s;animation-duration:1s;animation-delay:0s;\" data-animation=\"pulse\" data-duration=\"1\" data-delay=\"0\">Tydzie\u0144 7<\/div><\/strong><\/h6>\n<p style=\"text-align: center;\">Metoda Monte Carlo w modelu ci\u0105g\u0142ym. Generowanie zmiennych losowych z rozk\u0142adu normalnego.<\/p>\n<p style=\"text-align: center;\"><\/div><\/div>\n<\/div><\/div>\n<div class=\"su-column su-column-size-1-2\"><div class=\"su-column-inner su-u-clearfix su-u-trim\">\n<div class=\"jbox gray\" ><div  class=\"jbox-content\"><a href=\"http:\/\/home.agh.edu.pl\/~potorski\/wp-content\/uploads\/MSF_Week10.pdf\"><img loading=\"lazy\" decoding=\"async\" class=\"aligncenter wp-image-189 size-full\" title=\"Week 8\" src=\"http:\/\/home.agh.edu.pl\/~potorski\/wp-content\/uploads\/button08.png\" alt=\"\" width=\"70\" height=\"70\" \/><\/a><\/p>\n<hr \/>\n<h6 style=\"text-align: center;\"><strong><div class=\"su-animate\" style=\"opacity:0;-webkit-animation-duration:1s;-webkit-animation-delay:0s;animation-duration:1s;animation-delay:0s;\" data-animation=\"pulse\" data-duration=\"1\" data-delay=\"0\">Tydzie\u0144 8<\/div><\/strong><\/h6>\n<p style=\"text-align: center;\">Metoda r\u00f3\u017cnic sko\u0144czonych EXPLICIT.<\/p>\n<p style=\"text-align: center;\"><\/div><\/div>\n<\/div><\/div>\n<\/div>\n<p>&nbsp;<\/p>\n<div class=\"su-row\">\n<div class=\"su-column su-column-size-1-2\"><div class=\"su-column-inner su-u-clearfix su-u-trim\">\n<div class=\"jbox gray\" ><div  class=\"jbox-content\"><img loading=\"lazy\" decoding=\"async\" class=\"aligncenter wp-image-190 size-full\" title=\"Week 9\" src=\"http:\/\/home.agh.edu.pl\/~potorski\/wp-content\/uploads\/button09.png\" alt=\"\" width=\"70\" height=\"70\" \/><\/p>\n<hr \/>\n<h6 style=\"text-align: center;\"><strong><div class=\"su-animate\" style=\"opacity:0;-webkit-animation-duration:1s;-webkit-animation-delay:0s;animation-duration:1s;animation-delay:0s;\" data-animation=\"pulse\" data-duration=\"1\" data-delay=\"0\">Tydzie\u0144 9<\/div><\/strong><\/h6>\n<p style=\"text-align: center;\">Metoda\u00a0r\u00f3\u017cnic sko\u0144czonych EXPLICIT.<\/p>\n<p style=\"text-align: center;\"><\/div><\/div>\n<\/div><\/div>\n<div class=\"su-column su-column-size-1-2\"><div class=\"su-column-inner su-u-clearfix su-u-trim\">\n<div class=\"jbox gray\" ><div  class=\"jbox-content\"><a href=\"http:\/\/home.agh.edu.pl\/~potorski\/wp-content\/uploads\/MSF_Week12.pdf\"><img loading=\"lazy\" decoding=\"async\" class=\"aligncenter wp-image-191 size-full\" title=\"Week 10\" src=\"http:\/\/home.agh.edu.pl\/~potorski\/wp-content\/uploads\/button10.png\" alt=\"\" width=\"70\" height=\"70\" \/><\/a><\/p>\n<hr \/>\n<h6 style=\"text-align: center;\"><strong><div class=\"su-animate\" style=\"opacity:0;-webkit-animation-duration:1s;-webkit-animation-delay:0s;animation-duration:1s;animation-delay:0s;\" data-animation=\"pulse\" data-duration=\"1\" data-delay=\"0\">Tydzie\u0144 10<\/div><\/strong><\/h6>\n<p style=\"text-align: center;\">Metoda r\u00f3\u017cnic sko\u0144czonych IMPLICIT.<\/p>\n<p style=\"text-align: center;\"><\/div><\/div>\n<\/div><\/div>\n<\/div>\n<div class=\"su-row\">\n<div class=\"su-column su-column-size-1-2\"><div class=\"su-column-inner su-u-clearfix su-u-trim\">\n<div class=\"jbox gray\" ><div  class=\"jbox-content\"><img loading=\"lazy\" decoding=\"async\" class=\"aligncenter wp-image-192 size-full\" title=\"Week 11\" src=\"http:\/\/home.agh.edu.pl\/~potorski\/wp-content\/uploads\/button11.png\" alt=\"\" width=\"70\" height=\"70\" \/><\/p>\n<hr \/>\n<h6 style=\"text-align: center;\"><strong><div class=\"su-animate\" style=\"opacity:0;-webkit-animation-duration:1s;-webkit-animation-delay:0s;animation-duration:1s;animation-delay:0s;\" data-animation=\"pulse\" data-duration=\"1\" data-delay=\"0\">Tydzie\u0144 11<\/div><\/strong><\/h6>\n<p style=\"text-align: center;\">Metoda\u00a0r\u00f3\u017cnic sko\u0144czonych IMPLICIT.<\/p>\n<p style=\"text-align: center;\"><\/div><\/div>\n<\/div><\/div>\n<div class=\"su-column su-column-size-1-2\"><div class=\"su-column-inner su-u-clearfix su-u-trim\">\n<div class=\"jbox gray\" ><div  class=\"jbox-content\"><img loading=\"lazy\" decoding=\"async\" class=\"aligncenter wp-image-193 size-full\" title=\"Week 12\" src=\"http:\/\/home.agh.edu.pl\/~potorski\/wp-content\/uploads\/button12.png\" alt=\"\" width=\"70\" height=\"70\" \/><\/p>\n<hr \/>\n<h6 style=\"text-align: center;\"><strong><div class=\"su-animate\" style=\"opacity:0;-webkit-animation-duration:1s;-webkit-animation-delay:0s;animation-duration:1s;animation-delay:0s;\" data-animation=\"pulse\" data-duration=\"1\" data-delay=\"0\">Tydzie\u0144 12<\/div><\/strong><\/h6>\n<p style=\"text-align: center;\">Podsumowanie metod r\u00f3\u017cnic sko\u0144czonych.<\/p>\n<p style=\"text-align: center;\"><\/div><\/div>\n<\/div><\/div>\n<\/div>\n<p>&nbsp;<\/p>\n<div class=\"su-row\">\n<div class=\"su-column su-column-size-1-2\"><div class=\"su-column-inner su-u-clearfix su-u-trim\">\n<div class=\"jbox gray\" ><div  class=\"jbox-content\"><a href=\"http:\/\/home.agh.edu.pl\/~potorski\/wp-content\/uploads\/Project01.pdf\"><img loading=\"lazy\" decoding=\"async\" class=\"aligncenter wp-image-128\" title=\"Project 1\" src=\"http:\/\/home.agh.edu.pl\/~potorski\/wp-content\/uploads\/analytics.png\" alt=\"\" width=\"70\" height=\"70\" srcset=\"https:\/\/home.agh.edu.pl\/~potorski\/wp-content\/uploads\/analytics.png 128w, https:\/\/home.agh.edu.pl\/~potorski\/wp-content\/uploads\/analytics-100x100.png 100w\" sizes=\"auto, (max-width: 70px) 100vw, 70px\" \/><\/a><\/p>\n<hr \/>\n<h6 style=\"text-align: center;\"><strong><div class=\"su-animate\" style=\"opacity:0;-webkit-animation-duration:1s;-webkit-animation-delay:0s;animation-duration:1s;animation-delay:0s;\" data-animation=\"pulse\" data-duration=\"1\" data-delay=\"0\">Projekt 1<\/div><\/strong><\/h6>\n<p style=\"text-align: center;\">Zlecenie od banku &#8211; kredyt mieszkaniowy.<\/p>\n<p style=\"text-align: center;\"><\/div><\/div>\n<\/div><\/div>\n<div class=\"su-column su-column-size-1-2\"><div class=\"su-column-inner su-u-clearfix su-u-trim\">\n<div class=\"jbox gray\" ><div  class=\"jbox-content\"><a href=\"http:\/\/home.agh.edu.pl\/~potorski\/wp-content\/uploads\/Project02.pdf\"><img loading=\"lazy\" decoding=\"async\" class=\"aligncenter wp-image-128\" title=\"Project 2\" src=\"http:\/\/home.agh.edu.pl\/~potorski\/wp-content\/uploads\/analytics.png\" alt=\"\" width=\"70\" height=\"70\" srcset=\"https:\/\/home.agh.edu.pl\/~potorski\/wp-content\/uploads\/analytics.png 128w, https:\/\/home.agh.edu.pl\/~potorski\/wp-content\/uploads\/analytics-100x100.png 100w\" sizes=\"auto, (max-width: 70px) 100vw, 70px\" \/><\/a><\/p>\n<hr \/>\n<h6 style=\"text-align: center;\"><strong><div class=\"su-animate\" style=\"opacity:0;-webkit-animation-duration:1s;-webkit-animation-delay:0s;animation-duration:1s;animation-delay:0s;\" data-animation=\"pulse\" data-duration=\"1\" data-delay=\"0\">Projekt\u00a02<\/div><\/strong><\/h6>\n<p style=\"text-align: center;\">Wycena opcji egzotycznych.<\/p>\n<p style=\"text-align: center;\"><\/div><\/div>\n<\/div><\/div>\n<\/div>\n","protected":false},"excerpt":{"rendered":"<p>&nbsp; &nbsp; &nbsp; &nbsp; &nbsp; &nbsp;<\/p>\n","protected":false},"author":1,"featured_media":0,"parent":6,"menu_order":0,"comment_status":"closed","ping_status":"closed","template":"full-width-page.php","meta":{"footnotes":""},"class_list":["post-165","page","type-page","status-publish","hentry"],"_links":{"self":[{"href":"https:\/\/home.agh.edu.pl\/~potorski\/wp-json\/wp\/v2\/pages\/165","targetHints":{"allow":["GET"]}}],"collection":[{"href":"https:\/\/home.agh.edu.pl\/~potorski\/wp-json\/wp\/v2\/pages"}],"about":[{"href":"https:\/\/home.agh.edu.pl\/~potorski\/wp-json\/wp\/v2\/types\/page"}],"author":[{"embeddable":true,"href":"https:\/\/home.agh.edu.pl\/~potorski\/wp-json\/wp\/v2\/users\/1"}],"replies":[{"embeddable":true,"href":"https:\/\/home.agh.edu.pl\/~potorski\/wp-json\/wp\/v2\/comments?post=165"}],"version-history":[{"count":69,"href":"https:\/\/home.agh.edu.pl\/~potorski\/wp-json\/wp\/v2\/pages\/165\/revisions"}],"predecessor-version":[{"id":1234,"href":"https:\/\/home.agh.edu.pl\/~potorski\/wp-json\/wp\/v2\/pages\/165\/revisions\/1234"}],"up":[{"embeddable":true,"href":"https:\/\/home.agh.edu.pl\/~potorski\/wp-json\/wp\/v2\/pages\/6"}],"wp:attachment":[{"href":"https:\/\/home.agh.edu.pl\/~potorski\/wp-json\/wp\/v2\/media?parent=165"}],"curies":[{"name":"wp","href":"https:\/\/api.w.org\/{rel}","templated":true}]}}