{"id":169,"date":"2018-09-13T15:02:24","date_gmt":"2018-09-13T13:02:24","guid":{"rendered":"http:\/\/home.agh.edu.pl\/~potorski\/?page_id=169"},"modified":"2022-09-15T11:55:44","modified_gmt":"2022-09-15T09:55:44","slug":"ma1e-pl","status":"publish","type":"page","link":"https:\/\/home.agh.edu.pl\/~potorski\/teaching\/ma1e-pl","title":{"rendered":"Mathematical Analysis 1, WEAIIB (PL)"},"content":{"rendered":"<div class=\"su-row\">\n<p style=\"text-align: left;\"><div class=\"su-animate\" style=\"opacity:0;-webkit-animation-duration:3s;-webkit-animation-delay:0s;animation-duration:3s;animation-delay:0s;\" data-animation=\"flipInX\" data-duration=\"3\" data-delay=\"0\"><div class=\"jbox gray\" ><div  class=\"jbox-content\"><h2 style=\"text-align: center;\">Analiza matematyczna\u00a01,\u00a0WEAIIB<\/h2>\n<p style=\"text-align: left;\"><\/div><\/div><\/div>\n<p style=\"text-align: left;\"><\/div>\n<div class=\"su-row\">\n<div class=\"su-column su-column-size-1-2\"><div class=\"su-column-inner su-u-clearfix su-u-trim\">\n<div class=\"jbox gray\" ><div  class=\"jbox-content\"><img loading=\"lazy\" decoding=\"async\" class=\"aligncenter wp-image-470\" src=\"http:\/\/home.agh.edu.pl\/~potorski\/wp-content\/uploads\/free-60-icons-121.png\" alt=\"\" width=\"70\" height=\"70\" srcset=\"https:\/\/home.agh.edu.pl\/~potorski\/wp-content\/uploads\/free-60-icons-121.png 128w, https:\/\/home.agh.edu.pl\/~potorski\/wp-content\/uploads\/free-60-icons-121-100x100.png 100w\" sizes=\"auto, (max-width: 70px) 100vw, 70px\" \/><\/p>\n<hr \/>\n<p style=\"text-align: center;\"><strong>O przedmiocie<\/strong><\/p>\n<p style=\"text-align: center;\">Przedmiot przeznaczony dla student\u00f3w I roku studi\u00f3w I stopnia na kierunku Elektrotechnika<span style=\"line-height: 1.5;\">, Wydzia\u0142 Elektrotechniki, Automatyki, Informatyki i In\u017cynierii Biomedycznej<\/span><span style=\"line-height: 1.5;\">. Semestr\u00a0zimowy 2022\/2023.<\/span><\/p>\n<p style=\"text-align: center;\"><\/div><\/div>\n<\/div><\/div>\n<div class=\"su-column su-column-size-1-2\"><div class=\"su-column-inner su-u-clearfix su-u-trim\">\n<div class=\"jbox gray\" ><div  class=\"jbox-content\"><img loading=\"lazy\" decoding=\"async\" class=\"aligncenter wp-image-471\" src=\"http:\/\/home.agh.edu.pl\/~potorski\/wp-content\/uploads\/free-60-icons-58.png\" alt=\"\" width=\"70\" height=\"70\" srcset=\"https:\/\/home.agh.edu.pl\/~potorski\/wp-content\/uploads\/free-60-icons-58.png 128w, https:\/\/home.agh.edu.pl\/~potorski\/wp-content\/uploads\/free-60-icons-58-100x100.png 100w\" sizes=\"auto, (max-width: 70px) 100vw, 70px\" \/><\/p>\n<hr \/>\n<p style=\"text-align: center;\"><strong>Syllabus oraz warunki zaliczenia przedmiotu<\/strong><\/p>\n<p style=\"text-align: center;\"><a href=\"https:\/\/sylabusy.agh.edu.pl\/pl\/1\/2\/18\/1\/4\/16\/12\">Syllabus kursu<\/a><a title=\"Syllabus\" href=\"https:\/\/syllabuskrk.agh.edu.pl\/2019-2020\/pl\/magnesite\/study_plans\/stacjonarne-elektrotechnika--3\/module\/eelt-1-105-s-zimowy-analiza-matematyczna-1\" target=\"_blank\" rel=\"noopener noreferrer\"><br \/>\n<\/a>Zasady zaliczenia<\/p>\n<p style=\"text-align: center;\"><\/div><\/div>\n<\/div><\/div>\n<\/div>\n<p>&nbsp;<\/p>\n<div class=\"su-row\">\n<div class=\"su-column su-column-size-1-2\"><div class=\"su-column-inner su-u-clearfix su-u-trim\">\n<p style=\"text-align: left;\"><div class=\"jbox gray\" style=\"border-width:2px;\"><div  class=\"jbox-content\"><img loading=\"lazy\" decoding=\"async\" class=\"aligncenter wp-image-182 size-full\" title=\"Week 1\" src=\"http:\/\/home.agh.edu.pl\/~potorski\/wp-content\/uploads\/button011.png\" alt=\"WEEK01\" width=\"70\" height=\"70\" \/><\/p>\n<hr \/>\n<h6 style=\"text-align: center;\"><strong><div class=\"su-animate\" style=\"opacity:0;-webkit-animation-duration:1s;-webkit-animation-delay:0s;animation-duration:1s;animation-delay:0s;\" data-animation=\"pulse\" data-duration=\"1\" data-delay=\"0\">Logika i zbiory<\/div><\/strong><\/h6>\n<p style=\"text-align: center;\">Tautologie i kontrtautologie. Wykazywanie r\u00f3wno\u015bci zbior\u00f3w.<\/div><\/div>\n<\/div><\/div>\n<div class=\"su-column su-column-size-1-2\"><div class=\"su-column-inner su-u-clearfix su-u-trim\">\n<div class=\"jbox gray\" ><div  class=\"jbox-content\"><img loading=\"lazy\" decoding=\"async\" class=\"aligncenter wp-image-183 size-full\" title=\"Week 2\" src=\"http:\/\/home.agh.edu.pl\/~potorski\/wp-content\/uploads\/button02.png\" alt=\"\" width=\"70\" height=\"70\" \/><\/p>\n<hr \/>\n<h6 style=\"text-align: center;\"><strong><div class=\"su-animate\" style=\"opacity:0;-webkit-animation-duration:1s;-webkit-animation-delay:0s;animation-duration:1s;animation-delay:0s;\" data-animation=\"pulse\" data-duration=\"1\" data-delay=\"0\">R\u00f3wnania i nier\u00f3wno\u015bci<\/div><\/strong><\/h6>\n<p style=\"text-align: center;\">Rozwi\u0105zywanie r\u00f3wna\u0144 i nier\u00f3wno\u015bci. Z\u0142o\u017cenie funkcji.<\/div><\/div>\n<\/div><\/div>\n<\/div>\n<div class=\"su-row\">\n<div class=\"su-column su-column-size-1-2\"><div class=\"su-column-inner su-u-clearfix su-u-trim\">\n<p style=\"text-align: left;\"><div class=\"jbox gray\" style=\"border-width:2px;\"><div  class=\"jbox-content\"><img loading=\"lazy\" decoding=\"async\" class=\"aligncenter wp-image-184 size-full\" title=\"Week 3\" src=\"http:\/\/home.agh.edu.pl\/~potorski\/wp-content\/uploads\/button03.png\" alt=\"\" width=\"70\" height=\"70\" \/><\/p>\n<hr \/>\n<h6 style=\"text-align: center;\"><strong><div class=\"su-animate\" style=\"opacity:0;-webkit-animation-duration:1s;-webkit-animation-delay:0s;animation-duration:1s;animation-delay:0s;\" data-animation=\"pulse\" data-duration=\"1\" data-delay=\"0\">Funkcje I<\/div><\/strong><\/h6>\n<p style=\"text-align: center;\">Przegl\u0105d funkcji elementarnych. Dziedzina. Zbi\u00f3r warto\u015bci.\u00a0Monotoniczno\u015b\u0107. Bijektywno\u015b\u0107.\u00a0<\/div><\/div>\n<\/div><\/div>\n<div class=\"su-column su-column-size-1-2\"><div class=\"su-column-inner su-u-clearfix su-u-trim\">\n<div class=\"jbox gray\" ><div  class=\"jbox-content\"><img loading=\"lazy\" decoding=\"async\" class=\"aligncenter wp-image-185 size-full\" title=\"Week 4\" src=\"http:\/\/home.agh.edu.pl\/~potorski\/wp-content\/uploads\/button04.png\" alt=\"\" width=\"70\" height=\"70\" \/><\/p>\n<hr \/>\n<h6 style=\"text-align: center;\"><strong><div class=\"su-animate\" style=\"opacity:0;-webkit-animation-duration:1s;-webkit-animation-delay:0s;animation-duration:1s;animation-delay:0s;\" data-animation=\"pulse\" data-duration=\"1\" data-delay=\"0\">Funkcje II<\/div><\/strong><\/h6>\n<p style=\"text-align: center;\">Odwracalno\u015b\u0107. Funkcja odwrotna. Wykres. Przesuwanie i skalowanie.<\/div><\/div>\n<\/div><\/div>\n<\/div>\n<div class=\"su-row\">\n<div class=\"su-column su-column-size-1-2\"><div class=\"su-column-inner su-u-clearfix su-u-trim\">\n<p style=\"text-align: left;\"><div class=\"jbox gray\" style=\"border-width:2px;\"><div  class=\"jbox-content\"><img loading=\"lazy\" decoding=\"async\" class=\"aligncenter wp-image-509 size-full\" title=\"Week 5\" src=\"http:\/\/home.agh.edu.pl\/~potorski\/wp-content\/uploads\/button051.png\" alt=\"\" width=\"70\" height=\"70\" \/><\/p>\n<hr \/>\n<h6 style=\"text-align: center;\"><strong><div class=\"su-animate\" style=\"opacity:0;-webkit-animation-duration:1s;-webkit-animation-delay:0s;animation-duration:1s;animation-delay:0s;\" data-animation=\"pulse\" data-duration=\"1\" data-delay=\"0\">Ci\u0105gi I<\/div><\/strong><\/h6>\n<p style=\"text-align: center;\">Monotoniczno\u015b\u0107. Ograniczono\u015b\u0107. Definicja granicy. Wyznaczanie granic. Twierdzenie o trzech ci\u0105gach.<\/div><\/div>\n<\/div><\/div>\n<div class=\"su-column su-column-size-1-2\"><div class=\"su-column-inner su-u-clearfix su-u-trim\">\n<div class=\"jbox gray\" ><div  class=\"jbox-content\"><img loading=\"lazy\" decoding=\"async\" class=\"aligncenter wp-image-187 size-full\" title=\"Week 6\" src=\"http:\/\/home.agh.edu.pl\/~potorski\/wp-content\/uploads\/button06.png\" alt=\"\" width=\"70\" height=\"70\" \/><\/p>\n<hr \/>\n<h6 style=\"text-align: center;\"><strong><div class=\"su-animate\" style=\"opacity:0;-webkit-animation-duration:1s;-webkit-animation-delay:0s;animation-duration:1s;animation-delay:0s;\" data-animation=\"pulse\" data-duration=\"1\" data-delay=\"0\">Ci\u0105gi II<\/div><\/strong><\/h6>\n<p style=\"text-align: center;\">Liczba .\u00a0Podci\u0105g.\u00a0Wykorzystywanie\u00a0twierdze\u0144 dot. granic ci\u0105g\u00f3w.<\/div><\/div>\n<\/div><\/div>\n<\/div>\n<div class=\"su-row\">\n<div class=\"su-column su-column-size-1-2\"><div class=\"su-column-inner su-u-clearfix su-u-trim\">\n<p style=\"text-align: left;\"><div class=\"jbox gray\" style=\"border-width:2px;\"><div  class=\"jbox-content\"><img loading=\"lazy\" decoding=\"async\" class=\"aligncenter wp-image-188 size-full\" title=\"Week 7\" src=\"http:\/\/home.agh.edu.pl\/~potorski\/wp-content\/uploads\/button07.png\" alt=\"\" width=\"70\" height=\"70\" \/><\/p>\n<hr \/>\n<h6 style=\"text-align: center;\"><strong><div class=\"su-animate\" style=\"opacity:0;-webkit-animation-duration:1s;-webkit-animation-delay:0s;animation-duration:1s;animation-delay:0s;\" data-animation=\"pulse\" data-duration=\"1\" data-delay=\"0\">Indukcja matematyczna<\/div><\/strong><\/h6>\n<p style=\"text-align: center;\">Dowodzenie z wykorzystaniem metody indukcji matematycznej.<\/div><\/div>\n<\/div><\/div>\n<div class=\"su-column su-column-size-1-2\"><div class=\"su-column-inner su-u-clearfix su-u-trim\">\n<div class=\"jbox gray\" ><div  class=\"jbox-content\"><img loading=\"lazy\" decoding=\"async\" class=\"aligncenter wp-image-189 size-full\" title=\"Week 8\" src=\"http:\/\/home.agh.edu.pl\/~potorski\/wp-content\/uploads\/button08.png\" alt=\"\" width=\"70\" height=\"70\" \/><\/p>\n<hr \/>\n<h6 style=\"text-align: center;\"><strong><div class=\"su-animate\" style=\"opacity:0;-webkit-animation-duration:1s;-webkit-animation-delay:0s;animation-duration:1s;animation-delay:0s;\" data-animation=\"pulse\" data-duration=\"1\" data-delay=\"0\">Granica funkcji<\/div><\/strong><\/h6>\n<p style=\"text-align: center;\">Granica funkcji. Granice jednostronne. Sprawdzanie ci\u0105g\u0142o\u015bci funkcji.<\/div><\/div>\n<\/div><\/div>\n<\/div>\n<div class=\"su-row\">\n<div class=\"su-column su-column-size-1-2\"><div class=\"su-column-inner su-u-clearfix su-u-trim\">\n<p style=\"text-align: left;\"><div class=\"jbox gray\" style=\"border-width:2px;\"><div  class=\"jbox-content\"><img loading=\"lazy\" decoding=\"async\" class=\"aligncenter wp-image-190 size-full\" title=\"Week 9\" src=\"http:\/\/home.agh.edu.pl\/~potorski\/wp-content\/uploads\/button09.png\" alt=\"\" width=\"70\" height=\"70\" \/><\/p>\n<hr \/>\n<h6 style=\"text-align: center;\"><strong><div class=\"su-animate\" style=\"opacity:0;-webkit-animation-duration:1s;-webkit-animation-delay:0s;animation-duration:1s;animation-delay:0s;\" data-animation=\"pulse\" data-duration=\"1\" data-delay=\"0\">R\u00f3\u017cniczkowalno\u015b\u0107<\/div><\/strong><\/h6>\n<p style=\"text-align: center;\">Definicja pochodnej funkcji w punkcie. Sprawdzanie r\u00f3\u017cniczkowalno\u015bci funkcji w punkcie. R\u00f3\u017cniczkowalno\u015b\u0107, a ci\u0105g\u0142o\u015b\u0107.<\/div><\/div>\n<\/div><\/div>\n<div class=\"su-column su-column-size-1-2\"><div class=\"su-column-inner su-u-clearfix su-u-trim\">\n<div class=\"jbox gray\" ><div  class=\"jbox-content\"><img loading=\"lazy\" decoding=\"async\" class=\"aligncenter wp-image-191 size-full\" title=\"Week 10\" src=\"http:\/\/home.agh.edu.pl\/~potorski\/wp-content\/uploads\/button10.png\" alt=\"\" width=\"70\" height=\"70\" \/><\/p>\n<hr \/>\n<h6 style=\"text-align: center;\"><strong><div class=\"su-animate\" style=\"opacity:0;-webkit-animation-duration:1s;-webkit-animation-delay:0s;animation-duration:1s;animation-delay:0s;\" data-animation=\"pulse\" data-duration=\"1\" data-delay=\"0\">Pochodne<\/div><\/strong><\/h6>\n<p style=\"text-align: center;\">Wyznaczanie pochodnych funkcji. Pochodna sumy, ilorazu, iloczynu funkcji. Pochodna funkcji z\u0142o\u017conej. Pochodna funkcji odwrotnej.<\/div><\/div>\n<\/div><\/div>\n<\/div>\n<div class=\"su-row\">\n<div class=\"su-column su-column-size-1-2\"><div class=\"su-column-inner su-u-clearfix su-u-trim\">\n<p style=\"text-align: left;\"><div class=\"jbox gray\" style=\"border-width:2px;\"><div  class=\"jbox-content\"><img loading=\"lazy\" decoding=\"async\" class=\"aligncenter wp-image-192 size-full\" title=\"Week 11\" src=\"http:\/\/home.agh.edu.pl\/~potorski\/wp-content\/uploads\/button11.png\" alt=\"\" width=\"70\" height=\"70\" \/><\/p>\n<hr \/>\n<h6 style=\"text-align: center;\"><strong><div class=\"su-animate\" style=\"opacity:0;-webkit-animation-duration:1s;-webkit-animation-delay:0s;animation-duration:1s;animation-delay:0s;\" data-animation=\"pulse\" data-duration=\"1\" data-delay=\"0\">Regu\u0142a de l&#8217;Hopitala<\/div><\/strong><\/h6>\n<p style=\"text-align: center;\">Wyznaczanie granic funkcji, w przypadku, gdy mamy do czynienia z symbolem nieoznaczonym m.in.\u00a0.<\/div><\/div>\n<\/div><\/div>\n<div class=\"su-column su-column-size-1-2\"><div class=\"su-column-inner su-u-clearfix su-u-trim\">\n<div class=\"jbox gray\" ><div  class=\"jbox-content\"><img loading=\"lazy\" decoding=\"async\" class=\"aligncenter wp-image-193 size-full\" title=\"Week 12\" src=\"http:\/\/home.agh.edu.pl\/~potorski\/wp-content\/uploads\/button12.png\" alt=\"\" width=\"70\" height=\"70\" \/><\/p>\n<hr \/>\n<h6 style=\"text-align: center;\"><strong><div class=\"su-animate\" style=\"opacity:0;-webkit-animation-duration:1s;-webkit-animation-delay:0s;animation-duration:1s;animation-delay:0s;\" data-animation=\"pulse\" data-duration=\"1\" data-delay=\"0\">To\u017csamo\u015bci i nier\u00f3wno\u015bci<\/div><\/strong><\/h6>\n<p style=\"text-align: center;\">Wykorzystanie pochodnej do wykazywania to\u017csamo\u015bci oraz nier\u00f3wno\u015bci.<\/div><\/div>\n<\/div><\/div>\n<\/div>\n<div class=\"su-row\">\n<div class=\"su-column su-column-size-1-2\"><div class=\"su-column-inner su-u-clearfix su-u-trim\">\n<p style=\"text-align: left;\"><div class=\"jbox gray\" style=\"border-width:2px;\"><div  class=\"jbox-content\"><img loading=\"lazy\" decoding=\"async\" class=\"aligncenter wp-image-506 size-full\" title=\"Week 13\" src=\"http:\/\/home.agh.edu.pl\/~potorski\/wp-content\/uploads\/button13.png\" alt=\"\" width=\"70\" height=\"70\" \/><\/p>\n<hr \/>\n<h6 style=\"text-align: center;\"><strong><div class=\"su-animate\" style=\"opacity:0;-webkit-animation-duration:1s;-webkit-animation-delay:0s;animation-duration:1s;animation-delay:0s;\" data-animation=\"pulse\" data-duration=\"1\" data-delay=\"0\">Przebieg zmienno\u015bci\u00a0funkcji<\/div><\/strong><\/h6>\n<p style=\"text-align: center;\">Wykorzystanie pochodnych rz\u0119du I i II do badania przebiegu zmienno\u015bci funkcji. Szkicowanie wykresu funkcji.<\/div><\/div>\n<\/div><\/div>\n<div class=\"su-column su-column-size-1-2\"><div class=\"su-column-inner su-u-clearfix su-u-trim\">\n<div class=\"jbox gray\" ><div  class=\"jbox-content\"><img loading=\"lazy\" decoding=\"async\" class=\"aligncenter wp-image-507 size-full\" title=\"Week 14\" src=\"http:\/\/home.agh.edu.pl\/~potorski\/wp-content\/uploads\/button14.png\" alt=\"\" width=\"70\" height=\"70\" \/><\/p>\n<hr \/>\n<h6 style=\"text-align: center;\"><strong><div class=\"su-animate\" style=\"opacity:0;-webkit-animation-duration:1s;-webkit-animation-delay:0s;animation-duration:1s;animation-delay:0s;\" data-animation=\"pulse\" data-duration=\"1\" data-delay=\"0\">Ca\u0142kowanie I<\/div><\/strong><\/h6>\n<p style=\"text-align: center;\">Ca\u0142kowanie przez cz\u0119\u015bci oraz przez podstawienie.<\/div><\/div>\n<\/div><\/div>\n<\/div>\n<div class=\"su-row\">\n<div class=\"su-column su-column-size-1-2\"><div class=\"su-column-inner su-u-clearfix su-u-trim\">\n<p style=\"text-align: left;\"><div class=\"jbox gray\" style=\"border-width:2px;\"><div  class=\"jbox-content\"><img loading=\"lazy\" decoding=\"async\" class=\"aligncenter wp-image-508 size-full\" title=\"Week 15\" src=\"http:\/\/home.agh.edu.pl\/~potorski\/wp-content\/uploads\/button15.png\" alt=\"\" width=\"70\" height=\"70\" \/><\/p>\n<hr \/>\n<h6 style=\"text-align: center;\"><strong><div class=\"su-animate\" style=\"opacity:0;-webkit-animation-duration:1s;-webkit-animation-delay:0s;animation-duration:1s;animation-delay:0s;\" data-animation=\"pulse\" data-duration=\"1\" data-delay=\"0\">Ca\u0142kowanie II<\/div><\/strong><\/h6>\n<p style=\"text-align: center;\">TBA<\/div><\/div>\n<\/div><\/div>\n<div class=\"su-column su-column-size-1-2\"><div class=\"su-column-inner su-u-clearfix su-u-trim\">\n<div class=\"jbox gray\" ><div  class=\"jbox-content\"><img loading=\"lazy\" decoding=\"async\" class=\"wp-image-1460 aligncenter\" title=\"Extra Week\" src=\"http:\/\/home.agh.edu.pl\/~potorski\/wp-content\/uploads\/Pomocnik.png\" alt=\"\" width=\"70\" height=\"70\" srcset=\"https:\/\/home.agh.edu.pl\/~potorski\/wp-content\/uploads\/Pomocnik.png 256w, https:\/\/home.agh.edu.pl\/~potorski\/wp-content\/uploads\/Pomocnik-150x150.png 150w, https:\/\/home.agh.edu.pl\/~potorski\/wp-content\/uploads\/Pomocnik-100x100.png 100w, https:\/\/home.agh.edu.pl\/~potorski\/wp-content\/uploads\/Pomocnik-200x200.png 200w\" sizes=\"auto, (max-width: 70px) 100vw, 70px\" \/><\/p>\n<hr \/>\n<h6 style=\"text-align: center;\"><strong><div class=\"su-animate\" style=\"opacity:0;-webkit-animation-duration:1s;-webkit-animation-delay:0s;animation-duration:1s;animation-delay:0s;\" data-animation=\"pulse\" data-duration=\"1\" data-delay=\"0\">Ca\u0142kowanie III<\/div><\/strong><\/h6>\n<p style=\"text-align: center;\">TBA\u00a0<\/div><\/div>\n<\/div><\/div>\n<\/div>\n<div class=\"su-row\">\n<div class=\"su-column su-column-size-1-2\"><div class=\"su-column-inner su-u-clearfix su-u-trim\">\n<div class=\"jbox gray\" ><div  class=\"jbox-content\"><img loading=\"lazy\" decoding=\"async\" class=\"aligncenter wp-image-997\" title=\"Test if it works\" src=\"http:\/\/home.agh.edu.pl\/~potorski\/wp-content\/uploads\/free-60-icons-14.png\" alt=\"\" width=\"70\" height=\"70\" srcset=\"https:\/\/home.agh.edu.pl\/~potorski\/wp-content\/uploads\/free-60-icons-14.png 256w, https:\/\/home.agh.edu.pl\/~potorski\/wp-content\/uploads\/free-60-icons-14-150x150.png 150w, https:\/\/home.agh.edu.pl\/~potorski\/wp-content\/uploads\/free-60-icons-14-100x100.png 100w, https:\/\/home.agh.edu.pl\/~potorski\/wp-content\/uploads\/free-60-icons-14-200x200.png 200w\" sizes=\"auto, (max-width: 70px) 100vw, 70px\" \/><\/p>\n<hr \/>\n<h6 style=\"text-align: center;\"><strong><div class=\"su-animate\" style=\"opacity:0;-webkit-animation-duration:1s;-webkit-animation-delay:0s;animation-duration:1s;animation-delay:0s;\" data-animation=\"pulse\" data-duration=\"1\" data-delay=\"0\">Kolokwium 1<\/div><\/strong><\/h6>\n<p style=\"text-align: center;\">Kolokwium odb\u0119dzie si\u0119 &#8230; grudnia 2020<span style=\"line-height: 1.5;\">.<\/span><\/div><\/div>\n<\/div><\/div>\n<div class=\"su-column su-column-size-1-2\"><div class=\"su-column-inner su-u-clearfix su-u-trim\">\n<div class=\"jbox gray\" ><div  class=\"jbox-content\"><img loading=\"lazy\" decoding=\"async\" class=\"aligncenter wp-image-997\" title=\"Test if it works\" src=\"http:\/\/home.agh.edu.pl\/~potorski\/wp-content\/uploads\/free-60-icons-14.png\" alt=\"\" width=\"70\" height=\"70\" srcset=\"https:\/\/home.agh.edu.pl\/~potorski\/wp-content\/uploads\/free-60-icons-14.png 256w, https:\/\/home.agh.edu.pl\/~potorski\/wp-content\/uploads\/free-60-icons-14-150x150.png 150w, https:\/\/home.agh.edu.pl\/~potorski\/wp-content\/uploads\/free-60-icons-14-100x100.png 100w, https:\/\/home.agh.edu.pl\/~potorski\/wp-content\/uploads\/free-60-icons-14-200x200.png 200w\" sizes=\"auto, (max-width: 70px) 100vw, 70px\" \/><\/p>\n<hr \/>\n<h6 style=\"text-align: center;\"><strong><div class=\"su-animate\" style=\"opacity:0;-webkit-animation-duration:1s;-webkit-animation-delay:0s;animation-duration:1s;animation-delay:0s;\" data-animation=\"pulse\" data-duration=\"1\" data-delay=\"0\">Kolokwium 2<\/div><\/strong><\/h6>\n<p style=\"text-align: center;\">Kolokwium odb\u0119dzie si\u0119 &#8230; stycznia 2021<span style=\"line-height: 1.5;\">.<\/span><\/div><\/div>\n<\/div><\/div>\n<\/div>\n","protected":false},"excerpt":{"rendered":"<p>&nbsp;<\/p>\n","protected":false},"author":1,"featured_media":0,"parent":6,"menu_order":0,"comment_status":"closed","ping_status":"closed","template":"full-width-page.php","meta":{"footnotes":""},"class_list":["post-169","page","type-page","status-publish","hentry"],"_links":{"self":[{"href":"https:\/\/home.agh.edu.pl\/~potorski\/wp-json\/wp\/v2\/pages\/169","targetHints":{"allow":["GET"]}}],"collection":[{"href":"https:\/\/home.agh.edu.pl\/~potorski\/wp-json\/wp\/v2\/pages"}],"about":[{"href":"https:\/\/home.agh.edu.pl\/~potorski\/wp-json\/wp\/v2\/types\/page"}],"author":[{"embeddable":true,"href":"https:\/\/home.agh.edu.pl\/~potorski\/wp-json\/wp\/v2\/users\/1"}],"replies":[{"embeddable":true,"href":"https:\/\/home.agh.edu.pl\/~potorski\/wp-json\/wp\/v2\/comments?post=169"}],"version-history":[{"count":39,"href":"https:\/\/home.agh.edu.pl\/~potorski\/wp-json\/wp\/v2\/pages\/169\/revisions"}],"predecessor-version":[{"id":1680,"href":"https:\/\/home.agh.edu.pl\/~potorski\/wp-json\/wp\/v2\/pages\/169\/revisions\/1680"}],"up":[{"embeddable":true,"href":"https:\/\/home.agh.edu.pl\/~potorski\/wp-json\/wp\/v2\/pages\/6"}],"wp:attachment":[{"href":"https:\/\/home.agh.edu.pl\/~potorski\/wp-json\/wp\/v2\/media?parent=169"}],"curies":[{"name":"wp","href":"https:\/\/api.w.org\/{rel}","templated":true}]}}