{"id":790,"date":"2015-05-04T15:08:15","date_gmt":"2015-05-04T13:08:15","guid":{"rendered":"http:\/\/home.agh.edu.pl\/~potorski\/?page_id=790"},"modified":"2016-09-05T17:20:29","modified_gmt":"2016-09-05T15:20:29","slug":"mi-pl","status":"publish","type":"page","link":"https:\/\/home.agh.edu.pl\/~potorski\/teaching\/mi-pl","title":{"rendered":"Matematyka I (PL)"},"content":{"rendered":"<div class=\"su-row\">\n<p style=\"text-align: left;\"><div class=\"su-animate\" style=\"opacity:0;-webkit-animation-duration:3s;-webkit-animation-delay:0s;animation-duration:3s;animation-delay:0s;\" data-animation=\"flipInX\" data-duration=\"3\" data-delay=\"0\"><div class=\"jbox gray\" ><div  class=\"jbox-content\"><h2 style=\"text-align: center;\">Matematyka I<\/h2>\n<p style=\"text-align: left;\"><\/div><\/div><\/div>\n<p style=\"text-align: left;\"><\/div>\n<p>&nbsp;<\/p>\n<div class=\"su-row\">\n<div class=\"su-column su-column-size-1-2\"><div class=\"su-column-inner su-u-clearfix su-u-trim\">\n<div class=\"jbox gray\" ><div  class=\"jbox-content\"><img loading=\"lazy\" decoding=\"async\" class=\"aligncenter wp-image-470\" src=\"http:\/\/home.agh.edu.pl\/~potorski\/wp-content\/uploads\/free-60-icons-121.png\" alt=\"\" width=\"70\" height=\"70\" srcset=\"https:\/\/home.agh.edu.pl\/~potorski\/wp-content\/uploads\/free-60-icons-121.png 128w, https:\/\/home.agh.edu.pl\/~potorski\/wp-content\/uploads\/free-60-icons-121-100x100.png 100w\" sizes=\"auto, (max-width: 70px) 100vw, 70px\" \/><\/p>\n<hr \/>\n<p style=\"text-align: center;\"><strong>O przedmiocie<\/strong><\/p>\n<p style=\"text-align: center;\">Przedmiot przeznaczony dla student\u00f3w I roku studi\u00f3w I stopnia na kierunku\u00a0Ochron<span style=\"line-height: 1.5;\">a \u015arodowiska, Wydzia\u0142\u00a0<\/span><span style=\"line-height: 1.5;\">Geologii, Geofizyki i Ochrony\u00a0\u015arodowiska. Semestr letni 2014\/2015<\/span><\/p>\n<p style=\"text-align: center;\"><\/div><\/div>\n<\/div><\/div>\n<div class=\"su-column su-column-size-1-2\"><div class=\"su-column-inner su-u-clearfix su-u-trim\">\n<div class=\"jbox gray\" ><div  class=\"jbox-content\"><img loading=\"lazy\" decoding=\"async\" class=\"aligncenter wp-image-471\" src=\"http:\/\/home.agh.edu.pl\/~potorski\/wp-content\/uploads\/free-60-icons-58.png\" alt=\"\" width=\"70\" height=\"70\" srcset=\"https:\/\/home.agh.edu.pl\/~potorski\/wp-content\/uploads\/free-60-icons-58.png 128w, https:\/\/home.agh.edu.pl\/~potorski\/wp-content\/uploads\/free-60-icons-58-100x100.png 100w\" sizes=\"auto, (max-width: 70px) 100vw, 70px\" \/><\/p>\n<hr \/>\n<p style=\"text-align: center;\"><strong>Syllabus oraz warunki zaliczenia przedmiotu<\/strong><\/p>\n<p style=\"text-align: center;\"><a title=\"Syllabus\" href=\"http:\/\/syllabuskrk.agh.edu.pl\/2014-2015\/pl\/magnesite\/study_plans\/stacjonarne-ochrona-srodowiska\/module\/bos-1-101-s-matematyka-i\">Syllabus przedmiotu<\/a><br \/>\n<a title=\"Pass Conditions\" href=\"http:\/\/home.agh.edu.pl\/~potorski\/wp-content\/uploads\/PC_M1.pdf\">Zasady\u00a0zaliczenia przedmiotu<\/a><\/p>\n<p style=\"text-align: center;\"><\/div><\/div>\n<\/div><\/div>\n<\/div>\n<div class=\"su-row\">\n<div class=\"su-column su-column-size-1-2\"><div class=\"su-column-inner su-u-clearfix su-u-trim\">\n<p style=\"text-align: left;\"><div class=\"jbox gray\" style=\"border-width:2px;\"><div  class=\"jbox-content\"><img loading=\"lazy\" decoding=\"async\" class=\"aligncenter wp-image-182 size-full\" title=\"Week 1\" src=\"http:\/\/home.agh.edu.pl\/~potorski\/wp-content\/uploads\/button011.png\" alt=\"WEEK01\" width=\"70\" height=\"70\" \/><\/p>\n<hr \/>\n<h6 style=\"text-align: center;\"><strong><div class=\"su-animate\" style=\"opacity:0;-webkit-animation-duration:1s;-webkit-animation-delay:0s;animation-duration:1s;animation-delay:0s;\" data-animation=\"pulse\" data-duration=\"1\" data-delay=\"0\">Logika i teoria mnogo\u015bci<\/div><\/strong><\/h6>\n<p style=\"text-align: center;\">Rachunek zda\u0144. Kwantyfikatory. Dzia\u0142ania na zbiorach. Moc zbioru.<\/div><\/div>\n<\/div><\/div>\n<div class=\"su-column su-column-size-1-2\"><div class=\"su-column-inner su-u-clearfix su-u-trim\">\n<div class=\"jbox gray\" ><div  class=\"jbox-content\"><img loading=\"lazy\" decoding=\"async\" class=\"aligncenter wp-image-183 size-full\" title=\"Week 2\" src=\"http:\/\/home.agh.edu.pl\/~potorski\/wp-content\/uploads\/button02.png\" alt=\"\" width=\"70\" height=\"70\" \/><\/p>\n<hr \/>\n<h6 style=\"text-align: center;\"><strong><div class=\"su-animate\" style=\"opacity:0;-webkit-animation-duration:1s;-webkit-animation-delay:0s;animation-duration:1s;animation-delay:0s;\" data-animation=\"pulse\" data-duration=\"1\" data-delay=\"0\">Funkcje<\/div><\/strong><\/h6>\n<p style=\"text-align: center;\">Dziedzina i zbi\u00f3r warto\u015bci funkcji. Granica funkcji w punkcie. Otoczenie i s\u0105siedztwo.<\/div><\/div>\n<\/div><\/div>\n<\/div>\n<div class=\"su-row\">\n<div class=\"su-column su-column-size-1-2\"><div class=\"su-column-inner su-u-clearfix su-u-trim\">\n<p style=\"text-align: left;\"><div class=\"jbox gray\" style=\"border-width:2px;\"><div  class=\"jbox-content\"><img loading=\"lazy\" decoding=\"async\" class=\"aligncenter wp-image-184 size-full\" title=\"Week 3\" src=\"http:\/\/home.agh.edu.pl\/~potorski\/wp-content\/uploads\/button03.png\" alt=\"\" width=\"70\" height=\"70\" \/><\/p>\n<hr \/>\n<h6 style=\"text-align: center;\"><strong><div class=\"su-animate\" style=\"opacity:0;-webkit-animation-duration:1s;-webkit-animation-delay:0s;animation-duration:1s;animation-delay:0s;\" data-animation=\"pulse\" data-duration=\"1\" data-delay=\"0\">Ci\u0105gi<\/div><\/strong><\/h6>\n<p style=\"text-align: center;\">Ci\u0105g arytmetyczny i geometryczny. Granice ci\u0105g\u00f3w. Symbole nieoznaczone.\u00a0\u00a0<\/div><\/div>\n<\/div><\/div>\n<div class=\"su-column su-column-size-1-2\"><div class=\"su-column-inner su-u-clearfix su-u-trim\">\n<div class=\"jbox gray\" ><div  class=\"jbox-content\"><img loading=\"lazy\" decoding=\"async\" class=\" wp-image-185 size-full aligncenter\" title=\"Week 4\" src=\"http:\/\/home.agh.edu.pl\/~potorski\/wp-content\/uploads\/button04.png\" alt=\"\" width=\"70\" height=\"70\" \/><\/p>\n<hr \/>\n<h6 style=\"text-align: center;\"><strong><div class=\"su-animate\" style=\"opacity:0;-webkit-animation-duration:1s;-webkit-animation-delay:0s;animation-duration:1s;animation-delay:0s;\" data-animation=\"pulse\" data-duration=\"1\" data-delay=\"0\">Funkcje<\/div><\/strong><\/h6>\n<p style=\"text-align: center;\">Monotoniczno\u015b\u0107 funkcji. R\u00f3\u017cnowarto\u015bciowa-iniekcja. Na-suriekcja. Bijekcja. Odwracalno\u015b\u0107 funkcji.\u00a0<\/div><\/div>\n<\/div><\/div>\n<\/div>\n<div class=\"su-row\">\n<div class=\"su-column su-column-size-1-2\"><div class=\"su-column-inner su-u-clearfix su-u-trim\">\n<p style=\"text-align: left;\"><div class=\"jbox gray\" style=\"border-width:2px;\"><div  class=\"jbox-content\"><img loading=\"lazy\" decoding=\"async\" class=\"aligncenter wp-image-509 size-full\" title=\"Week 5\" src=\"http:\/\/home.agh.edu.pl\/~potorski\/wp-content\/uploads\/button051.png\" alt=\"\" width=\"70\" height=\"70\" \/><\/p>\n<hr \/>\n<h6 style=\"text-align: center;\"><strong><div class=\"su-animate\" style=\"opacity:0;-webkit-animation-duration:1s;-webkit-animation-delay:0s;animation-duration:1s;animation-delay:0s;\" data-animation=\"pulse\" data-duration=\"1\" data-delay=\"0\">Funkcje elementarne<\/div><\/strong><\/h6>\n<p style=\"text-align: center;\">Przegl\u0105d funkcji elementarnych. \u00a0Funkcja wyk\u0142adnicza, logarytmiczna. Funkcje trygonometryczne i cyklometryczne.<\/div><\/div>\n<\/div><\/div>\n<div class=\"su-column su-column-size-1-2\"><div class=\"su-column-inner su-u-clearfix su-u-trim\">\n<div class=\"jbox gray\" ><div  class=\"jbox-content\"><img loading=\"lazy\" decoding=\"async\" class=\" wp-image-187 size-full aligncenter\" title=\"Week 6\" src=\"http:\/\/home.agh.edu.pl\/~potorski\/wp-content\/uploads\/button06.png\" alt=\"\" width=\"70\" height=\"70\" \/><\/p>\n<hr \/>\n<h6 style=\"text-align: center;\"><strong><div class=\"su-animate\" style=\"opacity:0;-webkit-animation-duration:1s;-webkit-animation-delay:0s;animation-duration:1s;animation-delay:0s;\" data-animation=\"pulse\" data-duration=\"1\" data-delay=\"0\">Granice funkcji<\/div><\/strong><\/h6>\n<p style=\"text-align: center;\">Zadania z granic funkcji. Stosowanie twierdze\u0144 o granicach.\u00a0<\/div><\/div>\n<\/div><\/div>\n<\/div>\n<p>&nbsp;<\/p>\n<div class=\"su-row\">\n<div class=\"su-column su-column-size-1-2\"><div class=\"su-column-inner su-u-clearfix su-u-trim\">\n<p style=\"text-align: left;\"><div class=\"jbox gray\" style=\"border-width:2px;\"><div  class=\"jbox-content\"><img loading=\"lazy\" decoding=\"async\" class=\"aligncenter wp-image-188 size-full\" title=\"Week 7\" src=\"http:\/\/home.agh.edu.pl\/~potorski\/wp-content\/uploads\/button07.png\" alt=\"\" width=\"70\" height=\"70\" \/><\/p>\n<hr \/>\n<h6 style=\"text-align: center;\"><strong><div class=\"su-animate\" style=\"opacity:0;-webkit-animation-duration:1s;-webkit-animation-delay:0s;animation-duration:1s;animation-delay:0s;\" data-animation=\"pulse\" data-duration=\"1\" data-delay=\"0\">Zastosowanie granic funkcji<\/div><\/strong><\/h6>\n<p style=\"text-align: center;\">Granice jednostronne. Ci\u0105g\u0142o\u015b\u0107 funkcji. Asymptoty funkcji.<\/div><\/div>\n<\/div><\/div>\n<div class=\"su-column su-column-size-1-2\"><div class=\"su-column-inner su-u-clearfix su-u-trim\">\n<div class=\"jbox gray\" ><div  class=\"jbox-content\"><img loading=\"lazy\" decoding=\"async\" class=\"aligncenter wp-image-189 size-full\" title=\"Week 8\" src=\"http:\/\/home.agh.edu.pl\/~potorski\/wp-content\/uploads\/button08.png\" alt=\"\" width=\"70\" height=\"70\" \/><\/p>\n<hr \/>\n<h6 style=\"text-align: center;\"><strong><div class=\"su-animate\" style=\"opacity:0;-webkit-animation-duration:1s;-webkit-animation-delay:0s;animation-duration:1s;animation-delay:0s;\" data-animation=\"pulse\" data-duration=\"1\" data-delay=\"0\">Pochodne<\/div><\/strong><\/h6>\n<p style=\"text-align: center;\">Pochodne funkcji z\u0142o\u017conych. Pochodna funkcji odwrotnej. Regu\u0142a de l&#8217;Hospitala.<\/div><\/div>\n<\/div><\/div>\n<\/div>\n<p>&nbsp;<\/p>\n<div class=\"su-row\">\n<div class=\"su-column su-column-size-1-2\"><div class=\"su-column-inner su-u-clearfix su-u-trim\">\n<p style=\"text-align: left;\"><div class=\"jbox gray\" style=\"border-width:2px;\"><div  class=\"jbox-content\"><img loading=\"lazy\" decoding=\"async\" class=\"aligncenter wp-image-190 size-full\" title=\"Week 9\" src=\"http:\/\/home.agh.edu.pl\/~potorski\/wp-content\/uploads\/button09.png\" alt=\"\" width=\"70\" height=\"70\" \/><\/p>\n<hr \/>\n<h6 style=\"text-align: center;\"><strong><div class=\"su-animate\" style=\"opacity:0;-webkit-animation-duration:1s;-webkit-animation-delay:0s;animation-duration:1s;animation-delay:0s;\" data-animation=\"pulse\" data-duration=\"1\" data-delay=\"0\">Ekstrema lokalne funkcji<\/div><\/strong><\/h6>\n<p style=\"text-align: center;\">Wyznaczanie ekstrem\u00f3w lokalnych\u00a0funkcji Przedzia\u0142y monotoniczno\u015bci funkcji.<\/div><\/div>\n<\/div><\/div>\n<div class=\"su-column su-column-size-1-2\"><div class=\"su-column-inner su-u-clearfix su-u-trim\">\n<div class=\"jbox gray\" ><div  class=\"jbox-content\"><img loading=\"lazy\" decoding=\"async\" class=\"aligncenter wp-image-191 size-full\" title=\"Week 10\" src=\"http:\/\/home.agh.edu.pl\/~potorski\/wp-content\/uploads\/button10.png\" alt=\"\" width=\"70\" height=\"70\" \/><\/p>\n<hr \/>\n<h6 style=\"text-align: center;\"><strong><div class=\"su-animate\" style=\"opacity:0;-webkit-animation-duration:1s;-webkit-animation-delay:0s;animation-duration:1s;animation-delay:0s;\" data-animation=\"pulse\" data-duration=\"1\" data-delay=\"0\">Wkl\u0119s\u0142o\u015b\u0107 i wypuk\u0142o\u015b\u0107<\/div><\/strong><\/h6>\n<p style=\"text-align: center;\">Punkty przegi\u0119cia funkcji. Wkl\u0119s\u0142o\u015b\u0107 i wypuk\u0142o\u015b\u0107.\u00a0<\/div><\/div>\n<\/div><\/div>\n<\/div>\n<div class=\"su-row\">\n<div class=\"su-column su-column-size-1-2\"><div class=\"su-column-inner su-u-clearfix su-u-trim\">\n<p style=\"text-align: left;\"><div class=\"jbox gray\" style=\"border-width:2px;\"><div  class=\"jbox-content\"><img loading=\"lazy\" decoding=\"async\" class=\"aligncenter wp-image-192 size-full\" title=\"Week 11\" src=\"http:\/\/home.agh.edu.pl\/~potorski\/wp-content\/uploads\/button11.png\" alt=\"\" width=\"70\" height=\"70\" \/><\/p>\n<hr \/>\n<h6 style=\"text-align: center;\"><strong><div class=\"su-animate\" style=\"opacity:0;-webkit-animation-duration:1s;-webkit-animation-delay:0s;animation-duration:1s;animation-delay:0s;\" data-animation=\"pulse\" data-duration=\"1\" data-delay=\"0\">Funkcje<\/div><\/strong><\/h6>\n<p style=\"text-align: center;\">Badanie przebiegu zmienno\u015bci funkcji.<\/div><\/div>\n<\/div><\/div>\n<div class=\"su-column su-column-size-1-2\"><div class=\"su-column-inner su-u-clearfix su-u-trim\">\n<div class=\"jbox gray\" ><div  class=\"jbox-content\"><img loading=\"lazy\" decoding=\"async\" class=\"aligncenter wp-image-193 size-full\" title=\"Week 12\" src=\"http:\/\/home.agh.edu.pl\/~potorski\/wp-content\/uploads\/button12.png\" alt=\"\" width=\"70\" height=\"70\" \/><\/p>\n<hr \/>\n<h6 style=\"text-align: center;\"><strong><div class=\"su-animate\" style=\"opacity:0;-webkit-animation-duration:1s;-webkit-animation-delay:0s;animation-duration:1s;animation-delay:0s;\" data-animation=\"pulse\" data-duration=\"1\" data-delay=\"0\">Wz\u00f3r Taylora<\/div><\/strong><\/h6>\n<p style=\"text-align: center;\">Pochodne wy\u017cszych rz\u0119d\u00f3w. Wz\u00f3r Taylora.\u00a0<\/div><\/div>\n<\/div><\/div>\n<\/div>\n","protected":false},"excerpt":{"rendered":"<p>&nbsp; &nbsp; &nbsp;<\/p>\n","protected":false},"author":1,"featured_media":0,"parent":6,"menu_order":0,"comment_status":"closed","ping_status":"closed","template":"full-width-page.php","meta":{"footnotes":""},"class_list":["post-790","page","type-page","status-publish","hentry"],"_links":{"self":[{"href":"https:\/\/home.agh.edu.pl\/~potorski\/wp-json\/wp\/v2\/pages\/790","targetHints":{"allow":["GET"]}}],"collection":[{"href":"https:\/\/home.agh.edu.pl\/~potorski\/wp-json\/wp\/v2\/pages"}],"about":[{"href":"https:\/\/home.agh.edu.pl\/~potorski\/wp-json\/wp\/v2\/types\/page"}],"author":[{"embeddable":true,"href":"https:\/\/home.agh.edu.pl\/~potorski\/wp-json\/wp\/v2\/users\/1"}],"replies":[{"embeddable":true,"href":"https:\/\/home.agh.edu.pl\/~potorski\/wp-json\/wp\/v2\/comments?post=790"}],"version-history":[{"count":29,"href":"https:\/\/home.agh.edu.pl\/~potorski\/wp-json\/wp\/v2\/pages\/790\/revisions"}],"predecessor-version":[{"id":834,"href":"https:\/\/home.agh.edu.pl\/~potorski\/wp-json\/wp\/v2\/pages\/790\/revisions\/834"}],"up":[{"embeddable":true,"href":"https:\/\/home.agh.edu.pl\/~potorski\/wp-json\/wp\/v2\/pages\/6"}],"wp:attachment":[{"href":"https:\/\/home.agh.edu.pl\/~potorski\/wp-json\/wp\/v2\/media?parent=790"}],"curies":[{"name":"wp","href":"https:\/\/api.w.org\/{rel}","templated":true}]}}