{"id":916,"date":"2016-02-09T21:06:44","date_gmt":"2016-02-09T20:06:44","guid":{"rendered":"http:\/\/home.agh.edu.pl\/~potorski\/?page_id=916"},"modified":"2018-02-23T17:19:04","modified_gmt":"2018-02-23T16:19:04","slug":"ipt-pl","status":"publish","type":"page","link":"https:\/\/home.agh.edu.pl\/~potorski\/teaching\/ipt-pl","title":{"rendered":"Introduction to Probability Theory (PL)"},"content":{"rendered":"<div class=\"su-row\">\n<p style=\"text-align: left;\"><div class=\"su-animate\" style=\"opacity:0;-webkit-animation-duration:3s;-webkit-animation-delay:0s;animation-duration:3s;animation-delay:0s;\" data-animation=\"flipInX\" data-duration=\"3\" data-delay=\"0\"><div class=\"jbox gray\" ><div  class=\"jbox-content\"><h2 style=\"text-align: center;\">Wst\u0119p do rachunku prawdopodobie\u0144stwa<\/h2>\n<p style=\"text-align: left;\"><\/div><\/div><\/div>\n<p style=\"text-align: left;\"><\/div>\n<div class=\"su-row\">\n<div class=\"su-column su-column-size-1-2\"><div class=\"su-column-inner su-u-clearfix su-u-trim\">\n<div class=\"jbox gray\" ><div  class=\"jbox-content\"><img loading=\"lazy\" decoding=\"async\" class=\"aligncenter wp-image-470\" src=\"http:\/\/home.agh.edu.pl\/~potorski\/wp-content\/uploads\/free-60-icons-121.png\" alt=\"\" width=\"70\" height=\"70\" srcset=\"https:\/\/home.agh.edu.pl\/~potorski\/wp-content\/uploads\/free-60-icons-121.png 128w, https:\/\/home.agh.edu.pl\/~potorski\/wp-content\/uploads\/free-60-icons-121-100x100.png 100w\" sizes=\"auto, (max-width: 70px) 100vw, 70px\" \/><\/p>\n<hr \/>\n<p style=\"text-align: center;\"><strong>O przedmiocie<\/strong><\/p>\n<p style=\"text-align: center;\">Przedmiot przeznaczony dla student\u00f3w II roku studi\u00f3w I stopnia na kierunku\u00a0Matematyka<span style=\"line-height: 1.5;\">, Wydzia\u0142\u00a0Matematyki Stosowanej<\/span><span style=\"line-height: 1.5;\">. Semestr letni 2015\/2016<\/span><\/p>\n<p style=\"text-align: center;\"><\/div><\/div>\n<\/div><\/div>\n<div class=\"su-column su-column-size-1-2\"><div class=\"su-column-inner su-u-clearfix su-u-trim\">\n<div class=\"jbox gray\" ><div  class=\"jbox-content\"><img loading=\"lazy\" decoding=\"async\" class=\"aligncenter wp-image-471\" src=\"http:\/\/home.agh.edu.pl\/~potorski\/wp-content\/uploads\/free-60-icons-58.png\" alt=\"\" width=\"70\" height=\"70\" srcset=\"https:\/\/home.agh.edu.pl\/~potorski\/wp-content\/uploads\/free-60-icons-58.png 128w, https:\/\/home.agh.edu.pl\/~potorski\/wp-content\/uploads\/free-60-icons-58-100x100.png 100w\" sizes=\"auto, (max-width: 70px) 100vw, 70px\" \/><\/p>\n<hr \/>\n<p style=\"text-align: center;\"><strong>Syllabus oraz warunki zaliczenia przedmiotu<\/strong><\/p>\n<p style=\"text-align: center;\"><a title=\"Syllabus\" href=\"http:\/\/syllabuskrk.agh.edu.pl\/2014-2015\/pl\/magnesite\/study_plans\/stacjonarne-matematyka\/module\/ama-1-402-s-wstep-do-rachunku-prawdopodobienstwa\" target=\"_blank\" rel=\"noopener noreferrer\">Syllabus kursu<br \/>\n<\/a><a href=\"http:\/\/home.agh.edu.pl\/~potorski\/wp-content\/uploads\/IPT_PC.pdf\">Zasady zaliczenia<\/a><\/p>\n<p style=\"text-align: center;\"><\/div><\/div>\n<\/div><\/div>\n<\/div>\n<div class=\"su-row\">\n<div class=\"su-column su-column-size-1-2\"><div class=\"su-column-inner su-u-clearfix su-u-trim\">\n<p style=\"text-align: left;\"><div class=\"jbox gray\" style=\"border-width:2px;\"><div  class=\"jbox-content\"><img loading=\"lazy\" decoding=\"async\" class=\"aligncenter wp-image-182 size-full\" title=\"Week 1\" src=\"http:\/\/home.agh.edu.pl\/~potorski\/wp-content\/uploads\/button011.png\" alt=\"WEEK01\" width=\"70\" height=\"70\" \/><\/p>\n<hr \/>\n<h6 style=\"text-align: center;\"><strong><div class=\"su-animate\" style=\"opacity:0;-webkit-animation-duration:1s;-webkit-animation-delay:0s;animation-duration:1s;animation-delay:0s;\" data-animation=\"pulse\" data-duration=\"1\" data-delay=\"0\">Podstawowe poj\u0119cia<\/div><\/strong><\/h6>\n<p style=\"text-align: center;\">Zbi\u00f3r zdarze\u0144 elementarnych. Zdarzenie. Sigma cia\u0142o.<\/div><\/div>\n<\/div><\/div>\n<div class=\"su-column su-column-size-1-2\"><div class=\"su-column-inner su-u-clearfix su-u-trim\">\n<div class=\"jbox gray\" ><div  class=\"jbox-content\"><img loading=\"lazy\" decoding=\"async\" class=\"aligncenter wp-image-183 size-full\" title=\"Week 2\" src=\"http:\/\/home.agh.edu.pl\/~potorski\/wp-content\/uploads\/button02.png\" alt=\"\" width=\"70\" height=\"70\" \/><\/p>\n<hr \/>\n<h6 style=\"text-align: center;\"><strong><div class=\"su-animate\" style=\"opacity:0;-webkit-animation-duration:1s;-webkit-animation-delay:0s;animation-duration:1s;animation-delay:0s;\" data-animation=\"pulse\" data-duration=\"1\" data-delay=\"0\">Miara probabilistyczna<\/div><\/strong><\/h6>\n<p style=\"text-align: center;\">Rozk\u0142ad prawdopodobie\u0144stwa. W\u0142asno\u015bci miary probabilistycznej w praktyce.<\/div><\/div>\n<\/div><\/div>\n<\/div>\n<p>&nbsp;<\/p>\n<div class=\"su-row\">\n<div class=\"su-column su-column-size-1-2\"><div class=\"su-column-inner su-u-clearfix su-u-trim\">\n<p style=\"text-align: left;\"><div class=\"jbox gray\" style=\"border-width:2px;\"><div  class=\"jbox-content\"><img loading=\"lazy\" decoding=\"async\" class=\"wp-image-184 size-full aligncenter\" title=\"Week 3\" src=\"http:\/\/home.agh.edu.pl\/~potorski\/wp-content\/uploads\/button03.png\" alt=\"\" width=\"70\" height=\"70\" \/><\/p>\n<hr \/>\n<h6 style=\"text-align: center;\"><strong><div class=\"su-animate\" style=\"opacity:0;-webkit-animation-duration:1s;-webkit-animation-delay:0s;animation-duration:1s;animation-delay:0s;\" data-animation=\"pulse\" data-duration=\"1\" data-delay=\"0\">Prawdopodobie\u0144stwo<\/div><\/strong><\/h6>\n<p style=\"text-align: center;\">Prawdopodobie\u0144stwo.<\/div><\/div>\n<\/div><\/div>\n<div class=\"su-column su-column-size-1-2\"><div class=\"su-column-inner su-u-clearfix su-u-trim\">\n<div class=\"jbox gray\" ><div  class=\"jbox-content\"><img loading=\"lazy\" decoding=\"async\" class=\"aligncenter wp-image-185 size-full\" title=\"Week 4\" src=\"http:\/\/home.agh.edu.pl\/~potorski\/wp-content\/uploads\/button04.png\" alt=\"\" width=\"70\" height=\"70\" \/><\/p>\n<hr \/>\n<h6 style=\"text-align: center;\"><strong><div class=\"su-animate\" style=\"opacity:0;-webkit-animation-duration:1s;-webkit-animation-delay:0s;animation-duration:1s;animation-delay:0s;\" data-animation=\"pulse\" data-duration=\"1\" data-delay=\"0\">Prawdopodobie\u0144stwo<\/div><\/strong><\/h6>\n<p style=\"text-align: center;\">Prawdopodobie\u0144stwo geometryczne.<\/div><\/div>\n<\/div><\/div>\n<\/div>\n<p>&nbsp;<\/p>\n<div class=\"su-row\">\n<div class=\"su-column su-column-size-1-2\"><div class=\"su-column-inner su-u-clearfix su-u-trim\">\n<div class=\"jbox gray\" style=\"border-width:2px;\"><div  class=\"jbox-content\"><img loading=\"lazy\" decoding=\"async\" class=\"aligncenter wp-image-509 size-full\" title=\"Week 5\" src=\"http:\/\/home.agh.edu.pl\/~potorski\/wp-content\/uploads\/button051.png\" alt=\"\" width=\"70\" height=\"70\" \/><\/p>\n<hr \/>\n<h6 style=\"text-align: center;\"><strong><div class=\"su-animate\" style=\"opacity:0;-webkit-animation-duration:1s;-webkit-animation-delay:0s;animation-duration:1s;animation-delay:0s;\" data-animation=\"pulse\" data-duration=\"1\" data-delay=\"0\">Prawdopodobie\u0144stwo warunkowe<\/div><\/strong><\/h6>\n<p style=\"text-align: center;\">Niezale\u017cno\u015b\u0107 zdarze\u0144.\u00a0Prawdopodobie\u0144stwo warunkowe.<\/div><\/div>\n<\/div><\/div>\n<div class=\"su-column su-column-size-1-2\"><div class=\"su-column-inner su-u-clearfix su-u-trim\">\n<div class=\"jbox gray\" ><div  class=\"jbox-content\"><img loading=\"lazy\" decoding=\"async\" class=\"aligncenter wp-image-187 size-full\" title=\"Week 6\" src=\"http:\/\/home.agh.edu.pl\/~potorski\/wp-content\/uploads\/button06.png\" alt=\"\" width=\"70\" height=\"70\" \/><\/p>\n<hr \/>\n<h6 style=\"text-align: center;\"><strong><div class=\"su-animate\" style=\"opacity:0;-webkit-animation-duration:1s;-webkit-animation-delay:0s;animation-duration:1s;animation-delay:0s;\" data-animation=\"pulse\" data-duration=\"1\" data-delay=\"0\">Prawdopodobie\u0144stwo warunkowe<\/div><\/strong><\/h6>\n<p style=\"text-align: center;\">Prawdopodobie\u0144stwo warunkowe. Schemat Bernoulliego.<\/div><\/div>\n<\/div><\/div>\n<\/div>\n<p>&nbsp;<\/p>\n<div class=\"su-row\">\n<div class=\"su-column su-column-size-1-2\"><div class=\"su-column-inner su-u-clearfix su-u-trim\">\n<p style=\"text-align: left;\"><div class=\"jbox gray\" style=\"border-width:2px;\"><div  class=\"jbox-content\"><img loading=\"lazy\" decoding=\"async\" class=\"aligncenter wp-image-188 size-full\" title=\"Week 7\" src=\"http:\/\/home.agh.edu.pl\/~potorski\/wp-content\/uploads\/button07.png\" alt=\"\" width=\"70\" height=\"70\" \/><\/p>\n<hr \/>\n<h6 style=\"text-align: center;\"><strong><div class=\"su-animate\" style=\"opacity:0;-webkit-animation-duration:1s;-webkit-animation-delay:0s;animation-duration:1s;animation-delay:0s;\" data-animation=\"pulse\" data-duration=\"1\" data-delay=\"0\">Zadawanie rozk\u0142adu<\/div><\/strong><\/h6>\n<p style=\"text-align: center;\"><span style=\"line-height: 1.5;\">G\u0119sto\u015b\u0107. Dystrybuanta.<\/span><\/div><\/div>\n<\/div><\/div>\n<div class=\"su-column su-column-size-1-2\"><div class=\"su-column-inner su-u-clearfix su-u-trim\">\n<div class=\"jbox gray\" ><div  class=\"jbox-content\"><img loading=\"lazy\" decoding=\"async\" class=\"wp-image-189 size-full aligncenter\" title=\"Week 8\" src=\"http:\/\/home.agh.edu.pl\/~potorski\/wp-content\/uploads\/button08.png\" alt=\"\" width=\"70\" height=\"70\" \/><\/p>\n<hr \/>\n<h6 style=\"text-align: center;\"><strong><div class=\"su-animate\" style=\"opacity:0;-webkit-animation-duration:1s;-webkit-animation-delay:0s;animation-duration:1s;animation-delay:0s;\" data-animation=\"pulse\" data-duration=\"1\" data-delay=\"0\">Rozk\u0142ady<\/div><\/strong><\/h6>\n<p style=\"text-align: center;\">Wyznaczanie rozk\u0142ad\u00f3w zmiennych losowych.<\/div><\/div>\n<\/div><\/div>\n<\/div>\n<p>&nbsp;<\/p>\n<div class=\"su-row\">\n<div class=\"su-column su-column-size-1-2\"><div class=\"su-column-inner su-u-clearfix su-u-trim\">\n<p style=\"text-align: left;\"><div class=\"jbox gray\" style=\"border-width:2px;\"><div  class=\"jbox-content\"><img loading=\"lazy\" decoding=\"async\" class=\"aligncenter wp-image-190 size-full\" title=\"Week 9\" src=\"http:\/\/home.agh.edu.pl\/~potorski\/wp-content\/uploads\/button09.png\" alt=\"\" width=\"70\" height=\"70\" \/><\/p>\n<hr \/>\n<h6 style=\"text-align: center;\"><\/h6>\n<h6 style=\"text-align: center;\"><strong><div class=\"su-animate\" style=\"opacity:0;-webkit-animation-duration:1s;-webkit-animation-delay:0s;animation-duration:1s;animation-delay:0s;\" data-animation=\"pulse\" data-duration=\"1\" data-delay=\"0\">Momenty zmiennych losowych<\/div><\/strong><\/h6>\n<p style=\"text-align: center;\">Rozk\u0142ady zmiennych losowych dyskretnych i ci\u0105g\u0142ych.<\/div><\/div>\n<\/div><\/div>\n<div class=\"su-column su-column-size-1-2\"><div class=\"su-column-inner su-u-clearfix su-u-trim\">\n<div class=\"jbox gray\" ><div  class=\"jbox-content\"><img loading=\"lazy\" decoding=\"async\" class=\"wp-image-997 aligncenter\" title=\"Test if it works\" src=\"http:\/\/home.agh.edu.pl\/~potorski\/wp-content\/uploads\/free-60-icons-14.png\" alt=\"\" width=\"70\" height=\"70\" srcset=\"https:\/\/home.agh.edu.pl\/~potorski\/wp-content\/uploads\/free-60-icons-14.png 256w, https:\/\/home.agh.edu.pl\/~potorski\/wp-content\/uploads\/free-60-icons-14-150x150.png 150w, https:\/\/home.agh.edu.pl\/~potorski\/wp-content\/uploads\/free-60-icons-14-100x100.png 100w, https:\/\/home.agh.edu.pl\/~potorski\/wp-content\/uploads\/free-60-icons-14-200x200.png 200w\" sizes=\"auto, (max-width: 70px) 100vw, 70px\" \/><\/p>\n<hr \/>\n<h6 style=\"text-align: center;\"><strong><div class=\"su-animate\" style=\"opacity:0;-webkit-animation-duration:1s;-webkit-animation-delay:0s;animation-duration:1s;animation-delay:0s;\" data-animation=\"pulse\" data-duration=\"1\" data-delay=\"0\">Kolokwium 1<\/div><\/strong><\/h6>\n<p style=\"text-align: center;\">Kolokwium odb\u0119dzie si\u0119 we czwartek 28.04.2016.<\/div><\/div>\n<\/div><\/div>\n<\/div>\n<div class=\"su-row\">\n<div class=\"su-column su-column-size-1-2\"><div class=\"su-column-inner su-u-clearfix su-u-trim\">\n<p style=\"text-align: left;\"><div class=\"jbox gray\" style=\"border-width:2px;\"><div  class=\"jbox-content\"><img loading=\"lazy\" decoding=\"async\" class=\"aligncenter wp-image-191 size-full\" title=\"Week 10\" src=\"http:\/\/home.agh.edu.pl\/~potorski\/wp-content\/uploads\/button10.png\" width=\"70\" height=\"70\" \/><\/p>\n<hr \/>\n<h6 style=\"text-align: center;\"><strong><div class=\"su-animate\" style=\"opacity:0;-webkit-animation-duration:1s;-webkit-animation-delay:0s;animation-duration:1s;animation-delay:0s;\" data-animation=\"pulse\" data-duration=\"1\" data-delay=\"0\">Momenty zmiennych losowych<\/div><\/strong><\/h6>\n<p style=\"text-align: center;\">Wyznaczanie moment\u00f3w zwyk\u0142ych i centralnych zmiennych losowych.<\/div><\/div>\n<\/div><\/div>\n<div class=\"su-column su-column-size-1-2\"><div class=\"su-column-inner su-u-clearfix su-u-trim\">\n<div class=\"jbox gray\" ><div  class=\"jbox-content\"><img loading=\"lazy\" decoding=\"async\" class=\"aligncenter wp-image-192 size-full\" title=\"Week 11\" src=\"http:\/\/home.agh.edu.pl\/~potorski\/wp-content\/uploads\/button11.png\" width=\"70\" height=\"70\" \/><\/p>\n<hr \/>\n<h6 style=\"text-align: center;\"><strong><div class=\"su-animate\" style=\"opacity:0;-webkit-animation-duration:1s;-webkit-animation-delay:0s;animation-duration:1s;animation-delay:0s;\" data-animation=\"pulse\" data-duration=\"1\" data-delay=\"0\">Dodawanie zmiennych losowych<\/div><\/strong><\/h6>\n<p style=\"text-align: center;\">Splot g\u0119sto\u015bci. Wyznaczanie rozk\u0142ad\u00f3w sumy zmiennych losowych dyskretnych.<\/div><\/div>\n<\/div><\/div>\n<\/div>\n<div class=\"su-row\">\n<div class=\"su-column su-column-size-1-2\"><div class=\"su-column-inner su-u-clearfix su-u-trim\">\n<p style=\"text-align: left;\"><div class=\"jbox gray\" style=\"border-width:2px;\"><div  class=\"jbox-content\"><img loading=\"lazy\" decoding=\"async\" class=\"aligncenter wp-image-193 size-full\" title=\"Week 12\" src=\"http:\/\/home.agh.edu.pl\/~potorski\/wp-content\/uploads\/button12.png\" width=\"70\" height=\"70\" \/><\/p>\n<hr \/>\n<h6 style=\"text-align: center;\"><strong><div class=\"su-animate\" style=\"opacity:0;-webkit-animation-duration:1s;-webkit-animation-delay:0s;animation-duration:1s;animation-delay:0s;\" data-animation=\"pulse\" data-duration=\"1\" data-delay=\"0\">Niezale\u017cno\u015b\u0107 i kowariancja<\/div><\/strong><\/h6>\n<p style=\"text-align: center;\">Kowariancja. Wsp\u00f3\u0142czynnik korelacji. Niezale\u017cno\u015b\u0107.<\/div><\/div>\n<\/div><\/div>\n<div class=\"su-column su-column-size-1-2\"><div class=\"su-column-inner su-u-clearfix su-u-trim\">\n<div class=\"jbox gray\" ><div  class=\"jbox-content\"><img loading=\"lazy\" decoding=\"async\" class=\"aligncenter wp-image-506 size-full\" title=\"Week 13\" src=\"http:\/\/home.agh.edu.pl\/~potorski\/wp-content\/uploads\/button13.png\" width=\"70\" height=\"70\" \/><\/p>\n<hr \/>\n<h6 style=\"text-align: center;\"><strong><div class=\"su-animate\" style=\"opacity:0;-webkit-animation-duration:1s;-webkit-animation-delay:0s;animation-duration:1s;animation-delay:0s;\" data-animation=\"pulse\" data-duration=\"1\" data-delay=\"0\">Rozk\u0142ad normalny<\/div><\/strong><\/h6>\n<p style=\"text-align: center;\">Rozk\u0142ad normalny. Wielowymiarowy rozk\u0142ad normalny.<\/div><\/div>\n<\/div><\/div>\n<\/div>\n<div class=\"su-row\">\n<div class=\"su-column su-column-size-1-2\"><div class=\"su-column-inner su-u-clearfix su-u-trim\">\n<p style=\"text-align: left;\"><div class=\"jbox gray\" style=\"border-width:2px;\"><div  class=\"jbox-content\"><img loading=\"lazy\" decoding=\"async\" class=\"aligncenter wp-image-507 size-full\" title=\"Week 14\" src=\"http:\/\/home.agh.edu.pl\/~potorski\/wp-content\/uploads\/button14.png\" width=\"70\" height=\"70\" \/><\/p>\n<hr \/>\n<h6 style=\"text-align: center;\"><strong><div class=\"su-animate\" style=\"opacity:0;-webkit-animation-duration:1s;-webkit-animation-delay:0s;animation-duration:1s;animation-delay:0s;\" data-animation=\"pulse\" data-duration=\"1\" data-delay=\"0\">Twierdzenia graniczne<\/div><\/strong><\/h6>\n<p style=\"text-align: center;\">Centralne twierdzenia graniczne w zadaniach.<\/div><\/div>\n<\/div><\/div>\n<div class=\"su-column su-column-size-1-2\"><div class=\"su-column-inner su-u-clearfix su-u-trim\">\n<div class=\"jbox gray\" ><div  class=\"jbox-content\"><img loading=\"lazy\" decoding=\"async\" class=\"wp-image-997 aligncenter\" title=\"Test if it works\" src=\"http:\/\/home.agh.edu.pl\/~potorski\/wp-content\/uploads\/free-60-icons-14.png\" alt=\"\" width=\"70\" height=\"70\" srcset=\"https:\/\/home.agh.edu.pl\/~potorski\/wp-content\/uploads\/free-60-icons-14.png 256w, https:\/\/home.agh.edu.pl\/~potorski\/wp-content\/uploads\/free-60-icons-14-150x150.png 150w, https:\/\/home.agh.edu.pl\/~potorski\/wp-content\/uploads\/free-60-icons-14-100x100.png 100w, https:\/\/home.agh.edu.pl\/~potorski\/wp-content\/uploads\/free-60-icons-14-200x200.png 200w\" sizes=\"auto, (max-width: 70px) 100vw, 70px\" \/><\/p>\n<hr \/>\n<h6 style=\"text-align: center;\"><strong><div class=\"su-animate\" style=\"opacity:0;-webkit-animation-duration:1s;-webkit-animation-delay:0s;animation-duration:1s;animation-delay:0s;\" data-animation=\"pulse\" data-duration=\"1\" data-delay=\"0\">Kolokwium 2<\/div><\/strong><\/h6>\n<p style=\"text-align: center;\">Kolokwium odb\u0119dzie si\u0119 w pi\u0105tek\u00a010.06.2016.<\/div><\/div>\n<\/div><\/div>\n<\/div>\n<p>&nbsp;<\/p>\n<div class=\"su-row\">\n<div class=\"su-column su-column-size-1-2\"><div class=\"su-column-inner su-u-clearfix su-u-trim\">\n<div class=\"jbox gray\" ><div  class=\"jbox-content\"><a href=\"http:\/\/home.agh.edu.pl\/~potorski\/wp-content\/uploads\/IPT_Review.pdf\"><img loading=\"lazy\" decoding=\"async\" class=\"aligncenter wp-image-128\" title=\"Review\" src=\"http:\/\/home.agh.edu.pl\/~potorski\/wp-content\/uploads\/analytics.png\" alt=\"\" width=\"70\" height=\"70\" srcset=\"https:\/\/home.agh.edu.pl\/~potorski\/wp-content\/uploads\/analytics.png 128w, https:\/\/home.agh.edu.pl\/~potorski\/wp-content\/uploads\/analytics-100x100.png 100w\" sizes=\"auto, (max-width: 70px) 100vw, 70px\" \/><\/a><\/p>\n<hr \/>\n<h6 style=\"text-align: center;\"><strong><div class=\"su-animate\" style=\"opacity:0;-webkit-animation-duration:1s;-webkit-animation-delay:0s;animation-duration:1s;animation-delay:0s;\" data-animation=\"pulse\" data-duration=\"1\" data-delay=\"0\">Zadanie Review<\/div><\/strong><\/h6>\n<p style=\"text-align: center;\">Podstawy rachunku r\u00f3\u017cniczkowego i ca\u0142kowego. Granice. Pochodne. Sumy. Ca\u0142ki.<\/p>\n<p style=\"text-align: center;\"><\/div><\/div>\n<\/div><\/div>\n<div class=\"su-column su-column-size-1-2\"><div class=\"su-column-inner su-u-clearfix su-u-trim\">\n<div class=\"jbox gray\" ><div  class=\"jbox-content\"><a href=\"http:\/\/piazza.com\"><img loading=\"lazy\" decoding=\"async\" class=\"wp-image-115 aligncenter\" title=\"piazza.com\" src=\"http:\/\/home.agh.edu.pl\/~potorski\/wp-content\/uploads\/piazzalogo.jpg\" alt=\"\" width=\"70\" height=\"70\" srcset=\"https:\/\/home.agh.edu.pl\/~potorski\/wp-content\/uploads\/piazzalogo.jpg 225w, https:\/\/home.agh.edu.pl\/~potorski\/wp-content\/uploads\/piazzalogo-150x150.jpg 150w, https:\/\/home.agh.edu.pl\/~potorski\/wp-content\/uploads\/piazzalogo-100x100.jpg 100w, https:\/\/home.agh.edu.pl\/~potorski\/wp-content\/uploads\/piazzalogo-200x200.jpg 200w\" sizes=\"auto, (max-width: 70px) 100vw, 70px\" \/><\/a><\/p>\n<hr \/>\n<h6 style=\"text-align: center;\"><strong><div class=\"su-animate\" style=\"opacity:0;-webkit-animation-duration:1s;-webkit-animation-delay:0s;animation-duration:1s;animation-delay:0s;\" data-animation=\"pulse\" data-duration=\"1\" data-delay=\"0\">Platforma piazza.com<\/div><\/strong><\/h6>\n<p style=\"text-align: center;\"><span style=\"line-height: 36.036px;\">Uruchomili\u015bmy platform\u0119 piazza.com do naszego kursu.<\/span><\/div><\/div>\n<\/div><\/div>\n<\/div>\n","protected":false},"excerpt":{"rendered":"<p>&nbsp; &nbsp; &nbsp; &nbsp; &nbsp;<\/p>\n","protected":false},"author":1,"featured_media":0,"parent":6,"menu_order":0,"comment_status":"closed","ping_status":"closed","template":"full-width-page.php","meta":{"footnotes":""},"class_list":["post-916","page","type-page","status-publish","hentry"],"_links":{"self":[{"href":"https:\/\/home.agh.edu.pl\/~potorski\/wp-json\/wp\/v2\/pages\/916","targetHints":{"allow":["GET"]}}],"collection":[{"href":"https:\/\/home.agh.edu.pl\/~potorski\/wp-json\/wp\/v2\/pages"}],"about":[{"href":"https:\/\/home.agh.edu.pl\/~potorski\/wp-json\/wp\/v2\/types\/page"}],"author":[{"embeddable":true,"href":"https:\/\/home.agh.edu.pl\/~potorski\/wp-json\/wp\/v2\/users\/1"}],"replies":[{"embeddable":true,"href":"https:\/\/home.agh.edu.pl\/~potorski\/wp-json\/wp\/v2\/comments?post=916"}],"version-history":[{"count":20,"href":"https:\/\/home.agh.edu.pl\/~potorski\/wp-json\/wp\/v2\/pages\/916\/revisions"}],"predecessor-version":[{"id":1261,"href":"https:\/\/home.agh.edu.pl\/~potorski\/wp-json\/wp\/v2\/pages\/916\/revisions\/1261"}],"up":[{"embeddable":true,"href":"https:\/\/home.agh.edu.pl\/~potorski\/wp-json\/wp\/v2\/pages\/6"}],"wp:attachment":[{"href":"https:\/\/home.agh.edu.pl\/~potorski\/wp-json\/wp\/v2\/media?parent=916"}],"curies":[{"name":"wp","href":"https:\/\/api.w.org\/{rel}","templated":true}]}}