{"id":933,"date":"2016-02-17T11:15:46","date_gmt":"2016-02-17T10:15:46","guid":{"rendered":"http:\/\/home.agh.edu.pl\/~potorski\/?page_id=933"},"modified":"2018-02-23T17:20:25","modified_gmt":"2018-02-23T16:20:25","slug":"ma2-pl","status":"publish","type":"page","link":"https:\/\/home.agh.edu.pl\/~potorski\/teaching\/ma2-pl","title":{"rendered":"Mathematical Analysis 2 (PL)"},"content":{"rendered":"<div class=\"su-row\">\n<p style=\"text-align: left;\"><div class=\"su-animate\" style=\"opacity:0;-webkit-animation-duration:3s;-webkit-animation-delay:0s;animation-duration:3s;animation-delay:0s;\" data-animation=\"flipInX\" data-duration=\"3\" data-delay=\"0\"><div class=\"jbox gray\" ><div  class=\"jbox-content\"><h2 style=\"text-align: center;\">Analiza matematyczna 2<\/h2>\n<p style=\"text-align: left;\"><\/div><\/div><\/div>\n<p style=\"text-align: left;\"><\/div>\n<div class=\"su-row\">\n<div class=\"su-column su-column-size-1-2\"><div class=\"su-column-inner su-u-clearfix su-u-trim\">\n<div class=\"jbox gray\" ><div  class=\"jbox-content\"><img loading=\"lazy\" decoding=\"async\" class=\"aligncenter wp-image-470\" src=\"http:\/\/home.agh.edu.pl\/~potorski\/wp-content\/uploads\/free-60-icons-121.png\" alt=\"\" width=\"70\" height=\"70\" srcset=\"https:\/\/home.agh.edu.pl\/~potorski\/wp-content\/uploads\/free-60-icons-121.png 128w, https:\/\/home.agh.edu.pl\/~potorski\/wp-content\/uploads\/free-60-icons-121-100x100.png 100w\" sizes=\"auto, (max-width: 70px) 100vw, 70px\" \/><\/p>\n<hr \/>\n<p style=\"text-align: center;\"><strong>O przedmiocie<\/strong><\/p>\n<p style=\"text-align: center;\">Przedmiot przeznaczony dla student\u00f3w I roku studi\u00f3w I stopnia na kierunku\u00a0Teleinformatyka<span style=\"line-height: 1.5;\">, Wydzia\u0142 Informatyki, Elektroniki i Telekomunikacji<\/span><span style=\"line-height: 1.5;\">. Semestr letni 2015\/2016<\/span><\/p>\n<p style=\"text-align: center;\"><\/div><\/div>\n<\/div><\/div>\n<div class=\"su-column su-column-size-1-2\"><div class=\"su-column-inner su-u-clearfix su-u-trim\">\n<div class=\"jbox gray\" ><div  class=\"jbox-content\"><img loading=\"lazy\" decoding=\"async\" class=\"aligncenter wp-image-471\" src=\"http:\/\/home.agh.edu.pl\/~potorski\/wp-content\/uploads\/free-60-icons-58.png\" alt=\"\" width=\"70\" height=\"70\" srcset=\"https:\/\/home.agh.edu.pl\/~potorski\/wp-content\/uploads\/free-60-icons-58.png 128w, https:\/\/home.agh.edu.pl\/~potorski\/wp-content\/uploads\/free-60-icons-58-100x100.png 100w\" sizes=\"auto, (max-width: 70px) 100vw, 70px\" \/><\/p>\n<hr \/>\n<p style=\"text-align: center;\"><strong>Syllabus oraz warunki zaliczenia przedmiotu<\/strong><\/p>\n<p style=\"text-align: center;\"><a title=\"Syllabus\" href=\"http:\/\/syllabuskrk.agh.edu.pl\/2014-2015\/pl\/magnesite\/study_plans\/stacjonarne-teleinformatyka\/module\/ite-1-207-s-analiza-matematyczna-2\" target=\"_blank\" rel=\"noopener noreferrer\">Syllabus kursu<br \/>\n<\/a><a href=\"http:\/\/home.agh.edu.pl\/~potorski\/wp-content\/uploads\/MA2_PC.pdf\">Zasady zaliczenia<\/a><\/p>\n<p style=\"text-align: center;\"><\/div><\/div>\n<\/div><\/div>\n<\/div>\n<p>&nbsp;<\/p>\n<div class=\"su-row\">\n<div class=\"su-column su-column-size-1-2\"><div class=\"su-column-inner su-u-clearfix su-u-trim\">\n<p style=\"text-align: left;\"><div class=\"jbox gray\" style=\"border-width:2px;\"><div  class=\"jbox-content\"><img loading=\"lazy\" decoding=\"async\" class=\"aligncenter wp-image-182 size-full\" title=\"Week 1\" src=\"http:\/\/home.agh.edu.pl\/~potorski\/wp-content\/uploads\/button011.png\" alt=\"WEEK01\" width=\"70\" height=\"70\" \/><\/p>\n<hr \/>\n<h6 style=\"text-align: center;\"><strong><div class=\"su-animate\" style=\"opacity:0;-webkit-animation-duration:1s;-webkit-animation-delay:0s;animation-duration:1s;animation-delay:0s;\" data-animation=\"pulse\" data-duration=\"1\" data-delay=\"0\">Pocz\u0105tki<\/div><\/strong><\/h6>\n<p style=\"text-align: center;\">Pochodne i ca\u0142ki &#8211; przypomnienie.<\/div><\/div>\n<\/div><\/div>\n<div class=\"su-column su-column-size-1-2\"><div class=\"su-column-inner su-u-clearfix su-u-trim\">\n<div class=\"jbox gray\" ><div  class=\"jbox-content\"><a href=\"http:\/\/home.agh.edu.pl\/~potorski\/wp-content\/uploads\/MA2_Z13.pdf\"><img loading=\"lazy\" decoding=\"async\" class=\"aligncenter wp-image-183 size-full\" title=\"Week 2\" src=\"http:\/\/home.agh.edu.pl\/~potorski\/wp-content\/uploads\/button02.png\" alt=\"\" width=\"70\" height=\"70\" \/><\/a><\/p>\n<hr \/>\n<h6 style=\"text-align: center;\"><strong><div class=\"su-animate\" style=\"opacity:0;-webkit-animation-duration:1s;-webkit-animation-delay:0s;animation-duration:1s;animation-delay:0s;\" data-animation=\"pulse\" data-duration=\"1\" data-delay=\"0\"><strong>Funkcje uwik\u0142ane<\/strong><\/div><\/strong><\/h6>\n<p style=\"text-align: center;\">Twierdzenie o funkcji uwik\u0142anej. Funkcje uwik\u0142ane i ich pochodne.<\/div><\/div>\n<\/div><\/div>\n<\/div>\n<p>&nbsp;<\/p>\n<div class=\"su-row\">\n<div class=\"su-column su-column-size-1-2\"><div class=\"su-column-inner su-u-clearfix su-u-trim\">\n<p style=\"text-align: left;\"><div class=\"jbox gray\" style=\"border-width:2px;\"><div  class=\"jbox-content\"><img loading=\"lazy\" decoding=\"async\" class=\"wp-image-184 size-full aligncenter\" title=\"Week 3\" src=\"http:\/\/home.agh.edu.pl\/~potorski\/wp-content\/uploads\/button03.png\" alt=\"\" width=\"70\" height=\"70\" \/><\/p>\n<hr \/>\n<h6 style=\"text-align: center;\"><strong><div class=\"su-animate\" style=\"opacity:0;-webkit-animation-duration:1s;-webkit-animation-delay:0s;animation-duration:1s;animation-delay:0s;\" data-animation=\"pulse\" data-duration=\"1\" data-delay=\"0\">R\u00f3wnania r\u00f3\u017cniczkowe rz\u0119du I<\/div><\/strong><\/h6>\n<p style=\"text-align: center;\">Rozwi\u0105zywanie r\u00f3wna\u0144 r\u00f3\u017cniczkowych rz\u0119du pierwszego.<\/div><\/div>\n<\/div><\/div>\n<div class=\"su-column su-column-size-1-2\"><div class=\"su-column-inner su-u-clearfix su-u-trim\">\n<div class=\"jbox gray\" ><div  class=\"jbox-content\"><img loading=\"lazy\" decoding=\"async\" class=\"wp-image-185 size-full aligncenter\" title=\"Week 4\" src=\"http:\/\/home.agh.edu.pl\/~potorski\/wp-content\/uploads\/button04.png\" alt=\"\" width=\"70\" height=\"70\" \/><\/p>\n<hr \/>\n<h6 style=\"text-align: center;\"><strong><div class=\"su-animate\" style=\"opacity:0;-webkit-animation-duration:1s;-webkit-animation-delay:0s;animation-duration:1s;animation-delay:0s;\" data-animation=\"pulse\" data-duration=\"1\" data-delay=\"0\"><strong>R\u00f3wnania r\u00f3\u017cniczkowe rz\u0119du I cd.<\/strong><\/div><\/strong><\/h6>\n<p style=\"text-align: center;\">Nowa zmienna zale\u017cna. R\u00f3wnania zupe\u0142ne.<\/div><\/div>\n<\/div><\/div>\n<\/div>\n<p>&nbsp;<\/p>\n<div class=\"su-row\">\n<div class=\"su-column su-column-size-1-2\"><div class=\"su-column-inner su-u-clearfix su-u-trim\">\n<p style=\"text-align: left;\"><div class=\"jbox gray\" style=\"border-width:2px;\"><div  class=\"jbox-content\"><img loading=\"lazy\" decoding=\"async\" class=\"aligncenter wp-image-509 size-full\" title=\"Week 5\" src=\"http:\/\/home.agh.edu.pl\/~potorski\/wp-content\/uploads\/button051.png\" alt=\"\" width=\"70\" height=\"70\" \/><\/p>\n<hr \/>\n<h6 style=\"text-align: center;\"><strong><div class=\"su-animate\" style=\"opacity:0;-webkit-animation-duration:1s;-webkit-animation-delay:0s;animation-duration:1s;animation-delay:0s;\" data-animation=\"pulse\" data-duration=\"1\" data-delay=\"0\"><strong><strong>R\u00f3wnania r\u00f3\u017cniczkowe rz\u0119du I cd.<\/strong><\/strong><\/div><\/strong><\/h6>\n<p style=\"text-align: center;\">Wyznaczanie czynnika ca\u0142kuj\u0105cego<span style=\"line-height: 1.5;\">.<\/span><\/div><\/div>\n<\/div><\/div>\n<div class=\"su-column su-column-size-1-2\"><div class=\"su-column-inner su-u-clearfix su-u-trim\">\n<div class=\"jbox gray\" ><div  class=\"jbox-content\"><img loading=\"lazy\" decoding=\"async\" class=\"aligncenter wp-image-187 size-full\" title=\"Week 6\" src=\"http:\/\/home.agh.edu.pl\/~potorski\/wp-content\/uploads\/button06.png\" alt=\"\" width=\"70\" height=\"70\" \/><\/p>\n<hr \/>\n<h6 style=\"text-align: center;\"><strong><div class=\"su-animate\" style=\"opacity:0;-webkit-animation-duration:1s;-webkit-animation-delay:0s;animation-duration:1s;animation-delay:0s;\" data-animation=\"pulse\" data-duration=\"1\" data-delay=\"0\"><strong><strong><strong>R\u00f3wnania r\u00f3\u017cniczkowe rz\u0119du I cd.<\/strong><\/strong><\/strong><\/div><\/strong><\/h6>\n<p style=\"text-align: center;\">R\u00f3wnania r\u00f3\u017cniczkowe liniowe niejednorodne. Metoda uzmienniania sta\u0142ej.<\/div><\/div>\n<\/div><\/div>\n<\/div>\n<p>&nbsp;<\/p>\n<div class=\"su-row\">\n<div class=\"su-column su-column-size-1-2\"><div class=\"su-column-inner su-u-clearfix su-u-trim\">\n<p style=\"text-align: left;\"><div class=\"jbox gray\" style=\"border-width:2px;\"><div  class=\"jbox-content\"><img loading=\"lazy\" decoding=\"async\" class=\"aligncenter wp-image-188 size-full\" title=\"Week 7\" src=\"http:\/\/home.agh.edu.pl\/~potorski\/wp-content\/uploads\/button07.png\" alt=\"\" width=\"70\" height=\"70\" \/><\/p>\n<hr \/>\n<h6 style=\"text-align: center;\"><strong><div class=\"su-animate\" style=\"opacity:0;-webkit-animation-duration:1s;-webkit-animation-delay:0s;animation-duration:1s;animation-delay:0s;\" data-animation=\"pulse\" data-duration=\"1\" data-delay=\"0\"><strong><strong>Uk\u0142ady r\u00f3wna\u0144 r\u00f3\u017cniczkowych<\/strong><\/strong><\/div><\/strong><\/h6>\n<p style=\"text-align: center;\">Warto\u015bci w\u0142asne i wektory w\u0142asne. Rozwi\u0105zywanie uk\u0142ad\u00f3w r\u00f3wna\u0144<span style=\"line-height: 1.5;\">.<\/span><\/div><\/div>\n<\/div><\/div>\n<div class=\"su-column su-column-size-1-2\"><div class=\"su-column-inner su-u-clearfix su-u-trim\">\n<div class=\"jbox gray\" ><div  class=\"jbox-content\"><img loading=\"lazy\" decoding=\"async\" class=\"aligncenter wp-image-189 size-full\" title=\"Week 8\" src=\"http:\/\/home.agh.edu.pl\/~potorski\/wp-content\/uploads\/button08.png\" alt=\"\" width=\"70\" height=\"70\" \/><\/p>\n<hr \/>\n<h6 style=\"text-align: center;\"><strong><div class=\"su-animate\" style=\"opacity:0;-webkit-animation-duration:1s;-webkit-animation-delay:0s;animation-duration:1s;animation-delay:0s;\" data-animation=\"pulse\" data-duration=\"1\" data-delay=\"0\"><strong><strong><strong>Uk\u0142ady r\u00f3wna\u0144 r\u00f3\u017cniczkowych cd.<\/strong><\/strong><\/strong><\/div><\/strong><\/h6>\n<p style=\"text-align: center;\">Rozwi\u0105zywanie uk\u0142ad\u00f3w r\u00f3wna\u0144 i powi\u0105zanie z r\u00f3wnaniami wy\u017cszych rz\u0119d\u00f3w<span style=\"line-height: 1.5;\">.<\/span><\/div><\/div>\n<\/div><\/div>\n<\/div>\n<p>&nbsp;<\/p>\n<div class=\"su-row\">\n<div class=\"su-column su-column-size-1-2\"><div class=\"su-column-inner su-u-clearfix su-u-trim\">\n<p style=\"text-align: left;\"><div class=\"jbox gray\" style=\"border-width:2px;\"><div  class=\"jbox-content\"><img loading=\"lazy\" decoding=\"async\" class=\"aligncenter wp-image-190 size-full\" title=\"Week 9\" src=\"http:\/\/home.agh.edu.pl\/~potorski\/wp-content\/uploads\/button09.png\" alt=\"\" width=\"70\" height=\"70\" \/><\/p>\n<hr \/>\n<h6 style=\"text-align: center;\"><strong><div class=\"su-animate\" style=\"opacity:0;-webkit-animation-duration:1s;-webkit-animation-delay:0s;animation-duration:1s;animation-delay:0s;\" data-animation=\"pulse\" data-duration=\"1\" data-delay=\"0\">R<strong><strong>\u00f3wnania r\u00f3\u017cniczkowe wy\u017cszych rz\u0119d\u00f3w<\/strong><\/strong><\/div><\/strong><\/h6>\n<p style=\"text-align: center;\">Rozwi\u0105zywanie r\u00f3wna\u0144 r\u00f3\u017cniczkowych wy\u017cszych rz\u0119d\u00f3w<span style=\"line-height: 1.5;\">.<\/span><\/div><\/div>\n<\/div><\/div>\n<div class=\"su-column su-column-size-1-2\"><div class=\"su-column-inner su-u-clearfix su-u-trim\">\n<div class=\"jbox gray\" ><div  class=\"jbox-content\"><img loading=\"lazy\" decoding=\"async\" class=\"aligncenter wp-image-997\" title=\"Test if it works\" src=\"http:\/\/home.agh.edu.pl\/~potorski\/wp-content\/uploads\/free-60-icons-14.png\" alt=\"\" width=\"70\" height=\"70\" srcset=\"https:\/\/home.agh.edu.pl\/~potorski\/wp-content\/uploads\/free-60-icons-14.png 256w, https:\/\/home.agh.edu.pl\/~potorski\/wp-content\/uploads\/free-60-icons-14-150x150.png 150w, https:\/\/home.agh.edu.pl\/~potorski\/wp-content\/uploads\/free-60-icons-14-100x100.png 100w, https:\/\/home.agh.edu.pl\/~potorski\/wp-content\/uploads\/free-60-icons-14-200x200.png 200w\" sizes=\"auto, (max-width: 70px) 100vw, 70px\" \/><\/p>\n<hr \/>\n<h6 style=\"text-align: center;\"><strong><div class=\"su-animate\" style=\"opacity:0;-webkit-animation-duration:1s;-webkit-animation-delay:0s;animation-duration:1s;animation-delay:0s;\" data-animation=\"pulse\" data-duration=\"1\" data-delay=\"0\"><strong><strong><strong>Kolokwium 1<\/strong><\/strong><\/strong><\/div><\/strong><\/h6>\n<p style=\"text-align: center;\">Kolokwium odb\u0119dzie si\u0119 28 kwietnia 2016<span style=\"line-height: 1.5;\">.<\/span><\/div><\/div>\n<\/div><\/div>\n<\/div>\n<div class=\"su-row\">\n<div class=\"su-column su-column-size-1-2\"><div class=\"su-column-inner su-u-clearfix su-u-trim\">\n<p style=\"text-align: left;\"><div class=\"jbox gray\" style=\"border-width:2px;\"><div  class=\"jbox-content\"><img loading=\"lazy\" decoding=\"async\" class=\"aligncenter wp-image-191 size-full\" title=\"Week 10\" src=\"http:\/\/home.agh.edu.pl\/~potorski\/wp-content\/uploads\/button10.png\" width=\"70\" height=\"70\" \/><\/p>\n<hr \/>\n<h6 style=\"text-align: center;\"><strong><div class=\"su-animate\" style=\"opacity:0;-webkit-animation-duration:1s;-webkit-animation-delay:0s;animation-duration:1s;animation-delay:0s;\" data-animation=\"pulse\" data-duration=\"1\" data-delay=\"0\">Szeregi liczbowe<\/div><\/strong><\/h6>\n<p style=\"text-align: center;\"><span style=\"line-height: 1.5;\">Obliczanie sum szereg\u00f3w liczbowych. Badanie zbie\u017cno\u015bci. Kryterium por\u00f3wnawcze, d&#8217;Alemberta i Cauchy&#8217;ego.<\/span><\/div><\/div>\n<\/div><\/div>\n<div class=\"su-column su-column-size-1-2\"><div class=\"su-column-inner su-u-clearfix su-u-trim\">\n<div class=\"jbox gray\" ><div  class=\"jbox-content\"><img loading=\"lazy\" decoding=\"async\" class=\"aligncenter wp-image-192 size-full\" title=\"Week 11\" src=\"http:\/\/home.agh.edu.pl\/~potorski\/wp-content\/uploads\/button11.png\" width=\"70\" height=\"70\" \/><\/p>\n<hr \/>\n<h6 style=\"text-align: center;\"><strong><div class=\"su-animate\" style=\"opacity:0;-webkit-animation-duration:1s;-webkit-animation-delay:0s;animation-duration:1s;animation-delay:0s;\" data-animation=\"pulse\" data-duration=\"1\" data-delay=\"0\"><strong><strong><strong>Zbie\u017cno\u015b\u0107 szereg\u00f3w liczbowych<\/strong><\/strong><\/strong><\/div><\/strong><\/h6>\n<p style=\"text-align: center;\"><span style=\"line-height: 1.5;\">Kryterium Leibniza i ca\u0142kowe. Zbie\u017cno\u015b\u0107 bezwzgl\u0119dna i warunkowa szereg\u00f3w liczbowych.<\/span><\/div><\/div>\n<\/div><\/div>\n<\/div>\n<div class=\"su-row\">\n<div class=\"su-column su-column-size-1-2\"><div class=\"su-column-inner su-u-clearfix su-u-trim\">\n<p style=\"text-align: left;\"><div class=\"jbox gray\" style=\"border-width:2px;\"><div  class=\"jbox-content\"><img loading=\"lazy\" decoding=\"async\" class=\"aligncenter wp-image-193 size-full\" title=\"Week 12\" src=\"http:\/\/home.agh.edu.pl\/~potorski\/wp-content\/uploads\/button12.png\" width=\"70\" height=\"70\" \/><\/p>\n<hr \/>\n<h6 style=\"text-align: center;\"><strong><div class=\"su-animate\" style=\"opacity:0;-webkit-animation-duration:1s;-webkit-animation-delay:0s;animation-duration:1s;animation-delay:0s;\" data-animation=\"pulse\" data-duration=\"1\" data-delay=\"0\">Ci\u0105gi i szeregi funkcyjne<\/div><\/strong><\/h6>\n<p style=\"text-align: center;\"><span style=\"line-height: 1.5;\">Zbie\u017cno\u015b\u0107 punktowa i jednostajna. Kryterium Weierstrassa.<\/span><\/div><\/div>\n<\/div><\/div>\n<div class=\"su-column su-column-size-1-2\"><div class=\"su-column-inner su-u-clearfix su-u-trim\">\n<div class=\"jbox gray\" ><div  class=\"jbox-content\"><img loading=\"lazy\" decoding=\"async\" class=\"aligncenter wp-image-506 size-full\" title=\"Week 13\" src=\"http:\/\/home.agh.edu.pl\/~potorski\/wp-content\/uploads\/button13.png\" width=\"70\" height=\"70\" \/><\/p>\n<hr \/>\n<h6 style=\"text-align: center;\"><strong><div class=\"su-animate\" style=\"opacity:0;-webkit-animation-duration:1s;-webkit-animation-delay:0s;animation-duration:1s;animation-delay:0s;\" data-animation=\"pulse\" data-duration=\"1\" data-delay=\"0\"><strong><strong><strong>Szeregi pot\u0119gowe<\/strong><\/strong><\/strong><\/div><\/strong><\/h6>\n<p style=\"text-align: center;\"><span style=\"line-height: 1.5;\">Szereg Taylora i Maclaurina. Obliczanie przybli\u017conych warto\u015bci funkcji.<\/span><\/div><\/div>\n<\/div><\/div>\n<\/div>\n<div class=\"su-row\">\n<div class=\"su-column su-column-size-1-2\"><div class=\"su-column-inner su-u-clearfix su-u-trim\">\n<p style=\"text-align: left;\"><div class=\"jbox gray\" style=\"border-width:2px;\"><div  class=\"jbox-content\"><img loading=\"lazy\" decoding=\"async\" class=\"wp-image-507 size-full aligncenter\" title=\"Week 14\" src=\"http:\/\/home.agh.edu.pl\/~potorski\/wp-content\/uploads\/button14.png\" width=\"70\" height=\"70\" \/><\/p>\n<hr \/>\n<h6 style=\"text-align: center;\"><strong><div class=\"su-animate\" style=\"opacity:0;-webkit-animation-duration:1s;-webkit-animation-delay:0s;animation-duration:1s;animation-delay:0s;\" data-animation=\"pulse\" data-duration=\"1\" data-delay=\"0\">Szeregi Fouriera<\/div><\/strong><\/h6>\n<p style=\"text-align: center;\"><span style=\"line-height: 1.5;\">Rozwijanie funkcji w szereg Fouriera.<\/span><\/div><\/div>\n<\/div><\/div>\n<div class=\"su-column su-column-size-1-2\"><div class=\"su-column-inner su-u-clearfix su-u-trim\">\n<div class=\"jbox gray\" ><div  class=\"jbox-content\"><img loading=\"lazy\" decoding=\"async\" class=\"aligncenter wp-image-997\" title=\"Test if it works\" src=\"http:\/\/home.agh.edu.pl\/~potorski\/wp-content\/uploads\/free-60-icons-14.png\" alt=\"\" width=\"70\" height=\"70\" srcset=\"https:\/\/home.agh.edu.pl\/~potorski\/wp-content\/uploads\/free-60-icons-14.png 256w, https:\/\/home.agh.edu.pl\/~potorski\/wp-content\/uploads\/free-60-icons-14-150x150.png 150w, https:\/\/home.agh.edu.pl\/~potorski\/wp-content\/uploads\/free-60-icons-14-100x100.png 100w, https:\/\/home.agh.edu.pl\/~potorski\/wp-content\/uploads\/free-60-icons-14-200x200.png 200w\" sizes=\"auto, (max-width: 70px) 100vw, 70px\" \/><\/p>\n<hr \/>\n<h6 style=\"text-align: center;\"><strong><div class=\"su-animate\" style=\"opacity:0;-webkit-animation-duration:1s;-webkit-animation-delay:0s;animation-duration:1s;animation-delay:0s;\" data-animation=\"pulse\" data-duration=\"1\" data-delay=\"0\"><strong><strong><strong>Kolokwium 2<\/strong><\/strong><\/strong><\/div><\/strong><\/h6>\n<p style=\"text-align: center;\">Kolokwium odb\u0119dzie si\u0119 10\u00a0czerwca 2016<span style=\"line-height: 1.5;\">.<\/span><\/div><\/div>\n<\/div><\/div>\n<\/div>\n<div class=\"su-row\">\n<div class=\"su-column su-column-size-1-2\"><div class=\"su-column-inner su-u-clearfix su-u-trim\">\n<p style=\"text-align: left;\"><div class=\"jbox gray\" style=\"border-width:2px;\"><div  class=\"jbox-content\"><img loading=\"lazy\" decoding=\"async\" class=\"aligncenter wp-image-974\" title=\"AGH D17\" src=\"http:\/\/home.agh.edu.pl\/~potorski\/wp-content\/uploads\/free-60-icons-57.png\" alt=\"\" width=\"70\" height=\"70\" srcset=\"https:\/\/home.agh.edu.pl\/~potorski\/wp-content\/uploads\/free-60-icons-57.png 128w, https:\/\/home.agh.edu.pl\/~potorski\/wp-content\/uploads\/free-60-icons-57-100x100.png 100w\" sizes=\"auto, (max-width: 70px) 100vw, 70px\" \/><\/p>\n<hr \/>\n<h6 style=\"text-align: center;\"><strong><div class=\"su-animate\" style=\"opacity:0;-webkit-animation-duration:1s;-webkit-animation-delay:0s;animation-duration:1s;animation-delay:0s;\" data-animation=\"pulse\" data-duration=\"1\" data-delay=\"0\">Zmiana organizacyjna<\/div><\/strong><\/h6>\n<p style=\"text-align: center;\">Od 10 marca 2016 zaj\u0119cia odbywa\u0107 si\u0119 b\u0119d\u0105 w sali<strong> 3.23<\/strong>\u00a0w budynku <strong>D17<\/strong> (Informatyka, <span style=\"text-decoration: underline;\">II pi\u0119tro<\/span>). Zmianie ulega te\u017c pora zaj\u0119\u0107 p\u00f3\u017aniejszej grupy, spotyka\u0107 b\u0119dziemy si\u0119 <strong>5 minut wcze\u015bniej<\/strong> tj. o <strong>9:30<\/strong>. Prosz\u0119 rozpowszechni\u0107 t\u0119 informacj\u0119.<\/div><\/div>\n<\/div><\/div>\n<\/div>\n","protected":false},"excerpt":{"rendered":"<p>&nbsp; &nbsp; &nbsp; &nbsp; &nbsp;<\/p>\n","protected":false},"author":1,"featured_media":0,"parent":6,"menu_order":0,"comment_status":"closed","ping_status":"closed","template":"full-width-page.php","meta":{"footnotes":""},"class_list":["post-933","page","type-page","status-publish","hentry"],"_links":{"self":[{"href":"https:\/\/home.agh.edu.pl\/~potorski\/wp-json\/wp\/v2\/pages\/933","targetHints":{"allow":["GET"]}}],"collection":[{"href":"https:\/\/home.agh.edu.pl\/~potorski\/wp-json\/wp\/v2\/pages"}],"about":[{"href":"https:\/\/home.agh.edu.pl\/~potorski\/wp-json\/wp\/v2\/types\/page"}],"author":[{"embeddable":true,"href":"https:\/\/home.agh.edu.pl\/~potorski\/wp-json\/wp\/v2\/users\/1"}],"replies":[{"embeddable":true,"href":"https:\/\/home.agh.edu.pl\/~potorski\/wp-json\/wp\/v2\/comments?post=933"}],"version-history":[{"count":18,"href":"https:\/\/home.agh.edu.pl\/~potorski\/wp-json\/wp\/v2\/pages\/933\/revisions"}],"predecessor-version":[{"id":1262,"href":"https:\/\/home.agh.edu.pl\/~potorski\/wp-json\/wp\/v2\/pages\/933\/revisions\/1262"}],"up":[{"embeddable":true,"href":"https:\/\/home.agh.edu.pl\/~potorski\/wp-json\/wp\/v2\/pages\/6"}],"wp:attachment":[{"href":"https:\/\/home.agh.edu.pl\/~potorski\/wp-json\/wp\/v2\/media?parent=933"}],"curies":[{"name":"wp","href":"https:\/\/api.w.org\/{rel}","templated":true}]}}