{"id":230,"date":"2020-01-13T11:17:52","date_gmt":"2020-01-13T11:17:52","guid":{"rendered":"https:\/\/demosites.io\/web-agency-gb\/?page_id=5"},"modified":"2021-03-03T19:29:01","modified_gmt":"2021-03-03T18:29:01","slug":"15c42-web-agency-gb-home","status":"publish","type":"page","link":"https:\/\/home.agh.edu.pl\/~robertb\/","title":{"rendered":"Home"},"content":{"rendered":"\n<div class=\"wp-block-cover alignfull\" style=\"background-image:url(http:\/\/home.agh.edu.pl\/~robertb\/wp-content\/uploads\/2021\/03\/Lego-despaired-2261021_1920.jpg);min-height:400px;background-position:12% 72%;aspect-ratio:unset;\"><div class=\"wp-block-cover__inner-container is-layout-flow wp-block-cover-is-layout-flow\">\n<div class=\"wp-block-group\"><div class=\"wp-block-group__inner-container is-layout-flow wp-block-group-is-layout-flow\">\n<p class=\"has-nv-site-bg-color has-text-color has-large-font-size\">W czym mog\u0119 pom\u00f3c?<\/p>\n\n\n\n<p> <\/p>\n\n\n\n<p> <\/p>\n\n\n\n<p> <\/p>\n\n\n\n<p><\/p>\n<\/div><\/div>\n<\/div><\/div>\n\n\n\n<div style=\"height:80px\" aria-hidden=\"true\" class=\"wp-block-spacer\"><\/div>\n\n\n\n<div class=\"wp-block-columns is-layout-flex wp-container-core-columns-is-layout-9d6595d7 wp-block-columns-is-layout-flex\">\n<div class=\"wp-block-column is-layout-flow wp-block-column-is-layout-flow\">\n<div class=\"wp-block-image icon-style is-style-rounded\"><figure class=\"aligncenter size-large is-resized\"><img loading=\"lazy\" decoding=\"async\" src=\"https:\/\/s33834.pcdn.co\/wp-content\/uploads\/2020\/12\/check-solid-1.svg\" alt=\"\" width=\"64\" height=\"64\"\/><\/figure><\/div>\n\n\n\n<h3 class=\"has-text-align-center has-neve-text-color-color has-text-color wp-block-heading\">Zaj\u0119cia<\/h3>\n\n\n\n<p class=\"has-text-align-center\">Zaj\u0119cia to przewa\u017cnie zagadnienia zwi\u0105zane z programowaniem, drganiami lub akustyk\u0105.<\/p>\n\n\n\n<div style=\"height:20px\" aria-hidden=\"true\" class=\"wp-block-spacer\"><\/div>\n<\/div>\n\n\n\n<div class=\"wp-block-column is-layout-flow wp-block-column-is-layout-flow\">\n<div class=\"wp-block-image icon-style is-style-default\"><figure class=\"aligncenter size-large is-resized\"><img loading=\"lazy\" decoding=\"async\" src=\"https:\/\/s33834.pcdn.co\/wp-content\/uploads\/2020\/12\/gem.svg\" alt=\"\" width=\"64\" height=\"64\"\/><\/figure><\/div>\n\n\n\n<h3 class=\"has-text-align-center has-neve-text-color-color has-text-color wp-block-heading\">Dyplomy<\/h3>\n\n\n\n<p class=\"has-text-align-center\">W tym temacie zawsze mam kilka w\u0142asnych propozycji, jednak je\u015bli masz w\u0142asny pomys\u0142 z ch\u0119ci\u0105 pos\u0142ucham.<\/p>\n\n\n\n<div style=\"height:20px\" aria-hidden=\"true\" class=\"wp-block-spacer\"><\/div>\n<\/div>\n\n\n\n<div class=\"wp-block-column is-layout-flow wp-block-column-is-layout-flow\">\n<div class=\"wp-block-image icon-style is-style-rounded\"><figure class=\"aligncenter size-large is-resized\"><img loading=\"lazy\" decoding=\"async\" src=\"https:\/\/s33834.pcdn.co\/wp-content\/uploads\/2020\/12\/bolt.svg\" alt=\"\" width=\"64\" height=\"64\"\/><\/figure><\/div>\n\n\n\n<h3 class=\"has-text-align-center has-neve-text-color-color has-text-color wp-block-heading\">Badania<\/h3>\n\n\n\n<p class=\"has-text-align-center\">W moim przypadku to g\u0142\u00f3wnie elektromiografia, drgania i akustyka.<\/p>\n\n\n\n<div style=\"height:20px\" aria-hidden=\"true\" class=\"wp-block-spacer\"><\/div>\n\n\n\n<p><\/p>\n<\/div>\n<\/div>\n\n\n\n<div style=\"height:1px\" aria-hidden=\"true\" class=\"wp-block-spacer\"><\/div>\n\n\n\n<div class=\"wp-block-cover alignfull has-nv-light-bg-background-color has-background-dim\" style=\"min-height:200px;aspect-ratio:unset;\"><div class=\"wp-block-cover__inner-container is-layout-flow wp-block-cover-is-layout-flow\">\n<div class=\"wp-block-group\"><div class=\"wp-block-group__inner-container is-layout-flow wp-block-group-is-layout-flow\">\n<div style=\"height:50px\" aria-hidden=\"true\" class=\"wp-block-spacer\"><\/div>\n\n\n\n<div class=\"wp-block-columns are-vertically-aligned-center is-layout-flex wp-container-core-columns-is-layout-9d6595d7 wp-block-columns-is-layout-flex\">\n<div class=\"wp-block-column is-vertically-aligned-center is-layout-flow wp-block-column-is-layout-flow\" style=\"flex-basis:50%\">\n<figure class=\"wp-block-image size-large\"><img loading=\"lazy\" decoding=\"async\" width=\"1024\" height=\"682\" src=\"http:\/\/home.agh.edu.pl\/~robertb\/wp-content\/uploads\/2021\/03\/books-5991411_1280-1024x682.jpg\" alt=\"\" class=\"wp-image-298\" srcset=\"https:\/\/home.agh.edu.pl\/~robertb\/wp-content\/uploads\/2021\/03\/books-5991411_1280-1024x682.jpg 1024w, https:\/\/home.agh.edu.pl\/~robertb\/wp-content\/uploads\/2021\/03\/books-5991411_1280-300x200.jpg 300w, https:\/\/home.agh.edu.pl\/~robertb\/wp-content\/uploads\/2021\/03\/books-5991411_1280-768x512.jpg 768w, https:\/\/home.agh.edu.pl\/~robertb\/wp-content\/uploads\/2021\/03\/books-5991411_1280-930x620.jpg 930w, https:\/\/home.agh.edu.pl\/~robertb\/wp-content\/uploads\/2021\/03\/books-5991411_1280.jpg 1280w\" sizes=\"auto, (max-width: 1024px) 100vw, 1024px\" \/><\/figure>\n<\/div>\n\n\n\n<div class=\"wp-block-column is-vertically-aligned-center is-layout-flow wp-block-column-is-layout-flow\" style=\"flex-basis:50%\">\n<h2 class=\"has-text-align-left has-neve-text-color-color has-text-color wp-block-heading\">Zaj\u0119cia<\/h2>\n\n\n\n<p class=\"has-text-align-left has-neve-text-color-color has-text-color\" style=\"font-size:17px\">Wielu z nas, wyk\u0142adowc\u00f3w prowadzi zaj\u0119cia z nadania (co nie zawsze jest zbie\u017cne z tematyk\u0105 zainteresowa\u0107 naukowych czy osobistych). Mnie ostatnio udaje si\u0119 prowadzi\u0107 takie, kt\u00f3rych tematyka mnie interesuje. Tak wi\u0119c chyba mam szcz\u0119\u015bcie. <\/p>\n\n\n\n<div class=\"wp-block-buttons alignleft is-layout-flex wp-block-buttons-is-layout-flex\">\n<div class=\"wp-block-button is-style-primary\"><a class=\"wp-block-button__link\" href=\"http:\/\/home.agh.edu.pl\/~robertb\/zajecia\/\">wi\u0119cej&#8230;<\/a><\/div>\n<\/div>\n<\/div>\n<\/div>\n\n\n\n<div style=\"height:1px\" aria-hidden=\"true\" class=\"wp-block-spacer\"><\/div>\n<\/div><\/div>\n<\/div><\/div>\n\n\n\n<div class=\"wp-block-cover alignfull has-background-dim\" style=\"background-color:#cdc5b6;min-height:300px;aspect-ratio:unset;\"><div class=\"wp-block-cover__inner-container is-layout-flow wp-block-cover-is-layout-flow\">\n<div class=\"wp-block-group\"><div class=\"wp-block-group__inner-container is-layout-flow wp-block-group-is-layout-flow\">\n<div style=\"height:40px\" aria-hidden=\"true\" class=\"wp-block-spacer\"><\/div>\n\n\n\n<div class=\"wp-block-columns are-vertically-aligned-center is-layout-flex wp-container-core-columns-is-layout-9d6595d7 wp-block-columns-is-layout-flex\">\n<div class=\"wp-block-column is-vertically-aligned-center is-layout-flow wp-block-column-is-layout-flow\" style=\"flex-basis:50%\">\n<h2 class=\"has-text-align-left has-neve-text-color-color has-text-color wp-block-heading\">Dyplomy<\/h2>\n\n\n\n<p class=\"has-text-align-left has-neve-text-color-color has-text-color\" style=\"font-size:17px\">Jestem zwolennikiem samodzielnej pracy studenta(studentki) nad w\u0142asn\u0105 prac\u0105 dyplomow\u0105. W kocu ma ona dowie\u015b\u0107 samodzielno\u015bci w podejmowaniu decyzji. Ograniczam wi\u0119c swoj\u0105 rol\u0119 do pomocy w rozwi\u0105zaniu problem\u00f3w lub wskazania, kt\u00f3r\u0105 drog\u0105 i\u015b\u0107. Jednak to Twoja praca wi\u0119c w wi\u0119kszo\u015bci Ty decydujesz.<\/p>\n\n\n\n<div class=\"wp-block-buttons alignleft is-layout-flex wp-block-buttons-is-layout-flex\">\n<div class=\"wp-block-button is-style-primary\"><a class=\"wp-block-button__link\" href=\"http:\/\/home.agh.edu.pl\/~robertb\/dyplomy\/\">Wi\u0119cej&#8230;<\/a><\/div>\n<\/div>\n<\/div>\n\n\n\n<div class=\"wp-block-column is-vertically-aligned-center is-layout-flow wp-block-column-is-layout-flow\" style=\"flex-basis:50%\">\n<figure class=\"wp-block-image size-large is-resized\"><img loading=\"lazy\" decoding=\"async\" src=\"http:\/\/home.agh.edu.pl\/~robertb\/wp-content\/uploads\/2021\/03\/graduation-3058263_1280-1024x681.jpg\" alt=\"\" class=\"wp-image-299\" width=\"565\" height=\"375\" srcset=\"https:\/\/home.agh.edu.pl\/~robertb\/wp-content\/uploads\/2021\/03\/graduation-3058263_1280-1024x681.jpg 1024w, https:\/\/home.agh.edu.pl\/~robertb\/wp-content\/uploads\/2021\/03\/graduation-3058263_1280-300x199.jpg 300w, https:\/\/home.agh.edu.pl\/~robertb\/wp-content\/uploads\/2021\/03\/graduation-3058263_1280-768x511.jpg 768w, https:\/\/home.agh.edu.pl\/~robertb\/wp-content\/uploads\/2021\/03\/graduation-3058263_1280.jpg 1280w\" sizes=\"auto, (max-width: 565px) 100vw, 565px\" \/><\/figure>\n<\/div>\n<\/div>\n\n\n\n<div style=\"height:1px\" aria-hidden=\"true\" class=\"wp-block-spacer\"><\/div>\n<\/div><\/div>\n<\/div><\/div>\n\n\n\n<div class=\"wp-block-cover alignfull has-nv-dark-bg-background-color has-background-dim\" style=\"min-height:300px;aspect-ratio:unset;\"><div class=\"wp-block-cover__inner-container is-layout-flow wp-block-cover-is-layout-flow\">\n<div class=\"wp-block-group\"><div class=\"wp-block-group__inner-container is-layout-flow wp-block-group-is-layout-flow\">\n<div style=\"height:70px\" aria-hidden=\"true\" class=\"wp-block-spacer\"><\/div>\n\n\n\n<div class=\"wp-block-columns are-vertically-aligned-center is-layout-flex wp-container-core-columns-is-layout-9d6595d7 wp-block-columns-is-layout-flex\">\n<div class=\"wp-block-column is-vertically-aligned-center is-layout-flow wp-block-column-is-layout-flow\" style=\"flex-basis:50%\">\n<figure class=\"wp-block-image size-large\"><img loading=\"lazy\" decoding=\"async\" width=\"1024\" height=\"576\" src=\"http:\/\/home.agh.edu.pl\/~robertb\/wp-content\/uploads\/2021\/03\/electric-948208_1280-1024x576.jpg\" alt=\"\" class=\"wp-image-300\" srcset=\"https:\/\/home.agh.edu.pl\/~robertb\/wp-content\/uploads\/2021\/03\/electric-948208_1280-1024x576.jpg 1024w, https:\/\/home.agh.edu.pl\/~robertb\/wp-content\/uploads\/2021\/03\/electric-948208_1280-300x169.jpg 300w, https:\/\/home.agh.edu.pl\/~robertb\/wp-content\/uploads\/2021\/03\/electric-948208_1280-768x432.jpg 768w, https:\/\/home.agh.edu.pl\/~robertb\/wp-content\/uploads\/2021\/03\/electric-948208_1280.jpg 1280w\" sizes=\"auto, (max-width: 1024px) 100vw, 1024px\" \/><\/figure>\n<\/div>\n\n\n\n<div class=\"wp-block-column is-vertically-aligned-center is-layout-flow wp-block-column-is-layout-flow\" style=\"flex-basis:50%\">\n<h2 class=\"has-text-align-left has-nv-text-dark-bg-color has-text-color wp-block-heading\">Badania<\/h2>\n\n\n\n<p class=\"has-text-align-left has-nv-text-dark-bg-color has-text-color\" style=\"font-size:17px\">Ostatnie lata to g\u0142\u00f3wnie EMG (elektromiografia) przeplatana drobniejszymi projektami. Jednak od jakiego\u015b czasu trzymam si\u0119 zagadnie\u0144 blisko zwi\u0105zanych z cz\u0142owiekiem &#8211; w g\u0142\u00f3wnej mierze ukierunkowane na diagnostyk\u0119 medyczn\u0105. W efekcie powsta\u0142o par\u0119 prototyp\u00f3w urz\u0105dze\u0144 'dla cz\u0142owieka&#8217;.<\/p>\n\n\n\n<div class=\"wp-block-buttons alignleft is-layout-flex wp-block-buttons-is-layout-flex\">\n<div class=\"wp-block-button is-style-primary\"><a class=\"wp-block-button__link\" href=\"http:\/\/home.agh.edu.pl\/~robertb\/15c42-web-agency-gb-portfolio\/\">Wi\u0119cej&#8230;<\/a><\/div>\n<\/div>\n<\/div>\n<\/div>\n\n\n\n<p><\/p>\n<\/div><\/div>\n<\/div><\/div>\n","protected":false},"excerpt":{"rendered":"<p>Zaj\u0119cia Zaj\u0119cia to przewa\u017cnie zagadnienia zwi\u0105zane z programowaniem, drganiami lub akustyk\u0105. Dyplomy W tym temacie zawsze mam kilka w\u0142asnych propozycji, jednak je\u015bli masz w\u0142asny pomys\u0142 z ch\u0119ci\u0105 pos\u0142ucham. Badania W moim przypadku to g\u0142\u00f3wnie elektromiografia, drgania i akustyka.<\/p>\n","protected":false},"author":1,"featured_media":0,"parent":0,"menu_order":0,"comment_status":"closed","ping_status":"closed","template":"","meta":{"neve_meta_sidebar":"default","neve_meta_container":"default","neve_meta_enable_content_width":"on","neve_meta_content_width":100,"neve_meta_title_alignment":"","neve_meta_author_avatar":"","neve_post_elements_order":"","neve_meta_disable_header":"","neve_meta_disable_footer":"","neve_meta_disable_title":"on","_ti_tpc_template_sync":false,"_ti_tpc_template_id":"cwhkd9lki581rusuhjti","footnotes":""},"class_list":["post-230","page","type-page","status-publish","hentry"],"_links":{"self":[{"href":"https:\/\/home.agh.edu.pl\/~robertb\/wp-json\/wp\/v2\/pages\/230","targetHints":{"allow":["GET"]}}],"collection":[{"href":"https:\/\/home.agh.edu.pl\/~robertb\/wp-json\/wp\/v2\/pages"}],"about":[{"href":"https:\/\/home.agh.edu.pl\/~robertb\/wp-json\/wp\/v2\/types\/page"}],"author":[{"embeddable":true,"href":"https:\/\/home.agh.edu.pl\/~robertb\/wp-json\/wp\/v2\/users\/1"}],"replies":[{"embeddable":true,"href":"https:\/\/home.agh.edu.pl\/~robertb\/wp-json\/wp\/v2\/comments?post=230"}],"version-history":[{"count":67,"href":"https:\/\/home.agh.edu.pl\/~robertb\/wp-json\/wp\/v2\/pages\/230\/revisions"}],"predecessor-version":[{"id":700,"href":"https:\/\/home.agh.edu.pl\/~robertb\/wp-json\/wp\/v2\/pages\/230\/revisions\/700"}],"wp:attachment":[{"href":"https:\/\/home.agh.edu.pl\/~robertb\/wp-json\/wp\/v2\/media?parent=230"}],"curies":[{"name":"wp","href":"https:\/\/api.w.org\/{rel}","templated":true}]}}