{"id":417,"date":"2021-03-01T21:41:11","date_gmt":"2021-03-01T20:41:11","guid":{"rendered":"http:\/\/home.agh.edu.pl\/~robertb\/?page_id=417"},"modified":"2021-03-02T22:18:00","modified_gmt":"2021-03-02T21:18:00","slug":"dyplomy","status":"publish","type":"page","link":"https:\/\/home.agh.edu.pl\/~robertb\/dyplomy\/","title":{"rendered":"Dyplomy"},"content":{"rendered":"\n<div class=\"wp-block-cover alignfull has-nv-site-bg-background-color has-background-dim\" style=\"min-height:250px;aspect-ratio:unset;\"><div class=\"wp-block-cover__inner-container is-layout-flow wp-block-cover-is-layout-flow\">\n<div class=\"wp-block-group\"><div class=\"wp-block-group__inner-container is-layout-flow wp-block-group-is-layout-flow\">\n<h1 class=\"has-text-align-left has-neve-text-color-color has-text-color wp-block-heading\">Dyplomy<\/h1>\n\n\n\n<p><\/p>\n<\/div><\/div>\n<\/div><\/div>\n\n\n\n<p>Poni\u017cej kilka propozycji prac dyplomowych. Ka\u017cdy z poni\u017cszych temat\u00f3w w zale\u017cno\u015bci od zakresu prac i podej\u015bcia mo\u017ce spe\u0142nia\u0107 kryteria pracy dyplomowej in\u017cynierskiej lub magisterskiej.<\/p>\n\n\n\n<p>Ponadto pami\u0119taj &#8211; masz w\u0142asny pomys\u0142, mo\u017cemy spr\u00f3bowa\u0107.<\/p>\n\n\n\n<div class=\"wp-block-cover alignfull has-nv-light-bg-background-color has-background-dim\" style=\"min-height:200px;aspect-ratio:unset;\"><div class=\"wp-block-cover__inner-container is-layout-flow wp-block-cover-is-layout-flow\">\n<div class=\"wp-block-group\"><div class=\"wp-block-group__inner-container is-layout-flow wp-block-group-is-layout-flow\">\n<div style=\"height:50px\" aria-hidden=\"true\" class=\"wp-block-spacer\"><\/div>\n\n\n\n<div class=\"wp-block-columns are-vertically-aligned-center is-layout-flex wp-container-core-columns-is-layout-9d6595d7 wp-block-columns-is-layout-flex\">\n<div class=\"wp-block-column is-vertically-aligned-center is-layout-flow wp-block-column-is-layout-flow\" style=\"flex-basis:50%\">\n<div class=\"wp-block-image is-style-default\"><figure class=\"alignleft size-large\"><img loading=\"lazy\" decoding=\"async\" width=\"1024\" height=\"682\" src=\"http:\/\/home.agh.edu.pl\/~robertb\/wp-content\/uploads\/2021\/03\/anatomical-2261006_1280-1024x682.jpg\" alt=\"\" class=\"wp-image-603\" srcset=\"https:\/\/home.agh.edu.pl\/~robertb\/wp-content\/uploads\/2021\/03\/anatomical-2261006_1280-1024x682.jpg 1024w, https:\/\/home.agh.edu.pl\/~robertb\/wp-content\/uploads\/2021\/03\/anatomical-2261006_1280-300x200.jpg 300w, https:\/\/home.agh.edu.pl\/~robertb\/wp-content\/uploads\/2021\/03\/anatomical-2261006_1280-768x512.jpg 768w, https:\/\/home.agh.edu.pl\/~robertb\/wp-content\/uploads\/2021\/03\/anatomical-2261006_1280-930x620.jpg 930w, https:\/\/home.agh.edu.pl\/~robertb\/wp-content\/uploads\/2021\/03\/anatomical-2261006_1280.jpg 1280w\" sizes=\"auto, (max-width: 1024px) 100vw, 1024px\" \/><\/figure><\/div>\n\n\n\n<ul class=\"has-neve-link-color-color has-text-color wp-block-list\"><li><span class=\"has-inline-color has-neve-link-color-color\">Estymacja si\u0142y zacisku d\u0142oni na podstawie sygna\u0142u EMG &#8211; wp\u0142yw sygna\u0142u kalibruj\u0105cego<\/span><\/li><li><span class=\"has-inline-color has-neve-link-color-color\">Estymacja si\u0142y zacisku d\u0142oni na podstawie sygna\u0142u EMG &#8211; wp\u0142yw charakteru sygna\u0142u ucz\u0105cego<\/span><\/li><li><span class=\"has-inline-color has-neve-link-color-color\">Budowa mobilnego urz\u0105dzenia do rejestracji sygna\u0142\u00f3w EMG<\/span><\/li><li><span class=\"has-inline-color has-neve-link-color-color\">Wp\u0142yw wibracji na rejestrowane sygna\u0142y EMG<\/span><\/li><\/ul>\n<\/div>\n\n\n\n<div class=\"wp-block-column is-vertically-aligned-center is-layout-flow wp-block-column-is-layout-flow\" style=\"flex-basis:50%\">\n<h2 class=\"has-neve-text-color-color has-text-color wp-block-heading\">Bio<\/h2>\n\n\n\n<p class=\"has-neve-link-color-color has-text-color has-normal-font-size\">Szeroko poj\u0119ta tematyka zwi\u0105zana z analiz\u0105 sygna\u0142\u00f3w biologicznych z naciskiem na EMG (sygna\u0142 elektryczny wytwarzany przez mi\u0119\u015bnie). <\/p>\n\n\n\n<ul class=\"has-neve-link-color-color has-text-color wp-block-list\"><li>Opracowanie narz\u0119dzia do wizualizacji i analiz sygna\u0142\u00f3w EMG (post\u0119py rehabilitacji)<\/li><li>Eliminacja artefakt\u00f3w z sygna\u0142u EMG<\/li><li>Sterowanie protez\u0105 d\u0142oni z wykorzystaniem sygna\u0142u EMG<\/li><li>Identyfikacja lateralno\u015bci z wykorzystaniem sygna\u0142u EMG<\/li><li>Analiza przydatno\u015bci sygna\u0142u EMG w ocenie rehabilitacji uk\u0142adu oddechowego os\u00f3b po udarze<\/li><li>Analiza przydatno\u015bci sygna\u0142u EMG w ocenie rehabilitacji stawu skroniowo-\u017cuchwowego<\/li><li>Eliminacja artefakt\u00f3w z sygna\u0142u EMG<\/li><li>Sterowanie protez\u0105 d\u0142oni z wykorzystaniem sygna\u0142u EMG<\/li><li>&#8230;<\/li><\/ul>\n<\/div>\n<\/div>\n\n\n\n<div style=\"height:30px\" aria-hidden=\"true\" class=\"wp-block-spacer\"><\/div>\n<\/div><\/div>\n<\/div><\/div>\n\n\n\n<div class=\"wp-block-cover alignfull has-background-dim\" style=\"background-color:#cdc5b6;min-height:200px;aspect-ratio:unset;\"><div class=\"wp-block-cover__inner-container is-layout-flow wp-block-cover-is-layout-flow\">\n<div class=\"wp-block-group\"><div class=\"wp-block-group__inner-container is-layout-flow wp-block-group-is-layout-flow\">\n<div style=\"height:50px\" aria-hidden=\"true\" class=\"wp-block-spacer\"><\/div>\n\n\n\n<div class=\"wp-block-columns are-vertically-aligned-center is-layout-flex wp-container-core-columns-is-layout-9d6595d7 wp-block-columns-is-layout-flex\">\n<div class=\"wp-block-column is-vertically-aligned-center is-layout-flow wp-block-column-is-layout-flow\" style=\"flex-basis:50%\">\n<h2 class=\"has-neve-text-color-color has-text-color wp-block-heading\">Techniczne<\/h2>\n\n\n\n<p class=\"has-neve-link-color-color has-text-color has-normal-font-size\">Programowanie mikrokontroler\u00f3w to uniezale\u017cnienie si\u0119 od komputera i budowa uk\u0142ad\u00f3w pracuj\u0105cych niezale\u017cnie. Teraz mo\u017cesz wszystko! <\/p>\n\n\n\n<ul class=\"has-neve-link-color-color has-text-color wp-block-list\"><li>Karta pomiarowa na mikrokontrolerze<\/li><li>Zaprojektowanie mobilnego uk\u0142adu pomiaru si\u0142 (bezprzewodowo)<\/li><li>Systemu do kondycjonowania oraz rejestracji sygna\u0142\u00f3w napi\u0119ciowych<\/li><li>Mobilny system do oceny dawki drga\u0144 oddzia\u0142uj\u0105cych na organizm cz\u0142owieka<\/li><li>&#8230;<\/li><\/ul>\n\n\n\n<div style=\"height:21px\" aria-hidden=\"true\" class=\"wp-block-spacer\"><\/div>\n<\/div>\n\n\n\n<div class=\"wp-block-column is-vertically-aligned-center is-layout-flow wp-block-column-is-layout-flow\" style=\"flex-basis:50%\">\n<figure class=\"wp-block-image size-large is-style-default\"><img loading=\"lazy\" decoding=\"async\" width=\"1024\" height=\"768\" src=\"http:\/\/home.agh.edu.pl\/~robertb\/wp-content\/uploads\/2021\/03\/integrated-circuit-441292_1280-1024x768.jpg\" alt=\"\" class=\"wp-image-548\" srcset=\"https:\/\/home.agh.edu.pl\/~robertb\/wp-content\/uploads\/2021\/03\/integrated-circuit-441292_1280-1024x768.jpg 1024w, https:\/\/home.agh.edu.pl\/~robertb\/wp-content\/uploads\/2021\/03\/integrated-circuit-441292_1280-300x225.jpg 300w, https:\/\/home.agh.edu.pl\/~robertb\/wp-content\/uploads\/2021\/03\/integrated-circuit-441292_1280-768x576.jpg 768w, https:\/\/home.agh.edu.pl\/~robertb\/wp-content\/uploads\/2021\/03\/integrated-circuit-441292_1280.jpg 1280w\" sizes=\"auto, (max-width: 1024px) 100vw, 1024px\" \/><\/figure>\n<\/div>\n<\/div>\n\n\n\n<div style=\"height:20px\" aria-hidden=\"true\" class=\"wp-block-spacer\"><\/div>\n\n\n\n<p><\/p>\n<\/div><\/div>\n<\/div><\/div>\n\n\n\n<div class=\"wp-block-cover alignfull has-nv-dark-bg-background-color has-background-dim\" style=\"min-height:200px;aspect-ratio:unset;\"><div class=\"wp-block-cover__inner-container is-layout-flow wp-block-cover-is-layout-flow\">\n<div class=\"wp-block-group\"><div class=\"wp-block-group__inner-container is-layout-flow wp-block-group-is-layout-flow\">\n<div style=\"height:50px\" aria-hidden=\"true\" class=\"wp-block-spacer\"><\/div>\n\n\n\n<div class=\"wp-block-columns are-vertically-aligned-center is-layout-flex wp-container-core-columns-is-layout-9d6595d7 wp-block-columns-is-layout-flex\">\n<div class=\"wp-block-column is-vertically-aligned-center is-layout-flow wp-block-column-is-layout-flow\" style=\"flex-basis:50%\">\n<figure class=\"wp-block-image size-large is-style-default\"><img loading=\"lazy\" decoding=\"async\" width=\"1024\" height=\"682\" src=\"http:\/\/home.agh.edu.pl\/~robertb\/wp-content\/uploads\/2021\/03\/piano-1522856_1280-1024x682.jpg\" alt=\"\" class=\"wp-image-589\" srcset=\"https:\/\/home.agh.edu.pl\/~robertb\/wp-content\/uploads\/2021\/03\/piano-1522856_1280-1024x682.jpg 1024w, https:\/\/home.agh.edu.pl\/~robertb\/wp-content\/uploads\/2021\/03\/piano-1522856_1280-300x200.jpg 300w, https:\/\/home.agh.edu.pl\/~robertb\/wp-content\/uploads\/2021\/03\/piano-1522856_1280-768x512.jpg 768w, https:\/\/home.agh.edu.pl\/~robertb\/wp-content\/uploads\/2021\/03\/piano-1522856_1280-930x620.jpg 930w, https:\/\/home.agh.edu.pl\/~robertb\/wp-content\/uploads\/2021\/03\/piano-1522856_1280.jpg 1280w\" sizes=\"auto, (max-width: 1024px) 100vw, 1024px\" \/><\/figure>\n<\/div>\n\n\n\n<div class=\"wp-block-column is-vertically-aligned-center is-layout-flow wp-block-column-is-layout-flow\" style=\"flex-basis:50%\">\n<h2 class=\"has-nv-text-dark-bg-color has-text-color wp-block-heading\">Muzycznie<\/h2>\n\n\n\n<p class=\"has-nv-site-bg-color has-text-color has-normal-font-size\">Czyli zr\u00f3b to co Ci w duszy zagra. <\/p>\n\n\n\n<ul class=\"has-nv-site-bg-color has-text-color wp-block-list\"><li>Multiefekt programowy (Matlab\/LabVIEW\/&#8230;)<\/li><li>Zaprojektowanie i wykonanie wtyczki VST (funkcjonalno\u015b\u0107 wtyczki do uzgodnienia)<\/li><li>Badania por\u00f3wnawcze efekt\u00f3w d\u017awi\u0119kowych r\u00f3\u017cnych marek<\/li><li>&#8230;<\/li><\/ul>\n\n\n\n<div style=\"height:124px\" aria-hidden=\"true\" class=\"wp-block-spacer\"><\/div>\n<\/div>\n<\/div>\n\n\n\n<div style=\"height:50px\" aria-hidden=\"true\" class=\"wp-block-spacer\"><\/div>\n<\/div><\/div>\n<\/div><\/div>\n","protected":false},"excerpt":{"rendered":"<p>Poni\u017cej kilka propozycji prac dyplomowych. Ka\u017cdy z poni\u017cszych temat\u00f3w w zale\u017cno\u015bci od zakresu prac i podej\u015bcia mo\u017ce spe\u0142nia\u0107 kryteria pracy dyplomowej in\u017cynierskiej lub magisterskiej. Ponadto pami\u0119taj &#8211; masz w\u0142asny pomys\u0142, mo\u017cemy spr\u00f3bowa\u0107.<\/p>\n","protected":false},"author":1,"featured_media":0,"parent":0,"menu_order":0,"comment_status":"closed","ping_status":"closed","template":"","meta":{"neve_meta_sidebar":"full-width","neve_meta_container":"","neve_meta_enable_content_width":"on","neve_meta_content_width":100,"neve_meta_title_alignment":"left","neve_meta_author_avatar":"","neve_post_elements_order":"","neve_meta_disable_header":"","neve_meta_disable_footer":"","neve_meta_disable_title":"on","_ti_tpc_template_sync":false,"_ti_tpc_template_id":"","footnotes":""},"class_list":["post-417","page","type-page","status-publish","hentry"],"_links":{"self":[{"href":"https:\/\/home.agh.edu.pl\/~robertb\/wp-json\/wp\/v2\/pages\/417","targetHints":{"allow":["GET"]}}],"collection":[{"href":"https:\/\/home.agh.edu.pl\/~robertb\/wp-json\/wp\/v2\/pages"}],"about":[{"href":"https:\/\/home.agh.edu.pl\/~robertb\/wp-json\/wp\/v2\/types\/page"}],"author":[{"embeddable":true,"href":"https:\/\/home.agh.edu.pl\/~robertb\/wp-json\/wp\/v2\/users\/1"}],"replies":[{"embeddable":true,"href":"https:\/\/home.agh.edu.pl\/~robertb\/wp-json\/wp\/v2\/comments?post=417"}],"version-history":[{"count":49,"href":"https:\/\/home.agh.edu.pl\/~robertb\/wp-json\/wp\/v2\/pages\/417\/revisions"}],"predecessor-version":[{"id":614,"href":"https:\/\/home.agh.edu.pl\/~robertb\/wp-json\/wp\/v2\/pages\/417\/revisions\/614"}],"wp:attachment":[{"href":"https:\/\/home.agh.edu.pl\/~robertb\/wp-json\/wp\/v2\/media?parent=417"}],"curies":[{"name":"wp","href":"https:\/\/api.w.org\/{rel}","templated":true}]}}