{"id":419,"date":"2021-03-01T21:54:03","date_gmt":"2021-03-01T20:54:03","guid":{"rendered":"http:\/\/home.agh.edu.pl\/~robertb\/?page_id=419"},"modified":"2021-03-02T21:59:43","modified_gmt":"2021-03-02T20:59:43","slug":"zajecia","status":"publish","type":"page","link":"https:\/\/home.agh.edu.pl\/~robertb\/zajecia\/","title":{"rendered":"Zaj\u0119cia"},"content":{"rendered":"\n<div class=\"wp-block-cover alignfull has-nv-site-bg-background-color has-background-dim\" style=\"min-height:250px;aspect-ratio:unset;\"><div class=\"wp-block-cover__inner-container is-layout-flow wp-block-cover-is-layout-flow\">\n<div class=\"wp-block-group\"><div class=\"wp-block-group__inner-container is-layout-flow wp-block-group-is-layout-flow\">\n<h1 class=\"has-text-align-left has-neve-text-color-color has-text-color wp-block-heading\">Zaj\u0119cia<\/h1>\n\n\n\n<p><\/p>\n<\/div><\/div>\n<\/div><\/div>\n\n\n\n<div class=\"wp-block-cover alignfull has-nv-light-bg-background-color has-background-dim\" style=\"min-height:200px;aspect-ratio:unset;\"><div class=\"wp-block-cover__inner-container is-layout-flow wp-block-cover-is-layout-flow\">\n<div class=\"wp-block-group\"><div class=\"wp-block-group__inner-container is-layout-flow wp-block-group-is-layout-flow\">\n<div style=\"height:50px\" aria-hidden=\"true\" class=\"wp-block-spacer\"><\/div>\n\n\n\n<div class=\"wp-block-columns are-vertically-aligned-center is-layout-flex wp-container-core-columns-is-layout-9d6595d7 wp-block-columns-is-layout-flex\">\n<div class=\"wp-block-column is-vertically-aligned-center is-layout-flow wp-block-column-is-layout-flow\" style=\"flex-basis:50%\">\n<figure class=\"wp-block-image size-large is-style-default\"><img loading=\"lazy\" decoding=\"async\" width=\"1024\" height=\"768\" src=\"http:\/\/home.agh.edu.pl\/~robertb\/wp-content\/uploads\/2021\/03\/wood-3046186_1280-1024x768.jpg\" alt=\"\" class=\"wp-image-596\" srcset=\"https:\/\/home.agh.edu.pl\/~robertb\/wp-content\/uploads\/2021\/03\/wood-3046186_1280-1024x768.jpg 1024w, https:\/\/home.agh.edu.pl\/~robertb\/wp-content\/uploads\/2021\/03\/wood-3046186_1280-300x225.jpg 300w, https:\/\/home.agh.edu.pl\/~robertb\/wp-content\/uploads\/2021\/03\/wood-3046186_1280-768x576.jpg 768w, https:\/\/home.agh.edu.pl\/~robertb\/wp-content\/uploads\/2021\/03\/wood-3046186_1280.jpg 1280w\" sizes=\"auto, (max-width: 1024px) 100vw, 1024px\" \/><\/figure>\n<\/div>\n\n\n\n<div class=\"wp-block-column is-vertically-aligned-center is-layout-flow wp-block-column-is-layout-flow\" style=\"flex-basis:50%\">\n<h2 class=\"has-neve-text-color-color has-text-color wp-block-heading\">Pytania? Pisz \u015bmia\u0142o!<\/h2>\n\n\n\n<p class=\"has-neve-link-color-color has-text-color has-normal-font-size\">Jednak prowadz\u0119 zaj\u0119cia z kilku przedmiot\u00f3w dlatego pomo\u017cesz mi, je\u015bli tytu\u0142 wiadomo\u015bci wysy\u0142anej do mnie rozpoczniesz skr\u00f3tem: <\/p>\n\n\n\n<figure class=\"wp-block-table is-style-regular\"><table><tbody><tr><td><span class=\"has-inline-color has-neve-link-color-color\">[DC]<br>[TCiM]<br>[PwM]<br>[IO]<br>[WA]<br>[EiE]<\/span><\/td><td class=\"has-text-align-left\" data-align=\"left\"><span class=\"has-inline-color has-neve-link-color-color\">D\u017awi\u0119k Cyfrowy<br>Technika Cyfrowa i Mikroprocesorowa<br>Programowanie w \u015brodowisku Matlab<br>In\u017cynieria Oprogramowania<br>Wibroakustyka<br>Elektrotechnika i Elektronika<\/span><\/td><\/tr><\/tbody><\/table><\/figure>\n\n\n\n<div class=\"wp-block-buttons is-layout-flex wp-block-buttons-is-layout-flex\">\n<div class=\"wp-block-button is-style-primary\"><a class=\"wp-block-button__link\" href=\"http:\/\/home.agh.edu.pl\/~robertb\/15c42-web-agency-gb-contact-us\/\">kontakt<\/a><\/div>\n<\/div>\n<\/div>\n<\/div>\n\n\n\n<div style=\"height:1px\" aria-hidden=\"true\" class=\"wp-block-spacer\"><\/div>\n<\/div><\/div>\n<\/div><\/div>\n","protected":false},"excerpt":{"rendered":"","protected":false},"author":1,"featured_media":0,"parent":0,"menu_order":0,"comment_status":"closed","ping_status":"closed","template":"","meta":{"neve_meta_sidebar":"full-width","neve_meta_container":"","neve_meta_enable_content_width":"on","neve_meta_content_width":100,"neve_meta_title_alignment":"","neve_meta_author_avatar":"","neve_post_elements_order":"","neve_meta_disable_header":"","neve_meta_disable_footer":"","neve_meta_disable_title":"on","_ti_tpc_template_sync":false,"_ti_tpc_template_id":"","footnotes":""},"class_list":["post-419","page","type-page","status-publish","hentry"],"_links":{"self":[{"href":"https:\/\/home.agh.edu.pl\/~robertb\/wp-json\/wp\/v2\/pages\/419","targetHints":{"allow":["GET"]}}],"collection":[{"href":"https:\/\/home.agh.edu.pl\/~robertb\/wp-json\/wp\/v2\/pages"}],"about":[{"href":"https:\/\/home.agh.edu.pl\/~robertb\/wp-json\/wp\/v2\/types\/page"}],"author":[{"embeddable":true,"href":"https:\/\/home.agh.edu.pl\/~robertb\/wp-json\/wp\/v2\/users\/1"}],"replies":[{"embeddable":true,"href":"https:\/\/home.agh.edu.pl\/~robertb\/wp-json\/wp\/v2\/comments?post=419"}],"version-history":[{"count":23,"href":"https:\/\/home.agh.edu.pl\/~robertb\/wp-json\/wp\/v2\/pages\/419\/revisions"}],"predecessor-version":[{"id":597,"href":"https:\/\/home.agh.edu.pl\/~robertb\/wp-json\/wp\/v2\/pages\/419\/revisions\/597"}],"wp:attachment":[{"href":"https:\/\/home.agh.edu.pl\/~robertb\/wp-json\/wp\/v2\/media?parent=419"}],"curies":[{"name":"wp","href":"https:\/\/api.w.org\/{rel}","templated":true}]}}