{"id":61,"date":"2020-01-23T18:21:52","date_gmt":"2020-01-23T17:21:52","guid":{"rendered":"https:\/\/demosites.io\/web-agency-gb\/?page_id=61"},"modified":"2022-12-10T20:05:17","modified_gmt":"2022-12-10T19:05:17","slug":"15c42-web-agency-gb-about-us","status":"publish","type":"page","link":"https:\/\/home.agh.edu.pl\/~robertb\/15c42-web-agency-gb-about-us\/","title":{"rendered":"O mnie"},"content":{"rendered":"\n<div class=\"wp-block-group\"><div class=\"wp-block-group__inner-container is-layout-flow wp-block-group-is-layout-flow\">\n<div class=\"wp-block-cover alignfull\" style=\"min-height:250px;aspect-ratio:unset;\"><span aria-hidden=\"true\" class=\"wp-block-cover__background has-nv-site-bg-background-color has-background-dim-100 has-background-dim\"><\/span><div class=\"wp-block-cover__inner-container is-layout-flow wp-block-cover-is-layout-flow\">\n<div class=\"wp-block-group\"><div class=\"wp-block-group__inner-container is-layout-flow wp-block-group-is-layout-flow\">\n<h1 class=\"has-text-align-left has-neve-text-color-color has-text-color wp-block-heading\">O mnie<\/h1>\n<\/div><\/div>\n<\/div><\/div>\n<\/div><\/div>\n\n\n\n<div class=\"wp-block-cover alignfull\" style=\"min-height:200px;aspect-ratio:unset;\"><span aria-hidden=\"true\" class=\"wp-block-cover__background has-nv-light-bg-background-color has-background-dim-100 has-background-dim\"><\/span><div class=\"wp-block-cover__inner-container is-layout-flow wp-block-cover-is-layout-flow\">\n<div class=\"wp-block-group\"><div class=\"wp-block-group__inner-container is-layout-flow wp-block-group-is-layout-flow\">\n<div style=\"height:50px\" aria-hidden=\"true\" class=\"wp-block-spacer\"><\/div>\n\n\n\n<div class=\"wp-block-columns are-vertically-aligned-center is-layout-flex wp-container-core-columns-is-layout-9d6595d7 wp-block-columns-is-layout-flex\">\n<div class=\"wp-block-column is-vertically-aligned-center is-layout-flow wp-block-column-is-layout-flow\" style=\"flex-basis:50%\">\n<figure class=\"wp-block-image size-large is-style-default\"><img loading=\"lazy\" decoding=\"async\" width=\"1022\" height=\"1024\" src=\"http:\/\/home.agh.edu.pl\/~robertb\/wp-content\/uploads\/2021\/03\/Zdjecia2_cr-1022x1024.jpg\" alt=\"\" class=\"wp-image-439\" srcset=\"https:\/\/home.agh.edu.pl\/~robertb\/wp-content\/uploads\/2021\/03\/Zdjecia2_cr-1022x1024.jpg 1022w, https:\/\/home.agh.edu.pl\/~robertb\/wp-content\/uploads\/2021\/03\/Zdjecia2_cr-300x300.jpg 300w, https:\/\/home.agh.edu.pl\/~robertb\/wp-content\/uploads\/2021\/03\/Zdjecia2_cr-150x150.jpg 150w, https:\/\/home.agh.edu.pl\/~robertb\/wp-content\/uploads\/2021\/03\/Zdjecia2_cr-768x769.jpg 768w, https:\/\/home.agh.edu.pl\/~robertb\/wp-content\/uploads\/2021\/03\/Zdjecia2_cr.jpg 1169w\" sizes=\"auto, (max-width: 1022px) 100vw, 1022px\" \/><\/figure>\n<\/div>\n\n\n\n<div class=\"wp-block-column is-vertically-aligned-center is-layout-flow wp-block-column-is-layout-flow\" style=\"flex-basis:50%\">\n<h2 class=\"has-neve-text-color-color has-text-color wp-block-heading\">Naukowo<\/h2>\n\n\n\n<p class=\"has-neve-link-color-color has-text-color has-normal-font-size\">Zwi\u0105zany ca\u0142e \u017cycie z AGH z WIMiR \\ Kat. Mechaniki i Wibroakustyki. <\/p>\n\n\n\n<ul class=\"has-neve-link-color-color has-text-color wp-block-list\">\n<li>studia jednolite (Wibroakustyka i in\u017cynieria d\u017awi\u0119ku), <\/li>\n\n\n\n<li>studia doktoranckie (Falkowa funkcja przej\u015bcia w analizie drga\u0144 uk\u0142adu narz\u0119dzie r\u0119czne r\u0119ka operatora), <\/li>\n\n\n\n<li>habilitacja (Estymacja si\u0142y zacisku w uk\u0142adzie r\u0119ka \u2013 narz\u0119dzie)<\/li>\n<\/ul>\n\n\n\n<p class=\"has-neve-text-color-color has-text-color\"><\/p>\n\n\n\n<div class=\"wp-block-buttons is-layout-flex wp-block-buttons-is-layout-flex\">\n<div class=\"wp-block-button is-style-primary\"><a class=\"wp-block-button__link wp-element-button\" href=\"https:\/\/bpp.agh.edu.pl\/autor\/baranski-robert-04846\" target=\"_blank\" rel=\"noreferrer noopener\">Bibliografia<\/a><\/div>\n<\/div>\n<\/div>\n<\/div>\n\n\n\n<div style=\"height:50px\" aria-hidden=\"true\" class=\"wp-block-spacer\"><\/div>\n<\/div><\/div>\n<\/div><\/div>\n\n\n\n<div class=\"wp-block-cover alignfull is-light\" style=\"min-height:600px;aspect-ratio:unset;\"><span aria-hidden=\"true\" class=\"wp-block-cover__background has-background-dim-100 has-background-dim\" style=\"background-color:#cdc5b6\"><\/span><div class=\"wp-block-cover__inner-container is-layout-flow wp-block-cover-is-layout-flow\">\n<div class=\"wp-block-group\"><div class=\"wp-block-group__inner-container is-layout-flow wp-block-group-is-layout-flow\">\n<div style=\"height:80px\" aria-hidden=\"true\" class=\"wp-block-spacer\"><\/div>\n\n\n\n<div class=\"wp-block-columns are-vertically-aligned-center is-layout-flex wp-container-core-columns-is-layout-9d6595d7 wp-block-columns-is-layout-flex\">\n<div class=\"wp-block-column is-vertically-aligned-center is-layout-flow wp-block-column-is-layout-flow\" style=\"flex-basis:50%\">\n<h2 class=\"has-neve-link-color-color has-text-color wp-block-heading\">Poza nauk\u0105<\/h2>\n\n\n\n<p class=\"has-neve-link-color-color has-text-color has-normal-font-size\">Chyba standard, czyli muzyka i sport (r\u00f3wnolegle). <br>Muzyka niestety monotematycznie &#8211; gitara, gitara, gitara. Jedynie gatunek si\u0119 zmienia\u0142 (od progresywnego rocka A.U.Y. po funkowy Green Street Project).<br>Sport to zdecydowanie koszyk\u00f3wka, jednak z biegiem lat pojawi\u0142o si\u0119 bieganie (10km, p\u00f3\u0142maraton, maraton) a nast\u0119pnie nurkowanie, a w ostatnim czasie rz\u0105dzi squash.<\/p>\n\n\n\n<div style=\"height:20px\" aria-hidden=\"true\" class=\"wp-block-spacer\"><\/div>\n\n\n\n<div style=\"height:20px\" aria-hidden=\"true\" class=\"wp-block-spacer\"><\/div>\n<\/div>\n\n\n\n<div class=\"wp-block-column is-vertically-aligned-center is-layout-flow wp-block-column-is-layout-flow\" style=\"flex-basis:50%\">\n<figure class=\"wp-block-image size-large\"><img loading=\"lazy\" decoding=\"async\" width=\"1024\" height=\"1024\" src=\"http:\/\/home.agh.edu.pl\/~robertb\/wp-content\/uploads\/2021\/03\/Zdjecia_cr-1-1024x1024.jpg\" alt=\"\" class=\"wp-image-437\" srcset=\"https:\/\/home.agh.edu.pl\/~robertb\/wp-content\/uploads\/2021\/03\/Zdjecia_cr-1-1024x1024.jpg 1024w, https:\/\/home.agh.edu.pl\/~robertb\/wp-content\/uploads\/2021\/03\/Zdjecia_cr-1-300x300.jpg 300w, https:\/\/home.agh.edu.pl\/~robertb\/wp-content\/uploads\/2021\/03\/Zdjecia_cr-1-150x150.jpg 150w, https:\/\/home.agh.edu.pl\/~robertb\/wp-content\/uploads\/2021\/03\/Zdjecia_cr-1-768x768.jpg 768w, https:\/\/home.agh.edu.pl\/~robertb\/wp-content\/uploads\/2021\/03\/Zdjecia_cr-1.jpg 1166w\" sizes=\"auto, (max-width: 1024px) 100vw, 1024px\" \/><\/figure>\n<\/div>\n<\/div>\n\n\n\n<div style=\"height:40px\" aria-hidden=\"true\" class=\"wp-block-spacer\"><\/div>\n<\/div><\/div>\n<\/div><\/div>\n","protected":false},"excerpt":{"rendered":"","protected":false},"author":1,"featured_media":0,"parent":0,"menu_order":0,"comment_status":"closed","ping_status":"closed","template":"","meta":{"neve_meta_sidebar":"default","neve_meta_container":"default","neve_meta_enable_content_width":"on","neve_meta_content_width":100,"neve_meta_title_alignment":"","neve_meta_author_avatar":"","neve_post_elements_order":"","neve_meta_disable_header":"","neve_meta_disable_footer":"","neve_meta_disable_title":"on","_ti_tpc_template_sync":false,"_ti_tpc_template_id":"0qhau2t6eoekosrgo1a2","footnotes":""},"class_list":["post-61","page","type-page","status-publish","hentry"],"_links":{"self":[{"href":"https:\/\/home.agh.edu.pl\/~robertb\/wp-json\/wp\/v2\/pages\/61","targetHints":{"allow":["GET"]}}],"collection":[{"href":"https:\/\/home.agh.edu.pl\/~robertb\/wp-json\/wp\/v2\/pages"}],"about":[{"href":"https:\/\/home.agh.edu.pl\/~robertb\/wp-json\/wp\/v2\/types\/page"}],"author":[{"embeddable":true,"href":"https:\/\/home.agh.edu.pl\/~robertb\/wp-json\/wp\/v2\/users\/1"}],"replies":[{"embeddable":true,"href":"https:\/\/home.agh.edu.pl\/~robertb\/wp-json\/wp\/v2\/comments?post=61"}],"version-history":[{"count":39,"href":"https:\/\/home.agh.edu.pl\/~robertb\/wp-json\/wp\/v2\/pages\/61\/revisions"}],"predecessor-version":[{"id":800,"href":"https:\/\/home.agh.edu.pl\/~robertb\/wp-json\/wp\/v2\/pages\/61\/revisions\/800"}],"wp:attachment":[{"href":"https:\/\/home.agh.edu.pl\/~robertb\/wp-json\/wp\/v2\/media?parent=61"}],"curies":[{"name":"wp","href":"https:\/\/api.w.org\/{rel}","templated":true}]}}