{"id":69,"date":"2020-01-27T08:05:29","date_gmt":"2020-01-27T07:05:29","guid":{"rendered":"https:\/\/demosites.io\/web-agency-gb\/?page_id=69"},"modified":"2021-03-03T19:43:45","modified_gmt":"2021-03-03T18:43:45","slug":"15c42-web-agency-gb-portfolio","status":"publish","type":"page","link":"https:\/\/home.agh.edu.pl\/~robertb\/15c42-web-agency-gb-portfolio\/","title":{"rendered":"Badania"},"content":{"rendered":"\n<div class=\"wp-block-cover alignfull has-nv-site-bg-background-color has-background-dim\" style=\"min-height:250px;aspect-ratio:unset;\"><div class=\"wp-block-cover__inner-container is-layout-flow wp-block-cover-is-layout-flow\">\n<div class=\"wp-block-group\"><div class=\"wp-block-group__inner-container is-layout-flow wp-block-group-is-layout-flow\">\n<h1 class=\"has-text-align-left has-neve-text-color-color has-text-color wp-block-heading\">Badania<\/h1>\n\n\n\n<p><\/p>\n<\/div><\/div>\n<\/div><\/div>\n\n\n\n<div class=\"wp-block-cover alignfull has-nv-light-bg-background-color has-background-dim\" style=\"min-height:300px;aspect-ratio:unset;\"><div class=\"wp-block-cover__inner-container is-layout-flow wp-block-cover-is-layout-flow\">\n<div class=\"wp-block-group\"><div class=\"wp-block-group__inner-container is-layout-flow wp-block-group-is-layout-flow\">\n<div style=\"height:70px\" aria-hidden=\"true\" class=\"wp-block-spacer\"><\/div>\n\n\n\n<div class=\"wp-block-columns is-layout-flex wp-container-core-columns-is-layout-9d6595d7 wp-block-columns-is-layout-flex\">\n<div class=\"wp-block-column is-vertically-aligned-top is-layout-flow wp-block-column-is-layout-flow\" style=\"flex-basis:50%\">\n<div class=\"wp-block-image\"><figure class=\"aligncenter size-large is-resized\"><img loading=\"lazy\" decoding=\"async\" src=\"http:\/\/home.agh.edu.pl\/~robertb\/wp-content\/uploads\/2021\/03\/20161027_161056-edited-1024x987.jpg\" alt=\"\" class=\"wp-image-678\" width=\"377\" height=\"365\" srcset=\"https:\/\/home.agh.edu.pl\/~robertb\/wp-content\/uploads\/2021\/03\/20161027_161056-edited-300x289.jpg 300w, https:\/\/home.agh.edu.pl\/~robertb\/wp-content\/uploads\/2021\/03\/20161027_161056-edited-768x741.jpg 768w, https:\/\/home.agh.edu.pl\/~robertb\/wp-content\/uploads\/2021\/03\/20161027_161056-edited-1536x1481.jpg 1536w, https:\/\/home.agh.edu.pl\/~robertb\/wp-content\/uploads\/2021\/03\/20161027_161056-edited.jpg 1904w\" sizes=\"auto, (max-width: 377px) 100vw, 377px\" \/><\/figure><\/div>\n\n\n\n<h3 class=\"has-text-align-center has-neve-text-color-color has-text-color wp-block-heading\">NoseSpirometer<\/h3>\n\n\n\n<p class=\"has-text-align-center has-neve-text-color-color has-text-color\">Wraz z osobami z Uniwersytetu Warmi\u0144sko-Mazurskiego oraz Politechniki Bia\u0142ostockiej pracujemy nad nowym rozwi\u0105zaniem umo\u017cliwiaj\u0105cym diagnozowanie g\u00f3rnych dr\u00f3g oddechowych. Urz\u0105dzenie doceniono na targach Brussels Innova 2016 (Z\u0142oty medal z wyr\u00f3\u017cnieniem).<\/p>\n<\/div>\n\n\n\n<div class=\"wp-block-column is-vertically-aligned-top is-layout-flow wp-block-column-is-layout-flow\" style=\"flex-basis:50%\">\n<div class=\"wp-block-image\"><figure class=\"aligncenter size-large is-resized\"><img loading=\"lazy\" decoding=\"async\" src=\"http:\/\/home.agh.edu.pl\/~robertb\/wp-content\/uploads\/2021\/03\/JanekStep_cr-1022x1024.jpg\" alt=\"\" class=\"wp-image-668\" width=\"365\" height=\"348\"\/><\/figure><\/div>\n\n\n\n<h3 class=\"has-text-align-center has-neve-text-color-color has-text-color wp-block-heading\">JanekStep<\/h3>\n\n\n\n<p class=\"has-text-align-center has-neve-text-color-color has-text-color\">Wsp\u00f3\u0142praca z Politechnik\u0105 Gda\u0144sk\u0105 oraz entuzjastami z Gda\u0144ska by &#8222;oczujnikowa\u0107&#8221; parapodium. Dzi\u0119ki temu pacjent po\u0142o\u017ceniem cia\u0142a mo\u017ce gra\u0107\/sterowa\u0107 postaci\u0105. Na zdj\u0119ciach efekt pierwszych dw\u00f3ch tygodni ci\u0119\u017ckiej pracy. <\/p>\n<\/div>\n<\/div>\n<\/div><\/div>\n<\/div><\/div>\n\n\n\n<div class=\"wp-block-cover alignfull has-nv-site-bg-background-color has-background-dim\" style=\"min-height:714px;aspect-ratio:unset;\"><div class=\"wp-block-cover__inner-container is-layout-flow wp-block-cover-is-layout-flow\">\n<div class=\"wp-block-group\"><div class=\"wp-block-group__inner-container is-layout-flow wp-block-group-is-layout-flow\">\n<div class=\"wp-block-columns are-vertically-aligned-center is-layout-flex wp-container-core-columns-is-layout-9d6595d7 wp-block-columns-is-layout-flex\">\n<div class=\"wp-block-column is-vertically-aligned-center is-layout-flow wp-block-column-is-layout-flow\" style=\"flex-basis:50%\">\n<div class=\"wp-block-image\"><figure class=\"aligncenter size-large is-resized\"><img loading=\"lazy\" decoding=\"async\" src=\"http:\/\/home.agh.edu.pl\/~robertb\/wp-content\/uploads\/2021\/03\/ObrazFalki_cr_cr-1024x998.jpg\" alt=\"\" class=\"wp-image-673\" width=\"373\" height=\"358\"\/><\/figure><\/div>\n\n\n\n<h3 class=\"has-text-align-center has-neve-text-color-color has-text-color wp-block-heading\">Obraz na d\u017awi\u0119k<\/h3>\n\n\n\n<p class=\"has-text-align-center has-neve-text-color-color has-text-color\">Spotkanie z Akademi\u0105 Sztuk Pi\u0119knych w Gda\u0144sku i t\u0142umaczenie czym si\u0119 zajmuj\u0119 zaowocowa\u0142a opracowaniem algorytmu przekszta\u0142caj\u0105cego obraz na d\u017awi\u0119k (falki). <br>Efekt: 8 wystaw w Polsce i za granic\u0105.<\/p>\n<\/div>\n\n\n\n<div class=\"wp-block-column is-vertically-aligned-center is-layout-flow wp-block-column-is-layout-flow\" style=\"flex-basis:50%\">\n<div class=\"wp-block-image\"><figure class=\"aligncenter size-large is-resized\"><img loading=\"lazy\" decoding=\"async\" src=\"http:\/\/home.agh.edu.pl\/~robertb\/wp-content\/uploads\/2021\/03\/TerapiaDzieci_cr-1024x1024.jpg\" alt=\"\" class=\"wp-image-669\" width=\"363\" height=\"363\" srcset=\"https:\/\/home.agh.edu.pl\/~robertb\/wp-content\/uploads\/2021\/03\/TerapiaDzieci_cr-1024x1024.jpg 1024w, https:\/\/home.agh.edu.pl\/~robertb\/wp-content\/uploads\/2021\/03\/TerapiaDzieci_cr-300x300.jpg 300w, https:\/\/home.agh.edu.pl\/~robertb\/wp-content\/uploads\/2021\/03\/TerapiaDzieci_cr-150x150.jpg 150w, https:\/\/home.agh.edu.pl\/~robertb\/wp-content\/uploads\/2021\/03\/TerapiaDzieci_cr-768x768.jpg 768w, https:\/\/home.agh.edu.pl\/~robertb\/wp-content\/uploads\/2021\/03\/TerapiaDzieci_cr.jpg 1177w\" sizes=\"auto, (max-width: 363px) 100vw, 363px\" \/><\/figure><\/div>\n\n\n\n<h3 class=\"has-text-align-center has-neve-text-color-color has-text-color wp-block-heading\">Terapia dzieci<\/h3>\n\n\n\n<p class=\"has-text-align-center has-neve-text-color-color has-text-color\">Wsp\u00f3\u0142praca z Terapi\u0105 dzieciWsp\u00f3\u0142praca z Wraz z Projekt zapale\u0144c\u00f3w, kt\u00f3rzy w niezmiernie kr\u00f3tkim czasie opracowali aktywne urz\u0105dzenie wspomagaj\u0105ce rehabilitacje os\u00f3b z pora\u017ceniem m\u00f3zgowym.<\/p>\n<\/div>\n<\/div>\n<\/div><\/div>\n<\/div><\/div>\n","protected":false},"excerpt":{"rendered":"","protected":false},"author":1,"featured_media":0,"parent":0,"menu_order":0,"comment_status":"closed","ping_status":"closed","template":"","meta":{"neve_meta_sidebar":"full-width","neve_meta_container":"","neve_meta_enable_content_width":"on","neve_meta_content_width":100,"neve_meta_title_alignment":"","neve_meta_author_avatar":"","neve_post_elements_order":"","neve_meta_disable_header":"","neve_meta_disable_footer":"","neve_meta_disable_title":"on","_ti_tpc_template_sync":false,"_ti_tpc_template_id":"t3x60x1arljpehhy6mr6","footnotes":""},"class_list":["post-69","page","type-page","status-publish","hentry"],"_links":{"self":[{"href":"https:\/\/home.agh.edu.pl\/~robertb\/wp-json\/wp\/v2\/pages\/69","targetHints":{"allow":["GET"]}}],"collection":[{"href":"https:\/\/home.agh.edu.pl\/~robertb\/wp-json\/wp\/v2\/pages"}],"about":[{"href":"https:\/\/home.agh.edu.pl\/~robertb\/wp-json\/wp\/v2\/types\/page"}],"author":[{"embeddable":true,"href":"https:\/\/home.agh.edu.pl\/~robertb\/wp-json\/wp\/v2\/users\/1"}],"replies":[{"embeddable":true,"href":"https:\/\/home.agh.edu.pl\/~robertb\/wp-json\/wp\/v2\/comments?post=69"}],"version-history":[{"count":39,"href":"https:\/\/home.agh.edu.pl\/~robertb\/wp-json\/wp\/v2\/pages\/69\/revisions"}],"predecessor-version":[{"id":720,"href":"https:\/\/home.agh.edu.pl\/~robertb\/wp-json\/wp\/v2\/pages\/69\/revisions\/720"}],"wp:attachment":[{"href":"https:\/\/home.agh.edu.pl\/~robertb\/wp-json\/wp\/v2\/media?parent=69"}],"curies":[{"name":"wp","href":"https:\/\/api.w.org\/{rel}","templated":true}]}}