{"id":726,"date":"2021-04-04T08:19:49","date_gmt":"2021-04-04T06:19:49","guid":{"rendered":"http:\/\/home.agh.edu.pl\/~robertb\/?page_id=726"},"modified":"2025-09-30T12:57:37","modified_gmt":"2025-09-30T10:57:37","slug":"matlab","status":"publish","type":"page","link":"https:\/\/home.agh.edu.pl\/~robertb\/matlab\/","title":{"rendered":"Matlab"},"content":{"rendered":"\n<div class=\"wp-block-cover alignfull\" style=\"min-height:100px;aspect-ratio:unset;\"><span aria-hidden=\"true\" class=\"wp-block-cover__background has-nv-light-bg-background-color has-background-dim-100 has-background-dim\"><\/span><div class=\"wp-block-cover__inner-container is-layout-flow wp-block-cover-is-layout-flow\">\n<div class=\"wp-block-group\"><div class=\"wp-block-group__inner-container is-layout-flow wp-block-group-is-layout-flow\">\n<div style=\"height:20px\" aria-hidden=\"true\" class=\"wp-block-spacer\"><\/div>\n\n\n\n<p class=\"has-neve-link-color-color has-text-color has-link-color wp-elements-e81022b91170e13abf52b41a203477d1\"><mark style=\"background-color:rgba(0, 0, 0, 0)\" class=\"has-inline-color has-neve-text-color-color\">Kilka link\u00f3w do materia\u0142\u00f3w, kt\u00f3re w mojej ocenie mog\u0105 okaza\u0107 si\u0119 przydatne w pracy z MATLAB-em:<\/mark><\/p>\n\n\n\n<p class=\"has-neve-link-color-color has-text-color has-link-color has-small-font-size wp-elements-bafce28b9f6d70b12f4c1d8f858b01c3\"><strong><a href=\"https:\/\/www.mathworks.com\/content\/dam\/mathworks\/fact-sheet\/matlab-basic-functions-reference.pdf?s_v1=58662&amp;elqem=4662081_EM_ROW_DIR_25-02_MOE-CG-ENG-B\">MATLAB\u00ae Basic Functions Reference<\/a><\/strong> &#8211; pdf ze skr\u00f3tami, podstawowymi sk\u0142adniami i funkcjami (<a href=\"https:\/\/home.agh.edu.pl\/~robertb\/wp-content\/uploads\/2025\/02\/matlab-basic-functions-reference-1.pdf\" data-type=\"attachment\" data-id=\"844\">link lokalny<\/a>)<br><a href=\"https:\/\/www.mathworks.com\/help\/index.html\"><strong>Help Center<\/strong><\/a> &#8211; czyli pomoc u \u017ar\u00f3d\u0142a<br><mark style=\"background-color:rgba(0, 0, 0, 0)\" class=\"has-inline-color has-neve-text-color-color\"><strong><a href=\"https:\/\/pg.edu.pl\/documents\/1104379\/48148121\/Pomoc_do_MATLABA\" data-type=\"URL\" data-id=\"https:\/\/pg.edu.pl\/documents\/1104379\/48148121\/Pomoc_do_MATLABA\">Pomoc do MATLAB-a<\/a><\/strong> &#8211; Materia\u0142y pomocnicze do wyk\u0142ad\u00f3w Techniki obliczeniowe&#8230; (Politechnika Gda\u0144ska\\Kat. System\u00f3w Geoinformatycznych)<\/mark><br><a href=\"https:\/\/uk.mathworks.com\/products\/matlab\/plot-gallery.html?s_tid=vid_pers_feature#\"><strong>MATLAB plot gallery<\/strong><\/a> &#8211; czyli chyba wszystkie mo\u017cliwe wykresy oraz animacje danych<br><strong><a href=\"https:\/\/matlabacademy.mathworks.com\/\">Self-Paced online courses<\/a> <\/strong>&#8211; czyli kursy do samodzielnej nauki (naprawd\u0119 \u015bwietnie przygotowane)<br><a href=\"https:\/\/matlablog.ont.com.pl\/\"><strong>MATLABlog<\/strong><\/a> &#8211; tutoriale, informacje o funkcjach, przyk\u0142ady (PL)<br><strong><a href=\"https:\/\/uk.mathworks.com\/help\/matlab\/titles-and-labels.html\" data-type=\"link\" data-id=\"https:\/\/uk.mathworks.com\/help\/matlab\/titles-and-labels.html\">Labels and Annotations <\/a><\/strong>&#8211; dodanie tytu\u0142u, etykiety osi, tekst informacyjny i innych adnotacji do wykresu<br><a href=\"https:\/\/uk.mathworks.com\/videos.html\" data-type=\"link\" data-id=\"https:\/\/uk.mathworks.com\/videos.html\"><strong>Videos and Webinars<\/strong><\/a> &#8211; szkolenia, prezentacje online firmowane przez Mathworks<\/p>\n\n\n\n<p class=\"has-neve-link-color-color has-text-color has-link-color has-small-font-size wp-elements-b2bd13c9562967d8d906a16dcc325ca7\"><a href=\"https:\/\/uk.mathworks.com\/videos\/search.html\"><\/a><\/p>\n\n\n\n<p><a href=\"https:\/\/uk.mathworks.com\/videos.html\"><\/a><\/p>\n\n\n\n<div style=\"height:10px\" aria-hidden=\"true\" class=\"wp-block-spacer\"><\/div>\n<\/div><\/div>\n<\/div><\/div>\n\n\n\n\n\n<p><\/p>\n","protected":false},"excerpt":{"rendered":"","protected":false},"author":1,"featured_media":0,"parent":0,"menu_order":0,"comment_status":"closed","ping_status":"closed","template":"","meta":{"neve_meta_sidebar":"full-width","neve_meta_container":"","neve_meta_enable_content_width":"on","neve_meta_content_width":100,"neve_meta_title_alignment":"","neve_meta_author_avatar":"","neve_post_elements_order":"","neve_meta_disable_header":"off","neve_meta_disable_footer":"","neve_meta_disable_title":"off","_ti_tpc_template_sync":false,"_ti_tpc_template_id":"","footnotes":""},"class_list":["post-726","page","type-page","status-publish","hentry"],"_links":{"self":[{"href":"https:\/\/home.agh.edu.pl\/~robertb\/wp-json\/wp\/v2\/pages\/726","targetHints":{"allow":["GET"]}}],"collection":[{"href":"https:\/\/home.agh.edu.pl\/~robertb\/wp-json\/wp\/v2\/pages"}],"about":[{"href":"https:\/\/home.agh.edu.pl\/~robertb\/wp-json\/wp\/v2\/types\/page"}],"author":[{"embeddable":true,"href":"https:\/\/home.agh.edu.pl\/~robertb\/wp-json\/wp\/v2\/users\/1"}],"replies":[{"embeddable":true,"href":"https:\/\/home.agh.edu.pl\/~robertb\/wp-json\/wp\/v2\/comments?post=726"}],"version-history":[{"count":16,"href":"https:\/\/home.agh.edu.pl\/~robertb\/wp-json\/wp\/v2\/pages\/726\/revisions"}],"predecessor-version":[{"id":783,"href":"https:\/\/home.agh.edu.pl\/~robertb\/wp-json\/wp\/v2\/pages\/726\/revisions\/783"}],"wp:attachment":[{"href":"https:\/\/home.agh.edu.pl\/~robertb\/wp-json\/wp\/v2\/media?parent=726"}],"curies":[{"name":"wp","href":"https:\/\/api.w.org\/{rel}","templated":true}]}}