{"id":75,"date":"2020-01-27T08:29:32","date_gmt":"2020-01-27T07:29:32","guid":{"rendered":"https:\/\/demosites.io\/web-agency-gb\/?page_id=75"},"modified":"2025-09-17T17:15:21","modified_gmt":"2025-09-17T15:15:21","slug":"15c42-web-agency-gb-contact-us","status":"publish","type":"page","link":"https:\/\/home.agh.edu.pl\/~robertb\/15c42-web-agency-gb-contact-us\/","title":{"rendered":"Kontakt"},"content":{"rendered":"\n<div class=\"wp-block-cover alignfull\" style=\"min-height:250px;aspect-ratio:unset;\"><span aria-hidden=\"true\" class=\"wp-block-cover__background has-nv-site-bg-background-color has-background-dim-100 has-background-dim\"><\/span><div class=\"wp-block-cover__inner-container is-layout-flow wp-block-cover-is-layout-flow\">\n<div class=\"wp-block-group\"><div class=\"wp-block-group__inner-container is-layout-flow wp-block-group-is-layout-flow\">\n<h1 class=\"wp-block-heading has-text-align-left has-neve-text-color-color has-text-color\">Kontakt<\/h1>\n\n\n\n<p><\/p>\n<\/div><\/div>\n<\/div><\/div>\n\n\n\n<div class=\"wp-block-cover alignfull\" style=\"min-height:200px;aspect-ratio:unset;\"><span aria-hidden=\"true\" class=\"wp-block-cover__background has-nv-light-bg-background-color has-background-dim-100 has-background-dim\"><\/span><div class=\"wp-block-cover__inner-container is-layout-flow wp-block-cover-is-layout-flow\">\n<div style=\"height:25px\" aria-hidden=\"true\" class=\"wp-block-spacer\"><\/div>\n\n\n\n<p class=\"has-text-align-center has-neve-link-color-color has-text-color\">Studencie\/studentko, je\u015bli piszesz w sprawie zaj\u0119\u0107, prosz\u0119 rozpocznij temat od skr\u00f3tu nazwy zaj\u0119\u0107 <br>([DC] [TCiM] [PwM] [IO] [WA] [EiE])<\/p>\n\n\n\n<p class=\"has-text-align-center has-neve-link-color-color has-text-color\">Z uwagi na cz\u0119st\u0105 prac\u0119 w terenie (poza pokojem), prosz\u0119 o uprzedzenie wizyty (najlepiej mailowo).<\/p>\n\n\n\n<p class=\"has-text-align-center has-neve-link-color-color has-text-color has-link-color wp-elements-a9cae2ea524f5cce8ca8971180b0d7c8\">Je\u015bli nie jeste\u015b pewien(a) jak komunikowa\u0107 si\u0119 z wyk\u0142adowc\u0105 skorzystaj z tej strony: &#8217;<a href=\"https:\/\/www.ceramika.agh.edu.pl\/studenci\/etykieta-akademicka#c12418\">Etykieta akademicka<\/a>&#8217;. <\/p>\n\n\n\n<div style=\"height:10px\" aria-hidden=\"true\" class=\"wp-block-spacer\"><\/div>\n\n\n\n<div class=\"wp-block-columns are-vertically-aligned-top is-layout-flex wp-container-core-columns-is-layout-9d6595d7 wp-block-columns-is-layout-flex\">\n<div class=\"wp-block-column is-vertically-aligned-top ticss-4ce656f1 is-layout-flow wp-block-column-is-layout-flow\">\n<div style=\"height:5px\" aria-hidden=\"true\" class=\"wp-block-spacer\"><\/div>\n\n\n<div class=\"wp-block-image icon-style is-style-rounded\">\n<figure class=\"aligncenter size-large is-resized\"><img decoding=\"async\" src=\"https:\/\/s33834.pcdn.co\/wp-content\/uploads\/2020\/12\/phone-solid-1.svg\" alt=\"\" style=\"width:64px;height:64px\"\/><\/figure>\n<\/div>\n\n\n<h3 class=\"wp-block-heading has-text-align-center has-neve-text-color-color has-text-color\">telefon<\/h3>\n\n\n\n<p class=\"has-text-align-center has-neve-text-color-color has-text-color\" style=\"font-size:15px\">+48 12 617 35 12<\/p>\n<\/div>\n\n\n\n<div class=\"wp-block-column is-vertically-aligned-center ticss-f6fc7494 is-layout-flow wp-block-column-is-layout-flow\">\n<div style=\"height:5px\" aria-hidden=\"true\" class=\"wp-block-spacer\"><\/div>\n\n\n<div class=\"wp-block-image icon-style is-style-rounded\">\n<figure class=\"aligncenter size-large is-resized\"><img decoding=\"async\" src=\"https:\/\/s33834.pcdn.co\/wp-content\/uploads\/2020\/12\/at-solid-1.svg\" alt=\"\" style=\"width:64px;height:64px\"\/><\/figure>\n<\/div>\n\n\n<h3 class=\"wp-block-heading has-text-align-center has-neve-text-color-color has-text-color\">email<\/h3>\n\n\n\n<p class=\"has-text-align-center has-neve-text-color-color has-text-color\" style=\"font-size:15px\">robertb@agh.edu.pl<\/p>\n<\/div>\n\n\n\n<div class=\"wp-block-column is-vertically-aligned-center ticss-a5b4df29 is-layout-flow wp-block-column-is-layout-flow\">\n<div style=\"height:5px\" aria-hidden=\"true\" class=\"wp-block-spacer\"><\/div>\n\n\n<div class=\"wp-block-image icon-style is-style-rounded\">\n<figure class=\"aligncenter size-large is-resized\"><img decoding=\"async\" src=\"https:\/\/s33834.pcdn.co\/wp-content\/uploads\/2020\/12\/location.svg\" alt=\"\" style=\"width:64px;height:64px\"\/><\/figure>\n<\/div>\n\n\n<h3 class=\"wp-block-heading has-text-align-center has-neve-text-color-color has-text-color\">miejsce<\/h3>\n\n\n\n<p class=\"has-text-align-center has-neve-text-color-color has-text-color\" style=\"font-size:15px\">paw. D1, I p., pok. 115<\/p>\n<\/div>\n<\/div>\n<\/div><\/div>\n\n\n\n<div style=\"height:19px\" aria-hidden=\"true\" class=\"wp-block-spacer\"><\/div>\n\n\n\n<p class=\"has-text-align-center\">Strona powsta\u0142a z cz\u0119\u015bciowym wykorzystaniem zdj\u0119\u0107 z <a href=\"http:\/\/pixabay.com\" data-type=\"URL\" data-id=\"pixabay.com\">pixabay.com<\/a> oraz <a href=\"http:\/\/freepik.com\" data-type=\"URL\" data-id=\"freepik.com\">freepik.com<\/a>.<\/p>\n\n\n\n<div style=\"height:1px\" aria-hidden=\"true\" class=\"wp-block-spacer\"><\/div>\n","protected":false},"excerpt":{"rendered":"<p>Strona powsta\u0142a z cz\u0119\u015bciowym wykorzystaniem zdj\u0119\u0107 z pixabay.com oraz freepik.com.<\/p>\n","protected":false},"author":1,"featured_media":0,"parent":0,"menu_order":0,"comment_status":"closed","ping_status":"closed","template":"","meta":{"neve_meta_sidebar":"full-width","neve_meta_container":"default","neve_meta_enable_content_width":"on","neve_meta_content_width":100,"neve_meta_title_alignment":"left","neve_meta_author_avatar":"","neve_post_elements_order":"","neve_meta_disable_header":"off","neve_meta_disable_footer":"","neve_meta_disable_title":"on","_ti_tpc_template_sync":false,"_ti_tpc_template_id":"zuvhy18wufi8o2qqt4z7","footnotes":""},"class_list":["post-75","page","type-page","status-publish","hentry"],"_links":{"self":[{"href":"https:\/\/home.agh.edu.pl\/~robertb\/wp-json\/wp\/v2\/pages\/75","targetHints":{"allow":["GET"]}}],"collection":[{"href":"https:\/\/home.agh.edu.pl\/~robertb\/wp-json\/wp\/v2\/pages"}],"about":[{"href":"https:\/\/home.agh.edu.pl\/~robertb\/wp-json\/wp\/v2\/types\/page"}],"author":[{"embeddable":true,"href":"https:\/\/home.agh.edu.pl\/~robertb\/wp-json\/wp\/v2\/users\/1"}],"replies":[{"embeddable":true,"href":"https:\/\/home.agh.edu.pl\/~robertb\/wp-json\/wp\/v2\/comments?post=75"}],"version-history":[{"count":56,"href":"https:\/\/home.agh.edu.pl\/~robertb\/wp-json\/wp\/v2\/pages\/75\/revisions"}],"predecessor-version":[{"id":851,"href":"https:\/\/home.agh.edu.pl\/~robertb\/wp-json\/wp\/v2\/pages\/75\/revisions\/851"}],"wp:attachment":[{"href":"https:\/\/home.agh.edu.pl\/~robertb\/wp-json\/wp\/v2\/media?parent=75"}],"curies":[{"name":"wp","href":"https:\/\/api.w.org\/{rel}","templated":true}]}}