{"id":773,"date":"2022-03-23T19:19:47","date_gmt":"2022-03-23T18:19:47","guid":{"rendered":"http:\/\/home.agh.edu.pl\/~robertb\/?page_id=773"},"modified":"2023-04-19T09:35:23","modified_gmt":"2023-04-19T07:35:23","slug":"wibroakustyka","status":"publish","type":"page","link":"https:\/\/home.agh.edu.pl\/~robertb\/wibroakustyka\/","title":{"rendered":"Wibroakustyka"},"content":{"rendered":"\n<p>Zapraszam na UPEL.<\/p>\n\n\n\n<p>Program na potrzeby zaj\u0119\u0107 \u015bci\u0105gniesz poni\u017cej.<\/p>\n\n\n\n<div class=\"wp-block-file\"><a id=\"wp-block-file--media-9f16a50d-a976-4ef9-b34a-e5ed933b4c51\" href=\"http:\/\/home.agh.edu.pl\/~robertb\/wp-content\/uploads\/2023\/04\/DiagVibro-2021-exe.zip\">DiagVibro 2021 (exe)<\/a><a href=\"http:\/\/home.agh.edu.pl\/~robertb\/wp-content\/uploads\/2023\/04\/DiagVibro-2021-exe.zip\" class=\"wp-block-file__button wp-element-button\" download aria-describedby=\"wp-block-file--media-9f16a50d-a976-4ef9-b34a-e5ed933b4c51\">Pobierz<\/a><\/div>\n","protected":false},"excerpt":{"rendered":"<p>Zapraszam na UPEL. Program na potrzeby zaj\u0119\u0107 \u015bci\u0105gniesz poni\u017cej.<\/p>\n","protected":false},"author":1,"featured_media":0,"parent":0,"menu_order":0,"comment_status":"closed","ping_status":"closed","template":"","meta":{"neve_meta_sidebar":"default","neve_meta_container":"","neve_meta_enable_content_width":"on","neve_meta_content_width":100,"neve_meta_title_alignment":"","neve_meta_author_avatar":"","neve_post_elements_order":"","neve_meta_disable_header":"","neve_meta_disable_footer":"","neve_meta_disable_title":"","_ti_tpc_template_sync":false,"_ti_tpc_template_id":"","footnotes":""},"class_list":["post-773","page","type-page","status-publish","hentry"],"_links":{"self":[{"href":"https:\/\/home.agh.edu.pl\/~robertb\/wp-json\/wp\/v2\/pages\/773","targetHints":{"allow":["GET"]}}],"collection":[{"href":"https:\/\/home.agh.edu.pl\/~robertb\/wp-json\/wp\/v2\/pages"}],"about":[{"href":"https:\/\/home.agh.edu.pl\/~robertb\/wp-json\/wp\/v2\/types\/page"}],"author":[{"embeddable":true,"href":"https:\/\/home.agh.edu.pl\/~robertb\/wp-json\/wp\/v2\/users\/1"}],"replies":[{"embeddable":true,"href":"https:\/\/home.agh.edu.pl\/~robertb\/wp-json\/wp\/v2\/comments?post=773"}],"version-history":[{"count":7,"href":"https:\/\/home.agh.edu.pl\/~robertb\/wp-json\/wp\/v2\/pages\/773\/revisions"}],"predecessor-version":[{"id":819,"href":"https:\/\/home.agh.edu.pl\/~robertb\/wp-json\/wp\/v2\/pages\/773\/revisions\/819"}],"wp:attachment":[{"href":"https:\/\/home.agh.edu.pl\/~robertb\/wp-json\/wp\/v2\/media?parent=773"}],"curies":[{"name":"wp","href":"https:\/\/api.w.org\/{rel}","templated":true}]}}