{"id":2,"date":"2016-12-03T15:41:33","date_gmt":"2016-12-03T14:41:33","guid":{"rendered":"http:\/\/home.agh.edu.pl\/~rzeszut\/?page_id=2"},"modified":"2017-02-06T23:15:58","modified_gmt":"2017-02-06T22:15:58","slug":"przykladowa-strona","status":"publish","type":"page","link":"https:\/\/home.agh.edu.pl\/~rzeszut\/przykladowa-strona\/","title":{"rendered":"O mnie"},"content":{"rendered":"<p><strong>Wykszta\u0142cenie<\/strong><\/p>\n<p style=\"padding-left: 30px;\"><a href=\"http:\/\/www.agh.edu.pl\/\">Akademia G\u00f3rniczo \u2013 Hutnicza im. S. Staszica<\/a>,<a href=\"http:\/\/www.geod.agh.edu.pl\/new\/index.php\"> Wydzia\u0142 Geodezji i\u00a0In\u017cynierii \u015arodowiska<\/a>, studia stacjonarne I i II stopnia na kierunku In\u017cynieria \u015arodowiska.\u00a0Specjalno\u015b\u0107: Systemy i techniki ochrony \u015brodowiska<\/p>\n<p style=\"padding-left: 30px;\">Projekt in\u017cynierski pt.: \u201e<a href=\"http:\/\/home.agh.edu.pl\/~rzeszut\/wp-content\/uploads\/Optymalizacja-wymiar\u00f3w-geometrycznych-emitora.pdf\">Optymalizacja wymiar\u00f3w geometrycznych emitora<\/a>\u201d.<\/p>\n<p style=\"padding-left: 30px;\">Praca dyplomowa magisterska pt.: \u201e<a href=\"http:\/\/home.agh.edu.pl\/~rzeszut\/wp-content\/uploads\/Ocena-oddzia\u0142ywania-ZTPOK-w-Krakowie-na-jakos\u0107-powietrza.pdf\"><em>Ocena oddzia\u0142ywania Zak\u0142adu Termicznego Przekszta\u0142cania Odpad\u00f3w Komunalnych w Krakowie na jako\u015b\u0107 powietrza z wykorzystaniem matematycznego modelu dyspersji CALPUFF<\/em><\/a><strong>\u201d <\/strong>(obroniona z wyr\u00f3\u017cnieniem).<\/p>\n<p style=\"padding-left: 30px;\"><strong>Animacja z pracy dyplomowej<\/strong><\/p>\n<p><iframe loading=\"lazy\" title=\"ZTPO - propagacja zanieczyszcze\u0144\" width=\"474\" height=\"267\" src=\"https:\/\/www.youtube.com\/embed\/lHu3e9-i3DM?feature=oembed\" frameborder=\"0\" allow=\"accelerometer; autoplay; clipboard-write; encrypted-media; gyroscope; picture-in-picture; web-share\" referrerpolicy=\"strict-origin-when-cross-origin\" allowfullscreen><\/iframe><\/p>\n<hr \/>\n<p><strong>Aktualnie<\/strong><\/p>\n<p style=\"padding-left: 30px;\">Akademia G\u00f3rniczo \u2013 Hutnicza im. S. Staszica, Wydzia\u0142 Geodezji i\u00a0In\u017cynierii \u015arodowiska, studia stacjonarne III stopnia na kierunku In\u017cynierii \u015arodowiska.<\/p>\n<p style=\"padding-left: 30px;\">Asystent w <a href=\"http:\/\/home.agh.edu.pl\/~kkios\/wordpress\/?lang=pl\">Katedrze Kszta\u0142towania i Ochrony \u015arodowiska<\/a><\/p>\n<hr \/>\n<p><strong>Zainteresowania naukowe<\/strong><\/p>\n<p style=\"padding-left: 30px;\">Modelowanie transportu, chemii i dyspersji zanieczyszcze\u0144 w powietrzu atmosferycznym.<\/p>\n<p style=\"padding-left: 30px;\">Statystyczne metody oceny i walidacji matematycznych system\u00f3w modelowania dyspersji zanieczyszcze\u0144 w powietrzu.<\/p>\n<p style=\"padding-left: 30px;\">Systemy informacji geograficznej w inwentaryzacji emisji i modelowaniu propagacji zanieczyszcze\u0144 w powietrzu.<\/p>\n<p style=\"padding-left: 30px;\">Oddzia\u0142ywanie obiekt\u00f3w przemys\u0142owych i transportu drogowego na jako\u015b\u0107 powietrza.<\/p>\n<p style=\"padding-left: 30px;\">Analiza danych monitoringu jako\u015bci powietrza.<\/p>\n<hr \/>\n<p><strong>Linki do baz publikacji naukowych\u00a0<\/strong><\/p>\n<p style=\"padding-left: 30px;\"><a href=\"https:\/\/skos.agh.edu.pl\/osoba\/mateusz-rzeszutek-8112.html\">SKOS AGH<\/a><\/p>\n<p style=\"padding-left: 30px;\"><a href=\"https:\/\/bpp.agh.edu.pl\/autor\/rzeszutek-mateusz-09820\">Biblioteka G\u0142\u00f3wna AGH<\/a><\/p>\n<p style=\"padding-left: 30px;\"><a href=\"https:\/\/www.researchgate.net\/profile\/Mateusz_Rzeszutek\">Research Gate<\/a><\/p>\n<p style=\"padding-left: 30px;\"><a href=\"https:\/\/www.researcherid.com\/workSpacePublications.action\">ResearcherID<\/a><\/p>\n<p style=\"padding-left: 30px;\"><a href=\"http:\/\/orcid.org\/0000-0002-0488-4435\">ORCID<\/a><\/p>\n<p style=\"padding-left: 30px;\"><a href=\"https:\/\/scholar.google.pl\/citations?user=1C8tXdIAAAAJ&amp;hl=pl\">Google scholar<\/a><\/p>\n<hr \/>\n<figure id=\"attachment_33\" aria-describedby=\"caption-attachment-33\" style=\"width: 469px\" class=\"wp-caption aligncenter\"><img loading=\"lazy\" decoding=\"async\" class=\" wp-image-33\" src=\"http:\/\/home.agh.edu.pl\/~rzeszut\/wp-content\/uploads\/M190361p-1024x768.jpg\" alt=\"\" width=\"469\" height=\"352\" srcset=\"https:\/\/home.agh.edu.pl\/~rzeszut\/wp-content\/uploads\/M190361p-1024x768.jpg 1024w, https:\/\/home.agh.edu.pl\/~rzeszut\/wp-content\/uploads\/M190361p-300x225.jpg 300w, https:\/\/home.agh.edu.pl\/~rzeszut\/wp-content\/uploads\/M190361p-768x576.jpg 768w\" sizes=\"auto, (max-width: 469px) 100vw, 469px\" \/><figcaption id=\"caption-attachment-33\" class=\"wp-caption-text\">Tatry, Czerwone wierchy &#8211; w drodze na \u015awinic\u0119<\/figcaption><\/figure>\n","protected":false},"excerpt":{"rendered":"<p>Wykszta\u0142cenie Akademia G\u00f3rniczo \u2013 Hutnicza im. S. Staszica, Wydzia\u0142 Geodezji i\u00a0In\u017cynierii \u015arodowiska, studia stacjonarne I i II stopnia na kierunku In\u017cynieria \u015arodowiska.\u00a0Specjalno\u015b\u0107: Systemy i techniki ochrony \u015brodowiska Projekt in\u017cynierski pt.: \u201eOptymalizacja wymiar\u00f3w geometrycznych emitora\u201d. Praca dyplomowa magisterska pt.: \u201eOcena oddzia\u0142ywania Zak\u0142adu Termicznego Przekszta\u0142cania Odpad\u00f3w Komunalnych w Krakowie na jako\u015b\u0107 powietrza z wykorzystaniem matematycznego modelu dyspersji &hellip; <a href=\"https:\/\/home.agh.edu.pl\/~rzeszut\/przykladowa-strona\/\" class=\"more-link\">Czytaj dalej <span class=\"screen-reader-text\">O mnie<\/span> <span class=\"meta-nav\">&rarr;<\/span><\/a><\/p>\n","protected":false},"author":1,"featured_media":0,"parent":0,"menu_order":1,"comment_status":"closed","ping_status":"closed","template":"","meta":{"footnotes":""},"class_list":["post-2","page","type-page","status-publish","hentry"],"_links":{"self":[{"href":"https:\/\/home.agh.edu.pl\/~rzeszut\/wp-json\/wp\/v2\/pages\/2","targetHints":{"allow":["GET"]}}],"collection":[{"href":"https:\/\/home.agh.edu.pl\/~rzeszut\/wp-json\/wp\/v2\/pages"}],"about":[{"href":"https:\/\/home.agh.edu.pl\/~rzeszut\/wp-json\/wp\/v2\/types\/page"}],"author":[{"embeddable":true,"href":"https:\/\/home.agh.edu.pl\/~rzeszut\/wp-json\/wp\/v2\/users\/1"}],"replies":[{"embeddable":true,"href":"https:\/\/home.agh.edu.pl\/~rzeszut\/wp-json\/wp\/v2\/comments?post=2"}],"version-history":[{"count":8,"href":"https:\/\/home.agh.edu.pl\/~rzeszut\/wp-json\/wp\/v2\/pages\/2\/revisions"}],"predecessor-version":[{"id":361,"href":"https:\/\/home.agh.edu.pl\/~rzeszut\/wp-json\/wp\/v2\/pages\/2\/revisions\/361"}],"wp:attachment":[{"href":"https:\/\/home.agh.edu.pl\/~rzeszut\/wp-json\/wp\/v2\/media?parent=2"}],"curies":[{"name":"wp","href":"https:\/\/api.w.org\/{rel}","templated":true}]}}