{"id":252,"date":"2016-12-29T12:08:11","date_gmt":"2016-12-29T11:08:11","guid":{"rendered":"http:\/\/home.agh.edu.pl\/~rzeszut\/?page_id=252"},"modified":"2016-12-29T12:15:05","modified_gmt":"2016-12-29T11:15:05","slug":"radar","status":"publish","type":"page","link":"https:\/\/home.agh.edu.pl\/~rzeszut\/openair-r\/radar\/","title":{"rendered":"Radar"},"content":{"rendered":"<hr \/>\n<p><a href=\"http:\/\/home.agh.edu.pl\/~rzeszut\/wp-content\/uploads\/R-12-windRose-pollutionRose.rar\">R-12-windRose &amp; pollutionRose<\/a>\u00a0&#8211;\u00a0Tradycyjny wykres r\u00f3\u017cy wiatr\u00f3w, pr\u0119dko\u015b\u0107 wiatru i kierunek wiatru w r\u00f3\u017cnych odst\u0119pach czasu. R\u00f3\u017ca zanieczyszczenia stosuje t\u0119 sam\u0105 struktur\u0119, ale substytuty innych pomiar\u00f3w, najcz\u0119\u015bciej szeregi czasowe st\u0119\u017ce\u0144 i kierunku\u00a0wiatru.<\/p>\n<hr \/>\n<p>&nbsp;<\/p>\n","protected":false},"excerpt":{"rendered":"<p>R-12-windRose &amp; pollutionRose\u00a0&#8211;\u00a0Tradycyjny wykres r\u00f3\u017cy wiatr\u00f3w, pr\u0119dko\u015b\u0107 wiatru i kierunek wiatru w r\u00f3\u017cnych odst\u0119pach czasu. R\u00f3\u017ca zanieczyszczenia stosuje t\u0119 sam\u0105 struktur\u0119, ale substytuty innych pomiar\u00f3w, najcz\u0119\u015bciej szeregi czasowe st\u0119\u017ce\u0144 i kierunku\u00a0wiatru. &nbsp;<\/p>\n","protected":false},"author":1,"featured_media":0,"parent":74,"menu_order":2,"comment_status":"closed","ping_status":"closed","template":"","meta":{"footnotes":""},"class_list":["post-252","page","type-page","status-publish","hentry"],"_links":{"self":[{"href":"https:\/\/home.agh.edu.pl\/~rzeszut\/wp-json\/wp\/v2\/pages\/252","targetHints":{"allow":["GET"]}}],"collection":[{"href":"https:\/\/home.agh.edu.pl\/~rzeszut\/wp-json\/wp\/v2\/pages"}],"about":[{"href":"https:\/\/home.agh.edu.pl\/~rzeszut\/wp-json\/wp\/v2\/types\/page"}],"author":[{"embeddable":true,"href":"https:\/\/home.agh.edu.pl\/~rzeszut\/wp-json\/wp\/v2\/users\/1"}],"replies":[{"embeddable":true,"href":"https:\/\/home.agh.edu.pl\/~rzeszut\/wp-json\/wp\/v2\/comments?post=252"}],"version-history":[{"count":3,"href":"https:\/\/home.agh.edu.pl\/~rzeszut\/wp-json\/wp\/v2\/pages\/252\/revisions"}],"predecessor-version":[{"id":266,"href":"https:\/\/home.agh.edu.pl\/~rzeszut\/wp-json\/wp\/v2\/pages\/252\/revisions\/266"}],"up":[{"embeddable":true,"href":"https:\/\/home.agh.edu.pl\/~rzeszut\/wp-json\/wp\/v2\/pages\/74"}],"wp:attachment":[{"href":"https:\/\/home.agh.edu.pl\/~rzeszut\/wp-json\/wp\/v2\/media?parent=252"}],"curies":[{"name":"wp","href":"https:\/\/api.w.org\/{rel}","templated":true}]}}