{"id":4,"date":"2016-12-27T16:03:15","date_gmt":"2016-12-27T15:03:15","guid":{"rendered":"http:\/\/home.agh.edu.pl\/~rzeszut\/?page_id=4"},"modified":"2017-01-03T11:39:16","modified_gmt":"2017-01-03T10:39:16","slug":"dydaktyka","status":"publish","type":"page","link":"https:\/\/home.agh.edu.pl\/~rzeszut\/dydaktyka\/","title":{"rendered":"Dydaktyka"},"content":{"rendered":"<p>Aktualnie prowadz\u0119 zaj\u0119cia na studiach I i II stopnia \u00a0na kierunku In\u017cynierii \u015arodowiska. Materia\u0142y do zaj\u0119\u0107 dydaktycznych s\u0105 udost\u0119pniane za po\u015brednictwem <a href=\"http:\/\/upel.agh.edu.pl\/kokpit\/\">Uczelnianej Platformy<\/a><br \/>\ne-Learningowej.<\/p>\n<h1>Studia I-stopnia<\/h1>\n<p style=\"padding-left: 30px;\">Technologia Informacyjna\u00a0(<em>I rok<\/em>)<\/p>\n<p style=\"padding-left: 30px;\">Ochrona Powietrza (<em>III &#8211; rok<\/em>)<\/p>\n<h1>Studia II-stopnia<\/h1>\n<p style=\"padding-left: 30px;\">GIS w In\u017cynierii \u015arodowiska (zast\u0119pstwo)<\/p>\n<h6 style=\"padding-left: 30px;\">Specjalno\u015b\u0107: In\u017cynieria Komunalna<\/h6>\n<p style=\"padding-left: 60px;\">Kszta\u0142towanie Stanu Areosanitarnego i Klimatu akustycznego<\/p>\n<p style=\"padding-left: 60px;\">Energetyka Komunalna i Audyt Energetyczny<\/p>\n<h6 style=\"padding-left: 30px;\"><strong>Specjalno\u015b\u0107: Systemy informacji o \u015arodowisku<\/strong><\/h6>\n<p style=\"padding-left: 60px;\">Kontrola Emisji i Ocena Jako\u015bci Powietrza<\/p>\n<h6 style=\"padding-left: 30px;\"><strong>Specjalno\u015b\u0107:\u00a0Gospodarka niskoemisyjna<\/strong><\/h6>\n<p style=\"padding-left: 60px;\">Mobilno\u015b\u0107 niskoemisyjna<\/p>\n<p style=\"padding-left: 60px;\">Zarz\u0105dzanie Jako\u015bci\u0105 Powietrza<\/p>\n<h6 style=\"padding-left: 30px;\"><strong>Specjalno\u015b\u0107: Systemy i Techniki Ochrony \u015arodowiska<\/strong><\/h6>\n<p style=\"padding-left: 60px;\">Systemty i Techniki Ochrony Atmosfery<\/p>\n<h6 style=\"padding-left: 30px;\"><\/h6>\n<h2>Fakultety:<\/h2>\n<p style=\"padding-left: 30px;\">Nadzwyczajne Zagro\u017cenia \u015arodowiska (<em>I-stopie\u0144)<\/em><\/p>\n<p style=\"padding-left: 30px;\">Pakiet R\u00a0Analizie Danych \u015arodowiskowych (<em>I-stopie\u0144<\/em>)<\/p>\n","protected":false},"excerpt":{"rendered":"<p>Aktualnie prowadz\u0119 zaj\u0119cia na studiach I i II stopnia \u00a0na kierunku In\u017cynierii \u015arodowiska. Materia\u0142y do zaj\u0119\u0107 dydaktycznych s\u0105 udost\u0119pniane za po\u015brednictwem Uczelnianej Platformy e-Learningowej. Studia I-stopnia Technologia Informacyjna\u00a0(I rok) Ochrona Powietrza (III &#8211; rok) Studia II-stopnia GIS w In\u017cynierii \u015arodowiska (zast\u0119pstwo) Specjalno\u015b\u0107: In\u017cynieria Komunalna Kszta\u0142towanie Stanu Areosanitarnego i Klimatu akustycznego Energetyka Komunalna i Audyt Energetyczny &hellip; <a href=\"https:\/\/home.agh.edu.pl\/~rzeszut\/dydaktyka\/\" class=\"more-link\">Czytaj dalej <span class=\"screen-reader-text\">Dydaktyka<\/span> <span class=\"meta-nav\">&rarr;<\/span><\/a><\/p>\n","protected":false},"author":1,"featured_media":0,"parent":0,"menu_order":2,"comment_status":"closed","ping_status":"closed","template":"","meta":{"footnotes":""},"class_list":["post-4","page","type-page","status-publish","hentry"],"_links":{"self":[{"href":"https:\/\/home.agh.edu.pl\/~rzeszut\/wp-json\/wp\/v2\/pages\/4","targetHints":{"allow":["GET"]}}],"collection":[{"href":"https:\/\/home.agh.edu.pl\/~rzeszut\/wp-json\/wp\/v2\/pages"}],"about":[{"href":"https:\/\/home.agh.edu.pl\/~rzeszut\/wp-json\/wp\/v2\/types\/page"}],"author":[{"embeddable":true,"href":"https:\/\/home.agh.edu.pl\/~rzeszut\/wp-json\/wp\/v2\/users\/1"}],"replies":[{"embeddable":true,"href":"https:\/\/home.agh.edu.pl\/~rzeszut\/wp-json\/wp\/v2\/comments?post=4"}],"version-history":[{"count":5,"href":"https:\/\/home.agh.edu.pl\/~rzeszut\/wp-json\/wp\/v2\/pages\/4\/revisions"}],"predecessor-version":[{"id":314,"href":"https:\/\/home.agh.edu.pl\/~rzeszut\/wp-json\/wp\/v2\/pages\/4\/revisions\/314"}],"wp:attachment":[{"href":"https:\/\/home.agh.edu.pl\/~rzeszut\/wp-json\/wp\/v2\/media?parent=4"}],"curies":[{"name":"wp","href":"https:\/\/api.w.org\/{rel}","templated":true}]}}