{"id":74,"date":"2016-12-27T19:55:17","date_gmt":"2016-12-27T18:55:17","guid":{"rendered":"http:\/\/home.agh.edu.pl\/~rzeszut\/?page_id=74"},"modified":"2016-12-29T12:21:49","modified_gmt":"2016-12-29T11:21:49","slug":"openair-r","status":"publish","type":"page","link":"https:\/\/home.agh.edu.pl\/~rzeszut\/openair-r\/","title":{"rendered":"openair (R)"},"content":{"rendered":"<h4>Kilka s\u0142\u00f3w wst\u0119pu<\/h4>\n<hr \/>\n<p><strong><a href=\"http:\/\/www.openair-project.org\/\">openair <\/a>&#8211;<\/strong> jest to pakiet j\u0119zyka programowania R, kt\u00f3ry s\u0142u\u017cy do wizualizacji i analizy danych pochodz\u0105cych z stacji monitoringu jako\u015bci powietrza. Zawiera r\u00f3wnie\u017c funkcje pozwalaj\u0105ce wykonywa\u0107 walidacj\u0119 modeli dyspersji zanieczyszcze\u0144 powietrza, czy umo\u017cliwiaj\u0105ce analizy trajektorii wstecznych.<\/p>\n<p>Na stronie zosta\u0142y zamieszczone materia\u0142y szkoleniowe, kt\u00f3re zosta\u0142y opracowane na podstawie angloj\u0119zycznej wersji <a href=\"http:\/\/www.openair-project.org\/PDF\/OpenAir_Manual.pdf\">manuala<\/a> opracowanego przez <a href=\"http:\/\/www.openair-project.org\/Contact.aspx\"><strong>dr Dawida Carslaw<\/strong><\/a><strong>, kt\u00f3ry jest r\u00f3wnie\u017c tw\u00f3rc\u0105 tego pakietu<\/strong>.\u00a0Nie s\u0105 to tylko t\u0142umaczenia. Instrukcje zosta\u0142y wielu wypadkach rozbudowane o dodatkowe analizy dla miasta Krakowa.<\/p>\n<pre><span style=\"color: #008000;\"><strong><em>Poni\u017csze materia\u0142y szkoleniowe zosta\u0142y opracowane przy wsp\u00f3\u0142pracy z studentami In\u017cynierii \u015arodowiska Wydzia\u0142u Geodezji G\u00f3rniczej i In\u017cynierii \u015arodowiska na Akademia G\u00f3rniczo-Hutnicza im. Stanis\u0142awa Staszica w Krakowie.<\/em><\/strong><\/span><\/pre>\n<hr \/>\n<h4>RCRAN<\/h4>\n<hr \/>\n<p>Kurs wymaga podstawowej znajomo\u015bci j\u0119zyka programowania R. Nowicjuszy zapraszam na stron\u0119 <a href=\"http:\/\/www.pogromcydanych.icm.edu.pl\/\">Pogromcy Danych<\/a>, na kt\u00f3rej dost\u0119pny jest kurs dla pocz\u0105tkuj\u0105cych u\u017cytkownik\u00f3w R. Wystarczy przej\u015b\u0107 przez kilka lekcji, aby m\u00f3c pracowa\u0107 z tym pakietem.<\/p>\n<ul>\n<li>R mo\u017cna pobra\u0107 z <a href=\"https:\/\/cran.r-project.org\/\">RCRAN<\/a><\/li>\n<li>Polecam r\u00f3wnie\u017c instalacje nak\u0142adki <a href=\"https:\/\/www.rstudio.com\/\">Rstudio<\/a><\/li>\n<\/ul>\n<hr \/>\n<h4>Materia\u0142y Szkoleniowe<\/h4>\n<hr \/>\n<p style=\"padding-left: 30px;\"><a href=\"http:\/\/home.agh.edu.pl\/~rzeszut\/wp-content\/uploads\/R-X-Wprowadzenie-do-openair.rar\">R-X-Wprowadzenie do openair<\/a>\u00a0&#8211; kurs wprowadzaj\u0105cy, przedstawia kilka ciekawych funkcjonalno\u015bci oraz dodawania dodatkowych obiekt\u00f3w do wykres\u00f3w tworzonych przy pomocy funkcji pakietu openair.<\/p>\n<hr \/>\n<p style=\"padding-left: 30px;\"><a href=\"http:\/\/home.agh.edu.pl\/~rzeszut\/wp-content\/uploads\/Dane.rar\">Dane<\/a>\u00a0&#8211; Dane niezb\u0119dne do wykonywania \u0107wicze\u0144 zawartych w instrukcjach opisuj\u0105cych poszczeg\u00f3lne funkcje pakietu <a href=\"http:\/\/www.openair-project.org\/\">openair<\/a><\/p>\n<hr \/>\n<ol>\n<li><a href=\"http:\/\/home.agh.edu.pl\/~rzeszut\/szeregi-czasowe\/\">Szeregi czasowe<\/a><\/li>\n<li><a href=\"http:\/\/home.agh.edu.pl\/~rzeszut\/openair-r\/szeregi-czasowe\/\">Funkcje zale\u017cno\u015bci st\u0119\u017ce\u0144 zanieczyszcze\u0144 powietrza wzgl\u0119dem parametr\u00f3w meteorologicznych<\/a><\/li>\n<li>T<a href=\"http:\/\/home.agh.edu.pl\/~rzeszut\/openair-r\/trajektorie-wsteczne-hysplit\/\">rajektorie wsteczne wraz z uruchomieniem modelu HYSPLIT w R<\/a> (link do strony modelu <a href=\"http:\/\/ready.arl.noaa.gov\/HYSPLIT.php\">Hysplit<\/a>)<\/li>\n<li><a href=\"http:\/\/home.agh.edu.pl\/~rzeszut\/openair-r\/walidacja-modeli-dyspersji\/\">Walidacja modeli dyspersji zanieczyszcze\u0144 powietrza<\/a><\/li>\n<li><a href=\"http:\/\/home.agh.edu.pl\/~rzeszut\/?page_id=172&amp;preview=true\">Modele\u00a0i trendy<\/a><\/li>\n<\/ol>\n","protected":false},"excerpt":{"rendered":"<p>Kilka s\u0142\u00f3w wst\u0119pu openair &#8211; jest to pakiet j\u0119zyka programowania R, kt\u00f3ry s\u0142u\u017cy do wizualizacji i analizy danych pochodz\u0105cych z stacji monitoringu jako\u015bci powietrza. Zawiera r\u00f3wnie\u017c funkcje pozwalaj\u0105ce wykonywa\u0107 walidacj\u0119 modeli dyspersji zanieczyszcze\u0144 powietrza, czy umo\u017cliwiaj\u0105ce analizy trajektorii wstecznych. Na stronie zosta\u0142y zamieszczone materia\u0142y szkoleniowe, kt\u00f3re zosta\u0142y opracowane na podstawie angloj\u0119zycznej wersji manuala opracowanego przez &hellip; <a href=\"https:\/\/home.agh.edu.pl\/~rzeszut\/openair-r\/\" class=\"more-link\">Czytaj dalej <span class=\"screen-reader-text\">openair (R)<\/span> <span class=\"meta-nav\">&rarr;<\/span><\/a><\/p>\n","protected":false},"author":1,"featured_media":0,"parent":0,"menu_order":6,"comment_status":"closed","ping_status":"closed","template":"","meta":{"footnotes":""},"class_list":["post-74","page","type-page","status-publish","hentry"],"_links":{"self":[{"href":"https:\/\/home.agh.edu.pl\/~rzeszut\/wp-json\/wp\/v2\/pages\/74","targetHints":{"allow":["GET"]}}],"collection":[{"href":"https:\/\/home.agh.edu.pl\/~rzeszut\/wp-json\/wp\/v2\/pages"}],"about":[{"href":"https:\/\/home.agh.edu.pl\/~rzeszut\/wp-json\/wp\/v2\/types\/page"}],"author":[{"embeddable":true,"href":"https:\/\/home.agh.edu.pl\/~rzeszut\/wp-json\/wp\/v2\/users\/1"}],"replies":[{"embeddable":true,"href":"https:\/\/home.agh.edu.pl\/~rzeszut\/wp-json\/wp\/v2\/comments?post=74"}],"version-history":[{"count":13,"href":"https:\/\/home.agh.edu.pl\/~rzeszut\/wp-json\/wp\/v2\/pages\/74\/revisions"}],"predecessor-version":[{"id":269,"href":"https:\/\/home.agh.edu.pl\/~rzeszut\/wp-json\/wp\/v2\/pages\/74\/revisions\/269"}],"wp:attachment":[{"href":"https:\/\/home.agh.edu.pl\/~rzeszut\/wp-json\/wp\/v2\/media?parent=74"}],"curies":[{"name":"wp","href":"https:\/\/api.w.org\/{rel}","templated":true}]}}