{"id":82,"date":"2016-12-28T11:26:27","date_gmt":"2016-12-28T10:26:27","guid":{"rendered":"http:\/\/home.agh.edu.pl\/~rzeszut\/?page_id=82"},"modified":"2016-12-30T19:19:19","modified_gmt":"2016-12-30T18:19:19","slug":"nagrody","status":"publish","type":"page","link":"https:\/\/home.agh.edu.pl\/~rzeszut\/nagrody\/","title":{"rendered":"Nagrody"},"content":{"rendered":"<hr \/>\n<p><a href=\"http:\/\/home.agh.edu.pl\/~rzeszut\/wp-content\/uploads\/Bez-tytu\u0142u.jpg\"><img loading=\"lazy\" decoding=\"async\" class=\" wp-image-283 alignleft\" src=\"http:\/\/home.agh.edu.pl\/~rzeszut\/wp-content\/uploads\/Bez-tytu\u0142u-811x1024.jpg\" alt=\"\" width=\"228\" height=\"288\" srcset=\"https:\/\/home.agh.edu.pl\/~rzeszut\/wp-content\/uploads\/Bez-tytu\u0142u-811x1024.jpg 811w, https:\/\/home.agh.edu.pl\/~rzeszut\/wp-content\/uploads\/Bez-tytu\u0142u-238x300.jpg 238w, https:\/\/home.agh.edu.pl\/~rzeszut\/wp-content\/uploads\/Bez-tytu\u0142u-768x969.jpg 768w\" sizes=\"auto, (max-width: 228px) 100vw, 228px\" \/><\/a>Nagroda Miasta Krakowa \u2013 wyr\u00f3\u017cnienie dla absolwent\u00f3w krakowskich wy\u017cszych uczelni za szczeg\u00f3lnie warto\u015bciowe prace dyplomowe (<a href=\"https:\/\/www.bip.krakow.pl\/?dok_id=65076\">2014<\/a>).<\/p>\n<p>&nbsp;<\/p>\n<p>&nbsp;<\/p>\n<p>&nbsp;<\/p>\n<p>&nbsp;<\/p>\n<hr \/>\n<p><img loading=\"lazy\" decoding=\"async\" class=\"wp-image-285 alignleft\" src=\"http:\/\/home.agh.edu.pl\/~rzeszut\/wp-content\/uploads\/Bez-tytu\u0142u1-736x1024.jpg\" alt=\"\" width=\"228\" height=\"317\" srcset=\"https:\/\/home.agh.edu.pl\/~rzeszut\/wp-content\/uploads\/Bez-tytu\u0142u1-736x1024.jpg 736w, https:\/\/home.agh.edu.pl\/~rzeszut\/wp-content\/uploads\/Bez-tytu\u0142u1-216x300.jpg 216w, https:\/\/home.agh.edu.pl\/~rzeszut\/wp-content\/uploads\/Bez-tytu\u0142u1-768x1069.jpg 768w\" sizes=\"auto, (max-width: 228px) 100vw, 228px\" \/>Laureat III miejsca w XV edycji konkursu na najlepsz\u0105 prac\u0119 dyplomow\u0105 \u201eDIAMENTY AGH\u201d, organizowanego przez Studenckie Towarzystwo naukowe AGH (<a href=\"http:\/\/www.agh.edu.pl\/info\/article\/diamenty-agh-laureaci-xv-edycji-konkursu\/\">2014<\/a>).<\/p>\n<p>&nbsp;<\/p>\n<p>&nbsp;<\/p>\n<p>&nbsp;<\/p>\n<p>&nbsp;<\/p>\n<hr \/>\n<p><a href=\"http:\/\/home.agh.edu.pl\/~rzeszut\/wp-content\/uploads\/logo_sa.png\"><img loading=\"lazy\" decoding=\"async\" class=\" wp-image-293 alignleft\" src=\"http:\/\/home.agh.edu.pl\/~rzeszut\/wp-content\/uploads\/logo_sa.png\" alt=\"\" width=\"228\" height=\"228\" srcset=\"https:\/\/home.agh.edu.pl\/~rzeszut\/wp-content\/uploads\/logo_sa.png 200w, https:\/\/home.agh.edu.pl\/~rzeszut\/wp-content\/uploads\/logo_sa-150x150.png 150w\" sizes=\"auto, (max-width: 228px) 100vw, 228px\" \/><\/a>Nagroda I stopnia w konkursie na najlepsze prace magisterskie z zakresu edukacji ekologicznej i ochrony \u015brodowiska, organizowanego przez Ma\u0142opolsk\u0105 Fundacj\u0119 Stypendialn\u0105 SAPERE AUSO (<a href=\"http:\/\/www.agh.edu.pl\/osiagniecia\/info\/article\/nagroda-fundacji-sapere-auso-za-najlepsza-prace-magisterska-z-zakresu-ochrony-srodowiska\/\">2013<\/a>).<\/p>\n<p>&nbsp;<\/p>\n<hr \/>\n<p>&nbsp;<\/p>\n","protected":false},"excerpt":{"rendered":"<p>Nagroda Miasta Krakowa \u2013 wyr\u00f3\u017cnienie dla absolwent\u00f3w krakowskich wy\u017cszych uczelni za szczeg\u00f3lnie warto\u015bciowe prace dyplomowe (2014). &nbsp; &nbsp; &nbsp; &nbsp; Laureat III miejsca w XV edycji konkursu na najlepsz\u0105 prac\u0119 dyplomow\u0105 \u201eDIAMENTY AGH\u201d, organizowanego przez Studenckie Towarzystwo naukowe AGH (2014). &nbsp; &nbsp; &nbsp; &nbsp; Nagroda I stopnia w konkursie na najlepsze prace magisterskie z zakresu &hellip; <a href=\"https:\/\/home.agh.edu.pl\/~rzeszut\/nagrody\/\" class=\"more-link\">Czytaj dalej <span class=\"screen-reader-text\">Nagrody<\/span> <span class=\"meta-nav\">&rarr;<\/span><\/a><\/p>\n","protected":false},"author":1,"featured_media":0,"parent":0,"menu_order":6,"comment_status":"closed","ping_status":"closed","template":"","meta":{"footnotes":""},"class_list":["post-82","page","type-page","status-publish","hentry"],"_links":{"self":[{"href":"https:\/\/home.agh.edu.pl\/~rzeszut\/wp-json\/wp\/v2\/pages\/82","targetHints":{"allow":["GET"]}}],"collection":[{"href":"https:\/\/home.agh.edu.pl\/~rzeszut\/wp-json\/wp\/v2\/pages"}],"about":[{"href":"https:\/\/home.agh.edu.pl\/~rzeszut\/wp-json\/wp\/v2\/types\/page"}],"author":[{"embeddable":true,"href":"https:\/\/home.agh.edu.pl\/~rzeszut\/wp-json\/wp\/v2\/users\/1"}],"replies":[{"embeddable":true,"href":"https:\/\/home.agh.edu.pl\/~rzeszut\/wp-json\/wp\/v2\/comments?post=82"}],"version-history":[{"count":6,"href":"https:\/\/home.agh.edu.pl\/~rzeszut\/wp-json\/wp\/v2\/pages\/82\/revisions"}],"predecessor-version":[{"id":300,"href":"https:\/\/home.agh.edu.pl\/~rzeszut\/wp-json\/wp\/v2\/pages\/82\/revisions\/300"}],"wp:attachment":[{"href":"https:\/\/home.agh.edu.pl\/~rzeszut\/wp-json\/wp\/v2\/media?parent=82"}],"curies":[{"name":"wp","href":"https:\/\/api.w.org\/{rel}","templated":true}]}}