{"id":110,"date":"2019-11-26T12:22:54","date_gmt":"2019-11-26T12:22:54","guid":{"rendered":"https:\/\/demosites.io\/blogger-gb\/?page_id=5"},"modified":"2026-03-04T21:33:14","modified_gmt":"2026-03-04T20:33:14","slug":"home-pl","status":"publish","type":"page","link":"https:\/\/home.agh.edu.pl\/~szczurow\/","title":{"rendered":"Home"},"content":{"rendered":"\n<div id=\"wp-block-themeisle-blocks-advanced-columns-5a83b79b\" class=\"wp-block-themeisle-blocks-advanced-columns alignfull has-2-columns has-desktop-twoOne-layout has-tablet-equal-layout has-mobile-collapsedRows-layout has-vertical-center has-dark-bg\"><div class=\"wp-block-themeisle-blocks-advanced-columns-overlay\"><\/div><div class=\"innerblocks-wrap\">\n<div id=\"wp-block-themeisle-blocks-advanced-column-02495679\" class=\"wp-block-themeisle-blocks-advanced-column ticss-48ef8f35\">\n<p id=\"wp-block-themeisle-blocks-advanced-heading-a67260d8\" class=\"wp-block-themeisle-blocks-advanced-heading wp-block-themeisle-blocks-advanced-heading-a67260d8\"><strong>O mnie<\/strong><\/p>\n\n\n\n<h3 class=\"wp-block-heading has-nv-text-dark-bg-color has-text-color\">dr in\u017c. Jakub  Szczurowski<\/h3>\n\n\n\n<p class=\"has-nv-text-dark-bg-color has-text-color\">Nazywam si\u0119 <strong>Jakub Szczurowski<\/strong> i jestem zwi\u0105zany z <strong>Akademi\u0105 G\u00f3rniczo-Hutnicz\u0105 w Krakowie<\/strong>. Pracuje na Wydziale Energetyki i Paliw w Katedrze Technologii Paliw. Zajmuj\u0119 si\u0119 zagadnieniami z pogranicza <strong>chemii, in\u017cynierii materia\u0142owej i ochrony \u015brodowiska<\/strong>, w szczeg\u00f3lno\u015bci badaniami nad <strong>adsorbentami w\u0119glowymi, nanomateria\u0142ami oraz technologiami zr\u00f3wnowa\u017conego rozwoju<\/strong>.<\/p>\n\n\n\n<p>Moje zainteresowania naukowe obejmuj\u0105 m.in.:<\/p>\n\n\n\n<ul class=\"wp-block-list\">\n<li> &gt; charakteryzacj\u0119 i modyfikacj\u0119 materia\u0142\u00f3w porowatych,<\/li>\n\n\n\n<li>&gt; procesy adsorpcji CO\u2082 i innych gaz\u00f3w,<\/li>\n\n\n\n<li>&gt; syntez\u0119 nanomateria\u0142\u00f3w (np. nanokropek w\u0119glowych, nanocz\u0105stek srebra, grafenu),<\/li>\n\n\n\n<li>&gt; modelowanie i symulacje proces\u00f3w chemicznych i energetycznych,<\/li>\n\n\n\n<li>&gt; rozwi\u0105zania sprzyjaj\u0105ce <strong>dekarbonizacji i gospodarce o obiegu zamkni\u0119tym<\/strong>.<\/li>\n<\/ul>\n\n\n\n<p><\/p>\n\n\n\n<p class=\"has-nv-text-dark-bg-color has-text-color\">\u0141\u0105cz\u0119 dzia\u0142alno\u015b\u0107 naukow\u0105 z dydaktyczn\u0105, prowadz\u0105c zaj\u0119cia z chemii, termodynamiki oraz nowoczesnych metod komputerowych w in\u017cynierii i technologii chemicznej.<\/p>\n\n\n\n<p class=\"wp-block-themeisle-blocks-advanced-heading wp-block-themeisle-blocks-advanced-heading-291a439a has-white-color has-text-color\"><\/p>\n\n\n\n<div style=\"height:8px\" aria-hidden=\"true\" class=\"wp-block-spacer\"><\/div>\n\n\n\n<h3 class=\"wp-block-heading\">Dane bibliometryczne<\/h3>\n\n\n\n<p>ORCID: <a href=\"https:\/\/orcid.org\/0000-0001-9533-3163\" target=\"_blank\" rel=\"noreferrer noopener\">0000-0001-9533-3163<\/a><br><a href=\"https:\/\/www.webofscience.com\/wos\/author\/record\/S-1847-2017\" target=\"_blank\" rel=\"noreferrer noopener\">ResearcherID<\/a><br><a href=\"https:\/\/www.scopus.com\/authid\/detail.uri?authorId=56845530600\" target=\"_blank\" rel=\"noreferrer noopener\">Scopus<\/a><br><a href=\"https:\/\/pbn.nauka.gov.pl\/core\/#\/person\/view\/5e709472878c28a0473bd4c5\/current\" target=\"_blank\" rel=\"noreferrer noopener\">PBN<\/a><br><a href=\"https:\/\/scholar.google.com\/citations?user=2LyTsL0AAAAJ&amp;hl=pl&amp;oi=ao\" target=\"_blank\" rel=\"noreferrer noopener\">Google Scholar<\/a><br>POL-on 5d797e78-2299-4f85-968c-667f15175aff<\/p>\n\n\n\n<h3 class=\"wp-block-heading\">Kontakt<\/h3>\n\n\n\n<p>Wydzia\u0142 Energetyki i Paliw<br>Katedra Technologii Paliw<br><strong>Miejsce pracy: A-4, IV p., pok. 424<\/strong><br>Telefon: +48 12 617 46 36<br>Email: <strong>szczurow@agh.edu.pl<\/strong><br>Email: <strong>szczurowski@protonmail.com<\/strong><\/p>\n<\/div>\n\n\n\n<div id=\"wp-block-themeisle-blocks-advanced-column-67e16009\" class=\"wp-block-themeisle-blocks-advanced-column ticss-5418d6a3\">\n<figure class=\"wp-block-image size-large has-custom-border is-style-rounded\"><img loading=\"lazy\" decoding=\"async\" width=\"768\" height=\"1024\" src=\"https:\/\/home.agh.edu.pl\/~szczurow\/wp-content\/uploads\/2025\/09\/IMG_5396-768x1024.jpg\" alt=\"\" class=\"wp-image-16\" style=\"border-style:none;border-width:0px;border-radius:20px\" srcset=\"https:\/\/home.agh.edu.pl\/~szczurow\/wp-content\/uploads\/2025\/09\/IMG_5396-768x1024.jpg 768w, https:\/\/home.agh.edu.pl\/~szczurow\/wp-content\/uploads\/2025\/09\/IMG_5396-225x300.jpg 225w, https:\/\/home.agh.edu.pl\/~szczurow\/wp-content\/uploads\/2025\/09\/IMG_5396-1152x1536.jpg 1152w, https:\/\/home.agh.edu.pl\/~szczurow\/wp-content\/uploads\/2025\/09\/IMG_5396-1536x2048.jpg 1536w, https:\/\/home.agh.edu.pl\/~szczurow\/wp-content\/uploads\/2025\/09\/IMG_5396-scaled.jpg 1920w\" sizes=\"auto, (max-width: 768px) 100vw, 768px\" \/><\/figure>\n\n\n\n<div style=\"height:100px\" aria-hidden=\"true\" class=\"wp-block-spacer\"><\/div>\n\n\n\n<figure class=\"wp-block-image size-full is-resized has-custom-border animated fadeIn wp-duotone-grayscale\" id=\"wp-block-themeisle-blocks-image-b9d0f199\"><img loading=\"lazy\" decoding=\"async\" width=\"500\" height=\"500\" src=\"https:\/\/home.agh.edu.pl\/~szczurow\/wp-content\/uploads\/2025\/09\/IMG_9589.jpg\" alt=\"\" class=\"has-border-color has-neve-link-color-border-color wp-image-182\" style=\"border-width:27px;border-radius:0px;width:420px\" srcset=\"https:\/\/home.agh.edu.pl\/~szczurow\/wp-content\/uploads\/2025\/09\/IMG_9589.jpg 500w, https:\/\/home.agh.edu.pl\/~szczurow\/wp-content\/uploads\/2025\/09\/IMG_9589-300x300.jpg 300w, https:\/\/home.agh.edu.pl\/~szczurow\/wp-content\/uploads\/2025\/09\/IMG_9589-150x150.jpg 150w\" sizes=\"auto, (max-width: 500px) 100vw, 500px\" \/><figcaption class=\"wp-element-caption\">Lunar &#8211; Ko\u0142czyg\u0142owy 10 Sierpnia 2025 r.<\/figcaption><\/figure>\n<\/div>\n<\/div><\/div>\n\n\n\n<div class=\"wp-block-columns is-layout-flex wp-container-core-columns-is-layout-9d6595d7 wp-block-columns-is-layout-flex\">\n<div class=\"wp-block-column is-layout-flow wp-block-column-is-layout-flow\" style=\"flex-basis:100%\">\n<h3 id=\"wp-block-themeisle-blocks-advanced-heading-a6f0cd5e\" class=\"wp-block-themeisle-blocks-advanced-heading wp-block-themeisle-blocks-advanced-heading-a6f0cd5e animated fadeIn delay-200ms o-anim-offset-o-anim-offset-0px\"><br><em>the sky is not the limit<\/em>&#8230;<\/h3>\n<\/div>\n<\/div>\n\n\n\n<div id=\"wp-block-themeisle-blocks-advanced-columns-a69b4314\" class=\"wp-block-themeisle-blocks-advanced-columns alignfull has-2-columns has-desktop-twoOne-layout has-tablet-equal-layout has-mobile-collapsedRows-layout has-vertical-center has-dark-bg\"><div class=\"wp-block-themeisle-blocks-advanced-columns-overlay\"><\/div><div class=\"innerblocks-wrap\">\n<div id=\"wp-block-themeisle-blocks-advanced-column-e016dc0b\" class=\"wp-block-themeisle-blocks-advanced-column ticss-48ef8f35\">\n<p id=\"wp-block-themeisle-blocks-advanced-heading-a5d0d6e0\" class=\"wp-block-themeisle-blocks-advanced-heading wp-block-themeisle-blocks-advanced-heading-a5d0d6e0\"><strong>Twoja zr\u00f3wnowa\u017cona \u015bcie\u017cka kariery<\/strong><\/p>\n\n\n\n<h3 class=\"wp-block-heading has-nv-text-dark-bg-color has-text-color\">Ko\u0142o Naukowe CarbON AGH<\/h3>\n\n\n\n<p class=\"has-nv-text-dark-bg-color has-text-color\">Studenckie <strong>Ko\u0142o Naukowe CarbON<\/strong> dzia\u0142a od 2022 roku przy Wydziale Energetyki i Paliw AGH. Tworzymy interdyscyplinarny zesp\u00f3\u0142 student\u00f3w z r\u00f3\u017cnych wydzia\u0142\u00f3w, kt\u00f3rych \u0142\u0105czy pasja do innowacyjnych technologii, zr\u00f3wnowa\u017conego rozwoju i realnych wdro\u017ce\u0144. <strong>Opiekunem ko\u0142a: dr in\u017c. Jakub Szczurowski z Katedry Technologii Paliw<\/strong>.<\/p>\n\n\n\n<p><strong>Jednym z g\u0142\u00f3wnych obszar\u00f3w<\/strong> naszej dzia\u0142alno\u015bci jest druk 3D, kt\u00f3ry wykorzystujemy w praktyce medycznej. Wsp\u00f3\u0142pracujemy ze Szpitalem Uniwersyteckim w Krakowie, gdzie tworzymy modele oraz rozwi\u0105zania wspieraj\u0105ce procesy leczenia pacjent\u00f3w. Dzi\u0119ki temu mo\u017cemy \u0142\u0105czy\u0107 wiedz\u0119 techniczn\u0105 z potrzebami praktyki klinicznej.<\/p>\n\n\n\n<p><strong>Drugim filarem naszej aktywno\u015bci<\/strong> jest modelowanie i projektowanie. Pracujemy nad innowacyjnymi rozwi\u0105zaniami in\u017cynierskimi, czego przyk\u0142adem jest projekt Oxygen Tent \u2013 koncentrator tlenu dzia\u0142aj\u0105cy na zasadzie metody PSA, powsta\u0142y w odpowiedzi na deficyt sprz\u0119tu w czasie pandemii COVID-19. W ramach tego przedsi\u0119wzi\u0119cia wykonali\u015bmy analiz\u0119 cyklu \u017cycia (LCA) oraz okre\u015blili\u015bmy \u015blad w\u0119glowy urz\u0105dzenia, identyfikuj\u0105c etapy najbardziej obci\u0105\u017caj\u0105ce \u015brodowisko.<\/p>\n\n\n\n<p class=\"has-nv-text-dark-bg-color has-text-color\"><strong>Trzecim obszarem <\/strong>s\u0105 prace laboratoryjne i badawczo-rozwojowe. Obecnie realizujemy projekt Aircarbon, kt\u00f3rego celem jest stworzenie prototypu urz\u0105dzenia do wychwytywania dwutlenku w\u0119gla z atmosfery metod\u0105 DAC. R\u00f3wnolegle prowadzimy akcj\u0119 zbierania zu\u017cytych jednorazowych papieros\u00f3w elektronicznych na terenie kampusu AGH. Ich elementy konstrukcyjne planujemy ponownie wykorzysta\u0107 w przysz\u0142ych projektach, co wpisuje si\u0119 w ide\u0119 gospodarki o obiegu zamkni\u0119tym.<\/p>\n\n\n\n<figure class=\"wp-block-image size-full is-resized\"><img decoding=\"async\" src=\"https:\/\/home.agh.edu.pl\/~szczurow\/wp-content\/uploads\/2025\/09\/Logo_CarbOn-89e353.svg\" alt=\"\" class=\"wp-image-239\" style=\"width:237px;height:auto\"\/><\/figure>\n\n\n\n<p class=\"wp-block-themeisle-blocks-advanced-heading wp-block-themeisle-blocks-advanced-heading-291a439a has-white-color has-text-color\"><br>strona www: <a href=\"https:\/\/kncarbon.agh.edu.pl\/\">https:\/\/kncarbon.agh.edu.pl\/<\/a><\/p>\n<\/div>\n\n\n\n<div id=\"wp-block-themeisle-blocks-advanced-column-fc08d207\" class=\"wp-block-themeisle-blocks-advanced-column ticss-5418d6a3\">\n<figure class=\"wp-block-image size-large has-custom-border is-style-rounded animated fadeIn\" id=\"wp-block-themeisle-blocks-image-44237ae7\"><img loading=\"lazy\" decoding=\"async\" width=\"576\" height=\"1024\" src=\"https:\/\/home.agh.edu.pl\/~szczurow\/wp-content\/uploads\/2025\/09\/carbon-tlo-576x1024.png\" alt=\"\" class=\"wp-image-11\" style=\"border-style:none;border-width:0px;border-radius:20px\" srcset=\"https:\/\/home.agh.edu.pl\/~szczurow\/wp-content\/uploads\/2025\/09\/carbon-tlo-576x1024.png 576w, https:\/\/home.agh.edu.pl\/~szczurow\/wp-content\/uploads\/2025\/09\/carbon-tlo-169x300.png 169w, https:\/\/home.agh.edu.pl\/~szczurow\/wp-content\/uploads\/2025\/09\/carbon-tlo-768x1365.png 768w, https:\/\/home.agh.edu.pl\/~szczurow\/wp-content\/uploads\/2025\/09\/carbon-tlo-864x1536.png 864w, https:\/\/home.agh.edu.pl\/~szczurow\/wp-content\/uploads\/2025\/09\/carbon-tlo-1152x2048.png 1152w, https:\/\/home.agh.edu.pl\/~szczurow\/wp-content\/uploads\/2025\/09\/carbon-tlo-scaled.png 1440w\" sizes=\"auto, (max-width: 576px) 100vw, 576px\" \/><\/figure>\n<\/div>\n<\/div><\/div>\n\n\n\n<div id=\"wp-block-themeisle-blocks-advanced-columns-6a564611\" class=\"wp-block-themeisle-blocks-advanced-columns alignfull has-1-columns has-desktop-equal-layout has-tablet-equal-layout has-mobile-equal-layout has-vertical-unset\"><div class=\"wp-block-themeisle-blocks-advanced-columns-overlay\"><\/div><div class=\"innerblocks-wrap\">\n<div id=\"wp-block-themeisle-blocks-advanced-column-ec0aaf0f\" class=\"wp-block-themeisle-blocks-advanced-column\"><\/div>\n<\/div><\/div>\n\n\n\n<p><\/p>\n","protected":false},"excerpt":{"rendered":"","protected":false},"author":1,"featured_media":0,"parent":0,"menu_order":0,"comment_status":"closed","ping_status":"closed","template":"page-templates\/template-pagebuilder-full-width.php","meta":{"neve_meta_sidebar":"full-width","neve_meta_container":"default","neve_meta_enable_content_width":"on","neve_meta_content_width":100,"neve_meta_title_alignment":"left","neve_meta_author_avatar":"","neve_post_elements_order":"","neve_meta_disable_header":"","neve_meta_disable_footer":"","neve_meta_disable_title":"on","_themeisle_gutenberg_block_has_review":false,"footnotes":""},"class_list":["post-110","page","type-page","status-publish","hentry"],"_links":{"self":[{"href":"https:\/\/home.agh.edu.pl\/~szczurow\/wp-json\/wp\/v2\/pages\/110","targetHints":{"allow":["GET"]}}],"collection":[{"href":"https:\/\/home.agh.edu.pl\/~szczurow\/wp-json\/wp\/v2\/pages"}],"about":[{"href":"https:\/\/home.agh.edu.pl\/~szczurow\/wp-json\/wp\/v2\/types\/page"}],"author":[{"embeddable":true,"href":"https:\/\/home.agh.edu.pl\/~szczurow\/wp-json\/wp\/v2\/users\/1"}],"replies":[{"embeddable":true,"href":"https:\/\/home.agh.edu.pl\/~szczurow\/wp-json\/wp\/v2\/comments?post=110"}],"version-history":[{"count":86,"href":"https:\/\/home.agh.edu.pl\/~szczurow\/wp-json\/wp\/v2\/pages\/110\/revisions"}],"predecessor-version":[{"id":331,"href":"https:\/\/home.agh.edu.pl\/~szczurow\/wp-json\/wp\/v2\/pages\/110\/revisions\/331"}],"wp:attachment":[{"href":"https:\/\/home.agh.edu.pl\/~szczurow\/wp-json\/wp\/v2\/media?parent=110"}],"curies":[{"name":"wp","href":"https:\/\/api.w.org\/{rel}","templated":true}]}}