{"id":256,"date":"2010-09-30T16:24:03","date_gmt":"2010-09-30T15:24:03","guid":{"rendered":"http:\/\/home.agh.edu.pl\/~szkutnik\/?page_id=256"},"modified":"2026-02-11T08:30:49","modified_gmt":"2026-02-11T07:30:49","slug":"statystyka-matematyczna","status":"publish","type":"page","link":"https:\/\/home.agh.edu.pl\/~szkutnik\/?page_id=256","title":{"rendered":"Statystyka Matematyczna (zima 2025\/26)"},"content":{"rendered":"\n<p>Terminy egzamin\u00f3w:<\/p>\n\n\n\n<p>==========================<\/p>\n\n\n\n<p>07.02.2026,&nbsp; godz. 8-11:30, s. 1.8, 1.9, 2.1<\/p>\n\n\n\n<p>12.02.2026,&nbsp; godz. 9-12:30, s. 1.8, 2.1<\/p>\n\n\n\n<p>20.02.2026,&nbsp; godz. 12:30-16, s. 1.8, 1.9<\/p>\n\n\n\n<p>==========================<\/p>\n\n\n\n<p> <\/p>\n\n\n\n<p><a href=\"http:\/\/home.agh.edu.pl\/~szkutnik\/wp-content\/uploads\/StatMatW14.pdf\">Wyk\u0142ad 14:<\/a> 28.01.2026<\/p>\n\n\n\n<p><a href=\"http:\/\/home.agh.edu.pl\/~szkutnik\/wp-content\/uploads\/StatMatW13.pdf\">Wyk\u0142ad 13:<\/a> 21.01.2026<\/p>\n\n\n\n<p><a href=\"http:\/\/home.agh.edu.pl\/~szkutnik\/wp-content\/uploads\/StatMatW12.pdf\">Wyk\u0142ad 12: <\/a>14.01.2026<\/p>\n\n\n\n<p><a href=\"http:\/\/home.agh.edu.pl\/~szkutnik\/wp-content\/uploads\/StatMatW11.pdf\">Wyk\u0142ad 11:<\/a> 07.01.2026<\/p>\n\n\n\n<p><a href=\"http:\/\/home.agh.edu.pl\/~szkutnik\/wp-content\/uploads\/StatMatW10.pdf\">Wyk\u0142ad 10:<\/a> 17.12.2025<\/p>\n\n\n\n<p><a href=\"http:\/\/home.agh.edu.pl\/~szkutnik\/wp-content\/uploads\/StatMatW9.pdf\">Wyk\u0142ad 9:<\/a> 10.12.2025<\/p>\n\n\n\n<p><a href=\"http:\/\/home.agh.edu.pl\/~szkutnik\/wp-content\/uploads\/StatMatW8.pdf\">Wyk\u0142ad 8:<\/a> 03.12.2025<\/p>\n\n\n\n<p><a href=\"http:\/\/home.agh.edu.pl\/~szkutnik\/wp-content\/uploads\/StatMatW7.pdf\">Wyk\u0142ad 7:<\/a> 26.11.2025<\/p>\n\n\n\n<p><a href=\"http:\/\/home.agh.edu.pl\/~szkutnik\/wp-content\/uploads\/StatMatW6.pdf\">Wyk\u0142ad 6:<\/a> 19.11.2025<\/p>\n\n\n\n<p><a href=\"http:\/\/home.agh.edu.pl\/~szkutnik\/wp-content\/uploads\/StatMatW5.pdf\">Wyk\u0142ad 5:<\/a> 05.11.2025<\/p>\n\n\n\n<p><a href=\"http:\/\/home.agh.edu.pl\/~szkutnik\/wp-content\/uploads\/StatMatW4.pdf\">Wyk\u0142ad 4:<\/a> 29.10.2025<\/p>\n\n\n\n<p><a href=\"http:\/\/home.agh.edu.pl\/~szkutnik\/wp-content\/uploads\/StatMatW3.pdf\">Wyk\u0142ad 3:<\/a> 22.10.2025<\/p>\n\n\n\n<p><a href=\"http:\/\/home.agh.edu.pl\/~szkutnik\/wp-content\/uploads\/StatMatW2.pdf\">Wyk\u0142ad 2:<\/a> 15.10.2025<\/p>\n\n\n\n<p>08.10.2025 &#8211; godziny rektorskie<\/p>\n\n\n\n<p><a href=\"http:\/\/home.agh.edu.pl\/~szkutnik\/wp-content\/uploads\/StatMatW1.pdf\">Wyk\u0142ad 1:<\/a> 01.10.2025<\/p>\n\n\n\n<p><\/p>\n","protected":false},"excerpt":{"rendered":"<p>Terminy egzamin\u00f3w: ========================== 07.02.2026,&nbsp; godz. 8-11:30, s. 1.8, 1.9, 2.1 12.02.2026,&nbsp; godz. 9-12:30, s. 1.8, 2.1 20.02.2026,&nbsp; godz. 12:30-16, s. 1.8, 1.9 ========================== Wyk\u0142ad 14: 28.01.2026 Wyk\u0142ad 13: 21.01.2026 Wyk\u0142ad 12: 14.01.2026 Wyk\u0142ad 11: 07.01.2026 Wyk\u0142ad 10: 17.12.2025 Wyk\u0142ad 9: 10.12.2025 Wyk\u0142ad 8: 03.12.2025 Wyk\u0142ad 7: 26.11.2025 Wyk\u0142ad 6: 19.11.2025 Wyk\u0142ad 5: 05.11.2025 Wyk\u0142ad 4: [&hellip;]<\/p>\n","protected":false},"author":1,"featured_media":0,"parent":0,"menu_order":0,"comment_status":"closed","ping_status":"closed","template":"","meta":[],"_links":{"self":[{"href":"https:\/\/home.agh.edu.pl\/~szkutnik\/index.php?rest_route=\/wp\/v2\/pages\/256"}],"collection":[{"href":"https:\/\/home.agh.edu.pl\/~szkutnik\/index.php?rest_route=\/wp\/v2\/pages"}],"about":[{"href":"https:\/\/home.agh.edu.pl\/~szkutnik\/index.php?rest_route=\/wp\/v2\/types\/page"}],"author":[{"embeddable":true,"href":"https:\/\/home.agh.edu.pl\/~szkutnik\/index.php?rest_route=\/wp\/v2\/users\/1"}],"replies":[{"embeddable":true,"href":"https:\/\/home.agh.edu.pl\/~szkutnik\/index.php?rest_route=%2Fwp%2Fv2%2Fcomments&post=256"}],"version-history":[{"count":312,"href":"https:\/\/home.agh.edu.pl\/~szkutnik\/index.php?rest_route=\/wp\/v2\/pages\/256\/revisions"}],"predecessor-version":[{"id":2537,"href":"https:\/\/home.agh.edu.pl\/~szkutnik\/index.php?rest_route=\/wp\/v2\/pages\/256\/revisions\/2537"}],"wp:attachment":[{"href":"https:\/\/home.agh.edu.pl\/~szkutnik\/index.php?rest_route=%2Fwp%2Fv2%2Fmedia&parent=256"}],"curies":[{"name":"wp","href":"https:\/\/api.w.org\/{rel}","templated":true}]}}